{"id":3702,"date":"2021-07-01T12:53:45","date_gmt":"2021-07-01T12:53:45","guid":{"rendered":"https:\/\/www.bigtranslation.com\/translate-wordpress\/"},"modified":"2022-02-21T09:57:19","modified_gmt":"2022-02-21T09:57:19","slug":"translate-wordpress","status":"publish","type":"page","link":"https:\/\/www.bigtranslation.com\/fi\/translate-wordpress","title":{"rendered":"K\u00e4\u00e4nn\u00e4 WordPress-sivusi WPML:n ja BigTranslationin avulla"},"content":{"rendered":"","protected":false},"excerpt":{"rendered":"","protected":false},"author":1,"featured_media":0,"parent":0,"menu_order":7,"comment_status":"closed","ping_status":"closed","template":"page-templates\/template-translate-wordpress.php","meta":{"footnotes":""},"yoast_head":"<!-- This site is optimized with the Yoast SEO plugin v21.8.1 - https:\/\/yoast.com\/wordpress\/plugins\/seo\/ -->\n<title>K\u00e4\u00e4nn\u00e4 WordPress-sivusi WPML:n ja BigTranslationin avulla | Natiivi k\u00e4\u00e4nt\u00e4j\u00e4t ja ammattik\u00e4\u00e4nt\u00e4j\u00e4<\/title>\n<meta name=\"description\" content=\"Integraatiomme optimoi ty\u00f6nkulun ja sallii sinun l\u00e4hett\u00e4\u00e4 sis\u00e4lt\u00f6si k\u00e4\u00e4nnett\u00e4v\u00e4ksi ja julkaistavaksi verkkosivuillasi poistumatta WordPress-alustalta!\" \/>\n<meta name=\"robots\" content=\"index, follow, max-snippet:-1, max-image-preview:large, max-video-preview:-1\" \/>\n<link rel=\"canonical\" href=\"https:\/\/www.bigtranslation.com\/fi\/translate-wordpress\" \/>\n<meta property=\"og:locale\" content=\"fi_FI\" \/>\n<meta property=\"og:type\" content=\"article\" \/>\n<meta property=\"og:title\" content=\"K\u00e4\u00e4nn\u00e4 WordPress-sivusi WPML:n ja BigTranslationin avulla | Natiivi k\u00e4\u00e4nt\u00e4j\u00e4t ja ammattik\u00e4\u00e4nt\u00e4j\u00e4\" \/>\n<meta property=\"og:description\" content=\"Integraatiomme optimoi ty\u00f6nkulun ja sallii sinun l\u00e4hett\u00e4\u00e4 sis\u00e4lt\u00f6si k\u00e4\u00e4nnett\u00e4v\u00e4ksi ja julkaistavaksi verkkosivuillasi poistumatta WordPress-alustalta!\" \/>\n<meta property=\"og:url\" content=\"https:\/\/www.bigtranslation.com\/fi\/translate-wordpress\" \/>\n<meta property=\"og:site_name\" content=\"BigTranslation\" \/>\n<meta property=\"article:modified_time\" content=\"2022-02-21T09:57:19+00:00\" \/>\n<meta name=\"twitter:card\" content=\"summary_large_image\" \/>\n<script type=\"application\/ld+json\" class=\"yoast-schema-graph\">{\"@context\":\"https:\/\/schema.org\",\"@graph\":[{\"@type\":\"WebPage\",\"@id\":\"https:\/\/www.bigtranslation.com\/fi\/translate-wordpress\",\"url\":\"https:\/\/www.bigtranslation.com\/fi\/translate-wordpress\",\"name\":\"K\u00e4\u00e4nn\u00e4 WordPress-sivusi WPML:n ja BigTranslationin avulla | Natiivi k\u00e4\u00e4nt\u00e4j\u00e4t ja ammattik\u00e4\u00e4nt\u00e4j\u00e4\",\"isPartOf\":{\"@id\":\"https:\/\/www.bigtranslation.com\/fi#website\"},\"datePublished\":\"2021-07-01T12:53:45+00:00\",\"dateModified\":\"2022-02-21T09:57:19+00:00\",\"description\":\"Integraatiomme optimoi ty\u00f6nkulun ja sallii sinun l\u00e4hett\u00e4\u00e4 sis\u00e4lt\u00f6si k\u00e4\u00e4nnett\u00e4v\u00e4ksi ja julkaistavaksi verkkosivuillasi poistumatta WordPress-alustalta!\",\"breadcrumb\":{\"@id\":\"https:\/\/www.bigtranslation.com\/fi\/translate-wordpress#breadcrumb\"},\"inLanguage\":\"fi\",\"potentialAction\":[{\"@type\":\"ReadAction\",\"target\":[\"https:\/\/www.bigtranslation.com\/fi\/translate-wordpress\"]}]},{\"@type\":\"BreadcrumbList\",\"@id\":\"https:\/\/www.bigtranslation.com\/fi\/translate-wordpress#breadcrumb\",\"itemListElement\":[{\"@type\":\"ListItem\",\"position\":1,\"name\":\"Home\",\"item\":\"https:\/\/www.bigtranslation.com\/fi\"},{\"@type\":\"ListItem\",\"position\":2,\"name\":\"K\u00e4\u00e4nn\u00e4 WordPress-sivusi WPML:n ja BigTranslationin avulla\"}]},{\"@type\":\"WebSite\",\"@id\":\"https:\/\/www.bigtranslation.com\/fi#website\",\"url\":\"https:\/\/www.bigtranslation.com\/fi\",\"name\":\"BigTranslation\",\"description\":\"Native and Professional translators\",\"potentialAction\":[{\"@type\":\"SearchAction\",\"target\":{\"@type\":\"EntryPoint\",\"urlTemplate\":\"https:\/\/www.bigtranslation.com\/fi?s={search_term_string}\"},\"query-input\":\"required name=search_term_string\"}],\"inLanguage\":\"fi\"}]}<\/script>\n<!-- \/ Yoast SEO plugin. -->","yoast_head_json":{"title":"K\u00e4\u00e4nn\u00e4 WordPress-sivusi WPML:n ja BigTranslationin avulla | Natiivi k\u00e4\u00e4nt\u00e4j\u00e4t ja ammattik\u00e4\u00e4nt\u00e4j\u00e4","description":"Integraatiomme optimoi ty\u00f6nkulun ja sallii sinun l\u00e4hett\u00e4\u00e4 sis\u00e4lt\u00f6si k\u00e4\u00e4nnett\u00e4v\u00e4ksi ja julkaistavaksi verkkosivuillasi poistumatta WordPress-alustalta!","robots":{"index":"index","follow":"follow","max-snippet":"max-snippet:-1","max-image-preview":"max-image-preview:large","max-video-preview":"max-video-preview:-1"},"canonical":"https:\/\/www.bigtranslation.com\/fi\/translate-wordpress","og_locale":"fi_FI","og_type":"article","og_title":"K\u00e4\u00e4nn\u00e4 WordPress-sivusi WPML:n ja BigTranslationin avulla | Natiivi k\u00e4\u00e4nt\u00e4j\u00e4t ja ammattik\u00e4\u00e4nt\u00e4j\u00e4","og_description":"Integraatiomme optimoi ty\u00f6nkulun ja sallii sinun l\u00e4hett\u00e4\u00e4 sis\u00e4lt\u00f6si k\u00e4\u00e4nnett\u00e4v\u00e4ksi ja julkaistavaksi verkkosivuillasi poistumatta WordPress-alustalta!","og_url":"https:\/\/www.bigtranslation.com\/fi\/translate-wordpress","og_site_name":"BigTranslation","article_modified_time":"2022-02-21T09:57:19+00:00","twitter_card":"summary_large_image","schema":{"@context":"https:\/\/schema.org","@graph":[{"@type":"WebPage","@id":"https:\/\/www.bigtranslation.com\/fi\/translate-wordpress","url":"https:\/\/www.bigtranslation.com\/fi\/translate-wordpress","name":"K\u00e4\u00e4nn\u00e4 WordPress-sivusi WPML:n ja BigTranslationin avulla | Natiivi k\u00e4\u00e4nt\u00e4j\u00e4t ja ammattik\u00e4\u00e4nt\u00e4j\u00e4","isPartOf":{"@id":"https:\/\/www.bigtranslation.com\/fi#website"},"datePublished":"2021-07-01T12:53:45+00:00","dateModified":"2022-02-21T09:57:19+00:00","description":"Integraatiomme optimoi ty\u00f6nkulun ja sallii sinun l\u00e4hett\u00e4\u00e4 sis\u00e4lt\u00f6si k\u00e4\u00e4nnett\u00e4v\u00e4ksi ja julkaistavaksi verkkosivuillasi poistumatta WordPress-alustalta!","breadcrumb":{"@id":"https:\/\/www.bigtranslation.com\/fi\/translate-wordpress#breadcrumb"},"inLanguage":"fi","potentialAction":[{"@type":"ReadAction","target":["https:\/\/www.bigtranslation.com\/fi\/translate-wordpress"]}]},{"@type":"BreadcrumbList","@id":"https:\/\/www.bigtranslation.com\/fi\/translate-wordpress#breadcrumb","itemListElement":[{"@type":"ListItem","position":1,"name":"Home","item":"https:\/\/www.bigtranslation.com\/fi"},{"@type":"ListItem","position":2,"name":"K\u00e4\u00e4nn\u00e4 WordPress-sivusi WPML:n ja BigTranslationin avulla"}]},{"@type":"WebSite","@id":"https:\/\/www.bigtranslation.com\/fi#website","url":"https:\/\/www.bigtranslation.com\/fi","name":"BigTranslation","description":"Native and Professional translators","potentialAction":[{"@type":"SearchAction","target":{"@type":"EntryPoint","urlTemplate":"https:\/\/www.bigtranslation.com\/fi?s={search_term_string}"},"query-input":"required name=search_term_string"}],"inLanguage":"fi"}]}},"acf":[],"amp_enabled":false,"_links":{"self":[{"href":"https:\/\/www.bigtranslation.com\/fi\/wp-json\/wp\/v2\/pages\/3702"}],"collection":[{"href":"https:\/\/www.bigtranslation.com\/fi\/wp-json\/wp\/v2\/pages"}],"about":[{"href":"https:\/\/www.bigtranslation.com\/fi\/wp-json\/wp\/v2\/types\/page"}],"author":[{"embeddable":true,"href":"https:\/\/www.bigtranslation.com\/fi\/wp-json\/wp\/v2\/users\/1"}],"replies":[{"embeddable":true,"href":"https:\/\/www.bigtranslation.com\/fi\/wp-json\/wp\/v2\/comments?post=3702"}],"version-history":[{"count":1,"href":"https:\/\/www.bigtranslation.com\/fi\/wp-json\/wp\/v2\/pages\/3702\/revisions"}],"predecessor-version":[{"id":3707,"href":"https:\/\/www.bigtranslation.com\/fi\/wp-json\/wp\/v2\/pages\/3702\/revisions\/3707"}],"wp:attachment":[{"href":"https:\/\/www.bigtranslation.com\/fi\/wp-json\/wp\/v2\/media?parent=3702"}],"curies":[{"name":"wp","href":"https:\/\/api.w.org\/{rel}","templated":true}]}}