{"id":4101,"date":"2021-07-07T11:33:07","date_gmt":"2021-07-07T11:33:07","guid":{"rendered":"https:\/\/www.bigtranslation.com\/audio-transcription\/"},"modified":"2021-09-20T08:19:03","modified_gmt":"2021-09-20T08:19:03","slug":"audiotranskriptio","status":"publish","type":"page","link":"https:\/\/www.bigtranslation.com\/fi\/audiotranskriptio","title":{"rendered":"Audiotranskriptio"},"content":{"rendered":"","protected":false},"excerpt":{"rendered":"","protected":false},"author":1,"featured_media":0,"parent":0,"menu_order":10,"comment_status":"closed","ping_status":"closed","template":"page-templates\/template-transcription-audio.php","meta":{"footnotes":""},"yoast_head":"<!-- This site is optimized with the Yoast SEO plugin v21.8.1 - https:\/\/yoast.com\/wordpress\/plugins\/seo\/ -->\n<title>Audiotranskriptio | Ammattimainen k\u00e4\u00e4nn\u00f6syritys<\/title>\n<meta name=\"description\" content=\"Natiivit k\u00e4\u00e4nt\u00e4j\u00e4mme tarjoavat tekstitysten k\u00e4\u00e4nn\u00f6ksi\u00e4 monien eurooppalaisten kielten v\u00e4lill\u00e4. Ammattimaiset k\u00e4\u00e4nn\u00f6kset ovat sormiesi ulottuvilla.\" \/>\n<meta name=\"robots\" content=\"index, follow, max-snippet:-1, max-image-preview:large, max-video-preview:-1\" \/>\n<link rel=\"canonical\" href=\"https:\/\/www.bigtranslation.com\/fi\/audiotranskriptio\" \/>\n<meta property=\"og:locale\" content=\"fi_FI\" \/>\n<meta property=\"og:type\" content=\"article\" \/>\n<meta property=\"og:title\" content=\"Audiotranskriptio | Ammattimainen k\u00e4\u00e4nn\u00f6syritys\" \/>\n<meta property=\"og:description\" content=\"Natiivit k\u00e4\u00e4nt\u00e4j\u00e4mme tarjoavat tekstitysten k\u00e4\u00e4nn\u00f6ksi\u00e4 monien eurooppalaisten kielten v\u00e4lill\u00e4. Ammattimaiset k\u00e4\u00e4nn\u00f6kset ovat sormiesi ulottuvilla.\" \/>\n<meta property=\"og:url\" content=\"https:\/\/www.bigtranslation.com\/fi\/audiotranskriptio\" \/>\n<meta property=\"og:site_name\" content=\"BigTranslation\" \/>\n<meta property=\"article:modified_time\" content=\"2021-09-20T08:19:03+00:00\" \/>\n<meta name=\"twitter:card\" content=\"summary_large_image\" \/>\n<script type=\"application\/ld+json\" class=\"yoast-schema-graph\">{\"@context\":\"https:\/\/schema.org\",\"@graph\":[{\"@type\":\"WebPage\",\"@id\":\"https:\/\/www.bigtranslation.com\/fi\/audiotranskriptio\",\"url\":\"https:\/\/www.bigtranslation.com\/fi\/audiotranskriptio\",\"name\":\"Audiotranskriptio | Ammattimainen k\u00e4\u00e4nn\u00f6syritys\",\"isPartOf\":{\"@id\":\"https:\/\/www.bigtranslation.com\/fi#website\"},\"datePublished\":\"2021-07-07T11:33:07+00:00\",\"dateModified\":\"2021-09-20T08:19:03+00:00\",\"description\":\"Natiivit k\u00e4\u00e4nt\u00e4j\u00e4mme tarjoavat tekstitysten k\u00e4\u00e4nn\u00f6ksi\u00e4 monien eurooppalaisten kielten v\u00e4lill\u00e4. Ammattimaiset k\u00e4\u00e4nn\u00f6kset ovat sormiesi ulottuvilla.\",\"breadcrumb\":{\"@id\":\"https:\/\/www.bigtranslation.com\/fi\/audiotranskriptio#breadcrumb\"},\"inLanguage\":\"fi\",\"potentialAction\":[{\"@type\":\"ReadAction\",\"target\":[\"https:\/\/www.bigtranslation.com\/fi\/audiotranskriptio\"]}]},{\"@type\":\"BreadcrumbList\",\"@id\":\"https:\/\/www.bigtranslation.com\/fi\/audiotranskriptio#breadcrumb\",\"itemListElement\":[{\"@type\":\"ListItem\",\"position\":1,\"name\":\"Home\",\"item\":\"https:\/\/www.bigtranslation.com\/fi\"},{\"@type\":\"ListItem\",\"position\":2,\"name\":\"Audiotranskriptio\"}]},{\"@type\":\"WebSite\",\"@id\":\"https:\/\/www.bigtranslation.com\/fi#website\",\"url\":\"https:\/\/www.bigtranslation.com\/fi\",\"name\":\"BigTranslation\",\"description\":\"Native and Professional translators\",\"potentialAction\":[{\"@type\":\"SearchAction\",\"target\":{\"@type\":\"EntryPoint\",\"urlTemplate\":\"https:\/\/www.bigtranslation.com\/fi?s={search_term_string}\"},\"query-input\":\"required name=search_term_string\"}],\"inLanguage\":\"fi\"}]}<\/script>\n<!-- \/ Yoast SEO plugin. -->","yoast_head_json":{"title":"Audiotranskriptio | Ammattimainen k\u00e4\u00e4nn\u00f6syritys","description":"Natiivit k\u00e4\u00e4nt\u00e4j\u00e4mme tarjoavat tekstitysten k\u00e4\u00e4nn\u00f6ksi\u00e4 monien eurooppalaisten kielten v\u00e4lill\u00e4. Ammattimaiset k\u00e4\u00e4nn\u00f6kset ovat sormiesi ulottuvilla.","robots":{"index":"index","follow":"follow","max-snippet":"max-snippet:-1","max-image-preview":"max-image-preview:large","max-video-preview":"max-video-preview:-1"},"canonical":"https:\/\/www.bigtranslation.com\/fi\/audiotranskriptio","og_locale":"fi_FI","og_type":"article","og_title":"Audiotranskriptio | Ammattimainen k\u00e4\u00e4nn\u00f6syritys","og_description":"Natiivit k\u00e4\u00e4nt\u00e4j\u00e4mme tarjoavat tekstitysten k\u00e4\u00e4nn\u00f6ksi\u00e4 monien eurooppalaisten kielten v\u00e4lill\u00e4. Ammattimaiset k\u00e4\u00e4nn\u00f6kset ovat sormiesi ulottuvilla.","og_url":"https:\/\/www.bigtranslation.com\/fi\/audiotranskriptio","og_site_name":"BigTranslation","article_modified_time":"2021-09-20T08:19:03+00:00","twitter_card":"summary_large_image","schema":{"@context":"https:\/\/schema.org","@graph":[{"@type":"WebPage","@id":"https:\/\/www.bigtranslation.com\/fi\/audiotranskriptio","url":"https:\/\/www.bigtranslation.com\/fi\/audiotranskriptio","name":"Audiotranskriptio | Ammattimainen k\u00e4\u00e4nn\u00f6syritys","isPartOf":{"@id":"https:\/\/www.bigtranslation.com\/fi#website"},"datePublished":"2021-07-07T11:33:07+00:00","dateModified":"2021-09-20T08:19:03+00:00","description":"Natiivit k\u00e4\u00e4nt\u00e4j\u00e4mme tarjoavat tekstitysten k\u00e4\u00e4nn\u00f6ksi\u00e4 monien eurooppalaisten kielten v\u00e4lill\u00e4. Ammattimaiset k\u00e4\u00e4nn\u00f6kset ovat sormiesi ulottuvilla.","breadcrumb":{"@id":"https:\/\/www.bigtranslation.com\/fi\/audiotranskriptio#breadcrumb"},"inLanguage":"fi","potentialAction":[{"@type":"ReadAction","target":["https:\/\/www.bigtranslation.com\/fi\/audiotranskriptio"]}]},{"@type":"BreadcrumbList","@id":"https:\/\/www.bigtranslation.com\/fi\/audiotranskriptio#breadcrumb","itemListElement":[{"@type":"ListItem","position":1,"name":"Home","item":"https:\/\/www.bigtranslation.com\/fi"},{"@type":"ListItem","position":2,"name":"Audiotranskriptio"}]},{"@type":"WebSite","@id":"https:\/\/www.bigtranslation.com\/fi#website","url":"https:\/\/www.bigtranslation.com\/fi","name":"BigTranslation","description":"Native and Professional translators","potentialAction":[{"@type":"SearchAction","target":{"@type":"EntryPoint","urlTemplate":"https:\/\/www.bigtranslation.com\/fi?s={search_term_string}"},"query-input":"required name=search_term_string"}],"inLanguage":"fi"}]}},"acf":[],"amp_enabled":true,"_links":{"self":[{"href":"https:\/\/www.bigtranslation.com\/fi\/wp-json\/wp\/v2\/pages\/4101"}],"collection":[{"href":"https:\/\/www.bigtranslation.com\/fi\/wp-json\/wp\/v2\/pages"}],"about":[{"href":"https:\/\/www.bigtranslation.com\/fi\/wp-json\/wp\/v2\/types\/page"}],"author":[{"embeddable":true,"href":"https:\/\/www.bigtranslation.com\/fi\/wp-json\/wp\/v2\/users\/1"}],"replies":[{"embeddable":true,"href":"https:\/\/www.bigtranslation.com\/fi\/wp-json\/wp\/v2\/comments?post=4101"}],"version-history":[{"count":2,"href":"https:\/\/www.bigtranslation.com\/fi\/wp-json\/wp\/v2\/pages\/4101\/revisions"}],"predecessor-version":[{"id":4104,"href":"https:\/\/www.bigtranslation.com\/fi\/wp-json\/wp\/v2\/pages\/4101\/revisions\/4104"}],"wp:attachment":[{"href":"https:\/\/www.bigtranslation.com\/fi\/wp-json\/wp\/v2\/media?parent=4101"}],"curies":[{"name":"wp","href":"https:\/\/api.w.org\/{rel}","templated":true}]}}