{"id":4187,"date":"2021-06-17T07:42:20","date_gmt":"2021-06-17T07:42:20","guid":{"rendered":"https:\/\/www.bigtranslation.com\/professional-translators\/"},"modified":"2021-09-20T09:13:01","modified_gmt":"2021-09-20T09:13:01","slug":"kaantajat","status":"publish","type":"page","link":"https:\/\/www.bigtranslation.com\/fi\/kaantajat","title":{"rendered":"Ammattik\u00e4\u00e4nt\u00e4j\u00e4"},"content":{"rendered":"","protected":false},"excerpt":{"rendered":"","protected":false},"author":1,"featured_media":0,"parent":0,"menu_order":23,"comment_status":"closed","ping_status":"closed","template":"page-templates\/template-professional-translators.php","meta":{"footnotes":""},"yoast_head":"<!-- This site is optimized with the Yoast SEO plugin v21.8.1 - https:\/\/yoast.com\/wordpress\/plugins\/seo\/ -->\n<title>Ammattik\u00e4\u00e4nt\u00e4j\u00e4 | K\u00e4\u00e4nn\u00f6stoimisto<\/title>\n<meta name=\"description\" content=\"Jos olet ammattik\u00e4\u00e4nt\u00e4j\u00e4, voit ty\u00f6skennell\u00e4 kanssamme. Etsimme natiivik\u00e4\u00e4nt\u00e4ji\u00e4, joilla on kokemusta SEO-k\u00e4\u00e4nn\u00f6ksist\u00e4, ja verkko-oikolukijaa.\" \/>\n<meta name=\"robots\" content=\"index, follow, max-snippet:-1, max-image-preview:large, max-video-preview:-1\" \/>\n<link rel=\"canonical\" href=\"https:\/\/www.bigtranslation.com\/fi\/kaantajat\" \/>\n<meta property=\"og:locale\" content=\"fi_FI\" \/>\n<meta property=\"og:type\" content=\"article\" \/>\n<meta property=\"og:title\" content=\"Ammattik\u00e4\u00e4nt\u00e4j\u00e4 | K\u00e4\u00e4nn\u00f6stoimisto\" \/>\n<meta property=\"og:description\" content=\"Jos olet ammattik\u00e4\u00e4nt\u00e4j\u00e4, voit ty\u00f6skennell\u00e4 kanssamme. Etsimme natiivik\u00e4\u00e4nt\u00e4ji\u00e4, joilla on kokemusta SEO-k\u00e4\u00e4nn\u00f6ksist\u00e4, ja verkko-oikolukijaa.\" \/>\n<meta property=\"og:url\" content=\"https:\/\/www.bigtranslation.com\/fi\/kaantajat\" \/>\n<meta property=\"og:site_name\" content=\"BigTranslation\" \/>\n<meta property=\"article:modified_time\" content=\"2021-09-20T09:13:01+00:00\" \/>\n<meta name=\"twitter:card\" content=\"summary_large_image\" \/>\n<script type=\"application\/ld+json\" class=\"yoast-schema-graph\">{\"@context\":\"https:\/\/schema.org\",\"@graph\":[{\"@type\":\"WebPage\",\"@id\":\"https:\/\/www.bigtranslation.com\/fi\/kaantajat\",\"url\":\"https:\/\/www.bigtranslation.com\/fi\/kaantajat\",\"name\":\"Ammattik\u00e4\u00e4nt\u00e4j\u00e4 | K\u00e4\u00e4nn\u00f6stoimisto\",\"isPartOf\":{\"@id\":\"https:\/\/www.bigtranslation.com\/fi#website\"},\"datePublished\":\"2021-06-17T07:42:20+00:00\",\"dateModified\":\"2021-09-20T09:13:01+00:00\",\"description\":\"Jos olet ammattik\u00e4\u00e4nt\u00e4j\u00e4, voit ty\u00f6skennell\u00e4 kanssamme. Etsimme natiivik\u00e4\u00e4nt\u00e4ji\u00e4, joilla on kokemusta SEO-k\u00e4\u00e4nn\u00f6ksist\u00e4, ja verkko-oikolukijaa.\",\"breadcrumb\":{\"@id\":\"https:\/\/www.bigtranslation.com\/fi\/kaantajat#breadcrumb\"},\"inLanguage\":\"fi\",\"potentialAction\":[{\"@type\":\"ReadAction\",\"target\":[\"https:\/\/www.bigtranslation.com\/fi\/kaantajat\"]}]},{\"@type\":\"BreadcrumbList\",\"@id\":\"https:\/\/www.bigtranslation.com\/fi\/kaantajat#breadcrumb\",\"itemListElement\":[{\"@type\":\"ListItem\",\"position\":1,\"name\":\"Home\",\"item\":\"https:\/\/www.bigtranslation.com\/fi\"},{\"@type\":\"ListItem\",\"position\":2,\"name\":\"Ammattik\u00e4\u00e4nt\u00e4j\u00e4\"}]},{\"@type\":\"WebSite\",\"@id\":\"https:\/\/www.bigtranslation.com\/fi#website\",\"url\":\"https:\/\/www.bigtranslation.com\/fi\",\"name\":\"BigTranslation\",\"description\":\"Native and Professional translators\",\"potentialAction\":[{\"@type\":\"SearchAction\",\"target\":{\"@type\":\"EntryPoint\",\"urlTemplate\":\"https:\/\/www.bigtranslation.com\/fi?s={search_term_string}\"},\"query-input\":\"required name=search_term_string\"}],\"inLanguage\":\"fi\"}]}<\/script>\n<!-- \/ Yoast SEO plugin. -->","yoast_head_json":{"title":"Ammattik\u00e4\u00e4nt\u00e4j\u00e4 | K\u00e4\u00e4nn\u00f6stoimisto","description":"Jos olet ammattik\u00e4\u00e4nt\u00e4j\u00e4, voit ty\u00f6skennell\u00e4 kanssamme. Etsimme natiivik\u00e4\u00e4nt\u00e4ji\u00e4, joilla on kokemusta SEO-k\u00e4\u00e4nn\u00f6ksist\u00e4, ja verkko-oikolukijaa.","robots":{"index":"index","follow":"follow","max-snippet":"max-snippet:-1","max-image-preview":"max-image-preview:large","max-video-preview":"max-video-preview:-1"},"canonical":"https:\/\/www.bigtranslation.com\/fi\/kaantajat","og_locale":"fi_FI","og_type":"article","og_title":"Ammattik\u00e4\u00e4nt\u00e4j\u00e4 | K\u00e4\u00e4nn\u00f6stoimisto","og_description":"Jos olet ammattik\u00e4\u00e4nt\u00e4j\u00e4, voit ty\u00f6skennell\u00e4 kanssamme. Etsimme natiivik\u00e4\u00e4nt\u00e4ji\u00e4, joilla on kokemusta SEO-k\u00e4\u00e4nn\u00f6ksist\u00e4, ja verkko-oikolukijaa.","og_url":"https:\/\/www.bigtranslation.com\/fi\/kaantajat","og_site_name":"BigTranslation","article_modified_time":"2021-09-20T09:13:01+00:00","twitter_card":"summary_large_image","schema":{"@context":"https:\/\/schema.org","@graph":[{"@type":"WebPage","@id":"https:\/\/www.bigtranslation.com\/fi\/kaantajat","url":"https:\/\/www.bigtranslation.com\/fi\/kaantajat","name":"Ammattik\u00e4\u00e4nt\u00e4j\u00e4 | K\u00e4\u00e4nn\u00f6stoimisto","isPartOf":{"@id":"https:\/\/www.bigtranslation.com\/fi#website"},"datePublished":"2021-06-17T07:42:20+00:00","dateModified":"2021-09-20T09:13:01+00:00","description":"Jos olet ammattik\u00e4\u00e4nt\u00e4j\u00e4, voit ty\u00f6skennell\u00e4 kanssamme. Etsimme natiivik\u00e4\u00e4nt\u00e4ji\u00e4, joilla on kokemusta SEO-k\u00e4\u00e4nn\u00f6ksist\u00e4, ja verkko-oikolukijaa.","breadcrumb":{"@id":"https:\/\/www.bigtranslation.com\/fi\/kaantajat#breadcrumb"},"inLanguage":"fi","potentialAction":[{"@type":"ReadAction","target":["https:\/\/www.bigtranslation.com\/fi\/kaantajat"]}]},{"@type":"BreadcrumbList","@id":"https:\/\/www.bigtranslation.com\/fi\/kaantajat#breadcrumb","itemListElement":[{"@type":"ListItem","position":1,"name":"Home","item":"https:\/\/www.bigtranslation.com\/fi"},{"@type":"ListItem","position":2,"name":"Ammattik\u00e4\u00e4nt\u00e4j\u00e4"}]},{"@type":"WebSite","@id":"https:\/\/www.bigtranslation.com\/fi#website","url":"https:\/\/www.bigtranslation.com\/fi","name":"BigTranslation","description":"Native and Professional translators","potentialAction":[{"@type":"SearchAction","target":{"@type":"EntryPoint","urlTemplate":"https:\/\/www.bigtranslation.com\/fi?s={search_term_string}"},"query-input":"required name=search_term_string"}],"inLanguage":"fi"}]}},"acf":[],"amp_enabled":true,"_links":{"self":[{"href":"https:\/\/www.bigtranslation.com\/fi\/wp-json\/wp\/v2\/pages\/4187"}],"collection":[{"href":"https:\/\/www.bigtranslation.com\/fi\/wp-json\/wp\/v2\/pages"}],"about":[{"href":"https:\/\/www.bigtranslation.com\/fi\/wp-json\/wp\/v2\/types\/page"}],"author":[{"embeddable":true,"href":"https:\/\/www.bigtranslation.com\/fi\/wp-json\/wp\/v2\/users\/1"}],"replies":[{"embeddable":true,"href":"https:\/\/www.bigtranslation.com\/fi\/wp-json\/wp\/v2\/comments?post=4187"}],"version-history":[{"count":2,"href":"https:\/\/www.bigtranslation.com\/fi\/wp-json\/wp\/v2\/pages\/4187\/revisions"}],"predecessor-version":[{"id":4190,"href":"https:\/\/www.bigtranslation.com\/fi\/wp-json\/wp\/v2\/pages\/4187\/revisions\/4190"}],"wp:attachment":[{"href":"https:\/\/www.bigtranslation.com\/fi\/wp-json\/wp\/v2\/media?parent=4187"}],"curies":[{"name":"wp","href":"https:\/\/api.w.org\/{rel}","templated":true}]}}