{"id":4248,"date":"2021-06-10T07:28:46","date_gmt":"2021-06-10T07:28:46","guid":{"rendered":"https:\/\/www.bigtranslation.com\/contact\/"},"modified":"2021-09-20T09:52:03","modified_gmt":"2021-09-20T09:52:03","slug":"ota-yhteytta","status":"publish","type":"page","link":"https:\/\/www.bigtranslation.com\/fi\/ota-yhteytta","title":{"rendered":"Ota yhteytt\u00e4"},"content":{"rendered":"","protected":false},"excerpt":{"rendered":"","protected":false},"author":1,"featured_media":0,"parent":0,"menu_order":25,"comment_status":"closed","ping_status":"closed","template":"page-templates\/template-contact.php","meta":{"footnotes":""},"yoast_head":"<!-- This site is optimized with the Yoast SEO plugin v21.8.1 - https:\/\/yoast.com\/wordpress\/plugins\/seo\/ -->\n<title>Ota yhteytt\u00e4 | Ammattimaiset natiivit k\u00e4\u00e4nn\u00f6spalvelut<\/title>\n<meta name=\"description\" content=\"K\u00e4\u00e4nn\u00f6syrityksemme tarjoaa kaikenlaiset k\u00e4\u00e4nn\u00f6spalvelut ja oikoluvun. Jos tarvitset nopeaa k\u00e4\u00e4nn\u00f6st\u00e4 tai olet freelance-k\u00e4\u00e4nt\u00e4j\u00e4, ota meihin yhteytt\u00e4.\" \/>\n<meta name=\"robots\" content=\"index, follow, max-snippet:-1, max-image-preview:large, max-video-preview:-1\" \/>\n<link rel=\"canonical\" href=\"https:\/\/www.bigtranslation.com\/fi\/ota-yhteytta\" \/>\n<meta property=\"og:locale\" content=\"fi_FI\" \/>\n<meta property=\"og:type\" content=\"article\" \/>\n<meta property=\"og:title\" content=\"Ota yhteytt\u00e4 | Ammattimaiset natiivit k\u00e4\u00e4nn\u00f6spalvelut\" \/>\n<meta property=\"og:description\" content=\"K\u00e4\u00e4nn\u00f6syrityksemme tarjoaa kaikenlaiset k\u00e4\u00e4nn\u00f6spalvelut ja oikoluvun. Jos tarvitset nopeaa k\u00e4\u00e4nn\u00f6st\u00e4 tai olet freelance-k\u00e4\u00e4nt\u00e4j\u00e4, ota meihin yhteytt\u00e4.\" \/>\n<meta property=\"og:url\" content=\"https:\/\/www.bigtranslation.com\/fi\/ota-yhteytta\" \/>\n<meta property=\"og:site_name\" content=\"BigTranslation\" \/>\n<meta property=\"article:modified_time\" content=\"2021-09-20T09:52:03+00:00\" \/>\n<meta name=\"twitter:card\" content=\"summary_large_image\" \/>\n<script type=\"application\/ld+json\" class=\"yoast-schema-graph\">{\"@context\":\"https:\/\/schema.org\",\"@graph\":[{\"@type\":\"WebPage\",\"@id\":\"https:\/\/www.bigtranslation.com\/fi\/ota-yhteytta\",\"url\":\"https:\/\/www.bigtranslation.com\/fi\/ota-yhteytta\",\"name\":\"Ota yhteytt\u00e4 | Ammattimaiset natiivit k\u00e4\u00e4nn\u00f6spalvelut\",\"isPartOf\":{\"@id\":\"https:\/\/www.bigtranslation.com\/fi#website\"},\"datePublished\":\"2021-06-10T07:28:46+00:00\",\"dateModified\":\"2021-09-20T09:52:03+00:00\",\"description\":\"K\u00e4\u00e4nn\u00f6syrityksemme tarjoaa kaikenlaiset k\u00e4\u00e4nn\u00f6spalvelut ja oikoluvun. Jos tarvitset nopeaa k\u00e4\u00e4nn\u00f6st\u00e4 tai olet freelance-k\u00e4\u00e4nt\u00e4j\u00e4, ota meihin yhteytt\u00e4.\",\"breadcrumb\":{\"@id\":\"https:\/\/www.bigtranslation.com\/fi\/ota-yhteytta#breadcrumb\"},\"inLanguage\":\"fi\",\"potentialAction\":[{\"@type\":\"ReadAction\",\"target\":[\"https:\/\/www.bigtranslation.com\/fi\/ota-yhteytta\"]}]},{\"@type\":\"BreadcrumbList\",\"@id\":\"https:\/\/www.bigtranslation.com\/fi\/ota-yhteytta#breadcrumb\",\"itemListElement\":[{\"@type\":\"ListItem\",\"position\":1,\"name\":\"Home\",\"item\":\"https:\/\/www.bigtranslation.com\/fi\"},{\"@type\":\"ListItem\",\"position\":2,\"name\":\"Ota yhteytt\u00e4\"}]},{\"@type\":\"WebSite\",\"@id\":\"https:\/\/www.bigtranslation.com\/fi#website\",\"url\":\"https:\/\/www.bigtranslation.com\/fi\",\"name\":\"BigTranslation\",\"description\":\"Native and Professional translators\",\"potentialAction\":[{\"@type\":\"SearchAction\",\"target\":{\"@type\":\"EntryPoint\",\"urlTemplate\":\"https:\/\/www.bigtranslation.com\/fi?s={search_term_string}\"},\"query-input\":\"required name=search_term_string\"}],\"inLanguage\":\"fi\"}]}<\/script>\n<!-- \/ Yoast SEO plugin. -->","yoast_head_json":{"title":"Ota yhteytt\u00e4 | Ammattimaiset natiivit k\u00e4\u00e4nn\u00f6spalvelut","description":"K\u00e4\u00e4nn\u00f6syrityksemme tarjoaa kaikenlaiset k\u00e4\u00e4nn\u00f6spalvelut ja oikoluvun. Jos tarvitset nopeaa k\u00e4\u00e4nn\u00f6st\u00e4 tai olet freelance-k\u00e4\u00e4nt\u00e4j\u00e4, ota meihin yhteytt\u00e4.","robots":{"index":"index","follow":"follow","max-snippet":"max-snippet:-1","max-image-preview":"max-image-preview:large","max-video-preview":"max-video-preview:-1"},"canonical":"https:\/\/www.bigtranslation.com\/fi\/ota-yhteytta","og_locale":"fi_FI","og_type":"article","og_title":"Ota yhteytt\u00e4 | Ammattimaiset natiivit k\u00e4\u00e4nn\u00f6spalvelut","og_description":"K\u00e4\u00e4nn\u00f6syrityksemme tarjoaa kaikenlaiset k\u00e4\u00e4nn\u00f6spalvelut ja oikoluvun. Jos tarvitset nopeaa k\u00e4\u00e4nn\u00f6st\u00e4 tai olet freelance-k\u00e4\u00e4nt\u00e4j\u00e4, ota meihin yhteytt\u00e4.","og_url":"https:\/\/www.bigtranslation.com\/fi\/ota-yhteytta","og_site_name":"BigTranslation","article_modified_time":"2021-09-20T09:52:03+00:00","twitter_card":"summary_large_image","schema":{"@context":"https:\/\/schema.org","@graph":[{"@type":"WebPage","@id":"https:\/\/www.bigtranslation.com\/fi\/ota-yhteytta","url":"https:\/\/www.bigtranslation.com\/fi\/ota-yhteytta","name":"Ota yhteytt\u00e4 | Ammattimaiset natiivit k\u00e4\u00e4nn\u00f6spalvelut","isPartOf":{"@id":"https:\/\/www.bigtranslation.com\/fi#website"},"datePublished":"2021-06-10T07:28:46+00:00","dateModified":"2021-09-20T09:52:03+00:00","description":"K\u00e4\u00e4nn\u00f6syrityksemme tarjoaa kaikenlaiset k\u00e4\u00e4nn\u00f6spalvelut ja oikoluvun. Jos tarvitset nopeaa k\u00e4\u00e4nn\u00f6st\u00e4 tai olet freelance-k\u00e4\u00e4nt\u00e4j\u00e4, ota meihin yhteytt\u00e4.","breadcrumb":{"@id":"https:\/\/www.bigtranslation.com\/fi\/ota-yhteytta#breadcrumb"},"inLanguage":"fi","potentialAction":[{"@type":"ReadAction","target":["https:\/\/www.bigtranslation.com\/fi\/ota-yhteytta"]}]},{"@type":"BreadcrumbList","@id":"https:\/\/www.bigtranslation.com\/fi\/ota-yhteytta#breadcrumb","itemListElement":[{"@type":"ListItem","position":1,"name":"Home","item":"https:\/\/www.bigtranslation.com\/fi"},{"@type":"ListItem","position":2,"name":"Ota yhteytt\u00e4"}]},{"@type":"WebSite","@id":"https:\/\/www.bigtranslation.com\/fi#website","url":"https:\/\/www.bigtranslation.com\/fi","name":"BigTranslation","description":"Native and Professional translators","potentialAction":[{"@type":"SearchAction","target":{"@type":"EntryPoint","urlTemplate":"https:\/\/www.bigtranslation.com\/fi?s={search_term_string}"},"query-input":"required name=search_term_string"}],"inLanguage":"fi"}]}},"acf":[],"amp_enabled":false,"_links":{"self":[{"href":"https:\/\/www.bigtranslation.com\/fi\/wp-json\/wp\/v2\/pages\/4248"}],"collection":[{"href":"https:\/\/www.bigtranslation.com\/fi\/wp-json\/wp\/v2\/pages"}],"about":[{"href":"https:\/\/www.bigtranslation.com\/fi\/wp-json\/wp\/v2\/types\/page"}],"author":[{"embeddable":true,"href":"https:\/\/www.bigtranslation.com\/fi\/wp-json\/wp\/v2\/users\/1"}],"replies":[{"embeddable":true,"href":"https:\/\/www.bigtranslation.com\/fi\/wp-json\/wp\/v2\/comments?post=4248"}],"version-history":[{"count":2,"href":"https:\/\/www.bigtranslation.com\/fi\/wp-json\/wp\/v2\/pages\/4248\/revisions"}],"predecessor-version":[{"id":4251,"href":"https:\/\/www.bigtranslation.com\/fi\/wp-json\/wp\/v2\/pages\/4248\/revisions\/4251"}],"wp:attachment":[{"href":"https:\/\/www.bigtranslation.com\/fi\/wp-json\/wp\/v2\/media?parent=4248"}],"curies":[{"name":"wp","href":"https:\/\/api.w.org\/{rel}","templated":true}]}}