{"id":4356,"date":"2021-07-09T11:44:06","date_gmt":"2021-07-09T11:44:06","guid":{"rendered":"https:\/\/www.bigtranslation.com\/kaannos\/english\/"},"modified":"2021-09-20T10:29:05","modified_gmt":"2021-09-20T10:29:05","slug":"english","status":"publish","type":"page","link":"https:\/\/www.bigtranslation.com\/fi\/kaannos\/english","title":{"rendered":"Englannin Translatio"},"content":{"rendered":"","protected":false},"excerpt":{"rendered":"","protected":false},"author":1,"featured_media":0,"parent":4296,"menu_order":100,"comment_status":"closed","ping_status":"closed","template":"page-templates\/template-language.php","meta":{"footnotes":""},"yoast_head":"<!-- This site is optimized with the Yoast SEO plugin v21.8.1 - https:\/\/yoast.com\/wordpress\/plugins\/seo\/ -->\n<title>Englannin Translatio | BigTranslation<\/title>\n<meta name=\"description\" content=\"Englannin Translatio | Ammattimaiset k\u00e4\u00e4nn\u00f6kset eri kieliyhdistelmill\u00e4\" \/>\n<meta name=\"robots\" content=\"index, follow, max-snippet:-1, max-image-preview:large, max-video-preview:-1\" \/>\n<link rel=\"canonical\" href=\"https:\/\/www.bigtranslation.com\/fi\/kaannos\/english\" \/>\n<meta property=\"og:locale\" content=\"fi_FI\" \/>\n<meta property=\"og:type\" content=\"article\" \/>\n<meta property=\"og:title\" content=\"Englannin Translatio | BigTranslation\" \/>\n<meta property=\"og:description\" content=\"Englannin Translatio | Ammattimaiset k\u00e4\u00e4nn\u00f6kset eri kieliyhdistelmill\u00e4\" \/>\n<meta property=\"og:url\" content=\"https:\/\/www.bigtranslation.com\/fi\/kaannos\/english\" \/>\n<meta property=\"og:site_name\" content=\"BigTranslation\" \/>\n<meta property=\"article:modified_time\" content=\"2021-09-20T10:29:05+00:00\" \/>\n<meta name=\"twitter:card\" content=\"summary_large_image\" \/>\n<script type=\"application\/ld+json\" class=\"yoast-schema-graph\">{\"@context\":\"https:\/\/schema.org\",\"@graph\":[{\"@type\":\"WebPage\",\"@id\":\"https:\/\/www.bigtranslation.com\/fi\/kaannos\/english\",\"url\":\"https:\/\/www.bigtranslation.com\/fi\/kaannos\/english\",\"name\":\"Englannin Translatio | BigTranslation\",\"isPartOf\":{\"@id\":\"https:\/\/www.bigtranslation.com\/fi#website\"},\"datePublished\":\"2021-07-09T11:44:06+00:00\",\"dateModified\":\"2021-09-20T10:29:05+00:00\",\"description\":\"Englannin Translatio | Ammattimaiset k\u00e4\u00e4nn\u00f6kset eri kieliyhdistelmill\u00e4\",\"breadcrumb\":{\"@id\":\"https:\/\/www.bigtranslation.com\/fi\/kaannos\/english#breadcrumb\"},\"inLanguage\":\"fi\",\"potentialAction\":[{\"@type\":\"ReadAction\",\"target\":[\"https:\/\/www.bigtranslation.com\/fi\/kaannos\/english\"]}]},{\"@type\":\"BreadcrumbList\",\"@id\":\"https:\/\/www.bigtranslation.com\/fi\/kaannos\/english#breadcrumb\",\"itemListElement\":[{\"@type\":\"ListItem\",\"position\":1,\"name\":\"Home\",\"item\":\"https:\/\/www.bigtranslation.com\/fi\"},{\"@type\":\"ListItem\",\"position\":2,\"name\":\"k\u00e4\u00e4nn\u00f6s\",\"item\":\"https:\/\/www.bigtranslation.com\/fi\/kaannos\"},{\"@type\":\"ListItem\",\"position\":3,\"name\":\"Englannin Translatio\"}]},{\"@type\":\"WebSite\",\"@id\":\"https:\/\/www.bigtranslation.com\/fi#website\",\"url\":\"https:\/\/www.bigtranslation.com\/fi\",\"name\":\"BigTranslation\",\"description\":\"Native and Professional translators\",\"potentialAction\":[{\"@type\":\"SearchAction\",\"target\":{\"@type\":\"EntryPoint\",\"urlTemplate\":\"https:\/\/www.bigtranslation.com\/fi?s={search_term_string}\"},\"query-input\":\"required name=search_term_string\"}],\"inLanguage\":\"fi\"}]}<\/script>\n<!-- \/ Yoast SEO plugin. -->","yoast_head_json":{"title":"Englannin Translatio | BigTranslation","description":"Englannin Translatio | Ammattimaiset k\u00e4\u00e4nn\u00f6kset eri kieliyhdistelmill\u00e4","robots":{"index":"index","follow":"follow","max-snippet":"max-snippet:-1","max-image-preview":"max-image-preview:large","max-video-preview":"max-video-preview:-1"},"canonical":"https:\/\/www.bigtranslation.com\/fi\/kaannos\/english","og_locale":"fi_FI","og_type":"article","og_title":"Englannin Translatio | BigTranslation","og_description":"Englannin Translatio | Ammattimaiset k\u00e4\u00e4nn\u00f6kset eri kieliyhdistelmill\u00e4","og_url":"https:\/\/www.bigtranslation.com\/fi\/kaannos\/english","og_site_name":"BigTranslation","article_modified_time":"2021-09-20T10:29:05+00:00","twitter_card":"summary_large_image","schema":{"@context":"https:\/\/schema.org","@graph":[{"@type":"WebPage","@id":"https:\/\/www.bigtranslation.com\/fi\/kaannos\/english","url":"https:\/\/www.bigtranslation.com\/fi\/kaannos\/english","name":"Englannin Translatio | BigTranslation","isPartOf":{"@id":"https:\/\/www.bigtranslation.com\/fi#website"},"datePublished":"2021-07-09T11:44:06+00:00","dateModified":"2021-09-20T10:29:05+00:00","description":"Englannin Translatio | Ammattimaiset k\u00e4\u00e4nn\u00f6kset eri kieliyhdistelmill\u00e4","breadcrumb":{"@id":"https:\/\/www.bigtranslation.com\/fi\/kaannos\/english#breadcrumb"},"inLanguage":"fi","potentialAction":[{"@type":"ReadAction","target":["https:\/\/www.bigtranslation.com\/fi\/kaannos\/english"]}]},{"@type":"BreadcrumbList","@id":"https:\/\/www.bigtranslation.com\/fi\/kaannos\/english#breadcrumb","itemListElement":[{"@type":"ListItem","position":1,"name":"Home","item":"https:\/\/www.bigtranslation.com\/fi"},{"@type":"ListItem","position":2,"name":"k\u00e4\u00e4nn\u00f6s","item":"https:\/\/www.bigtranslation.com\/fi\/kaannos"},{"@type":"ListItem","position":3,"name":"Englannin Translatio"}]},{"@type":"WebSite","@id":"https:\/\/www.bigtranslation.com\/fi#website","url":"https:\/\/www.bigtranslation.com\/fi","name":"BigTranslation","description":"Native and Professional translators","potentialAction":[{"@type":"SearchAction","target":{"@type":"EntryPoint","urlTemplate":"https:\/\/www.bigtranslation.com\/fi?s={search_term_string}"},"query-input":"required name=search_term_string"}],"inLanguage":"fi"}]}},"acf":[],"amp_enabled":true,"_links":{"self":[{"href":"https:\/\/www.bigtranslation.com\/fi\/wp-json\/wp\/v2\/pages\/4356"}],"collection":[{"href":"https:\/\/www.bigtranslation.com\/fi\/wp-json\/wp\/v2\/pages"}],"about":[{"href":"https:\/\/www.bigtranslation.com\/fi\/wp-json\/wp\/v2\/types\/page"}],"author":[{"embeddable":true,"href":"https:\/\/www.bigtranslation.com\/fi\/wp-json\/wp\/v2\/users\/1"}],"replies":[{"embeddable":true,"href":"https:\/\/www.bigtranslation.com\/fi\/wp-json\/wp\/v2\/comments?post=4356"}],"version-history":[{"count":2,"href":"https:\/\/www.bigtranslation.com\/fi\/wp-json\/wp\/v2\/pages\/4356\/revisions"}],"predecessor-version":[{"id":4369,"href":"https:\/\/www.bigtranslation.com\/fi\/wp-json\/wp\/v2\/pages\/4356\/revisions\/4369"}],"up":[{"embeddable":true,"href":"https:\/\/www.bigtranslation.com\/fi\/wp-json\/wp\/v2\/pages\/4296"}],"wp:attachment":[{"href":"https:\/\/www.bigtranslation.com\/fi\/wp-json\/wp\/v2\/media?parent=4356"}],"curies":[{"name":"wp","href":"https:\/\/api.w.org\/{rel}","templated":true}]}}