{"id":1084,"date":"2021-07-05T06:29:36","date_gmt":"2021-07-05T06:29:36","guid":{"rendered":"https:\/\/www.bigtranslation.com\/transcription\/"},"modified":"2022-04-11T09:33:01","modified_gmt":"2022-04-11T09:33:01","slug":"transcription","status":"publish","type":"page","link":"https:\/\/www.bigtranslation.com\/fr\/transcription","title":{"rendered":"Transcription"},"content":{"rendered":"","protected":false},"excerpt":{"rendered":"","protected":false},"author":1,"featured_media":0,"parent":0,"menu_order":8,"comment_status":"closed","ping_status":"closed","template":"page-templates\/template-transcription.php","meta":{"footnotes":""},"yoast_head":"<!-- This site is optimized with the Yoast SEO plugin v21.8.1 - https:\/\/yoast.com\/wordpress\/plugins\/seo\/ -->\n<title>Services de Transcription | Rapide - Simple - Economique.<\/title>\n<meta name=\"description\" content=\"Nous proposons des services de transcription, mettant par \u00e9crit des documents audio ou vid\u00e9o. D\u00e9couvrez notre service \u00e9conomique et de haute qualit\u00e9.\" \/>\n<meta name=\"robots\" content=\"index, follow, max-snippet:-1, max-image-preview:large, max-video-preview:-1\" \/>\n<link rel=\"canonical\" href=\"https:\/\/www.bigtranslation.com\/fr\/transcription\" \/>\n<meta property=\"og:locale\" content=\"fr_FR\" \/>\n<meta property=\"og:type\" content=\"article\" \/>\n<meta property=\"og:title\" content=\"Services de Transcription | Rapide - Simple - Economique.\" \/>\n<meta property=\"og:description\" content=\"Nous proposons des services de transcription, mettant par \u00e9crit des documents audio ou vid\u00e9o. D\u00e9couvrez notre service \u00e9conomique et de haute qualit\u00e9.\" \/>\n<meta property=\"og:url\" content=\"https:\/\/www.bigtranslation.com\/fr\/transcription\" \/>\n<meta property=\"og:site_name\" content=\"BigTranslation\" \/>\n<meta property=\"article:modified_time\" content=\"2022-04-11T09:33:01+00:00\" \/>\n<meta name=\"twitter:card\" content=\"summary_large_image\" \/>\n<script type=\"application\/ld+json\" class=\"yoast-schema-graph\">{\"@context\":\"https:\/\/schema.org\",\"@graph\":[{\"@type\":\"WebPage\",\"@id\":\"https:\/\/www.bigtranslation.com\/fr\/transcription\",\"url\":\"https:\/\/www.bigtranslation.com\/fr\/transcription\",\"name\":\"Services de Transcription | Rapide - Simple - Economique.\",\"isPartOf\":{\"@id\":\"https:\/\/www.bigtranslation.com\/fr#website\"},\"datePublished\":\"2021-07-05T06:29:36+00:00\",\"dateModified\":\"2022-04-11T09:33:01+00:00\",\"description\":\"Nous proposons des services de transcription, mettant par \u00e9crit des documents audio ou vid\u00e9o. D\u00e9couvrez notre service \u00e9conomique et de haute qualit\u00e9.\",\"breadcrumb\":{\"@id\":\"https:\/\/www.bigtranslation.com\/fr\/transcription#breadcrumb\"},\"inLanguage\":\"fr-FR\",\"potentialAction\":[{\"@type\":\"ReadAction\",\"target\":[\"https:\/\/www.bigtranslation.com\/fr\/transcription\"]}]},{\"@type\":\"BreadcrumbList\",\"@id\":\"https:\/\/www.bigtranslation.com\/fr\/transcription#breadcrumb\",\"itemListElement\":[{\"@type\":\"ListItem\",\"position\":1,\"name\":\"Home\",\"item\":\"https:\/\/www.bigtranslation.com\/fr\"},{\"@type\":\"ListItem\",\"position\":2,\"name\":\"Transcription\"}]},{\"@type\":\"WebSite\",\"@id\":\"https:\/\/www.bigtranslation.com\/fr#website\",\"url\":\"https:\/\/www.bigtranslation.com\/fr\",\"name\":\"BigTranslation\",\"description\":\"Traducteurs natifs et professionnels\",\"potentialAction\":[{\"@type\":\"SearchAction\",\"target\":{\"@type\":\"EntryPoint\",\"urlTemplate\":\"https:\/\/www.bigtranslation.com\/fr?s={search_term_string}\"},\"query-input\":\"required name=search_term_string\"}],\"inLanguage\":\"fr-FR\"}]}<\/script>\n<!-- \/ Yoast SEO plugin. -->","yoast_head_json":{"title":"Services de Transcription | Rapide - Simple - Economique.","description":"Nous proposons des services de transcription, mettant par \u00e9crit des documents audio ou vid\u00e9o. D\u00e9couvrez notre service \u00e9conomique et de haute qualit\u00e9.","robots":{"index":"index","follow":"follow","max-snippet":"max-snippet:-1","max-image-preview":"max-image-preview:large","max-video-preview":"max-video-preview:-1"},"canonical":"https:\/\/www.bigtranslation.com\/fr\/transcription","og_locale":"fr_FR","og_type":"article","og_title":"Services de Transcription | Rapide - Simple - Economique.","og_description":"Nous proposons des services de transcription, mettant par \u00e9crit des documents audio ou vid\u00e9o. D\u00e9couvrez notre service \u00e9conomique et de haute qualit\u00e9.","og_url":"https:\/\/www.bigtranslation.com\/fr\/transcription","og_site_name":"BigTranslation","article_modified_time":"2022-04-11T09:33:01+00:00","twitter_card":"summary_large_image","schema":{"@context":"https:\/\/schema.org","@graph":[{"@type":"WebPage","@id":"https:\/\/www.bigtranslation.com\/fr\/transcription","url":"https:\/\/www.bigtranslation.com\/fr\/transcription","name":"Services de Transcription | Rapide - Simple - Economique.","isPartOf":{"@id":"https:\/\/www.bigtranslation.com\/fr#website"},"datePublished":"2021-07-05T06:29:36+00:00","dateModified":"2022-04-11T09:33:01+00:00","description":"Nous proposons des services de transcription, mettant par \u00e9crit des documents audio ou vid\u00e9o. D\u00e9couvrez notre service \u00e9conomique et de haute qualit\u00e9.","breadcrumb":{"@id":"https:\/\/www.bigtranslation.com\/fr\/transcription#breadcrumb"},"inLanguage":"fr-FR","potentialAction":[{"@type":"ReadAction","target":["https:\/\/www.bigtranslation.com\/fr\/transcription"]}]},{"@type":"BreadcrumbList","@id":"https:\/\/www.bigtranslation.com\/fr\/transcription#breadcrumb","itemListElement":[{"@type":"ListItem","position":1,"name":"Home","item":"https:\/\/www.bigtranslation.com\/fr"},{"@type":"ListItem","position":2,"name":"Transcription"}]},{"@type":"WebSite","@id":"https:\/\/www.bigtranslation.com\/fr#website","url":"https:\/\/www.bigtranslation.com\/fr","name":"BigTranslation","description":"Traducteurs natifs et professionnels","potentialAction":[{"@type":"SearchAction","target":{"@type":"EntryPoint","urlTemplate":"https:\/\/www.bigtranslation.com\/fr?s={search_term_string}"},"query-input":"required name=search_term_string"}],"inLanguage":"fr-FR"}]}},"acf":[],"amp_enabled":true,"_links":{"self":[{"href":"https:\/\/www.bigtranslation.com\/fr\/wp-json\/wp\/v2\/pages\/1084"}],"collection":[{"href":"https:\/\/www.bigtranslation.com\/fr\/wp-json\/wp\/v2\/pages"}],"about":[{"href":"https:\/\/www.bigtranslation.com\/fr\/wp-json\/wp\/v2\/types\/page"}],"author":[{"embeddable":true,"href":"https:\/\/www.bigtranslation.com\/fr\/wp-json\/wp\/v2\/users\/1"}],"replies":[{"embeddable":true,"href":"https:\/\/www.bigtranslation.com\/fr\/wp-json\/wp\/v2\/comments?post=1084"}],"version-history":[{"count":1,"href":"https:\/\/www.bigtranslation.com\/fr\/wp-json\/wp\/v2\/pages\/1084\/revisions"}],"predecessor-version":[{"id":1085,"href":"https:\/\/www.bigtranslation.com\/fr\/wp-json\/wp\/v2\/pages\/1084\/revisions\/1085"}],"wp:attachment":[{"href":"https:\/\/www.bigtranslation.com\/fr\/wp-json\/wp\/v2\/media?parent=1084"}],"curies":[{"name":"wp","href":"https:\/\/api.w.org\/{rel}","templated":true}]}}