{"id":1098,"date":"2021-07-13T06:33:52","date_gmt":"2021-07-13T06:33:52","guid":{"rendered":"https:\/\/www.bigtranslation.com\/interpreting\/"},"modified":"2021-09-02T07:51:48","modified_gmt":"2021-09-02T07:51:48","slug":"interpretation","status":"publish","type":"page","link":"https:\/\/www.bigtranslation.com\/fr\/interpretation","title":{"rendered":"Interpr\u00e9tation"},"content":{"rendered":"","protected":false},"excerpt":{"rendered":"","protected":false},"author":1,"featured_media":0,"parent":0,"menu_order":11,"comment_status":"closed","ping_status":"closed","template":"page-templates\/template-interpreting.php","meta":{"footnotes":""},"yoast_head":"<!-- This site is optimized with the Yoast SEO plugin v21.8.1 - https:\/\/yoast.com\/wordpress\/plugins\/seo\/ -->\n<title>Services d&#039;Interpr\u00e9tation | BigTranslation<\/title>\n<meta name=\"description\" content=\"Si vous avez besoin d&#039;un interpr\u00e8te, comptez sur BigTranslation! Nos interpr\u00e8tes travaillent en plus de 24 langues.\" \/>\n<meta name=\"robots\" content=\"index, follow, max-snippet:-1, max-image-preview:large, max-video-preview:-1\" \/>\n<link rel=\"canonical\" href=\"https:\/\/www.bigtranslation.com\/fr\/interpretation\" \/>\n<meta property=\"og:locale\" content=\"fr_FR\" \/>\n<meta property=\"og:type\" content=\"article\" \/>\n<meta property=\"og:title\" content=\"Services d&#039;Interpr\u00e9tation | BigTranslation\" \/>\n<meta property=\"og:description\" content=\"Si vous avez besoin d&#039;un interpr\u00e8te, comptez sur BigTranslation! Nos interpr\u00e8tes travaillent en plus de 24 langues.\" \/>\n<meta property=\"og:url\" content=\"https:\/\/www.bigtranslation.com\/fr\/interpretation\" \/>\n<meta property=\"og:site_name\" content=\"BigTranslation\" \/>\n<meta property=\"article:modified_time\" content=\"2021-09-02T07:51:48+00:00\" \/>\n<meta name=\"twitter:card\" content=\"summary_large_image\" \/>\n<script type=\"application\/ld+json\" class=\"yoast-schema-graph\">{\"@context\":\"https:\/\/schema.org\",\"@graph\":[{\"@type\":\"WebPage\",\"@id\":\"https:\/\/www.bigtranslation.com\/fr\/interpretation\",\"url\":\"https:\/\/www.bigtranslation.com\/fr\/interpretation\",\"name\":\"Services d'Interpr\u00e9tation | BigTranslation\",\"isPartOf\":{\"@id\":\"https:\/\/www.bigtranslation.com\/fr#website\"},\"datePublished\":\"2021-07-13T06:33:52+00:00\",\"dateModified\":\"2021-09-02T07:51:48+00:00\",\"description\":\"Si vous avez besoin d'un interpr\u00e8te, comptez sur BigTranslation! Nos interpr\u00e8tes travaillent en plus de 24 langues.\",\"breadcrumb\":{\"@id\":\"https:\/\/www.bigtranslation.com\/fr\/interpretation#breadcrumb\"},\"inLanguage\":\"fr-FR\",\"potentialAction\":[{\"@type\":\"ReadAction\",\"target\":[\"https:\/\/www.bigtranslation.com\/fr\/interpretation\"]}]},{\"@type\":\"BreadcrumbList\",\"@id\":\"https:\/\/www.bigtranslation.com\/fr\/interpretation#breadcrumb\",\"itemListElement\":[{\"@type\":\"ListItem\",\"position\":1,\"name\":\"Home\",\"item\":\"https:\/\/www.bigtranslation.com\/fr\"},{\"@type\":\"ListItem\",\"position\":2,\"name\":\"Interpr\u00e9tation\"}]},{\"@type\":\"WebSite\",\"@id\":\"https:\/\/www.bigtranslation.com\/fr#website\",\"url\":\"https:\/\/www.bigtranslation.com\/fr\",\"name\":\"BigTranslation\",\"description\":\"Traducteurs natifs et professionnels\",\"potentialAction\":[{\"@type\":\"SearchAction\",\"target\":{\"@type\":\"EntryPoint\",\"urlTemplate\":\"https:\/\/www.bigtranslation.com\/fr?s={search_term_string}\"},\"query-input\":\"required name=search_term_string\"}],\"inLanguage\":\"fr-FR\"}]}<\/script>\n<!-- \/ Yoast SEO plugin. -->","yoast_head_json":{"title":"Services d'Interpr\u00e9tation | BigTranslation","description":"Si vous avez besoin d'un interpr\u00e8te, comptez sur BigTranslation! Nos interpr\u00e8tes travaillent en plus de 24 langues.","robots":{"index":"index","follow":"follow","max-snippet":"max-snippet:-1","max-image-preview":"max-image-preview:large","max-video-preview":"max-video-preview:-1"},"canonical":"https:\/\/www.bigtranslation.com\/fr\/interpretation","og_locale":"fr_FR","og_type":"article","og_title":"Services d'Interpr\u00e9tation | BigTranslation","og_description":"Si vous avez besoin d'un interpr\u00e8te, comptez sur BigTranslation! Nos interpr\u00e8tes travaillent en plus de 24 langues.","og_url":"https:\/\/www.bigtranslation.com\/fr\/interpretation","og_site_name":"BigTranslation","article_modified_time":"2021-09-02T07:51:48+00:00","twitter_card":"summary_large_image","schema":{"@context":"https:\/\/schema.org","@graph":[{"@type":"WebPage","@id":"https:\/\/www.bigtranslation.com\/fr\/interpretation","url":"https:\/\/www.bigtranslation.com\/fr\/interpretation","name":"Services d'Interpr\u00e9tation | BigTranslation","isPartOf":{"@id":"https:\/\/www.bigtranslation.com\/fr#website"},"datePublished":"2021-07-13T06:33:52+00:00","dateModified":"2021-09-02T07:51:48+00:00","description":"Si vous avez besoin d'un interpr\u00e8te, comptez sur BigTranslation! Nos interpr\u00e8tes travaillent en plus de 24 langues.","breadcrumb":{"@id":"https:\/\/www.bigtranslation.com\/fr\/interpretation#breadcrumb"},"inLanguage":"fr-FR","potentialAction":[{"@type":"ReadAction","target":["https:\/\/www.bigtranslation.com\/fr\/interpretation"]}]},{"@type":"BreadcrumbList","@id":"https:\/\/www.bigtranslation.com\/fr\/interpretation#breadcrumb","itemListElement":[{"@type":"ListItem","position":1,"name":"Home","item":"https:\/\/www.bigtranslation.com\/fr"},{"@type":"ListItem","position":2,"name":"Interpr\u00e9tation"}]},{"@type":"WebSite","@id":"https:\/\/www.bigtranslation.com\/fr#website","url":"https:\/\/www.bigtranslation.com\/fr","name":"BigTranslation","description":"Traducteurs natifs et professionnels","potentialAction":[{"@type":"SearchAction","target":{"@type":"EntryPoint","urlTemplate":"https:\/\/www.bigtranslation.com\/fr?s={search_term_string}"},"query-input":"required name=search_term_string"}],"inLanguage":"fr-FR"}]}},"acf":[],"amp_enabled":true,"_links":{"self":[{"href":"https:\/\/www.bigtranslation.com\/fr\/wp-json\/wp\/v2\/pages\/1098"}],"collection":[{"href":"https:\/\/www.bigtranslation.com\/fr\/wp-json\/wp\/v2\/pages"}],"about":[{"href":"https:\/\/www.bigtranslation.com\/fr\/wp-json\/wp\/v2\/types\/page"}],"author":[{"embeddable":true,"href":"https:\/\/www.bigtranslation.com\/fr\/wp-json\/wp\/v2\/users\/1"}],"replies":[{"embeddable":true,"href":"https:\/\/www.bigtranslation.com\/fr\/wp-json\/wp\/v2\/comments?post=1098"}],"version-history":[{"count":1,"href":"https:\/\/www.bigtranslation.com\/fr\/wp-json\/wp\/v2\/pages\/1098\/revisions"}],"predecessor-version":[{"id":1100,"href":"https:\/\/www.bigtranslation.com\/fr\/wp-json\/wp\/v2\/pages\/1098\/revisions\/1100"}],"wp:attachment":[{"href":"https:\/\/www.bigtranslation.com\/fr\/wp-json\/wp\/v2\/media?parent=1098"}],"curies":[{"name":"wp","href":"https:\/\/api.w.org\/{rel}","templated":true}]}}