{"id":1106,"date":"2021-06-08T13:03:54","date_gmt":"2021-06-08T13:03:54","guid":{"rendered":"https:\/\/www.bigtranslation.com\/translation-company\/"},"modified":"2022-04-11T10:09:10","modified_gmt":"2022-04-11T10:09:10","slug":"enterprise-traduction","status":"publish","type":"page","link":"https:\/\/www.bigtranslation.com\/fr\/enterprise-traduction","title":{"rendered":"Entreprise de traduction"},"content":{"rendered":"","protected":false},"excerpt":{"rendered":"","protected":false},"author":1,"featured_media":0,"parent":0,"menu_order":22,"comment_status":"closed","ping_status":"closed","template":"page-templates\/template-translation-company.php","meta":{"footnotes":""},"yoast_head":"<!-- This site is optimized with the Yoast SEO plugin v21.8.1 - https:\/\/yoast.com\/wordpress\/plugins\/seo\/ -->\n<title>Entreprise de traduction | BigTranslation<\/title>\n<meta name=\"description\" content=\"Nous sommes une entreprise de traduction compos\u00e9e de traducteurs natifs professionnels avec des ann\u00e9es d&#039;exp\u00e9rience en traduction et en marketing digital.\" \/>\n<meta name=\"robots\" content=\"index, follow, max-snippet:-1, max-image-preview:large, max-video-preview:-1\" \/>\n<link rel=\"canonical\" href=\"https:\/\/www.bigtranslation.com\/fr\/enterprise-traduction\" \/>\n<meta property=\"og:locale\" content=\"fr_FR\" \/>\n<meta property=\"og:type\" content=\"article\" \/>\n<meta property=\"og:title\" content=\"Entreprise de traduction | BigTranslation\" \/>\n<meta property=\"og:description\" content=\"Nous sommes une entreprise de traduction compos\u00e9e de traducteurs natifs professionnels avec des ann\u00e9es d&#039;exp\u00e9rience en traduction et en marketing digital.\" \/>\n<meta property=\"og:url\" content=\"https:\/\/www.bigtranslation.com\/fr\/enterprise-traduction\" \/>\n<meta property=\"og:site_name\" content=\"BigTranslation\" \/>\n<meta property=\"article:modified_time\" content=\"2022-04-11T10:09:10+00:00\" \/>\n<meta name=\"twitter:card\" content=\"summary_large_image\" \/>\n<script type=\"application\/ld+json\" class=\"yoast-schema-graph\">{\"@context\":\"https:\/\/schema.org\",\"@graph\":[{\"@type\":\"WebPage\",\"@id\":\"https:\/\/www.bigtranslation.com\/fr\/enterprise-traduction\",\"url\":\"https:\/\/www.bigtranslation.com\/fr\/enterprise-traduction\",\"name\":\"Entreprise de traduction | BigTranslation\",\"isPartOf\":{\"@id\":\"https:\/\/www.bigtranslation.com\/fr#website\"},\"datePublished\":\"2021-06-08T13:03:54+00:00\",\"dateModified\":\"2022-04-11T10:09:10+00:00\",\"description\":\"Nous sommes une entreprise de traduction compos\u00e9e de traducteurs natifs professionnels avec des ann\u00e9es d'exp\u00e9rience en traduction et en marketing digital.\",\"breadcrumb\":{\"@id\":\"https:\/\/www.bigtranslation.com\/fr\/enterprise-traduction#breadcrumb\"},\"inLanguage\":\"fr-FR\",\"potentialAction\":[{\"@type\":\"ReadAction\",\"target\":[\"https:\/\/www.bigtranslation.com\/fr\/enterprise-traduction\"]}]},{\"@type\":\"BreadcrumbList\",\"@id\":\"https:\/\/www.bigtranslation.com\/fr\/enterprise-traduction#breadcrumb\",\"itemListElement\":[{\"@type\":\"ListItem\",\"position\":1,\"name\":\"Home\",\"item\":\"https:\/\/www.bigtranslation.com\/fr\"},{\"@type\":\"ListItem\",\"position\":2,\"name\":\"Entreprise de traduction\"}]},{\"@type\":\"WebSite\",\"@id\":\"https:\/\/www.bigtranslation.com\/fr#website\",\"url\":\"https:\/\/www.bigtranslation.com\/fr\",\"name\":\"BigTranslation\",\"description\":\"Traducteurs natifs et professionnels\",\"potentialAction\":[{\"@type\":\"SearchAction\",\"target\":{\"@type\":\"EntryPoint\",\"urlTemplate\":\"https:\/\/www.bigtranslation.com\/fr?s={search_term_string}\"},\"query-input\":\"required name=search_term_string\"}],\"inLanguage\":\"fr-FR\"}]}<\/script>\n<!-- \/ Yoast SEO plugin. -->","yoast_head_json":{"title":"Entreprise de traduction | BigTranslation","description":"Nous sommes une entreprise de traduction compos\u00e9e de traducteurs natifs professionnels avec des ann\u00e9es d'exp\u00e9rience en traduction et en marketing digital.","robots":{"index":"index","follow":"follow","max-snippet":"max-snippet:-1","max-image-preview":"max-image-preview:large","max-video-preview":"max-video-preview:-1"},"canonical":"https:\/\/www.bigtranslation.com\/fr\/enterprise-traduction","og_locale":"fr_FR","og_type":"article","og_title":"Entreprise de traduction | BigTranslation","og_description":"Nous sommes une entreprise de traduction compos\u00e9e de traducteurs natifs professionnels avec des ann\u00e9es d'exp\u00e9rience en traduction et en marketing digital.","og_url":"https:\/\/www.bigtranslation.com\/fr\/enterprise-traduction","og_site_name":"BigTranslation","article_modified_time":"2022-04-11T10:09:10+00:00","twitter_card":"summary_large_image","schema":{"@context":"https:\/\/schema.org","@graph":[{"@type":"WebPage","@id":"https:\/\/www.bigtranslation.com\/fr\/enterprise-traduction","url":"https:\/\/www.bigtranslation.com\/fr\/enterprise-traduction","name":"Entreprise de traduction | BigTranslation","isPartOf":{"@id":"https:\/\/www.bigtranslation.com\/fr#website"},"datePublished":"2021-06-08T13:03:54+00:00","dateModified":"2022-04-11T10:09:10+00:00","description":"Nous sommes une entreprise de traduction compos\u00e9e de traducteurs natifs professionnels avec des ann\u00e9es d'exp\u00e9rience en traduction et en marketing digital.","breadcrumb":{"@id":"https:\/\/www.bigtranslation.com\/fr\/enterprise-traduction#breadcrumb"},"inLanguage":"fr-FR","potentialAction":[{"@type":"ReadAction","target":["https:\/\/www.bigtranslation.com\/fr\/enterprise-traduction"]}]},{"@type":"BreadcrumbList","@id":"https:\/\/www.bigtranslation.com\/fr\/enterprise-traduction#breadcrumb","itemListElement":[{"@type":"ListItem","position":1,"name":"Home","item":"https:\/\/www.bigtranslation.com\/fr"},{"@type":"ListItem","position":2,"name":"Entreprise de traduction"}]},{"@type":"WebSite","@id":"https:\/\/www.bigtranslation.com\/fr#website","url":"https:\/\/www.bigtranslation.com\/fr","name":"BigTranslation","description":"Traducteurs natifs et professionnels","potentialAction":[{"@type":"SearchAction","target":{"@type":"EntryPoint","urlTemplate":"https:\/\/www.bigtranslation.com\/fr?s={search_term_string}"},"query-input":"required name=search_term_string"}],"inLanguage":"fr-FR"}]}},"acf":[],"amp_enabled":true,"_links":{"self":[{"href":"https:\/\/www.bigtranslation.com\/fr\/wp-json\/wp\/v2\/pages\/1106"}],"collection":[{"href":"https:\/\/www.bigtranslation.com\/fr\/wp-json\/wp\/v2\/pages"}],"about":[{"href":"https:\/\/www.bigtranslation.com\/fr\/wp-json\/wp\/v2\/types\/page"}],"author":[{"embeddable":true,"href":"https:\/\/www.bigtranslation.com\/fr\/wp-json\/wp\/v2\/users\/1"}],"replies":[{"embeddable":true,"href":"https:\/\/www.bigtranslation.com\/fr\/wp-json\/wp\/v2\/comments?post=1106"}],"version-history":[{"count":3,"href":"https:\/\/www.bigtranslation.com\/fr\/wp-json\/wp\/v2\/pages\/1106\/revisions"}],"predecessor-version":[{"id":10076,"href":"https:\/\/www.bigtranslation.com\/fr\/wp-json\/wp\/v2\/pages\/1106\/revisions\/10076"}],"wp:attachment":[{"href":"https:\/\/www.bigtranslation.com\/fr\/wp-json\/wp\/v2\/media?parent=1106"}],"curies":[{"name":"wp","href":"https:\/\/api.w.org\/{rel}","templated":true}]}}