{"id":1115,"date":"2021-06-17T07:42:20","date_gmt":"2021-06-17T07:42:20","guid":{"rendered":"https:\/\/www.bigtranslation.com\/professional-translators\/"},"modified":"2022-04-11T10:09:47","modified_gmt":"2022-04-11T10:09:47","slug":"traducteurs","status":"publish","type":"page","link":"https:\/\/www.bigtranslation.com\/fr\/traducteurs","title":{"rendered":"Emploi de traducteur"},"content":{"rendered":"","protected":false},"excerpt":{"rendered":"","protected":false},"author":1,"featured_media":0,"parent":0,"menu_order":23,"comment_status":"closed","ping_status":"closed","template":"page-templates\/template-professional-translators.php","meta":{"footnotes":""},"yoast_head":"<!-- This site is optimized with the Yoast SEO plugin v21.8.1 - https:\/\/yoast.com\/wordpress\/plugins\/seo\/ -->\n<title>Emploi de traducteur | Recrutement de Traducteurs en T\u00e9l\u00e9travail.<\/title>\n<meta name=\"description\" content=\"Comment devenir traducteur professionnel? D\u00e9couvrez les avantages de faire partie de l&#039;\u00e9quipe de BigTranslation et boostez votre carri\u00e8re de traducteur.\" \/>\n<meta name=\"robots\" content=\"index, follow, max-snippet:-1, max-image-preview:large, max-video-preview:-1\" \/>\n<link rel=\"canonical\" href=\"https:\/\/www.bigtranslation.com\/fr\/traducteurs\" \/>\n<meta property=\"og:locale\" content=\"fr_FR\" \/>\n<meta property=\"og:type\" content=\"article\" \/>\n<meta property=\"og:title\" content=\"Emploi de traducteur | Recrutement de Traducteurs en T\u00e9l\u00e9travail.\" \/>\n<meta property=\"og:description\" content=\"Comment devenir traducteur professionnel? D\u00e9couvrez les avantages de faire partie de l&#039;\u00e9quipe de BigTranslation et boostez votre carri\u00e8re de traducteur.\" \/>\n<meta property=\"og:url\" content=\"https:\/\/www.bigtranslation.com\/fr\/traducteurs\" \/>\n<meta property=\"og:site_name\" content=\"BigTranslation\" \/>\n<meta property=\"article:modified_time\" content=\"2022-04-11T10:09:47+00:00\" \/>\n<meta name=\"twitter:card\" content=\"summary_large_image\" \/>\n<script type=\"application\/ld+json\" class=\"yoast-schema-graph\">{\"@context\":\"https:\/\/schema.org\",\"@graph\":[{\"@type\":\"WebPage\",\"@id\":\"https:\/\/www.bigtranslation.com\/fr\/traducteurs\",\"url\":\"https:\/\/www.bigtranslation.com\/fr\/traducteurs\",\"name\":\"Emploi de traducteur | Recrutement de Traducteurs en T\u00e9l\u00e9travail.\",\"isPartOf\":{\"@id\":\"https:\/\/www.bigtranslation.com\/fr#website\"},\"datePublished\":\"2021-06-17T07:42:20+00:00\",\"dateModified\":\"2022-04-11T10:09:47+00:00\",\"description\":\"Comment devenir traducteur professionnel? D\u00e9couvrez les avantages de faire partie de l'\u00e9quipe de BigTranslation et boostez votre carri\u00e8re de traducteur.\",\"breadcrumb\":{\"@id\":\"https:\/\/www.bigtranslation.com\/fr\/traducteurs#breadcrumb\"},\"inLanguage\":\"fr-FR\",\"potentialAction\":[{\"@type\":\"ReadAction\",\"target\":[\"https:\/\/www.bigtranslation.com\/fr\/traducteurs\"]}]},{\"@type\":\"BreadcrumbList\",\"@id\":\"https:\/\/www.bigtranslation.com\/fr\/traducteurs#breadcrumb\",\"itemListElement\":[{\"@type\":\"ListItem\",\"position\":1,\"name\":\"Home\",\"item\":\"https:\/\/www.bigtranslation.com\/fr\"},{\"@type\":\"ListItem\",\"position\":2,\"name\":\"Emploi de traducteur\"}]},{\"@type\":\"WebSite\",\"@id\":\"https:\/\/www.bigtranslation.com\/fr#website\",\"url\":\"https:\/\/www.bigtranslation.com\/fr\",\"name\":\"BigTranslation\",\"description\":\"Traducteurs natifs et professionnels\",\"potentialAction\":[{\"@type\":\"SearchAction\",\"target\":{\"@type\":\"EntryPoint\",\"urlTemplate\":\"https:\/\/www.bigtranslation.com\/fr?s={search_term_string}\"},\"query-input\":\"required name=search_term_string\"}],\"inLanguage\":\"fr-FR\"}]}<\/script>\n<!-- \/ Yoast SEO plugin. -->","yoast_head_json":{"title":"Emploi de traducteur | Recrutement de Traducteurs en T\u00e9l\u00e9travail.","description":"Comment devenir traducteur professionnel? D\u00e9couvrez les avantages de faire partie de l'\u00e9quipe de BigTranslation et boostez votre carri\u00e8re de traducteur.","robots":{"index":"index","follow":"follow","max-snippet":"max-snippet:-1","max-image-preview":"max-image-preview:large","max-video-preview":"max-video-preview:-1"},"canonical":"https:\/\/www.bigtranslation.com\/fr\/traducteurs","og_locale":"fr_FR","og_type":"article","og_title":"Emploi de traducteur | Recrutement de Traducteurs en T\u00e9l\u00e9travail.","og_description":"Comment devenir traducteur professionnel? D\u00e9couvrez les avantages de faire partie de l'\u00e9quipe de BigTranslation et boostez votre carri\u00e8re de traducteur.","og_url":"https:\/\/www.bigtranslation.com\/fr\/traducteurs","og_site_name":"BigTranslation","article_modified_time":"2022-04-11T10:09:47+00:00","twitter_card":"summary_large_image","schema":{"@context":"https:\/\/schema.org","@graph":[{"@type":"WebPage","@id":"https:\/\/www.bigtranslation.com\/fr\/traducteurs","url":"https:\/\/www.bigtranslation.com\/fr\/traducteurs","name":"Emploi de traducteur | Recrutement de Traducteurs en T\u00e9l\u00e9travail.","isPartOf":{"@id":"https:\/\/www.bigtranslation.com\/fr#website"},"datePublished":"2021-06-17T07:42:20+00:00","dateModified":"2022-04-11T10:09:47+00:00","description":"Comment devenir traducteur professionnel? D\u00e9couvrez les avantages de faire partie de l'\u00e9quipe de BigTranslation et boostez votre carri\u00e8re de traducteur.","breadcrumb":{"@id":"https:\/\/www.bigtranslation.com\/fr\/traducteurs#breadcrumb"},"inLanguage":"fr-FR","potentialAction":[{"@type":"ReadAction","target":["https:\/\/www.bigtranslation.com\/fr\/traducteurs"]}]},{"@type":"BreadcrumbList","@id":"https:\/\/www.bigtranslation.com\/fr\/traducteurs#breadcrumb","itemListElement":[{"@type":"ListItem","position":1,"name":"Home","item":"https:\/\/www.bigtranslation.com\/fr"},{"@type":"ListItem","position":2,"name":"Emploi de traducteur"}]},{"@type":"WebSite","@id":"https:\/\/www.bigtranslation.com\/fr#website","url":"https:\/\/www.bigtranslation.com\/fr","name":"BigTranslation","description":"Traducteurs natifs et professionnels","potentialAction":[{"@type":"SearchAction","target":{"@type":"EntryPoint","urlTemplate":"https:\/\/www.bigtranslation.com\/fr?s={search_term_string}"},"query-input":"required name=search_term_string"}],"inLanguage":"fr-FR"}]}},"acf":[],"amp_enabled":true,"_links":{"self":[{"href":"https:\/\/www.bigtranslation.com\/fr\/wp-json\/wp\/v2\/pages\/1115"}],"collection":[{"href":"https:\/\/www.bigtranslation.com\/fr\/wp-json\/wp\/v2\/pages"}],"about":[{"href":"https:\/\/www.bigtranslation.com\/fr\/wp-json\/wp\/v2\/types\/page"}],"author":[{"embeddable":true,"href":"https:\/\/www.bigtranslation.com\/fr\/wp-json\/wp\/v2\/users\/1"}],"replies":[{"embeddable":true,"href":"https:\/\/www.bigtranslation.com\/fr\/wp-json\/wp\/v2\/comments?post=1115"}],"version-history":[{"count":3,"href":"https:\/\/www.bigtranslation.com\/fr\/wp-json\/wp\/v2\/pages\/1115\/revisions"}],"predecessor-version":[{"id":10063,"href":"https:\/\/www.bigtranslation.com\/fr\/wp-json\/wp\/v2\/pages\/1115\/revisions\/10063"}],"wp:attachment":[{"href":"https:\/\/www.bigtranslation.com\/fr\/wp-json\/wp\/v2\/media?parent=1115"}],"curies":[{"name":"wp","href":"https:\/\/api.w.org\/{rel}","templated":true}]}}