{"id":1138,"date":"2021-07-14T09:46:27","date_gmt":"2021-07-14T09:46:27","guid":{"rendered":"https:\/\/www.bigtranslation.com\/automated-platform\/"},"modified":"2022-04-11T09:20:41","modified_gmt":"2022-04-11T09:20:41","slug":"devis-traduction","status":"publish","type":"page","link":"https:\/\/www.bigtranslation.com\/fr\/devis-traduction","title":{"rendered":"Devis de traduction"},"content":{"rendered":"","protected":false},"excerpt":{"rendered":"","protected":false},"author":1,"featured_media":0,"parent":0,"menu_order":27,"comment_status":"closed","ping_status":"closed","template":"page-templates\/template-order-management.php","meta":{"footnotes":""},"yoast_head":"<!-- This site is optimized with the Yoast SEO plugin v21.8.1 - https:\/\/yoast.com\/wordpress\/plugins\/seo\/ -->\n<title>Devis de traduction | Imm\u00e9diat - Gratuit - Sans engagement<\/title>\n<meta name=\"description\" content=\"T\u00e9l\u00e9chargez vos fichiers en ligne sur notre site. S\u00e9lectionnez les langues souhait\u00e9es. Recevez instantan\u00e9ment votre devis et passez votre commande en ligne.\" \/>\n<meta name=\"robots\" content=\"index, follow, max-snippet:-1, max-image-preview:large, max-video-preview:-1\" \/>\n<link rel=\"canonical\" href=\"https:\/\/www.bigtranslation.com\/fr\/devis-traduction\" \/>\n<meta property=\"og:locale\" content=\"fr_FR\" \/>\n<meta property=\"og:type\" content=\"article\" \/>\n<meta property=\"og:title\" content=\"Devis de traduction | Imm\u00e9diat - Gratuit - Sans engagement\" \/>\n<meta property=\"og:description\" content=\"T\u00e9l\u00e9chargez vos fichiers en ligne sur notre site. S\u00e9lectionnez les langues souhait\u00e9es. Recevez instantan\u00e9ment votre devis et passez votre commande en ligne.\" \/>\n<meta property=\"og:url\" content=\"https:\/\/www.bigtranslation.com\/fr\/devis-traduction\" \/>\n<meta property=\"og:site_name\" content=\"BigTranslation\" \/>\n<meta property=\"article:modified_time\" content=\"2022-04-11T09:20:41+00:00\" \/>\n<meta name=\"twitter:card\" content=\"summary_large_image\" \/>\n<script type=\"application\/ld+json\" class=\"yoast-schema-graph\">{\"@context\":\"https:\/\/schema.org\",\"@graph\":[{\"@type\":\"WebPage\",\"@id\":\"https:\/\/www.bigtranslation.com\/fr\/devis-traduction\",\"url\":\"https:\/\/www.bigtranslation.com\/fr\/devis-traduction\",\"name\":\"Devis de traduction | Imm\u00e9diat - Gratuit - Sans engagement\",\"isPartOf\":{\"@id\":\"https:\/\/www.bigtranslation.com\/fr#website\"},\"datePublished\":\"2021-07-14T09:46:27+00:00\",\"dateModified\":\"2022-04-11T09:20:41+00:00\",\"description\":\"T\u00e9l\u00e9chargez vos fichiers en ligne sur notre site. S\u00e9lectionnez les langues souhait\u00e9es. Recevez instantan\u00e9ment votre devis et passez votre commande en ligne.\",\"breadcrumb\":{\"@id\":\"https:\/\/www.bigtranslation.com\/fr\/devis-traduction#breadcrumb\"},\"inLanguage\":\"fr-FR\",\"potentialAction\":[{\"@type\":\"ReadAction\",\"target\":[\"https:\/\/www.bigtranslation.com\/fr\/devis-traduction\"]}]},{\"@type\":\"BreadcrumbList\",\"@id\":\"https:\/\/www.bigtranslation.com\/fr\/devis-traduction#breadcrumb\",\"itemListElement\":[{\"@type\":\"ListItem\",\"position\":1,\"name\":\"Home\",\"item\":\"https:\/\/www.bigtranslation.com\/fr\"},{\"@type\":\"ListItem\",\"position\":2,\"name\":\"Devis de traduction\"}]},{\"@type\":\"WebSite\",\"@id\":\"https:\/\/www.bigtranslation.com\/fr#website\",\"url\":\"https:\/\/www.bigtranslation.com\/fr\",\"name\":\"BigTranslation\",\"description\":\"Traducteurs natifs et professionnels\",\"potentialAction\":[{\"@type\":\"SearchAction\",\"target\":{\"@type\":\"EntryPoint\",\"urlTemplate\":\"https:\/\/www.bigtranslation.com\/fr?s={search_term_string}\"},\"query-input\":\"required name=search_term_string\"}],\"inLanguage\":\"fr-FR\"}]}<\/script>\n<!-- \/ Yoast SEO plugin. -->","yoast_head_json":{"title":"Devis de traduction | Imm\u00e9diat - Gratuit - Sans engagement","description":"T\u00e9l\u00e9chargez vos fichiers en ligne sur notre site. S\u00e9lectionnez les langues souhait\u00e9es. Recevez instantan\u00e9ment votre devis et passez votre commande en ligne.","robots":{"index":"index","follow":"follow","max-snippet":"max-snippet:-1","max-image-preview":"max-image-preview:large","max-video-preview":"max-video-preview:-1"},"canonical":"https:\/\/www.bigtranslation.com\/fr\/devis-traduction","og_locale":"fr_FR","og_type":"article","og_title":"Devis de traduction | Imm\u00e9diat - Gratuit - Sans engagement","og_description":"T\u00e9l\u00e9chargez vos fichiers en ligne sur notre site. S\u00e9lectionnez les langues souhait\u00e9es. Recevez instantan\u00e9ment votre devis et passez votre commande en ligne.","og_url":"https:\/\/www.bigtranslation.com\/fr\/devis-traduction","og_site_name":"BigTranslation","article_modified_time":"2022-04-11T09:20:41+00:00","twitter_card":"summary_large_image","schema":{"@context":"https:\/\/schema.org","@graph":[{"@type":"WebPage","@id":"https:\/\/www.bigtranslation.com\/fr\/devis-traduction","url":"https:\/\/www.bigtranslation.com\/fr\/devis-traduction","name":"Devis de traduction | Imm\u00e9diat - Gratuit - Sans engagement","isPartOf":{"@id":"https:\/\/www.bigtranslation.com\/fr#website"},"datePublished":"2021-07-14T09:46:27+00:00","dateModified":"2022-04-11T09:20:41+00:00","description":"T\u00e9l\u00e9chargez vos fichiers en ligne sur notre site. S\u00e9lectionnez les langues souhait\u00e9es. Recevez instantan\u00e9ment votre devis et passez votre commande en ligne.","breadcrumb":{"@id":"https:\/\/www.bigtranslation.com\/fr\/devis-traduction#breadcrumb"},"inLanguage":"fr-FR","potentialAction":[{"@type":"ReadAction","target":["https:\/\/www.bigtranslation.com\/fr\/devis-traduction"]}]},{"@type":"BreadcrumbList","@id":"https:\/\/www.bigtranslation.com\/fr\/devis-traduction#breadcrumb","itemListElement":[{"@type":"ListItem","position":1,"name":"Home","item":"https:\/\/www.bigtranslation.com\/fr"},{"@type":"ListItem","position":2,"name":"Devis de traduction"}]},{"@type":"WebSite","@id":"https:\/\/www.bigtranslation.com\/fr#website","url":"https:\/\/www.bigtranslation.com\/fr","name":"BigTranslation","description":"Traducteurs natifs et professionnels","potentialAction":[{"@type":"SearchAction","target":{"@type":"EntryPoint","urlTemplate":"https:\/\/www.bigtranslation.com\/fr?s={search_term_string}"},"query-input":"required name=search_term_string"}],"inLanguage":"fr-FR"}]}},"acf":[],"amp_enabled":true,"_links":{"self":[{"href":"https:\/\/www.bigtranslation.com\/fr\/wp-json\/wp\/v2\/pages\/1138"}],"collection":[{"href":"https:\/\/www.bigtranslation.com\/fr\/wp-json\/wp\/v2\/pages"}],"about":[{"href":"https:\/\/www.bigtranslation.com\/fr\/wp-json\/wp\/v2\/types\/page"}],"author":[{"embeddable":true,"href":"https:\/\/www.bigtranslation.com\/fr\/wp-json\/wp\/v2\/users\/1"}],"replies":[{"embeddable":true,"href":"https:\/\/www.bigtranslation.com\/fr\/wp-json\/wp\/v2\/comments?post=1138"}],"version-history":[{"count":2,"href":"https:\/\/www.bigtranslation.com\/fr\/wp-json\/wp\/v2\/pages\/1138\/revisions"}],"predecessor-version":[{"id":10039,"href":"https:\/\/www.bigtranslation.com\/fr\/wp-json\/wp\/v2\/pages\/1138\/revisions\/10039"}],"wp:attachment":[{"href":"https:\/\/www.bigtranslation.com\/fr\/wp-json\/wp\/v2\/media?parent=1138"}],"curies":[{"name":"wp","href":"https:\/\/api.w.org\/{rel}","templated":true}]}}