{"id":8997,"date":"2021-05-31T13:24:21","date_gmt":"2021-05-31T13:24:21","guid":{"rendered":"https:\/\/www.bigtranslation.com\/certified-translations"},"modified":"2023-03-22T13:53:38","modified_gmt":"2023-03-22T13:53:38","slug":"traductions-assermentees","status":"publish","type":"page","link":"https:\/\/www.bigtranslation.com\/fr\/traductions-assermentees","title":{"rendered":"Services de traduction asserment\u00e9e"},"content":{"rendered":"","protected":false},"excerpt":{"rendered":"","protected":false},"author":1,"featured_media":0,"parent":0,"menu_order":8,"comment_status":"closed","ping_status":"closed","template":"page-templates\/template-landing-translation.php","meta":{"footnotes":""},"yoast_head":"<!-- This site is optimized with the Yoast SEO plugin v21.8.1 - https:\/\/yoast.com\/wordpress\/plugins\/seo\/ -->\n<title>Services de Traductions Asserment\u00e9es | Services de traduction asserment\u00e9e<\/title>\n<meta name=\"description\" content=\"Solutions pour les traductions asserment\u00e9es et natives pour vos documents officiels. Demandez votre devis\u2009\u00e0 notre bureau de traductions asserment\u00e9es!\" \/>\n<meta name=\"robots\" content=\"index, follow, max-snippet:-1, max-image-preview:large, max-video-preview:-1\" \/>\n<link rel=\"canonical\" href=\"https:\/\/www.bigtranslation.com\/fr\/traductions-assermentees\" \/>\n<meta property=\"og:locale\" content=\"fr_FR\" \/>\n<meta property=\"og:type\" content=\"article\" \/>\n<meta property=\"og:title\" content=\"Services de Traductions Asserment\u00e9es | Services de traduction asserment\u00e9e\" \/>\n<meta property=\"og:description\" content=\"Solutions pour les traductions asserment\u00e9es et natives pour vos documents officiels. Demandez votre devis\u2009\u00e0 notre bureau de traductions asserment\u00e9es!\" \/>\n<meta property=\"og:url\" content=\"https:\/\/www.bigtranslation.com\/fr\/traductions-assermentees\" \/>\n<meta property=\"og:site_name\" content=\"BigTranslation\" \/>\n<meta property=\"article:modified_time\" content=\"2023-03-22T13:53:38+00:00\" \/>\n<meta name=\"twitter:card\" content=\"summary_large_image\" \/>\n<script type=\"application\/ld+json\" class=\"yoast-schema-graph\">{\"@context\":\"https:\/\/schema.org\",\"@graph\":[{\"@type\":\"WebPage\",\"@id\":\"https:\/\/www.bigtranslation.com\/fr\/traductions-assermentees\",\"url\":\"https:\/\/www.bigtranslation.com\/fr\/traductions-assermentees\",\"name\":\"Services de Traductions Asserment\u00e9es | Services de traduction asserment\u00e9e\",\"isPartOf\":{\"@id\":\"https:\/\/www.bigtranslation.com\/fr#website\"},\"datePublished\":\"2021-05-31T13:24:21+00:00\",\"dateModified\":\"2023-03-22T13:53:38+00:00\",\"description\":\"Solutions pour les traductions asserment\u00e9es et natives pour vos documents officiels. Demandez votre devis\u2009\u00e0 notre bureau de traductions asserment\u00e9es!\",\"breadcrumb\":{\"@id\":\"https:\/\/www.bigtranslation.com\/fr\/traductions-assermentees#breadcrumb\"},\"inLanguage\":\"fr-FR\",\"potentialAction\":[{\"@type\":\"ReadAction\",\"target\":[\"https:\/\/www.bigtranslation.com\/fr\/traductions-assermentees\"]}]},{\"@type\":\"BreadcrumbList\",\"@id\":\"https:\/\/www.bigtranslation.com\/fr\/traductions-assermentees#breadcrumb\",\"itemListElement\":[{\"@type\":\"ListItem\",\"position\":1,\"name\":\"Home\",\"item\":\"https:\/\/www.bigtranslation.com\/fr\"},{\"@type\":\"ListItem\",\"position\":2,\"name\":\"Services de traduction asserment\u00e9e\"}]},{\"@type\":\"WebSite\",\"@id\":\"https:\/\/www.bigtranslation.com\/fr#website\",\"url\":\"https:\/\/www.bigtranslation.com\/fr\",\"name\":\"BigTranslation\",\"description\":\"Traducteurs natifs et professionnels\",\"potentialAction\":[{\"@type\":\"SearchAction\",\"target\":{\"@type\":\"EntryPoint\",\"urlTemplate\":\"https:\/\/www.bigtranslation.com\/fr?s={search_term_string}\"},\"query-input\":\"required name=search_term_string\"}],\"inLanguage\":\"fr-FR\"}]}<\/script>\n<!-- \/ Yoast SEO plugin. -->","yoast_head_json":{"title":"Services de Traductions Asserment\u00e9es | Services de traduction asserment\u00e9e","description":"Solutions pour les traductions asserment\u00e9es et natives pour vos documents officiels. Demandez votre devis\u2009\u00e0 notre bureau de traductions asserment\u00e9es!","robots":{"index":"index","follow":"follow","max-snippet":"max-snippet:-1","max-image-preview":"max-image-preview:large","max-video-preview":"max-video-preview:-1"},"canonical":"https:\/\/www.bigtranslation.com\/fr\/traductions-assermentees","og_locale":"fr_FR","og_type":"article","og_title":"Services de Traductions Asserment\u00e9es | Services de traduction asserment\u00e9e","og_description":"Solutions pour les traductions asserment\u00e9es et natives pour vos documents officiels. Demandez votre devis\u2009\u00e0 notre bureau de traductions asserment\u00e9es!","og_url":"https:\/\/www.bigtranslation.com\/fr\/traductions-assermentees","og_site_name":"BigTranslation","article_modified_time":"2023-03-22T13:53:38+00:00","twitter_card":"summary_large_image","schema":{"@context":"https:\/\/schema.org","@graph":[{"@type":"WebPage","@id":"https:\/\/www.bigtranslation.com\/fr\/traductions-assermentees","url":"https:\/\/www.bigtranslation.com\/fr\/traductions-assermentees","name":"Services de Traductions Asserment\u00e9es | Services de traduction asserment\u00e9e","isPartOf":{"@id":"https:\/\/www.bigtranslation.com\/fr#website"},"datePublished":"2021-05-31T13:24:21+00:00","dateModified":"2023-03-22T13:53:38+00:00","description":"Solutions pour les traductions asserment\u00e9es et natives pour vos documents officiels. Demandez votre devis\u2009\u00e0 notre bureau de traductions asserment\u00e9es!","breadcrumb":{"@id":"https:\/\/www.bigtranslation.com\/fr\/traductions-assermentees#breadcrumb"},"inLanguage":"fr-FR","potentialAction":[{"@type":"ReadAction","target":["https:\/\/www.bigtranslation.com\/fr\/traductions-assermentees"]}]},{"@type":"BreadcrumbList","@id":"https:\/\/www.bigtranslation.com\/fr\/traductions-assermentees#breadcrumb","itemListElement":[{"@type":"ListItem","position":1,"name":"Home","item":"https:\/\/www.bigtranslation.com\/fr"},{"@type":"ListItem","position":2,"name":"Services de traduction asserment\u00e9e"}]},{"@type":"WebSite","@id":"https:\/\/www.bigtranslation.com\/fr#website","url":"https:\/\/www.bigtranslation.com\/fr","name":"BigTranslation","description":"Traducteurs natifs et professionnels","potentialAction":[{"@type":"SearchAction","target":{"@type":"EntryPoint","urlTemplate":"https:\/\/www.bigtranslation.com\/fr?s={search_term_string}"},"query-input":"required name=search_term_string"}],"inLanguage":"fr-FR"}]}},"acf":[],"amp_enabled":true,"_links":{"self":[{"href":"https:\/\/www.bigtranslation.com\/fr\/wp-json\/wp\/v2\/pages\/8997"}],"collection":[{"href":"https:\/\/www.bigtranslation.com\/fr\/wp-json\/wp\/v2\/pages"}],"about":[{"href":"https:\/\/www.bigtranslation.com\/fr\/wp-json\/wp\/v2\/types\/page"}],"author":[{"embeddable":true,"href":"https:\/\/www.bigtranslation.com\/fr\/wp-json\/wp\/v2\/users\/1"}],"replies":[{"embeddable":true,"href":"https:\/\/www.bigtranslation.com\/fr\/wp-json\/wp\/v2\/comments?post=8997"}],"version-history":[{"count":12,"href":"https:\/\/www.bigtranslation.com\/fr\/wp-json\/wp\/v2\/pages\/8997\/revisions"}],"predecessor-version":[{"id":15794,"href":"https:\/\/www.bigtranslation.com\/fr\/wp-json\/wp\/v2\/pages\/8997\/revisions\/15794"}],"wp:attachment":[{"href":"https:\/\/www.bigtranslation.com\/fr\/wp-json\/wp\/v2\/media?parent=8997"}],"curies":[{"name":"wp","href":"https:\/\/api.w.org\/{rel}","templated":true}]}}