{"id":4903,"date":"2021-06-14T09:08:05","date_gmt":"2021-06-14T09:08:05","guid":{"rendered":"https:\/\/www.bigtranslation.com\/translation-services"},"modified":"2021-09-21T08:13:00","modified_gmt":"2021-09-21T08:13:00","slug":"usluge-prevodenja","status":"publish","type":"page","link":"https:\/\/www.bigtranslation.com\/hr\/usluge-prevodenja","title":{"rendered":"Usluge prevo\u0111enja"},"content":{"rendered":"","protected":false},"excerpt":{"rendered":"","protected":false},"author":1,"featured_media":0,"parent":0,"menu_order":1,"comment_status":"closed","ping_status":"closed","template":"page-templates\/template-translation-services.php","meta":{"footnotes":""},"yoast_head":"<!-- This site is optimized with the Yoast SEO plugin v21.8.1 - https:\/\/yoast.com\/wordpress\/plugins\/seo\/ -->\n<title>Usluge prevo\u0111enja Usluge prevo\u0111enja | Prevoditeljska agencija<\/title>\n<meta name=\"description\" content=\"Profesionalne prevoditeljske usluge, usluge prevo\u0111enja dokumenata, usluge prevo\u0111enja web-stranica, usluge lekture i korekture teksta.\" \/>\n<meta name=\"robots\" content=\"index, follow, max-snippet:-1, max-image-preview:large, max-video-preview:-1\" \/>\n<link rel=\"canonical\" href=\"https:\/\/www.bigtranslation.com\/hr\/usluge-prevodenja\" \/>\n<meta property=\"og:locale\" content=\"hr_HR\" \/>\n<meta property=\"og:type\" content=\"article\" \/>\n<meta property=\"og:title\" content=\"Usluge prevo\u0111enja Usluge prevo\u0111enja | Prevoditeljska agencija\" \/>\n<meta property=\"og:description\" content=\"Profesionalne prevoditeljske usluge, usluge prevo\u0111enja dokumenata, usluge prevo\u0111enja web-stranica, usluge lekture i korekture teksta.\" \/>\n<meta property=\"og:url\" content=\"https:\/\/www.bigtranslation.com\/hr\/usluge-prevodenja\" \/>\n<meta property=\"og:site_name\" content=\"BigTranslation\" \/>\n<meta property=\"article:modified_time\" content=\"2021-09-21T08:13:00+00:00\" \/>\n<meta name=\"twitter:card\" content=\"summary_large_image\" \/>\n<script type=\"application\/ld+json\" class=\"yoast-schema-graph\">{\"@context\":\"https:\/\/schema.org\",\"@graph\":[{\"@type\":\"WebPage\",\"@id\":\"https:\/\/www.bigtranslation.com\/hr\/usluge-prevodenja\",\"url\":\"https:\/\/www.bigtranslation.com\/hr\/usluge-prevodenja\",\"name\":\"Usluge prevo\u0111enja Usluge prevo\u0111enja | Prevoditeljska agencija\",\"isPartOf\":{\"@id\":\"https:\/\/www.bigtranslation.com\/hr#website\"},\"datePublished\":\"2021-06-14T09:08:05+00:00\",\"dateModified\":\"2021-09-21T08:13:00+00:00\",\"description\":\"Profesionalne prevoditeljske usluge, usluge prevo\u0111enja dokumenata, usluge prevo\u0111enja web-stranica, usluge lekture i korekture teksta.\",\"breadcrumb\":{\"@id\":\"https:\/\/www.bigtranslation.com\/hr\/usluge-prevodenja#breadcrumb\"},\"inLanguage\":\"hr\",\"potentialAction\":[{\"@type\":\"ReadAction\",\"target\":[\"https:\/\/www.bigtranslation.com\/hr\/usluge-prevodenja\"]}]},{\"@type\":\"BreadcrumbList\",\"@id\":\"https:\/\/www.bigtranslation.com\/hr\/usluge-prevodenja#breadcrumb\",\"itemListElement\":[{\"@type\":\"ListItem\",\"position\":1,\"name\":\"Home\",\"item\":\"https:\/\/www.bigtranslation.com\/hr\"},{\"@type\":\"ListItem\",\"position\":2,\"name\":\"Usluge prevo\u0111enja\"}]},{\"@type\":\"WebSite\",\"@id\":\"https:\/\/www.bigtranslation.com\/hr#website\",\"url\":\"https:\/\/www.bigtranslation.com\/hr\",\"name\":\"BigTranslation\",\"description\":\"Native and Professional translators\",\"potentialAction\":[{\"@type\":\"SearchAction\",\"target\":{\"@type\":\"EntryPoint\",\"urlTemplate\":\"https:\/\/www.bigtranslation.com\/hr?s={search_term_string}\"},\"query-input\":\"required name=search_term_string\"}],\"inLanguage\":\"hr\"}]}<\/script>\n<!-- \/ Yoast SEO plugin. -->","yoast_head_json":{"title":"Usluge prevo\u0111enja Usluge prevo\u0111enja | Prevoditeljska agencija","description":"Profesionalne prevoditeljske usluge, usluge prevo\u0111enja dokumenata, usluge prevo\u0111enja web-stranica, usluge lekture i korekture teksta.","robots":{"index":"index","follow":"follow","max-snippet":"max-snippet:-1","max-image-preview":"max-image-preview:large","max-video-preview":"max-video-preview:-1"},"canonical":"https:\/\/www.bigtranslation.com\/hr\/usluge-prevodenja","og_locale":"hr_HR","og_type":"article","og_title":"Usluge prevo\u0111enja Usluge prevo\u0111enja | Prevoditeljska agencija","og_description":"Profesionalne prevoditeljske usluge, usluge prevo\u0111enja dokumenata, usluge prevo\u0111enja web-stranica, usluge lekture i korekture teksta.","og_url":"https:\/\/www.bigtranslation.com\/hr\/usluge-prevodenja","og_site_name":"BigTranslation","article_modified_time":"2021-09-21T08:13:00+00:00","twitter_card":"summary_large_image","schema":{"@context":"https:\/\/schema.org","@graph":[{"@type":"WebPage","@id":"https:\/\/www.bigtranslation.com\/hr\/usluge-prevodenja","url":"https:\/\/www.bigtranslation.com\/hr\/usluge-prevodenja","name":"Usluge prevo\u0111enja Usluge prevo\u0111enja | Prevoditeljska agencija","isPartOf":{"@id":"https:\/\/www.bigtranslation.com\/hr#website"},"datePublished":"2021-06-14T09:08:05+00:00","dateModified":"2021-09-21T08:13:00+00:00","description":"Profesionalne prevoditeljske usluge, usluge prevo\u0111enja dokumenata, usluge prevo\u0111enja web-stranica, usluge lekture i korekture teksta.","breadcrumb":{"@id":"https:\/\/www.bigtranslation.com\/hr\/usluge-prevodenja#breadcrumb"},"inLanguage":"hr","potentialAction":[{"@type":"ReadAction","target":["https:\/\/www.bigtranslation.com\/hr\/usluge-prevodenja"]}]},{"@type":"BreadcrumbList","@id":"https:\/\/www.bigtranslation.com\/hr\/usluge-prevodenja#breadcrumb","itemListElement":[{"@type":"ListItem","position":1,"name":"Home","item":"https:\/\/www.bigtranslation.com\/hr"},{"@type":"ListItem","position":2,"name":"Usluge prevo\u0111enja"}]},{"@type":"WebSite","@id":"https:\/\/www.bigtranslation.com\/hr#website","url":"https:\/\/www.bigtranslation.com\/hr","name":"BigTranslation","description":"Native and Professional translators","potentialAction":[{"@type":"SearchAction","target":{"@type":"EntryPoint","urlTemplate":"https:\/\/www.bigtranslation.com\/hr?s={search_term_string}"},"query-input":"required name=search_term_string"}],"inLanguage":"hr"}]}},"acf":[],"amp_enabled":true,"_links":{"self":[{"href":"https:\/\/www.bigtranslation.com\/hr\/wp-json\/wp\/v2\/pages\/4903"}],"collection":[{"href":"https:\/\/www.bigtranslation.com\/hr\/wp-json\/wp\/v2\/pages"}],"about":[{"href":"https:\/\/www.bigtranslation.com\/hr\/wp-json\/wp\/v2\/types\/page"}],"author":[{"embeddable":true,"href":"https:\/\/www.bigtranslation.com\/hr\/wp-json\/wp\/v2\/users\/1"}],"replies":[{"embeddable":true,"href":"https:\/\/www.bigtranslation.com\/hr\/wp-json\/wp\/v2\/comments?post=4903"}],"version-history":[{"count":3,"href":"https:\/\/www.bigtranslation.com\/hr\/wp-json\/wp\/v2\/pages\/4903\/revisions"}],"predecessor-version":[{"id":4930,"href":"https:\/\/www.bigtranslation.com\/hr\/wp-json\/wp\/v2\/pages\/4903\/revisions\/4930"}],"wp:attachment":[{"href":"https:\/\/www.bigtranslation.com\/hr\/wp-json\/wp\/v2\/media?parent=4903"}],"curies":[{"name":"wp","href":"https:\/\/api.w.org\/{rel}","templated":true}]}}