{"id":5036,"date":"2021-07-12T12:16:20","date_gmt":"2021-07-12T12:16:20","guid":{"rendered":"https:\/\/www.bigtranslation.com\/seo-translation"},"modified":"2021-09-21T09:29:23","modified_gmt":"2021-09-21T09:29:23","slug":"seo-prijevodi","status":"publish","type":"page","link":"https:\/\/www.bigtranslation.com\/hr\/seo-prijevodi","title":{"rendered":"SEO prevo\u0111enje"},"content":{"rendered":"","protected":false},"excerpt":{"rendered":"","protected":false},"author":1,"featured_media":0,"parent":0,"menu_order":5,"comment_status":"closed","ping_status":"closed","template":"page-templates\/template-seo-translation.php","meta":{"footnotes":""},"yoast_head":"<!-- This site is optimized with the Yoast SEO plugin v21.8.1 - https:\/\/yoast.com\/wordpress\/plugins\/seo\/ -->\n<title>SEO prevo\u0111enje|Prevoditeljska agencija BigTranslation<\/title>\n<meta name=\"description\" content=\"BigTranslation je u mogu\u0107nosti vr\u0161iti SEO prijevode s mre\u017eom profesionalnih prevoditelja specijaliziranih za prevo\u0111enje web-stranica za tra\u017eilice.\" \/>\n<meta name=\"robots\" content=\"index, follow, max-snippet:-1, max-image-preview:large, max-video-preview:-1\" \/>\n<link rel=\"canonical\" href=\"https:\/\/www.bigtranslation.com\/hr\/seo-prijevodi\" \/>\n<meta property=\"og:locale\" content=\"hr_HR\" \/>\n<meta property=\"og:type\" content=\"article\" \/>\n<meta property=\"og:title\" content=\"SEO prevo\u0111enje|Prevoditeljska agencija BigTranslation\" \/>\n<meta property=\"og:description\" content=\"BigTranslation je u mogu\u0107nosti vr\u0161iti SEO prijevode s mre\u017eom profesionalnih prevoditelja specijaliziranih za prevo\u0111enje web-stranica za tra\u017eilice.\" \/>\n<meta property=\"og:url\" content=\"https:\/\/www.bigtranslation.com\/hr\/seo-prijevodi\" \/>\n<meta property=\"og:site_name\" content=\"BigTranslation\" \/>\n<meta property=\"article:modified_time\" content=\"2021-09-21T09:29:23+00:00\" \/>\n<meta name=\"twitter:card\" content=\"summary_large_image\" \/>\n<script type=\"application\/ld+json\" class=\"yoast-schema-graph\">{\"@context\":\"https:\/\/schema.org\",\"@graph\":[{\"@type\":\"WebPage\",\"@id\":\"https:\/\/www.bigtranslation.com\/hr\/seo-prijevodi\",\"url\":\"https:\/\/www.bigtranslation.com\/hr\/seo-prijevodi\",\"name\":\"SEO prevo\u0111enje|Prevoditeljska agencija BigTranslation\",\"isPartOf\":{\"@id\":\"https:\/\/www.bigtranslation.com\/hr#website\"},\"datePublished\":\"2021-07-12T12:16:20+00:00\",\"dateModified\":\"2021-09-21T09:29:23+00:00\",\"description\":\"BigTranslation je u mogu\u0107nosti vr\u0161iti SEO prijevode s mre\u017eom profesionalnih prevoditelja specijaliziranih za prevo\u0111enje web-stranica za tra\u017eilice.\",\"breadcrumb\":{\"@id\":\"https:\/\/www.bigtranslation.com\/hr\/seo-prijevodi#breadcrumb\"},\"inLanguage\":\"hr\",\"potentialAction\":[{\"@type\":\"ReadAction\",\"target\":[\"https:\/\/www.bigtranslation.com\/hr\/seo-prijevodi\"]}]},{\"@type\":\"BreadcrumbList\",\"@id\":\"https:\/\/www.bigtranslation.com\/hr\/seo-prijevodi#breadcrumb\",\"itemListElement\":[{\"@type\":\"ListItem\",\"position\":1,\"name\":\"Home\",\"item\":\"https:\/\/www.bigtranslation.com\/hr\"},{\"@type\":\"ListItem\",\"position\":2,\"name\":\"SEO prevo\u0111enje\"}]},{\"@type\":\"WebSite\",\"@id\":\"https:\/\/www.bigtranslation.com\/hr#website\",\"url\":\"https:\/\/www.bigtranslation.com\/hr\",\"name\":\"BigTranslation\",\"description\":\"Native and Professional translators\",\"potentialAction\":[{\"@type\":\"SearchAction\",\"target\":{\"@type\":\"EntryPoint\",\"urlTemplate\":\"https:\/\/www.bigtranslation.com\/hr?s={search_term_string}\"},\"query-input\":\"required name=search_term_string\"}],\"inLanguage\":\"hr\"}]}<\/script>\n<!-- \/ Yoast SEO plugin. -->","yoast_head_json":{"title":"SEO prevo\u0111enje|Prevoditeljska agencija BigTranslation","description":"BigTranslation je u mogu\u0107nosti vr\u0161iti SEO prijevode s mre\u017eom profesionalnih prevoditelja specijaliziranih za prevo\u0111enje web-stranica za tra\u017eilice.","robots":{"index":"index","follow":"follow","max-snippet":"max-snippet:-1","max-image-preview":"max-image-preview:large","max-video-preview":"max-video-preview:-1"},"canonical":"https:\/\/www.bigtranslation.com\/hr\/seo-prijevodi","og_locale":"hr_HR","og_type":"article","og_title":"SEO prevo\u0111enje|Prevoditeljska agencija BigTranslation","og_description":"BigTranslation je u mogu\u0107nosti vr\u0161iti SEO prijevode s mre\u017eom profesionalnih prevoditelja specijaliziranih za prevo\u0111enje web-stranica za tra\u017eilice.","og_url":"https:\/\/www.bigtranslation.com\/hr\/seo-prijevodi","og_site_name":"BigTranslation","article_modified_time":"2021-09-21T09:29:23+00:00","twitter_card":"summary_large_image","schema":{"@context":"https:\/\/schema.org","@graph":[{"@type":"WebPage","@id":"https:\/\/www.bigtranslation.com\/hr\/seo-prijevodi","url":"https:\/\/www.bigtranslation.com\/hr\/seo-prijevodi","name":"SEO prevo\u0111enje|Prevoditeljska agencija BigTranslation","isPartOf":{"@id":"https:\/\/www.bigtranslation.com\/hr#website"},"datePublished":"2021-07-12T12:16:20+00:00","dateModified":"2021-09-21T09:29:23+00:00","description":"BigTranslation je u mogu\u0107nosti vr\u0161iti SEO prijevode s mre\u017eom profesionalnih prevoditelja specijaliziranih za prevo\u0111enje web-stranica za tra\u017eilice.","breadcrumb":{"@id":"https:\/\/www.bigtranslation.com\/hr\/seo-prijevodi#breadcrumb"},"inLanguage":"hr","potentialAction":[{"@type":"ReadAction","target":["https:\/\/www.bigtranslation.com\/hr\/seo-prijevodi"]}]},{"@type":"BreadcrumbList","@id":"https:\/\/www.bigtranslation.com\/hr\/seo-prijevodi#breadcrumb","itemListElement":[{"@type":"ListItem","position":1,"name":"Home","item":"https:\/\/www.bigtranslation.com\/hr"},{"@type":"ListItem","position":2,"name":"SEO prevo\u0111enje"}]},{"@type":"WebSite","@id":"https:\/\/www.bigtranslation.com\/hr#website","url":"https:\/\/www.bigtranslation.com\/hr","name":"BigTranslation","description":"Native and Professional translators","potentialAction":[{"@type":"SearchAction","target":{"@type":"EntryPoint","urlTemplate":"https:\/\/www.bigtranslation.com\/hr?s={search_term_string}"},"query-input":"required name=search_term_string"}],"inLanguage":"hr"}]}},"acf":[],"amp_enabled":true,"_links":{"self":[{"href":"https:\/\/www.bigtranslation.com\/hr\/wp-json\/wp\/v2\/pages\/5036"}],"collection":[{"href":"https:\/\/www.bigtranslation.com\/hr\/wp-json\/wp\/v2\/pages"}],"about":[{"href":"https:\/\/www.bigtranslation.com\/hr\/wp-json\/wp\/v2\/types\/page"}],"author":[{"embeddable":true,"href":"https:\/\/www.bigtranslation.com\/hr\/wp-json\/wp\/v2\/users\/1"}],"replies":[{"embeddable":true,"href":"https:\/\/www.bigtranslation.com\/hr\/wp-json\/wp\/v2\/comments?post=5036"}],"version-history":[{"count":2,"href":"https:\/\/www.bigtranslation.com\/hr\/wp-json\/wp\/v2\/pages\/5036\/revisions"}],"predecessor-version":[{"id":5041,"href":"https:\/\/www.bigtranslation.com\/hr\/wp-json\/wp\/v2\/pages\/5036\/revisions\/5041"}],"wp:attachment":[{"href":"https:\/\/www.bigtranslation.com\/hr\/wp-json\/wp\/v2\/media?parent=5036"}],"curies":[{"name":"wp","href":"https:\/\/api.w.org\/{rel}","templated":true}]}}