{"id":5147,"date":"2021-07-06T07:04:51","date_gmt":"2021-07-06T07:04:51","guid":{"rendered":"https:\/\/www.bigtranslation.com\/video-transcription"},"modified":"2021-09-21T10:18:39","modified_gmt":"2021-09-21T10:18:39","slug":"video-transkripcija","status":"publish","type":"page","link":"https:\/\/www.bigtranslation.com\/hr\/video-transkripcija","title":{"rendered":"Video transkripcija"},"content":{"rendered":"","protected":false},"excerpt":{"rendered":"","protected":false},"author":1,"featured_media":0,"parent":0,"menu_order":9,"comment_status":"closed","ping_status":"closed","template":"page-templates\/template-transcription-video.php","meta":{"footnotes":""},"yoast_head":"<!-- This site is optimized with the Yoast SEO plugin v21.8.1 - https:\/\/yoast.com\/wordpress\/plugins\/seo\/ -->\n<title>Video transkripcijaVideo transkripcija | Stru\u010dna prevoditeljska tvrtka<\/title>\n<meta name=\"description\" content=\"Na\u0161a usluga prevo\u0111enja uklju\u010duje prijevod audio i video zapisa. Saznajte vi\u0161e o na\u0161oj tvrtki za prevo\u0111enje za koju rade izvorni govornici-prevoditelji\" \/>\n<meta name=\"robots\" content=\"index, follow, max-snippet:-1, max-image-preview:large, max-video-preview:-1\" \/>\n<link rel=\"canonical\" href=\"https:\/\/www.bigtranslation.com\/hr\/video-transkripcija\" \/>\n<meta property=\"og:locale\" content=\"hr_HR\" \/>\n<meta property=\"og:type\" content=\"article\" \/>\n<meta property=\"og:title\" content=\"Video transkripcijaVideo transkripcija | Stru\u010dna prevoditeljska tvrtka\" \/>\n<meta property=\"og:description\" content=\"Na\u0161a usluga prevo\u0111enja uklju\u010duje prijevod audio i video zapisa. Saznajte vi\u0161e o na\u0161oj tvrtki za prevo\u0111enje za koju rade izvorni govornici-prevoditelji\" \/>\n<meta property=\"og:url\" content=\"https:\/\/www.bigtranslation.com\/hr\/video-transkripcija\" \/>\n<meta property=\"og:site_name\" content=\"BigTranslation\" \/>\n<meta property=\"article:modified_time\" content=\"2021-09-21T10:18:39+00:00\" \/>\n<meta name=\"twitter:card\" content=\"summary_large_image\" \/>\n<script type=\"application\/ld+json\" class=\"yoast-schema-graph\">{\"@context\":\"https:\/\/schema.org\",\"@graph\":[{\"@type\":\"WebPage\",\"@id\":\"https:\/\/www.bigtranslation.com\/hr\/video-transkripcija\",\"url\":\"https:\/\/www.bigtranslation.com\/hr\/video-transkripcija\",\"name\":\"Video transkripcijaVideo transkripcija | Stru\u010dna prevoditeljska tvrtka\",\"isPartOf\":{\"@id\":\"https:\/\/www.bigtranslation.com\/hr#website\"},\"datePublished\":\"2021-07-06T07:04:51+00:00\",\"dateModified\":\"2021-09-21T10:18:39+00:00\",\"description\":\"Na\u0161a usluga prevo\u0111enja uklju\u010duje prijevod audio i video zapisa. Saznajte vi\u0161e o na\u0161oj tvrtki za prevo\u0111enje za koju rade izvorni govornici-prevoditelji\",\"breadcrumb\":{\"@id\":\"https:\/\/www.bigtranslation.com\/hr\/video-transkripcija#breadcrumb\"},\"inLanguage\":\"hr\",\"potentialAction\":[{\"@type\":\"ReadAction\",\"target\":[\"https:\/\/www.bigtranslation.com\/hr\/video-transkripcija\"]}]},{\"@type\":\"BreadcrumbList\",\"@id\":\"https:\/\/www.bigtranslation.com\/hr\/video-transkripcija#breadcrumb\",\"itemListElement\":[{\"@type\":\"ListItem\",\"position\":1,\"name\":\"Home\",\"item\":\"https:\/\/www.bigtranslation.com\/hr\"},{\"@type\":\"ListItem\",\"position\":2,\"name\":\"Video transkripcija\"}]},{\"@type\":\"WebSite\",\"@id\":\"https:\/\/www.bigtranslation.com\/hr#website\",\"url\":\"https:\/\/www.bigtranslation.com\/hr\",\"name\":\"BigTranslation\",\"description\":\"Native and Professional translators\",\"potentialAction\":[{\"@type\":\"SearchAction\",\"target\":{\"@type\":\"EntryPoint\",\"urlTemplate\":\"https:\/\/www.bigtranslation.com\/hr?s={search_term_string}\"},\"query-input\":\"required name=search_term_string\"}],\"inLanguage\":\"hr\"}]}<\/script>\n<!-- \/ Yoast SEO plugin. -->","yoast_head_json":{"title":"Video transkripcijaVideo transkripcija | Stru\u010dna prevoditeljska tvrtka","description":"Na\u0161a usluga prevo\u0111enja uklju\u010duje prijevod audio i video zapisa. Saznajte vi\u0161e o na\u0161oj tvrtki za prevo\u0111enje za koju rade izvorni govornici-prevoditelji","robots":{"index":"index","follow":"follow","max-snippet":"max-snippet:-1","max-image-preview":"max-image-preview:large","max-video-preview":"max-video-preview:-1"},"canonical":"https:\/\/www.bigtranslation.com\/hr\/video-transkripcija","og_locale":"hr_HR","og_type":"article","og_title":"Video transkripcijaVideo transkripcija | Stru\u010dna prevoditeljska tvrtka","og_description":"Na\u0161a usluga prevo\u0111enja uklju\u010duje prijevod audio i video zapisa. Saznajte vi\u0161e o na\u0161oj tvrtki za prevo\u0111enje za koju rade izvorni govornici-prevoditelji","og_url":"https:\/\/www.bigtranslation.com\/hr\/video-transkripcija","og_site_name":"BigTranslation","article_modified_time":"2021-09-21T10:18:39+00:00","twitter_card":"summary_large_image","schema":{"@context":"https:\/\/schema.org","@graph":[{"@type":"WebPage","@id":"https:\/\/www.bigtranslation.com\/hr\/video-transkripcija","url":"https:\/\/www.bigtranslation.com\/hr\/video-transkripcija","name":"Video transkripcijaVideo transkripcija | Stru\u010dna prevoditeljska tvrtka","isPartOf":{"@id":"https:\/\/www.bigtranslation.com\/hr#website"},"datePublished":"2021-07-06T07:04:51+00:00","dateModified":"2021-09-21T10:18:39+00:00","description":"Na\u0161a usluga prevo\u0111enja uklju\u010duje prijevod audio i video zapisa. Saznajte vi\u0161e o na\u0161oj tvrtki za prevo\u0111enje za koju rade izvorni govornici-prevoditelji","breadcrumb":{"@id":"https:\/\/www.bigtranslation.com\/hr\/video-transkripcija#breadcrumb"},"inLanguage":"hr","potentialAction":[{"@type":"ReadAction","target":["https:\/\/www.bigtranslation.com\/hr\/video-transkripcija"]}]},{"@type":"BreadcrumbList","@id":"https:\/\/www.bigtranslation.com\/hr\/video-transkripcija#breadcrumb","itemListElement":[{"@type":"ListItem","position":1,"name":"Home","item":"https:\/\/www.bigtranslation.com\/hr"},{"@type":"ListItem","position":2,"name":"Video transkripcija"}]},{"@type":"WebSite","@id":"https:\/\/www.bigtranslation.com\/hr#website","url":"https:\/\/www.bigtranslation.com\/hr","name":"BigTranslation","description":"Native and Professional translators","potentialAction":[{"@type":"SearchAction","target":{"@type":"EntryPoint","urlTemplate":"https:\/\/www.bigtranslation.com\/hr?s={search_term_string}"},"query-input":"required name=search_term_string"}],"inLanguage":"hr"}]}},"acf":[],"amp_enabled":true,"_links":{"self":[{"href":"https:\/\/www.bigtranslation.com\/hr\/wp-json\/wp\/v2\/pages\/5147"}],"collection":[{"href":"https:\/\/www.bigtranslation.com\/hr\/wp-json\/wp\/v2\/pages"}],"about":[{"href":"https:\/\/www.bigtranslation.com\/hr\/wp-json\/wp\/v2\/types\/page"}],"author":[{"embeddable":true,"href":"https:\/\/www.bigtranslation.com\/hr\/wp-json\/wp\/v2\/users\/1"}],"replies":[{"embeddable":true,"href":"https:\/\/www.bigtranslation.com\/hr\/wp-json\/wp\/v2\/comments?post=5147"}],"version-history":[{"count":1,"href":"https:\/\/www.bigtranslation.com\/hr\/wp-json\/wp\/v2\/pages\/5147\/revisions"}],"predecessor-version":[{"id":5148,"href":"https:\/\/www.bigtranslation.com\/hr\/wp-json\/wp\/v2\/pages\/5147\/revisions\/5148"}],"wp:attachment":[{"href":"https:\/\/www.bigtranslation.com\/hr\/wp-json\/wp\/v2\/media?parent=5147"}],"curies":[{"name":"wp","href":"https:\/\/api.w.org\/{rel}","templated":true}]}}