{"id":7059,"date":"2021-07-09T11:52:31","date_gmt":"2021-07-09T11:52:31","guid":{"rendered":"https:\/\/www.bigtranslation.com\/prijevod\/czech"},"modified":"2021-09-22T12:35:26","modified_gmt":"2021-09-22T12:35:26","slug":"czech","status":"publish","type":"page","link":"https:\/\/www.bigtranslation.com\/hr\/prijevod\/czech","title":{"rendered":"\u010ce\u0161ki prijevod"},"content":{"rendered":"","protected":false},"excerpt":{"rendered":"","protected":false},"author":1,"featured_media":0,"parent":7028,"menu_order":100,"comment_status":"closed","ping_status":"closed","template":"page-templates\/template-language.php","meta":{"footnotes":""},"yoast_head":"<!-- This site is optimized with the Yoast SEO plugin v21.8.1 - https:\/\/yoast.com\/wordpress\/plugins\/seo\/ -->\n<title>\u010ce\u0161ki prijevod | BigTranslation<\/title>\n<meta name=\"description\" content=\"\u010ce\u0161ki prijevod | Profesionalni prijevodi u razli\u010ditim jezi\u010dnim kombinacijama\" \/>\n<meta name=\"robots\" content=\"index, follow, max-snippet:-1, max-image-preview:large, max-video-preview:-1\" \/>\n<link rel=\"canonical\" href=\"https:\/\/www.bigtranslation.com\/hr\/prijevod\/czech\" \/>\n<meta property=\"og:locale\" content=\"hr_HR\" \/>\n<meta property=\"og:type\" content=\"article\" \/>\n<meta property=\"og:title\" content=\"\u010ce\u0161ki prijevod | BigTranslation\" \/>\n<meta property=\"og:description\" content=\"\u010ce\u0161ki prijevod | Profesionalni prijevodi u razli\u010ditim jezi\u010dnim kombinacijama\" \/>\n<meta property=\"og:url\" content=\"https:\/\/www.bigtranslation.com\/hr\/prijevod\/czech\" \/>\n<meta property=\"og:site_name\" content=\"BigTranslation\" \/>\n<meta property=\"article:modified_time\" content=\"2021-09-22T12:35:26+00:00\" \/>\n<meta name=\"twitter:card\" content=\"summary_large_image\" \/>\n<script type=\"application\/ld+json\" class=\"yoast-schema-graph\">{\"@context\":\"https:\/\/schema.org\",\"@graph\":[{\"@type\":\"WebPage\",\"@id\":\"https:\/\/www.bigtranslation.com\/hr\/prijevod\/czech\",\"url\":\"https:\/\/www.bigtranslation.com\/hr\/prijevod\/czech\",\"name\":\"\u010ce\u0161ki prijevod | BigTranslation\",\"isPartOf\":{\"@id\":\"https:\/\/www.bigtranslation.com\/hr#website\"},\"datePublished\":\"2021-07-09T11:52:31+00:00\",\"dateModified\":\"2021-09-22T12:35:26+00:00\",\"description\":\"\u010ce\u0161ki prijevod | Profesionalni prijevodi u razli\u010ditim jezi\u010dnim kombinacijama\",\"breadcrumb\":{\"@id\":\"https:\/\/www.bigtranslation.com\/hr\/prijevod\/czech#breadcrumb\"},\"inLanguage\":\"hr\",\"potentialAction\":[{\"@type\":\"ReadAction\",\"target\":[\"https:\/\/www.bigtranslation.com\/hr\/prijevod\/czech\"]}]},{\"@type\":\"BreadcrumbList\",\"@id\":\"https:\/\/www.bigtranslation.com\/hr\/prijevod\/czech#breadcrumb\",\"itemListElement\":[{\"@type\":\"ListItem\",\"position\":1,\"name\":\"Home\",\"item\":\"https:\/\/www.bigtranslation.com\/hr\"},{\"@type\":\"ListItem\",\"position\":2,\"name\":\"Prijevod\",\"item\":\"https:\/\/www.bigtranslation.com\/hr\/prijevod\"},{\"@type\":\"ListItem\",\"position\":3,\"name\":\"\u010ce\u0161ki prijevod\"}]},{\"@type\":\"WebSite\",\"@id\":\"https:\/\/www.bigtranslation.com\/hr#website\",\"url\":\"https:\/\/www.bigtranslation.com\/hr\",\"name\":\"BigTranslation\",\"description\":\"Native and Professional translators\",\"potentialAction\":[{\"@type\":\"SearchAction\",\"target\":{\"@type\":\"EntryPoint\",\"urlTemplate\":\"https:\/\/www.bigtranslation.com\/hr?s={search_term_string}\"},\"query-input\":\"required name=search_term_string\"}],\"inLanguage\":\"hr\"}]}<\/script>\n<!-- \/ Yoast SEO plugin. -->","yoast_head_json":{"title":"\u010ce\u0161ki prijevod | BigTranslation","description":"\u010ce\u0161ki prijevod | Profesionalni prijevodi u razli\u010ditim jezi\u010dnim kombinacijama","robots":{"index":"index","follow":"follow","max-snippet":"max-snippet:-1","max-image-preview":"max-image-preview:large","max-video-preview":"max-video-preview:-1"},"canonical":"https:\/\/www.bigtranslation.com\/hr\/prijevod\/czech","og_locale":"hr_HR","og_type":"article","og_title":"\u010ce\u0161ki prijevod | BigTranslation","og_description":"\u010ce\u0161ki prijevod | Profesionalni prijevodi u razli\u010ditim jezi\u010dnim kombinacijama","og_url":"https:\/\/www.bigtranslation.com\/hr\/prijevod\/czech","og_site_name":"BigTranslation","article_modified_time":"2021-09-22T12:35:26+00:00","twitter_card":"summary_large_image","schema":{"@context":"https:\/\/schema.org","@graph":[{"@type":"WebPage","@id":"https:\/\/www.bigtranslation.com\/hr\/prijevod\/czech","url":"https:\/\/www.bigtranslation.com\/hr\/prijevod\/czech","name":"\u010ce\u0161ki prijevod | BigTranslation","isPartOf":{"@id":"https:\/\/www.bigtranslation.com\/hr#website"},"datePublished":"2021-07-09T11:52:31+00:00","dateModified":"2021-09-22T12:35:26+00:00","description":"\u010ce\u0161ki prijevod | Profesionalni prijevodi u razli\u010ditim jezi\u010dnim kombinacijama","breadcrumb":{"@id":"https:\/\/www.bigtranslation.com\/hr\/prijevod\/czech#breadcrumb"},"inLanguage":"hr","potentialAction":[{"@type":"ReadAction","target":["https:\/\/www.bigtranslation.com\/hr\/prijevod\/czech"]}]},{"@type":"BreadcrumbList","@id":"https:\/\/www.bigtranslation.com\/hr\/prijevod\/czech#breadcrumb","itemListElement":[{"@type":"ListItem","position":1,"name":"Home","item":"https:\/\/www.bigtranslation.com\/hr"},{"@type":"ListItem","position":2,"name":"Prijevod","item":"https:\/\/www.bigtranslation.com\/hr\/prijevod"},{"@type":"ListItem","position":3,"name":"\u010ce\u0161ki prijevod"}]},{"@type":"WebSite","@id":"https:\/\/www.bigtranslation.com\/hr#website","url":"https:\/\/www.bigtranslation.com\/hr","name":"BigTranslation","description":"Native and Professional translators","potentialAction":[{"@type":"SearchAction","target":{"@type":"EntryPoint","urlTemplate":"https:\/\/www.bigtranslation.com\/hr?s={search_term_string}"},"query-input":"required name=search_term_string"}],"inLanguage":"hr"}]}},"acf":[],"amp_enabled":true,"_links":{"self":[{"href":"https:\/\/www.bigtranslation.com\/hr\/wp-json\/wp\/v2\/pages\/7059"}],"collection":[{"href":"https:\/\/www.bigtranslation.com\/hr\/wp-json\/wp\/v2\/pages"}],"about":[{"href":"https:\/\/www.bigtranslation.com\/hr\/wp-json\/wp\/v2\/types\/page"}],"author":[{"embeddable":true,"href":"https:\/\/www.bigtranslation.com\/hr\/wp-json\/wp\/v2\/users\/1"}],"replies":[{"embeddable":true,"href":"https:\/\/www.bigtranslation.com\/hr\/wp-json\/wp\/v2\/comments?post=7059"}],"version-history":[{"count":2,"href":"https:\/\/www.bigtranslation.com\/hr\/wp-json\/wp\/v2\/pages\/7059\/revisions"}],"predecessor-version":[{"id":7062,"href":"https:\/\/www.bigtranslation.com\/hr\/wp-json\/wp\/v2\/pages\/7059\/revisions\/7062"}],"up":[{"embeddable":true,"href":"https:\/\/www.bigtranslation.com\/hr\/wp-json\/wp\/v2\/pages\/7028"}],"wp:attachment":[{"href":"https:\/\/www.bigtranslation.com\/hr\/wp-json\/wp\/v2\/media?parent=7059"}],"curies":[{"name":"wp","href":"https:\/\/api.w.org\/{rel}","templated":true}]}}