{"id":12105,"date":"2022-04-13T07:04:59","date_gmt":"2022-04-13T07:04:59","guid":{"rendered":"https:\/\/www.bigtranslation.com\/translation-chatbots"},"modified":"2022-05-13T07:00:01","modified_gmt":"2022-05-13T07:00:01","slug":"forditas-chatbotok","status":"publish","type":"page","link":"https:\/\/www.bigtranslation.com\/hu\/forditas-chatbotok","title":{"rendered":"Chatbotok ford\u00edt\u00e1sa"},"content":{"rendered":"","protected":false},"excerpt":{"rendered":"","protected":false},"author":7,"featured_media":0,"parent":0,"menu_order":20,"comment_status":"closed","ping_status":"closed","template":"page-templates\/template-landing-translation.php","meta":{"footnotes":""},"yoast_head":"<!-- This site is optimized with the Yoast SEO plugin v21.8.1 - https:\/\/yoast.com\/wordpress\/plugins\/seo\/ -->\n<title>Chatbotok ford\u00edt\u00e1sa a Legjobb \u00c1ron | BigTranslation<\/title>\n<meta name=\"description\" content=\"Leford\u00edtjuk a botokat, \u00edgy anyanyelv\u00fck\u00f6n minden orsz\u00e1g felhaszn\u00e1l\u00f3it el\u00e9rheti. K\u00e9rjen mindenf\u00e9le k\u00f6telezetts\u00e9g n\u00e9lk\u00fcli \u00e1raj\u00e1nlatot online.\" \/>\n<meta name=\"robots\" content=\"index, follow, max-snippet:-1, max-image-preview:large, max-video-preview:-1\" \/>\n<link rel=\"canonical\" href=\"https:\/\/www.bigtranslation.com\/hu\/forditas-chatbotok\" \/>\n<meta property=\"og:locale\" content=\"hu_HU\" \/>\n<meta property=\"og:type\" content=\"article\" \/>\n<meta property=\"og:title\" content=\"Chatbotok ford\u00edt\u00e1sa a Legjobb \u00c1ron | BigTranslation\" \/>\n<meta property=\"og:description\" content=\"Leford\u00edtjuk a botokat, \u00edgy anyanyelv\u00fck\u00f6n minden orsz\u00e1g felhaszn\u00e1l\u00f3it el\u00e9rheti. K\u00e9rjen mindenf\u00e9le k\u00f6telezetts\u00e9g n\u00e9lk\u00fcli \u00e1raj\u00e1nlatot online.\" \/>\n<meta property=\"og:url\" content=\"https:\/\/www.bigtranslation.com\/hu\/forditas-chatbotok\" \/>\n<meta property=\"og:site_name\" content=\"BigTranslation\" \/>\n<meta property=\"article:modified_time\" content=\"2022-05-13T07:00:01+00:00\" \/>\n<meta name=\"twitter:card\" content=\"summary_large_image\" \/>\n<script type=\"application\/ld+json\" class=\"yoast-schema-graph\">{\"@context\":\"https:\/\/schema.org\",\"@graph\":[{\"@type\":\"WebPage\",\"@id\":\"https:\/\/www.bigtranslation.com\/hu\/forditas-chatbotok\",\"url\":\"https:\/\/www.bigtranslation.com\/hu\/forditas-chatbotok\",\"name\":\"Chatbotok ford\u00edt\u00e1sa a Legjobb \u00c1ron | BigTranslation\",\"isPartOf\":{\"@id\":\"https:\/\/www.bigtranslation.com\/hu#website\"},\"datePublished\":\"2022-04-13T07:04:59+00:00\",\"dateModified\":\"2022-05-13T07:00:01+00:00\",\"description\":\"Leford\u00edtjuk a botokat, \u00edgy anyanyelv\u00fck\u00f6n minden orsz\u00e1g felhaszn\u00e1l\u00f3it el\u00e9rheti. K\u00e9rjen mindenf\u00e9le k\u00f6telezetts\u00e9g n\u00e9lk\u00fcli \u00e1raj\u00e1nlatot online.\",\"breadcrumb\":{\"@id\":\"https:\/\/www.bigtranslation.com\/hu\/forditas-chatbotok#breadcrumb\"},\"inLanguage\":\"hu\",\"potentialAction\":[{\"@type\":\"ReadAction\",\"target\":[\"https:\/\/www.bigtranslation.com\/hu\/forditas-chatbotok\"]}]},{\"@type\":\"BreadcrumbList\",\"@id\":\"https:\/\/www.bigtranslation.com\/hu\/forditas-chatbotok#breadcrumb\",\"itemListElement\":[{\"@type\":\"ListItem\",\"position\":1,\"name\":\"Home\",\"item\":\"https:\/\/www.bigtranslation.com\/hu\"},{\"@type\":\"ListItem\",\"position\":2,\"name\":\"Chatbotok ford\u00edt\u00e1sa\"}]},{\"@type\":\"WebSite\",\"@id\":\"https:\/\/www.bigtranslation.com\/hu#website\",\"url\":\"https:\/\/www.bigtranslation.com\/hu\",\"name\":\"BigTranslation\",\"description\":\"Native and Professional translators\",\"potentialAction\":[{\"@type\":\"SearchAction\",\"target\":{\"@type\":\"EntryPoint\",\"urlTemplate\":\"https:\/\/www.bigtranslation.com\/hu?s={search_term_string}\"},\"query-input\":\"required name=search_term_string\"}],\"inLanguage\":\"hu\"}]}<\/script>\n<!-- \/ Yoast SEO plugin. -->","yoast_head_json":{"title":"Chatbotok ford\u00edt\u00e1sa a Legjobb \u00c1ron | BigTranslation","description":"Leford\u00edtjuk a botokat, \u00edgy anyanyelv\u00fck\u00f6n minden orsz\u00e1g felhaszn\u00e1l\u00f3it el\u00e9rheti. K\u00e9rjen mindenf\u00e9le k\u00f6telezetts\u00e9g n\u00e9lk\u00fcli \u00e1raj\u00e1nlatot online.","robots":{"index":"index","follow":"follow","max-snippet":"max-snippet:-1","max-image-preview":"max-image-preview:large","max-video-preview":"max-video-preview:-1"},"canonical":"https:\/\/www.bigtranslation.com\/hu\/forditas-chatbotok","og_locale":"hu_HU","og_type":"article","og_title":"Chatbotok ford\u00edt\u00e1sa a Legjobb \u00c1ron | BigTranslation","og_description":"Leford\u00edtjuk a botokat, \u00edgy anyanyelv\u00fck\u00f6n minden orsz\u00e1g felhaszn\u00e1l\u00f3it el\u00e9rheti. K\u00e9rjen mindenf\u00e9le k\u00f6telezetts\u00e9g n\u00e9lk\u00fcli \u00e1raj\u00e1nlatot online.","og_url":"https:\/\/www.bigtranslation.com\/hu\/forditas-chatbotok","og_site_name":"BigTranslation","article_modified_time":"2022-05-13T07:00:01+00:00","twitter_card":"summary_large_image","schema":{"@context":"https:\/\/schema.org","@graph":[{"@type":"WebPage","@id":"https:\/\/www.bigtranslation.com\/hu\/forditas-chatbotok","url":"https:\/\/www.bigtranslation.com\/hu\/forditas-chatbotok","name":"Chatbotok ford\u00edt\u00e1sa a Legjobb \u00c1ron | BigTranslation","isPartOf":{"@id":"https:\/\/www.bigtranslation.com\/hu#website"},"datePublished":"2022-04-13T07:04:59+00:00","dateModified":"2022-05-13T07:00:01+00:00","description":"Leford\u00edtjuk a botokat, \u00edgy anyanyelv\u00fck\u00f6n minden orsz\u00e1g felhaszn\u00e1l\u00f3it el\u00e9rheti. K\u00e9rjen mindenf\u00e9le k\u00f6telezetts\u00e9g n\u00e9lk\u00fcli \u00e1raj\u00e1nlatot online.","breadcrumb":{"@id":"https:\/\/www.bigtranslation.com\/hu\/forditas-chatbotok#breadcrumb"},"inLanguage":"hu","potentialAction":[{"@type":"ReadAction","target":["https:\/\/www.bigtranslation.com\/hu\/forditas-chatbotok"]}]},{"@type":"BreadcrumbList","@id":"https:\/\/www.bigtranslation.com\/hu\/forditas-chatbotok#breadcrumb","itemListElement":[{"@type":"ListItem","position":1,"name":"Home","item":"https:\/\/www.bigtranslation.com\/hu"},{"@type":"ListItem","position":2,"name":"Chatbotok ford\u00edt\u00e1sa"}]},{"@type":"WebSite","@id":"https:\/\/www.bigtranslation.com\/hu#website","url":"https:\/\/www.bigtranslation.com\/hu","name":"BigTranslation","description":"Native and Professional translators","potentialAction":[{"@type":"SearchAction","target":{"@type":"EntryPoint","urlTemplate":"https:\/\/www.bigtranslation.com\/hu?s={search_term_string}"},"query-input":"required name=search_term_string"}],"inLanguage":"hu"}]}},"acf":[],"amp_enabled":true,"_links":{"self":[{"href":"https:\/\/www.bigtranslation.com\/hu\/wp-json\/wp\/v2\/pages\/12105"}],"collection":[{"href":"https:\/\/www.bigtranslation.com\/hu\/wp-json\/wp\/v2\/pages"}],"about":[{"href":"https:\/\/www.bigtranslation.com\/hu\/wp-json\/wp\/v2\/types\/page"}],"author":[{"embeddable":true,"href":"https:\/\/www.bigtranslation.com\/hu\/wp-json\/wp\/v2\/users\/7"}],"replies":[{"embeddable":true,"href":"https:\/\/www.bigtranslation.com\/hu\/wp-json\/wp\/v2\/comments?post=12105"}],"version-history":[{"count":2,"href":"https:\/\/www.bigtranslation.com\/hu\/wp-json\/wp\/v2\/pages\/12105\/revisions"}],"predecessor-version":[{"id":12109,"href":"https:\/\/www.bigtranslation.com\/hu\/wp-json\/wp\/v2\/pages\/12105\/revisions\/12109"}],"wp:attachment":[{"href":"https:\/\/www.bigtranslation.com\/hu\/wp-json\/wp\/v2\/media?parent=12105"}],"curies":[{"name":"wp","href":"https:\/\/api.w.org\/{rel}","templated":true}]}}