{"id":4611,"date":"2021-08-26T11:45:01","date_gmt":"2021-08-26T11:45:01","guid":{"rendered":"https:\/\/www.bigtranslation.com\/professional-translation-services\/"},"modified":"2022-02-21T06:57:33","modified_gmt":"2022-02-21T06:57:33","slug":"szakmai-fordito-szolgaltatasok","status":"publish","type":"page","link":"https:\/\/www.bigtranslation.com\/hu\/szakmai-fordito-szolgaltatasok","title":{"rendered":"Professional Translation Services"},"content":{"rendered":"","protected":false},"excerpt":{"rendered":"","protected":false},"author":1,"featured_media":0,"parent":0,"menu_order":1,"comment_status":"closed","ping_status":"closed","template":"page-templates\/template-professional-translation-services.php","meta":{"footnotes":""},"yoast_head":"<!-- This site is optimized with the Yoast SEO plugin v21.8.1 - https:\/\/yoast.com\/wordpress\/plugins\/seo\/ -->\n<title>Professional Translation Services | Professional and native translation company<\/title>\n<meta name=\"description\" content=\"Professzion\u00e1lis ford\u00edt\u00f3irod\u00e1nk ford\u00edt\u00f3i az \u00f6sszes eur\u00f3pai nyelvr\u0151l \u00e9s nyelvre ford\u00edtanak. Tudjon meg t\u00f6bbet ford\u00edt\u00e1si szolg\u00e1ltat\u00e1sunkr\u00f3l most.\" \/>\n<meta name=\"robots\" content=\"index, follow, max-snippet:-1, max-image-preview:large, max-video-preview:-1\" \/>\n<link rel=\"canonical\" href=\"https:\/\/www.bigtranslation.com\/hu\/szakmai-fordito-szolgaltatasok\" \/>\n<meta property=\"og:locale\" content=\"hu_HU\" \/>\n<meta property=\"og:type\" content=\"article\" \/>\n<meta property=\"og:title\" content=\"Professional Translation Services | Professional and native translation company\" \/>\n<meta property=\"og:description\" content=\"Professzion\u00e1lis ford\u00edt\u00f3irod\u00e1nk ford\u00edt\u00f3i az \u00f6sszes eur\u00f3pai nyelvr\u0151l \u00e9s nyelvre ford\u00edtanak. Tudjon meg t\u00f6bbet ford\u00edt\u00e1si szolg\u00e1ltat\u00e1sunkr\u00f3l most.\" \/>\n<meta property=\"og:url\" content=\"https:\/\/www.bigtranslation.com\/hu\/szakmai-fordito-szolgaltatasok\" \/>\n<meta property=\"og:site_name\" content=\"BigTranslation\" \/>\n<meta property=\"article:modified_time\" content=\"2022-02-21T06:57:33+00:00\" \/>\n<meta name=\"twitter:card\" content=\"summary_large_image\" \/>\n<script type=\"application\/ld+json\" class=\"yoast-schema-graph\">{\"@context\":\"https:\/\/schema.org\",\"@graph\":[{\"@type\":\"WebPage\",\"@id\":\"https:\/\/www.bigtranslation.com\/hu\/szakmai-fordito-szolgaltatasok\",\"url\":\"https:\/\/www.bigtranslation.com\/hu\/szakmai-fordito-szolgaltatasok\",\"name\":\"Professional Translation Services | Professional and native translation company\",\"isPartOf\":{\"@id\":\"https:\/\/www.bigtranslation.com\/hu#website\"},\"datePublished\":\"2021-08-26T11:45:01+00:00\",\"dateModified\":\"2022-02-21T06:57:33+00:00\",\"description\":\"Professzion\u00e1lis ford\u00edt\u00f3irod\u00e1nk ford\u00edt\u00f3i az \u00f6sszes eur\u00f3pai nyelvr\u0151l \u00e9s nyelvre ford\u00edtanak. Tudjon meg t\u00f6bbet ford\u00edt\u00e1si szolg\u00e1ltat\u00e1sunkr\u00f3l most.\",\"breadcrumb\":{\"@id\":\"https:\/\/www.bigtranslation.com\/hu\/szakmai-fordito-szolgaltatasok#breadcrumb\"},\"inLanguage\":\"hu\",\"potentialAction\":[{\"@type\":\"ReadAction\",\"target\":[\"https:\/\/www.bigtranslation.com\/hu\/szakmai-fordito-szolgaltatasok\"]}]},{\"@type\":\"BreadcrumbList\",\"@id\":\"https:\/\/www.bigtranslation.com\/hu\/szakmai-fordito-szolgaltatasok#breadcrumb\",\"itemListElement\":[{\"@type\":\"ListItem\",\"position\":1,\"name\":\"Home\",\"item\":\"https:\/\/www.bigtranslation.com\/hu\"},{\"@type\":\"ListItem\",\"position\":2,\"name\":\"Professional Translation Services\"}]},{\"@type\":\"WebSite\",\"@id\":\"https:\/\/www.bigtranslation.com\/hu#website\",\"url\":\"https:\/\/www.bigtranslation.com\/hu\",\"name\":\"BigTranslation\",\"description\":\"Native and Professional translators\",\"potentialAction\":[{\"@type\":\"SearchAction\",\"target\":{\"@type\":\"EntryPoint\",\"urlTemplate\":\"https:\/\/www.bigtranslation.com\/hu?s={search_term_string}\"},\"query-input\":\"required name=search_term_string\"}],\"inLanguage\":\"hu\"}]}<\/script>\n<!-- \/ Yoast SEO plugin. -->","yoast_head_json":{"title":"Professional Translation Services | Professional and native translation company","description":"Professzion\u00e1lis ford\u00edt\u00f3irod\u00e1nk ford\u00edt\u00f3i az \u00f6sszes eur\u00f3pai nyelvr\u0151l \u00e9s nyelvre ford\u00edtanak. Tudjon meg t\u00f6bbet ford\u00edt\u00e1si szolg\u00e1ltat\u00e1sunkr\u00f3l most.","robots":{"index":"index","follow":"follow","max-snippet":"max-snippet:-1","max-image-preview":"max-image-preview:large","max-video-preview":"max-video-preview:-1"},"canonical":"https:\/\/www.bigtranslation.com\/hu\/szakmai-fordito-szolgaltatasok","og_locale":"hu_HU","og_type":"article","og_title":"Professional Translation Services | Professional and native translation company","og_description":"Professzion\u00e1lis ford\u00edt\u00f3irod\u00e1nk ford\u00edt\u00f3i az \u00f6sszes eur\u00f3pai nyelvr\u0151l \u00e9s nyelvre ford\u00edtanak. Tudjon meg t\u00f6bbet ford\u00edt\u00e1si szolg\u00e1ltat\u00e1sunkr\u00f3l most.","og_url":"https:\/\/www.bigtranslation.com\/hu\/szakmai-fordito-szolgaltatasok","og_site_name":"BigTranslation","article_modified_time":"2022-02-21T06:57:33+00:00","twitter_card":"summary_large_image","schema":{"@context":"https:\/\/schema.org","@graph":[{"@type":"WebPage","@id":"https:\/\/www.bigtranslation.com\/hu\/szakmai-fordito-szolgaltatasok","url":"https:\/\/www.bigtranslation.com\/hu\/szakmai-fordito-szolgaltatasok","name":"Professional Translation Services | Professional and native translation company","isPartOf":{"@id":"https:\/\/www.bigtranslation.com\/hu#website"},"datePublished":"2021-08-26T11:45:01+00:00","dateModified":"2022-02-21T06:57:33+00:00","description":"Professzion\u00e1lis ford\u00edt\u00f3irod\u00e1nk ford\u00edt\u00f3i az \u00f6sszes eur\u00f3pai nyelvr\u0151l \u00e9s nyelvre ford\u00edtanak. Tudjon meg t\u00f6bbet ford\u00edt\u00e1si szolg\u00e1ltat\u00e1sunkr\u00f3l most.","breadcrumb":{"@id":"https:\/\/www.bigtranslation.com\/hu\/szakmai-fordito-szolgaltatasok#breadcrumb"},"inLanguage":"hu","potentialAction":[{"@type":"ReadAction","target":["https:\/\/www.bigtranslation.com\/hu\/szakmai-fordito-szolgaltatasok"]}]},{"@type":"BreadcrumbList","@id":"https:\/\/www.bigtranslation.com\/hu\/szakmai-fordito-szolgaltatasok#breadcrumb","itemListElement":[{"@type":"ListItem","position":1,"name":"Home","item":"https:\/\/www.bigtranslation.com\/hu"},{"@type":"ListItem","position":2,"name":"Professional Translation Services"}]},{"@type":"WebSite","@id":"https:\/\/www.bigtranslation.com\/hu#website","url":"https:\/\/www.bigtranslation.com\/hu","name":"BigTranslation","description":"Native and Professional translators","potentialAction":[{"@type":"SearchAction","target":{"@type":"EntryPoint","urlTemplate":"https:\/\/www.bigtranslation.com\/hu?s={search_term_string}"},"query-input":"required name=search_term_string"}],"inLanguage":"hu"}]}},"acf":[],"amp_enabled":true,"_links":{"self":[{"href":"https:\/\/www.bigtranslation.com\/hu\/wp-json\/wp\/v2\/pages\/4611"}],"collection":[{"href":"https:\/\/www.bigtranslation.com\/hu\/wp-json\/wp\/v2\/pages"}],"about":[{"href":"https:\/\/www.bigtranslation.com\/hu\/wp-json\/wp\/v2\/types\/page"}],"author":[{"embeddable":true,"href":"https:\/\/www.bigtranslation.com\/hu\/wp-json\/wp\/v2\/users\/1"}],"replies":[{"embeddable":true,"href":"https:\/\/www.bigtranslation.com\/hu\/wp-json\/wp\/v2\/comments?post=4611"}],"version-history":[{"count":1,"href":"https:\/\/www.bigtranslation.com\/hu\/wp-json\/wp\/v2\/pages\/4611\/revisions"}],"predecessor-version":[{"id":9808,"href":"https:\/\/www.bigtranslation.com\/hu\/wp-json\/wp\/v2\/pages\/4611\/revisions\/9808"}],"wp:attachment":[{"href":"https:\/\/www.bigtranslation.com\/hu\/wp-json\/wp\/v2\/media?parent=4611"}],"curies":[{"name":"wp","href":"https:\/\/api.w.org\/{rel}","templated":true}]}}