{"id":4659,"date":"2021-07-01T07:10:11","date_gmt":"2021-07-01T07:10:11","guid":{"rendered":"https:\/\/www.bigtranslation.com\/languages\/"},"modified":"2021-09-20T13:59:34","modified_gmt":"2021-09-20T13:59:34","slug":"nyelvek","status":"publish","type":"page","link":"https:\/\/www.bigtranslation.com\/hu\/nyelvek","title":{"rendered":"Nyelvek"},"content":{"rendered":"","protected":false},"excerpt":{"rendered":"","protected":false},"author":1,"featured_media":0,"parent":0,"menu_order":3,"comment_status":"closed","ping_status":"closed","template":"page-templates\/template-language-combinations.php","meta":{"footnotes":""},"yoast_head":"<!-- This site is optimized with the Yoast SEO plugin v21.8.1 - https:\/\/yoast.com\/wordpress\/plugins\/seo\/ -->\n<title>Language combinations - Languages | Translation company<\/title>\n<meta name=\"description\" content=\"Profi ford\u00edt\u00f3kkal dolgozunk az \u00f6sszes eur\u00f3pai ford\u00edt\u00e1si nyelven. Ha idegen nyelvi ford\u00edt\u00e1sra van sz\u00fcks\u00e9ged, l\u00e9pj kapcsolatba vel\u00fcnk.\" \/>\n<meta name=\"robots\" content=\"index, follow, max-snippet:-1, max-image-preview:large, max-video-preview:-1\" \/>\n<link rel=\"canonical\" href=\"https:\/\/www.bigtranslation.com\/hu\/nyelvek\" \/>\n<meta property=\"og:locale\" content=\"hu_HU\" \/>\n<meta property=\"og:type\" content=\"article\" \/>\n<meta property=\"og:title\" content=\"Language combinations - Languages | Translation company\" \/>\n<meta property=\"og:description\" content=\"Profi ford\u00edt\u00f3kkal dolgozunk az \u00f6sszes eur\u00f3pai ford\u00edt\u00e1si nyelven. Ha idegen nyelvi ford\u00edt\u00e1sra van sz\u00fcks\u00e9ged, l\u00e9pj kapcsolatba vel\u00fcnk.\" \/>\n<meta property=\"og:url\" content=\"https:\/\/www.bigtranslation.com\/hu\/nyelvek\" \/>\n<meta property=\"og:site_name\" content=\"BigTranslation\" \/>\n<meta property=\"article:modified_time\" content=\"2021-09-20T13:59:34+00:00\" \/>\n<meta name=\"twitter:card\" content=\"summary_large_image\" \/>\n<script type=\"application\/ld+json\" class=\"yoast-schema-graph\">{\"@context\":\"https:\/\/schema.org\",\"@graph\":[{\"@type\":\"WebPage\",\"@id\":\"https:\/\/www.bigtranslation.com\/hu\/nyelvek\",\"url\":\"https:\/\/www.bigtranslation.com\/hu\/nyelvek\",\"name\":\"Language combinations - Languages | Translation company\",\"isPartOf\":{\"@id\":\"https:\/\/www.bigtranslation.com\/hu#website\"},\"datePublished\":\"2021-07-01T07:10:11+00:00\",\"dateModified\":\"2021-09-20T13:59:34+00:00\",\"description\":\"Profi ford\u00edt\u00f3kkal dolgozunk az \u00f6sszes eur\u00f3pai ford\u00edt\u00e1si nyelven. Ha idegen nyelvi ford\u00edt\u00e1sra van sz\u00fcks\u00e9ged, l\u00e9pj kapcsolatba vel\u00fcnk.\",\"breadcrumb\":{\"@id\":\"https:\/\/www.bigtranslation.com\/hu\/nyelvek#breadcrumb\"},\"inLanguage\":\"hu\",\"potentialAction\":[{\"@type\":\"ReadAction\",\"target\":[\"https:\/\/www.bigtranslation.com\/hu\/nyelvek\"]}]},{\"@type\":\"BreadcrumbList\",\"@id\":\"https:\/\/www.bigtranslation.com\/hu\/nyelvek#breadcrumb\",\"itemListElement\":[{\"@type\":\"ListItem\",\"position\":1,\"name\":\"Home\",\"item\":\"https:\/\/www.bigtranslation.com\/hu\"},{\"@type\":\"ListItem\",\"position\":2,\"name\":\"Nyelvek\"}]},{\"@type\":\"WebSite\",\"@id\":\"https:\/\/www.bigtranslation.com\/hu#website\",\"url\":\"https:\/\/www.bigtranslation.com\/hu\",\"name\":\"BigTranslation\",\"description\":\"Native and Professional translators\",\"potentialAction\":[{\"@type\":\"SearchAction\",\"target\":{\"@type\":\"EntryPoint\",\"urlTemplate\":\"https:\/\/www.bigtranslation.com\/hu?s={search_term_string}\"},\"query-input\":\"required name=search_term_string\"}],\"inLanguage\":\"hu\"}]}<\/script>\n<!-- \/ Yoast SEO plugin. -->","yoast_head_json":{"title":"Language combinations - Languages | Translation company","description":"Profi ford\u00edt\u00f3kkal dolgozunk az \u00f6sszes eur\u00f3pai ford\u00edt\u00e1si nyelven. Ha idegen nyelvi ford\u00edt\u00e1sra van sz\u00fcks\u00e9ged, l\u00e9pj kapcsolatba vel\u00fcnk.","robots":{"index":"index","follow":"follow","max-snippet":"max-snippet:-1","max-image-preview":"max-image-preview:large","max-video-preview":"max-video-preview:-1"},"canonical":"https:\/\/www.bigtranslation.com\/hu\/nyelvek","og_locale":"hu_HU","og_type":"article","og_title":"Language combinations - Languages | Translation company","og_description":"Profi ford\u00edt\u00f3kkal dolgozunk az \u00f6sszes eur\u00f3pai ford\u00edt\u00e1si nyelven. Ha idegen nyelvi ford\u00edt\u00e1sra van sz\u00fcks\u00e9ged, l\u00e9pj kapcsolatba vel\u00fcnk.","og_url":"https:\/\/www.bigtranslation.com\/hu\/nyelvek","og_site_name":"BigTranslation","article_modified_time":"2021-09-20T13:59:34+00:00","twitter_card":"summary_large_image","schema":{"@context":"https:\/\/schema.org","@graph":[{"@type":"WebPage","@id":"https:\/\/www.bigtranslation.com\/hu\/nyelvek","url":"https:\/\/www.bigtranslation.com\/hu\/nyelvek","name":"Language combinations - Languages | Translation company","isPartOf":{"@id":"https:\/\/www.bigtranslation.com\/hu#website"},"datePublished":"2021-07-01T07:10:11+00:00","dateModified":"2021-09-20T13:59:34+00:00","description":"Profi ford\u00edt\u00f3kkal dolgozunk az \u00f6sszes eur\u00f3pai ford\u00edt\u00e1si nyelven. Ha idegen nyelvi ford\u00edt\u00e1sra van sz\u00fcks\u00e9ged, l\u00e9pj kapcsolatba vel\u00fcnk.","breadcrumb":{"@id":"https:\/\/www.bigtranslation.com\/hu\/nyelvek#breadcrumb"},"inLanguage":"hu","potentialAction":[{"@type":"ReadAction","target":["https:\/\/www.bigtranslation.com\/hu\/nyelvek"]}]},{"@type":"BreadcrumbList","@id":"https:\/\/www.bigtranslation.com\/hu\/nyelvek#breadcrumb","itemListElement":[{"@type":"ListItem","position":1,"name":"Home","item":"https:\/\/www.bigtranslation.com\/hu"},{"@type":"ListItem","position":2,"name":"Nyelvek"}]},{"@type":"WebSite","@id":"https:\/\/www.bigtranslation.com\/hu#website","url":"https:\/\/www.bigtranslation.com\/hu","name":"BigTranslation","description":"Native and Professional translators","potentialAction":[{"@type":"SearchAction","target":{"@type":"EntryPoint","urlTemplate":"https:\/\/www.bigtranslation.com\/hu?s={search_term_string}"},"query-input":"required name=search_term_string"}],"inLanguage":"hu"}]}},"acf":[],"amp_enabled":true,"_links":{"self":[{"href":"https:\/\/www.bigtranslation.com\/hu\/wp-json\/wp\/v2\/pages\/4659"}],"collection":[{"href":"https:\/\/www.bigtranslation.com\/hu\/wp-json\/wp\/v2\/pages"}],"about":[{"href":"https:\/\/www.bigtranslation.com\/hu\/wp-json\/wp\/v2\/types\/page"}],"author":[{"embeddable":true,"href":"https:\/\/www.bigtranslation.com\/hu\/wp-json\/wp\/v2\/users\/1"}],"replies":[{"embeddable":true,"href":"https:\/\/www.bigtranslation.com\/hu\/wp-json\/wp\/v2\/comments?post=4659"}],"version-history":[{"count":2,"href":"https:\/\/www.bigtranslation.com\/hu\/wp-json\/wp\/v2\/pages\/4659\/revisions"}],"predecessor-version":[{"id":5567,"href":"https:\/\/www.bigtranslation.com\/hu\/wp-json\/wp\/v2\/pages\/4659\/revisions\/5567"}],"wp:attachment":[{"href":"https:\/\/www.bigtranslation.com\/hu\/wp-json\/wp\/v2\/media?parent=4659"}],"curies":[{"name":"wp","href":"https:\/\/api.w.org\/{rel}","templated":true}]}}