{"id":4669,"date":"2021-07-12T10:39:18","date_gmt":"2021-07-12T10:39:18","guid":{"rendered":"https:\/\/www.bigtranslation.com\/proofreading"},"modified":"2021-09-21T05:30:49","modified_gmt":"2021-09-21T05:30:49","slug":"lektoralas","status":"publish","type":"page","link":"https:\/\/www.bigtranslation.com\/hu\/lektoralas","title":{"rendered":"Lektor\u00e1l\u00e1s"},"content":{"rendered":"","protected":false},"excerpt":{"rendered":"","protected":false},"author":1,"featured_media":0,"parent":0,"menu_order":4,"comment_status":"closed","ping_status":"closed","template":"page-templates\/template-proofreading.php","meta":{"footnotes":""},"yoast_head":"<!-- This site is optimized with the Yoast SEO plugin v21.8.1 - https:\/\/yoast.com\/wordpress\/plugins\/seo\/ -->\n<title>Lektor\u00e1l\u00e1s - Anyanyelvi ford\u00edt\u00f3k | Ford\u00edt\u00f3iroda<\/title>\n<meta name=\"description\" content=\"A lektor\u00e1l\u00e1si szolg\u00e1ltat\u00e1s a profi ford\u00edt\u00e1s elengedhetetlen r\u00e9sze. L\u00e9pj kapcsolatba vel\u00fcnk, ha t\u00f6bb inform\u00e1ci\u00f3ra lenne sz\u00fcks\u00e9ged lektor\u00e1l\u00e1si szolg\u00e1ltat\u00e1sr\u00f3l.\" \/>\n<meta name=\"robots\" content=\"index, follow, max-snippet:-1, max-image-preview:large, max-video-preview:-1\" \/>\n<link rel=\"canonical\" href=\"https:\/\/www.bigtranslation.com\/hu\/lektoralas\" \/>\n<meta property=\"og:locale\" content=\"hu_HU\" \/>\n<meta property=\"og:type\" content=\"article\" \/>\n<meta property=\"og:title\" content=\"Lektor\u00e1l\u00e1s - Anyanyelvi ford\u00edt\u00f3k | Ford\u00edt\u00f3iroda\" \/>\n<meta property=\"og:description\" content=\"A lektor\u00e1l\u00e1si szolg\u00e1ltat\u00e1s a profi ford\u00edt\u00e1s elengedhetetlen r\u00e9sze. L\u00e9pj kapcsolatba vel\u00fcnk, ha t\u00f6bb inform\u00e1ci\u00f3ra lenne sz\u00fcks\u00e9ged lektor\u00e1l\u00e1si szolg\u00e1ltat\u00e1sr\u00f3l.\" \/>\n<meta property=\"og:url\" content=\"https:\/\/www.bigtranslation.com\/hu\/lektoralas\" \/>\n<meta property=\"og:site_name\" content=\"BigTranslation\" \/>\n<meta property=\"article:modified_time\" content=\"2021-09-21T05:30:49+00:00\" \/>\n<meta name=\"twitter:card\" content=\"summary_large_image\" \/>\n<script type=\"application\/ld+json\" class=\"yoast-schema-graph\">{\"@context\":\"https:\/\/schema.org\",\"@graph\":[{\"@type\":\"WebPage\",\"@id\":\"https:\/\/www.bigtranslation.com\/hu\/lektoralas\",\"url\":\"https:\/\/www.bigtranslation.com\/hu\/lektoralas\",\"name\":\"Lektor\u00e1l\u00e1s - Anyanyelvi ford\u00edt\u00f3k | Ford\u00edt\u00f3iroda\",\"isPartOf\":{\"@id\":\"https:\/\/www.bigtranslation.com\/hu#website\"},\"datePublished\":\"2021-07-12T10:39:18+00:00\",\"dateModified\":\"2021-09-21T05:30:49+00:00\",\"description\":\"A lektor\u00e1l\u00e1si szolg\u00e1ltat\u00e1s a profi ford\u00edt\u00e1s elengedhetetlen r\u00e9sze. L\u00e9pj kapcsolatba vel\u00fcnk, ha t\u00f6bb inform\u00e1ci\u00f3ra lenne sz\u00fcks\u00e9ged lektor\u00e1l\u00e1si szolg\u00e1ltat\u00e1sr\u00f3l.\",\"breadcrumb\":{\"@id\":\"https:\/\/www.bigtranslation.com\/hu\/lektoralas#breadcrumb\"},\"inLanguage\":\"hu\",\"potentialAction\":[{\"@type\":\"ReadAction\",\"target\":[\"https:\/\/www.bigtranslation.com\/hu\/lektoralas\"]}]},{\"@type\":\"BreadcrumbList\",\"@id\":\"https:\/\/www.bigtranslation.com\/hu\/lektoralas#breadcrumb\",\"itemListElement\":[{\"@type\":\"ListItem\",\"position\":1,\"name\":\"Home\",\"item\":\"https:\/\/www.bigtranslation.com\/hu\"},{\"@type\":\"ListItem\",\"position\":2,\"name\":\"Lektor\u00e1l\u00e1s\"}]},{\"@type\":\"WebSite\",\"@id\":\"https:\/\/www.bigtranslation.com\/hu#website\",\"url\":\"https:\/\/www.bigtranslation.com\/hu\",\"name\":\"BigTranslation\",\"description\":\"Native and Professional translators\",\"potentialAction\":[{\"@type\":\"SearchAction\",\"target\":{\"@type\":\"EntryPoint\",\"urlTemplate\":\"https:\/\/www.bigtranslation.com\/hu?s={search_term_string}\"},\"query-input\":\"required name=search_term_string\"}],\"inLanguage\":\"hu\"}]}<\/script>\n<!-- \/ Yoast SEO plugin. -->","yoast_head_json":{"title":"Lektor\u00e1l\u00e1s - Anyanyelvi ford\u00edt\u00f3k | Ford\u00edt\u00f3iroda","description":"A lektor\u00e1l\u00e1si szolg\u00e1ltat\u00e1s a profi ford\u00edt\u00e1s elengedhetetlen r\u00e9sze. L\u00e9pj kapcsolatba vel\u00fcnk, ha t\u00f6bb inform\u00e1ci\u00f3ra lenne sz\u00fcks\u00e9ged lektor\u00e1l\u00e1si szolg\u00e1ltat\u00e1sr\u00f3l.","robots":{"index":"index","follow":"follow","max-snippet":"max-snippet:-1","max-image-preview":"max-image-preview:large","max-video-preview":"max-video-preview:-1"},"canonical":"https:\/\/www.bigtranslation.com\/hu\/lektoralas","og_locale":"hu_HU","og_type":"article","og_title":"Lektor\u00e1l\u00e1s - Anyanyelvi ford\u00edt\u00f3k | Ford\u00edt\u00f3iroda","og_description":"A lektor\u00e1l\u00e1si szolg\u00e1ltat\u00e1s a profi ford\u00edt\u00e1s elengedhetetlen r\u00e9sze. L\u00e9pj kapcsolatba vel\u00fcnk, ha t\u00f6bb inform\u00e1ci\u00f3ra lenne sz\u00fcks\u00e9ged lektor\u00e1l\u00e1si szolg\u00e1ltat\u00e1sr\u00f3l.","og_url":"https:\/\/www.bigtranslation.com\/hu\/lektoralas","og_site_name":"BigTranslation","article_modified_time":"2021-09-21T05:30:49+00:00","twitter_card":"summary_large_image","schema":{"@context":"https:\/\/schema.org","@graph":[{"@type":"WebPage","@id":"https:\/\/www.bigtranslation.com\/hu\/lektoralas","url":"https:\/\/www.bigtranslation.com\/hu\/lektoralas","name":"Lektor\u00e1l\u00e1s - Anyanyelvi ford\u00edt\u00f3k | Ford\u00edt\u00f3iroda","isPartOf":{"@id":"https:\/\/www.bigtranslation.com\/hu#website"},"datePublished":"2021-07-12T10:39:18+00:00","dateModified":"2021-09-21T05:30:49+00:00","description":"A lektor\u00e1l\u00e1si szolg\u00e1ltat\u00e1s a profi ford\u00edt\u00e1s elengedhetetlen r\u00e9sze. L\u00e9pj kapcsolatba vel\u00fcnk, ha t\u00f6bb inform\u00e1ci\u00f3ra lenne sz\u00fcks\u00e9ged lektor\u00e1l\u00e1si szolg\u00e1ltat\u00e1sr\u00f3l.","breadcrumb":{"@id":"https:\/\/www.bigtranslation.com\/hu\/lektoralas#breadcrumb"},"inLanguage":"hu","potentialAction":[{"@type":"ReadAction","target":["https:\/\/www.bigtranslation.com\/hu\/lektoralas"]}]},{"@type":"BreadcrumbList","@id":"https:\/\/www.bigtranslation.com\/hu\/lektoralas#breadcrumb","itemListElement":[{"@type":"ListItem","position":1,"name":"Home","item":"https:\/\/www.bigtranslation.com\/hu"},{"@type":"ListItem","position":2,"name":"Lektor\u00e1l\u00e1s"}]},{"@type":"WebSite","@id":"https:\/\/www.bigtranslation.com\/hu#website","url":"https:\/\/www.bigtranslation.com\/hu","name":"BigTranslation","description":"Native and Professional translators","potentialAction":[{"@type":"SearchAction","target":{"@type":"EntryPoint","urlTemplate":"https:\/\/www.bigtranslation.com\/hu?s={search_term_string}"},"query-input":"required name=search_term_string"}],"inLanguage":"hu"}]}},"acf":[],"amp_enabled":true,"_links":{"self":[{"href":"https:\/\/www.bigtranslation.com\/hu\/wp-json\/wp\/v2\/pages\/4669"}],"collection":[{"href":"https:\/\/www.bigtranslation.com\/hu\/wp-json\/wp\/v2\/pages"}],"about":[{"href":"https:\/\/www.bigtranslation.com\/hu\/wp-json\/wp\/v2\/types\/page"}],"author":[{"embeddable":true,"href":"https:\/\/www.bigtranslation.com\/hu\/wp-json\/wp\/v2\/users\/1"}],"replies":[{"embeddable":true,"href":"https:\/\/www.bigtranslation.com\/hu\/wp-json\/wp\/v2\/comments?post=4669"}],"version-history":[{"count":2,"href":"https:\/\/www.bigtranslation.com\/hu\/wp-json\/wp\/v2\/pages\/4669\/revisions"}],"predecessor-version":[{"id":4672,"href":"https:\/\/www.bigtranslation.com\/hu\/wp-json\/wp\/v2\/pages\/4669\/revisions\/4672"}],"wp:attachment":[{"href":"https:\/\/www.bigtranslation.com\/hu\/wp-json\/wp\/v2\/media?parent=4669"}],"curies":[{"name":"wp","href":"https:\/\/api.w.org\/{rel}","templated":true}]}}