{"id":5057,"date":"2021-07-13T06:33:52","date_gmt":"2021-07-13T06:33:52","guid":{"rendered":"https:\/\/www.bigtranslation.com\/interpreting"},"modified":"2022-02-18T11:32:15","modified_gmt":"2022-02-18T11:32:15","slug":"interpreting","status":"publish","type":"page","link":"https:\/\/www.bigtranslation.com\/hu\/interpreting","title":{"rendered":"Interpreting"},"content":{"rendered":"","protected":false},"excerpt":{"rendered":"","protected":false},"author":1,"featured_media":0,"parent":0,"menu_order":11,"comment_status":"closed","ping_status":"closed","template":"page-templates\/template-interpreting.php","meta":{"footnotes":""},"yoast_head":"<!-- This site is optimized with the Yoast SEO plugin v21.8.1 - https:\/\/yoast.com\/wordpress\/plugins\/seo\/ -->\n<title>Interpreting | BigTranslation<\/title>\n<meta name=\"description\" content=\"Professzion\u00e1lis tolm\u00e1csszolg\u00e1ltat\u00e1sok, amelyek seg\u00edtenek besz\u00e9lni \u00fcgyfelei nyelv\u00e9t.\" \/>\n<meta name=\"robots\" content=\"index, follow, max-snippet:-1, max-image-preview:large, max-video-preview:-1\" \/>\n<link rel=\"canonical\" href=\"https:\/\/www.bigtranslation.com\/hu\/interpreting\" \/>\n<meta property=\"og:locale\" content=\"hu_HU\" \/>\n<meta property=\"og:type\" content=\"article\" \/>\n<meta property=\"og:title\" content=\"Interpreting | BigTranslation\" \/>\n<meta property=\"og:description\" content=\"Professzion\u00e1lis tolm\u00e1csszolg\u00e1ltat\u00e1sok, amelyek seg\u00edtenek besz\u00e9lni \u00fcgyfelei nyelv\u00e9t.\" \/>\n<meta property=\"og:url\" content=\"https:\/\/www.bigtranslation.com\/hu\/interpreting\" \/>\n<meta property=\"og:site_name\" content=\"BigTranslation\" \/>\n<meta property=\"article:modified_time\" content=\"2022-02-18T11:32:15+00:00\" \/>\n<meta name=\"twitter:card\" content=\"summary_large_image\" \/>\n<script type=\"application\/ld+json\" class=\"yoast-schema-graph\">{\"@context\":\"https:\/\/schema.org\",\"@graph\":[{\"@type\":\"WebPage\",\"@id\":\"https:\/\/www.bigtranslation.com\/hu\/interpreting\",\"url\":\"https:\/\/www.bigtranslation.com\/hu\/interpreting\",\"name\":\"Interpreting | BigTranslation\",\"isPartOf\":{\"@id\":\"https:\/\/www.bigtranslation.com\/hu#website\"},\"datePublished\":\"2021-07-13T06:33:52+00:00\",\"dateModified\":\"2022-02-18T11:32:15+00:00\",\"description\":\"Professzion\u00e1lis tolm\u00e1csszolg\u00e1ltat\u00e1sok, amelyek seg\u00edtenek besz\u00e9lni \u00fcgyfelei nyelv\u00e9t.\",\"breadcrumb\":{\"@id\":\"https:\/\/www.bigtranslation.com\/hu\/interpreting#breadcrumb\"},\"inLanguage\":\"hu\",\"potentialAction\":[{\"@type\":\"ReadAction\",\"target\":[\"https:\/\/www.bigtranslation.com\/hu\/interpreting\"]}]},{\"@type\":\"BreadcrumbList\",\"@id\":\"https:\/\/www.bigtranslation.com\/hu\/interpreting#breadcrumb\",\"itemListElement\":[{\"@type\":\"ListItem\",\"position\":1,\"name\":\"Home\",\"item\":\"https:\/\/www.bigtranslation.com\/hu\"},{\"@type\":\"ListItem\",\"position\":2,\"name\":\"Interpreting\"}]},{\"@type\":\"WebSite\",\"@id\":\"https:\/\/www.bigtranslation.com\/hu#website\",\"url\":\"https:\/\/www.bigtranslation.com\/hu\",\"name\":\"BigTranslation\",\"description\":\"Native and Professional translators\",\"potentialAction\":[{\"@type\":\"SearchAction\",\"target\":{\"@type\":\"EntryPoint\",\"urlTemplate\":\"https:\/\/www.bigtranslation.com\/hu?s={search_term_string}\"},\"query-input\":\"required name=search_term_string\"}],\"inLanguage\":\"hu\"}]}<\/script>\n<!-- \/ Yoast SEO plugin. -->","yoast_head_json":{"title":"Interpreting | BigTranslation","description":"Professzion\u00e1lis tolm\u00e1csszolg\u00e1ltat\u00e1sok, amelyek seg\u00edtenek besz\u00e9lni \u00fcgyfelei nyelv\u00e9t.","robots":{"index":"index","follow":"follow","max-snippet":"max-snippet:-1","max-image-preview":"max-image-preview:large","max-video-preview":"max-video-preview:-1"},"canonical":"https:\/\/www.bigtranslation.com\/hu\/interpreting","og_locale":"hu_HU","og_type":"article","og_title":"Interpreting | BigTranslation","og_description":"Professzion\u00e1lis tolm\u00e1csszolg\u00e1ltat\u00e1sok, amelyek seg\u00edtenek besz\u00e9lni \u00fcgyfelei nyelv\u00e9t.","og_url":"https:\/\/www.bigtranslation.com\/hu\/interpreting","og_site_name":"BigTranslation","article_modified_time":"2022-02-18T11:32:15+00:00","twitter_card":"summary_large_image","schema":{"@context":"https:\/\/schema.org","@graph":[{"@type":"WebPage","@id":"https:\/\/www.bigtranslation.com\/hu\/interpreting","url":"https:\/\/www.bigtranslation.com\/hu\/interpreting","name":"Interpreting | BigTranslation","isPartOf":{"@id":"https:\/\/www.bigtranslation.com\/hu#website"},"datePublished":"2021-07-13T06:33:52+00:00","dateModified":"2022-02-18T11:32:15+00:00","description":"Professzion\u00e1lis tolm\u00e1csszolg\u00e1ltat\u00e1sok, amelyek seg\u00edtenek besz\u00e9lni \u00fcgyfelei nyelv\u00e9t.","breadcrumb":{"@id":"https:\/\/www.bigtranslation.com\/hu\/interpreting#breadcrumb"},"inLanguage":"hu","potentialAction":[{"@type":"ReadAction","target":["https:\/\/www.bigtranslation.com\/hu\/interpreting"]}]},{"@type":"BreadcrumbList","@id":"https:\/\/www.bigtranslation.com\/hu\/interpreting#breadcrumb","itemListElement":[{"@type":"ListItem","position":1,"name":"Home","item":"https:\/\/www.bigtranslation.com\/hu"},{"@type":"ListItem","position":2,"name":"Interpreting"}]},{"@type":"WebSite","@id":"https:\/\/www.bigtranslation.com\/hu#website","url":"https:\/\/www.bigtranslation.com\/hu","name":"BigTranslation","description":"Native and Professional translators","potentialAction":[{"@type":"SearchAction","target":{"@type":"EntryPoint","urlTemplate":"https:\/\/www.bigtranslation.com\/hu?s={search_term_string}"},"query-input":"required name=search_term_string"}],"inLanguage":"hu"}]}},"acf":[],"amp_enabled":true,"_links":{"self":[{"href":"https:\/\/www.bigtranslation.com\/hu\/wp-json\/wp\/v2\/pages\/5057"}],"collection":[{"href":"https:\/\/www.bigtranslation.com\/hu\/wp-json\/wp\/v2\/pages"}],"about":[{"href":"https:\/\/www.bigtranslation.com\/hu\/wp-json\/wp\/v2\/types\/page"}],"author":[{"embeddable":true,"href":"https:\/\/www.bigtranslation.com\/hu\/wp-json\/wp\/v2\/users\/1"}],"replies":[{"embeddable":true,"href":"https:\/\/www.bigtranslation.com\/hu\/wp-json\/wp\/v2\/comments?post=5057"}],"version-history":[{"count":1,"href":"https:\/\/www.bigtranslation.com\/hu\/wp-json\/wp\/v2\/pages\/5057\/revisions"}],"predecessor-version":[{"id":5060,"href":"https:\/\/www.bigtranslation.com\/hu\/wp-json\/wp\/v2\/pages\/5057\/revisions\/5060"}],"wp:attachment":[{"href":"https:\/\/www.bigtranslation.com\/hu\/wp-json\/wp\/v2\/media?parent=5057"}],"curies":[{"name":"wp","href":"https:\/\/api.w.org\/{rel}","templated":true}]}}