{"id":5071,"date":"2021-06-08T13:03:54","date_gmt":"2021-06-08T13:03:54","guid":{"rendered":"https:\/\/www.bigtranslation.com\/translation-agency"},"modified":"2021-09-21T09:49:11","modified_gmt":"2021-09-21T09:49:11","slug":"forditoiroda","status":"publish","type":"page","link":"https:\/\/www.bigtranslation.com\/hu\/forditoiroda","title":{"rendered":"Hivat\u00e1sos ford\u00edt\u00f3"},"content":{"rendered":"","protected":false},"excerpt":{"rendered":"","protected":false},"author":1,"featured_media":0,"parent":0,"menu_order":22,"comment_status":"closed","ping_status":"closed","template":"page-templates\/template-translation-company.php","meta":{"footnotes":""},"yoast_head":"<!-- This site is optimized with the Yoast SEO plugin v21.8.1 - https:\/\/yoast.com\/wordpress\/plugins\/seo\/ -->\n<title>Hivat\u00e1sos ford\u00edt\u00f3 | Ford\u00edt\u00f3i szolg\u00e1ltat\u00e1sok<\/title>\n<meta name=\"description\" content=\"Egy olyan ford\u00edt\u00f3v\u00e1llalat vagyunk akiknek t\u00f6bb\u00e9ves tapasztalata van az online marketing vil\u00e1g\u00e1ban, a SEO ford\u00edt\u00e1sban \u00e9s \u00e1ltal\u00e1ban a ford\u00edt\u00f3i szektorban.\" \/>\n<meta name=\"robots\" content=\"index, follow, max-snippet:-1, max-image-preview:large, max-video-preview:-1\" \/>\n<link rel=\"canonical\" href=\"https:\/\/www.bigtranslation.com\/hu\/forditoiroda\" \/>\n<meta property=\"og:locale\" content=\"hu_HU\" \/>\n<meta property=\"og:type\" content=\"article\" \/>\n<meta property=\"og:title\" content=\"Hivat\u00e1sos ford\u00edt\u00f3 | Ford\u00edt\u00f3i szolg\u00e1ltat\u00e1sok\" \/>\n<meta property=\"og:description\" content=\"Egy olyan ford\u00edt\u00f3v\u00e1llalat vagyunk akiknek t\u00f6bb\u00e9ves tapasztalata van az online marketing vil\u00e1g\u00e1ban, a SEO ford\u00edt\u00e1sban \u00e9s \u00e1ltal\u00e1ban a ford\u00edt\u00f3i szektorban.\" \/>\n<meta property=\"og:url\" content=\"https:\/\/www.bigtranslation.com\/hu\/forditoiroda\" \/>\n<meta property=\"og:site_name\" content=\"BigTranslation\" \/>\n<meta property=\"article:modified_time\" content=\"2021-09-21T09:49:11+00:00\" \/>\n<meta name=\"twitter:card\" content=\"summary_large_image\" \/>\n<script type=\"application\/ld+json\" class=\"yoast-schema-graph\">{\"@context\":\"https:\/\/schema.org\",\"@graph\":[{\"@type\":\"WebPage\",\"@id\":\"https:\/\/www.bigtranslation.com\/hu\/forditoiroda\",\"url\":\"https:\/\/www.bigtranslation.com\/hu\/forditoiroda\",\"name\":\"Hivat\u00e1sos ford\u00edt\u00f3 | Ford\u00edt\u00f3i szolg\u00e1ltat\u00e1sok\",\"isPartOf\":{\"@id\":\"https:\/\/www.bigtranslation.com\/hu#website\"},\"datePublished\":\"2021-06-08T13:03:54+00:00\",\"dateModified\":\"2021-09-21T09:49:11+00:00\",\"description\":\"Egy olyan ford\u00edt\u00f3v\u00e1llalat vagyunk akiknek t\u00f6bb\u00e9ves tapasztalata van az online marketing vil\u00e1g\u00e1ban, a SEO ford\u00edt\u00e1sban \u00e9s \u00e1ltal\u00e1ban a ford\u00edt\u00f3i szektorban.\",\"breadcrumb\":{\"@id\":\"https:\/\/www.bigtranslation.com\/hu\/forditoiroda#breadcrumb\"},\"inLanguage\":\"hu\",\"potentialAction\":[{\"@type\":\"ReadAction\",\"target\":[\"https:\/\/www.bigtranslation.com\/hu\/forditoiroda\"]}]},{\"@type\":\"BreadcrumbList\",\"@id\":\"https:\/\/www.bigtranslation.com\/hu\/forditoiroda#breadcrumb\",\"itemListElement\":[{\"@type\":\"ListItem\",\"position\":1,\"name\":\"Home\",\"item\":\"https:\/\/www.bigtranslation.com\/hu\"},{\"@type\":\"ListItem\",\"position\":2,\"name\":\"Hivat\u00e1sos ford\u00edt\u00f3\"}]},{\"@type\":\"WebSite\",\"@id\":\"https:\/\/www.bigtranslation.com\/hu#website\",\"url\":\"https:\/\/www.bigtranslation.com\/hu\",\"name\":\"BigTranslation\",\"description\":\"Native and Professional translators\",\"potentialAction\":[{\"@type\":\"SearchAction\",\"target\":{\"@type\":\"EntryPoint\",\"urlTemplate\":\"https:\/\/www.bigtranslation.com\/hu?s={search_term_string}\"},\"query-input\":\"required name=search_term_string\"}],\"inLanguage\":\"hu\"}]}<\/script>\n<!-- \/ Yoast SEO plugin. -->","yoast_head_json":{"title":"Hivat\u00e1sos ford\u00edt\u00f3 | Ford\u00edt\u00f3i szolg\u00e1ltat\u00e1sok","description":"Egy olyan ford\u00edt\u00f3v\u00e1llalat vagyunk akiknek t\u00f6bb\u00e9ves tapasztalata van az online marketing vil\u00e1g\u00e1ban, a SEO ford\u00edt\u00e1sban \u00e9s \u00e1ltal\u00e1ban a ford\u00edt\u00f3i szektorban.","robots":{"index":"index","follow":"follow","max-snippet":"max-snippet:-1","max-image-preview":"max-image-preview:large","max-video-preview":"max-video-preview:-1"},"canonical":"https:\/\/www.bigtranslation.com\/hu\/forditoiroda","og_locale":"hu_HU","og_type":"article","og_title":"Hivat\u00e1sos ford\u00edt\u00f3 | Ford\u00edt\u00f3i szolg\u00e1ltat\u00e1sok","og_description":"Egy olyan ford\u00edt\u00f3v\u00e1llalat vagyunk akiknek t\u00f6bb\u00e9ves tapasztalata van az online marketing vil\u00e1g\u00e1ban, a SEO ford\u00edt\u00e1sban \u00e9s \u00e1ltal\u00e1ban a ford\u00edt\u00f3i szektorban.","og_url":"https:\/\/www.bigtranslation.com\/hu\/forditoiroda","og_site_name":"BigTranslation","article_modified_time":"2021-09-21T09:49:11+00:00","twitter_card":"summary_large_image","schema":{"@context":"https:\/\/schema.org","@graph":[{"@type":"WebPage","@id":"https:\/\/www.bigtranslation.com\/hu\/forditoiroda","url":"https:\/\/www.bigtranslation.com\/hu\/forditoiroda","name":"Hivat\u00e1sos ford\u00edt\u00f3 | Ford\u00edt\u00f3i szolg\u00e1ltat\u00e1sok","isPartOf":{"@id":"https:\/\/www.bigtranslation.com\/hu#website"},"datePublished":"2021-06-08T13:03:54+00:00","dateModified":"2021-09-21T09:49:11+00:00","description":"Egy olyan ford\u00edt\u00f3v\u00e1llalat vagyunk akiknek t\u00f6bb\u00e9ves tapasztalata van az online marketing vil\u00e1g\u00e1ban, a SEO ford\u00edt\u00e1sban \u00e9s \u00e1ltal\u00e1ban a ford\u00edt\u00f3i szektorban.","breadcrumb":{"@id":"https:\/\/www.bigtranslation.com\/hu\/forditoiroda#breadcrumb"},"inLanguage":"hu","potentialAction":[{"@type":"ReadAction","target":["https:\/\/www.bigtranslation.com\/hu\/forditoiroda"]}]},{"@type":"BreadcrumbList","@id":"https:\/\/www.bigtranslation.com\/hu\/forditoiroda#breadcrumb","itemListElement":[{"@type":"ListItem","position":1,"name":"Home","item":"https:\/\/www.bigtranslation.com\/hu"},{"@type":"ListItem","position":2,"name":"Hivat\u00e1sos ford\u00edt\u00f3"}]},{"@type":"WebSite","@id":"https:\/\/www.bigtranslation.com\/hu#website","url":"https:\/\/www.bigtranslation.com\/hu","name":"BigTranslation","description":"Native and Professional translators","potentialAction":[{"@type":"SearchAction","target":{"@type":"EntryPoint","urlTemplate":"https:\/\/www.bigtranslation.com\/hu?s={search_term_string}"},"query-input":"required name=search_term_string"}],"inLanguage":"hu"}]}},"acf":[],"amp_enabled":true,"_links":{"self":[{"href":"https:\/\/www.bigtranslation.com\/hu\/wp-json\/wp\/v2\/pages\/5071"}],"collection":[{"href":"https:\/\/www.bigtranslation.com\/hu\/wp-json\/wp\/v2\/pages"}],"about":[{"href":"https:\/\/www.bigtranslation.com\/hu\/wp-json\/wp\/v2\/types\/page"}],"author":[{"embeddable":true,"href":"https:\/\/www.bigtranslation.com\/hu\/wp-json\/wp\/v2\/users\/1"}],"replies":[{"embeddable":true,"href":"https:\/\/www.bigtranslation.com\/hu\/wp-json\/wp\/v2\/comments?post=5071"}],"version-history":[{"count":1,"href":"https:\/\/www.bigtranslation.com\/hu\/wp-json\/wp\/v2\/pages\/5071\/revisions"}],"predecessor-version":[{"id":5075,"href":"https:\/\/www.bigtranslation.com\/hu\/wp-json\/wp\/v2\/pages\/5071\/revisions\/5075"}],"wp:attachment":[{"href":"https:\/\/www.bigtranslation.com\/hu\/wp-json\/wp\/v2\/media?parent=5071"}],"curies":[{"name":"wp","href":"https:\/\/api.w.org\/{rel}","templated":true}]}}