{"id":5080,"date":"2021-06-17T07:42:20","date_gmt":"2021-06-17T07:42:20","guid":{"rendered":"https:\/\/www.bigtranslation.com\/professional-translators"},"modified":"2021-09-30T11:19:03","modified_gmt":"2021-09-30T11:19:03","slug":"forditok","status":"publish","type":"page","link":"https:\/\/www.bigtranslation.com\/hu\/forditok","title":{"rendered":"Ford\u00edt\u00f3k"},"content":{"rendered":"","protected":false},"excerpt":{"rendered":"","protected":false},"author":1,"featured_media":0,"parent":0,"menu_order":23,"comment_status":"closed","ping_status":"closed","template":"page-templates\/template-professional-translators.php","meta":{"footnotes":""},"yoast_head":"<!-- This site is optimized with the Yoast SEO plugin v21.8.1 - https:\/\/yoast.com\/wordpress\/plugins\/seo\/ -->\n<title>Ford\u00edt\u00f3k | BigTranslation<\/title>\n<meta name=\"description\" content=\"Ha profi ford\u00edt\u00f3 vagy, dolgozhatsz vel\u00fcnk. Anyanyelvi ford\u00edt\u00f3kat keres\u00fcnk, akik gyakorlottak a SEO ford\u00edt\u00e1sban, illetve egy online lektort.\" \/>\n<meta name=\"robots\" content=\"index, follow, max-snippet:-1, max-image-preview:large, max-video-preview:-1\" \/>\n<link rel=\"canonical\" href=\"https:\/\/www.bigtranslation.com\/hu\/forditok\" \/>\n<meta property=\"og:locale\" content=\"hu_HU\" \/>\n<meta property=\"og:type\" content=\"article\" \/>\n<meta property=\"og:title\" content=\"Ford\u00edt\u00f3k | BigTranslation\" \/>\n<meta property=\"og:description\" content=\"Ha profi ford\u00edt\u00f3 vagy, dolgozhatsz vel\u00fcnk. Anyanyelvi ford\u00edt\u00f3kat keres\u00fcnk, akik gyakorlottak a SEO ford\u00edt\u00e1sban, illetve egy online lektort.\" \/>\n<meta property=\"og:url\" content=\"https:\/\/www.bigtranslation.com\/hu\/forditok\" \/>\n<meta property=\"og:site_name\" content=\"BigTranslation\" \/>\n<meta property=\"article:modified_time\" content=\"2021-09-30T11:19:03+00:00\" \/>\n<meta name=\"twitter:card\" content=\"summary_large_image\" \/>\n<script type=\"application\/ld+json\" class=\"yoast-schema-graph\">{\"@context\":\"https:\/\/schema.org\",\"@graph\":[{\"@type\":\"WebPage\",\"@id\":\"https:\/\/www.bigtranslation.com\/hu\/forditok\",\"url\":\"https:\/\/www.bigtranslation.com\/hu\/forditok\",\"name\":\"Ford\u00edt\u00f3k | BigTranslation\",\"isPartOf\":{\"@id\":\"https:\/\/www.bigtranslation.com\/hu#website\"},\"datePublished\":\"2021-06-17T07:42:20+00:00\",\"dateModified\":\"2021-09-30T11:19:03+00:00\",\"description\":\"Ha profi ford\u00edt\u00f3 vagy, dolgozhatsz vel\u00fcnk. Anyanyelvi ford\u00edt\u00f3kat keres\u00fcnk, akik gyakorlottak a SEO ford\u00edt\u00e1sban, illetve egy online lektort.\",\"breadcrumb\":{\"@id\":\"https:\/\/www.bigtranslation.com\/hu\/forditok#breadcrumb\"},\"inLanguage\":\"hu\",\"potentialAction\":[{\"@type\":\"ReadAction\",\"target\":[\"https:\/\/www.bigtranslation.com\/hu\/forditok\"]}]},{\"@type\":\"BreadcrumbList\",\"@id\":\"https:\/\/www.bigtranslation.com\/hu\/forditok#breadcrumb\",\"itemListElement\":[{\"@type\":\"ListItem\",\"position\":1,\"name\":\"Home\",\"item\":\"https:\/\/www.bigtranslation.com\/hu\"},{\"@type\":\"ListItem\",\"position\":2,\"name\":\"Ford\u00edt\u00f3k\"}]},{\"@type\":\"WebSite\",\"@id\":\"https:\/\/www.bigtranslation.com\/hu#website\",\"url\":\"https:\/\/www.bigtranslation.com\/hu\",\"name\":\"BigTranslation\",\"description\":\"Native and Professional translators\",\"potentialAction\":[{\"@type\":\"SearchAction\",\"target\":{\"@type\":\"EntryPoint\",\"urlTemplate\":\"https:\/\/www.bigtranslation.com\/hu?s={search_term_string}\"},\"query-input\":\"required name=search_term_string\"}],\"inLanguage\":\"hu\"}]}<\/script>\n<!-- \/ Yoast SEO plugin. -->","yoast_head_json":{"title":"Ford\u00edt\u00f3k | BigTranslation","description":"Ha profi ford\u00edt\u00f3 vagy, dolgozhatsz vel\u00fcnk. Anyanyelvi ford\u00edt\u00f3kat keres\u00fcnk, akik gyakorlottak a SEO ford\u00edt\u00e1sban, illetve egy online lektort.","robots":{"index":"index","follow":"follow","max-snippet":"max-snippet:-1","max-image-preview":"max-image-preview:large","max-video-preview":"max-video-preview:-1"},"canonical":"https:\/\/www.bigtranslation.com\/hu\/forditok","og_locale":"hu_HU","og_type":"article","og_title":"Ford\u00edt\u00f3k | BigTranslation","og_description":"Ha profi ford\u00edt\u00f3 vagy, dolgozhatsz vel\u00fcnk. Anyanyelvi ford\u00edt\u00f3kat keres\u00fcnk, akik gyakorlottak a SEO ford\u00edt\u00e1sban, illetve egy online lektort.","og_url":"https:\/\/www.bigtranslation.com\/hu\/forditok","og_site_name":"BigTranslation","article_modified_time":"2021-09-30T11:19:03+00:00","twitter_card":"summary_large_image","schema":{"@context":"https:\/\/schema.org","@graph":[{"@type":"WebPage","@id":"https:\/\/www.bigtranslation.com\/hu\/forditok","url":"https:\/\/www.bigtranslation.com\/hu\/forditok","name":"Ford\u00edt\u00f3k | BigTranslation","isPartOf":{"@id":"https:\/\/www.bigtranslation.com\/hu#website"},"datePublished":"2021-06-17T07:42:20+00:00","dateModified":"2021-09-30T11:19:03+00:00","description":"Ha profi ford\u00edt\u00f3 vagy, dolgozhatsz vel\u00fcnk. Anyanyelvi ford\u00edt\u00f3kat keres\u00fcnk, akik gyakorlottak a SEO ford\u00edt\u00e1sban, illetve egy online lektort.","breadcrumb":{"@id":"https:\/\/www.bigtranslation.com\/hu\/forditok#breadcrumb"},"inLanguage":"hu","potentialAction":[{"@type":"ReadAction","target":["https:\/\/www.bigtranslation.com\/hu\/forditok"]}]},{"@type":"BreadcrumbList","@id":"https:\/\/www.bigtranslation.com\/hu\/forditok#breadcrumb","itemListElement":[{"@type":"ListItem","position":1,"name":"Home","item":"https:\/\/www.bigtranslation.com\/hu"},{"@type":"ListItem","position":2,"name":"Ford\u00edt\u00f3k"}]},{"@type":"WebSite","@id":"https:\/\/www.bigtranslation.com\/hu#website","url":"https:\/\/www.bigtranslation.com\/hu","name":"BigTranslation","description":"Native and Professional translators","potentialAction":[{"@type":"SearchAction","target":{"@type":"EntryPoint","urlTemplate":"https:\/\/www.bigtranslation.com\/hu?s={search_term_string}"},"query-input":"required name=search_term_string"}],"inLanguage":"hu"}]}},"acf":[],"amp_enabled":true,"_links":{"self":[{"href":"https:\/\/www.bigtranslation.com\/hu\/wp-json\/wp\/v2\/pages\/5080"}],"collection":[{"href":"https:\/\/www.bigtranslation.com\/hu\/wp-json\/wp\/v2\/pages"}],"about":[{"href":"https:\/\/www.bigtranslation.com\/hu\/wp-json\/wp\/v2\/types\/page"}],"author":[{"embeddable":true,"href":"https:\/\/www.bigtranslation.com\/hu\/wp-json\/wp\/v2\/users\/1"}],"replies":[{"embeddable":true,"href":"https:\/\/www.bigtranslation.com\/hu\/wp-json\/wp\/v2\/comments?post=5080"}],"version-history":[{"count":2,"href":"https:\/\/www.bigtranslation.com\/hu\/wp-json\/wp\/v2\/pages\/5080\/revisions"}],"predecessor-version":[{"id":8513,"href":"https:\/\/www.bigtranslation.com\/hu\/wp-json\/wp\/v2\/pages\/5080\/revisions\/8513"}],"wp:attachment":[{"href":"https:\/\/www.bigtranslation.com\/hu\/wp-json\/wp\/v2\/media?parent=5080"}],"curies":[{"name":"wp","href":"https:\/\/api.w.org\/{rel}","templated":true}]}}