{"id":5102,"date":"2021-06-10T10:24:26","date_gmt":"2021-06-10T10:24:26","guid":{"rendered":"https:\/\/www.bigtranslation.com\/translation-rates"},"modified":"2021-09-21T10:02:15","modified_gmt":"2021-09-21T10:02:15","slug":"arak","status":"publish","type":"page","link":"https:\/\/www.bigtranslation.com\/hu\/arak","title":{"rendered":"\u00c1rak"},"content":{"rendered":"","protected":false},"excerpt":{"rendered":"","protected":false},"author":1,"featured_media":0,"parent":0,"menu_order":24,"comment_status":"closed","ping_status":"closed","template":"page-templates\/template-rates.php","meta":{"footnotes":""},"yoast_head":"<!-- This site is optimized with the Yoast SEO plugin v21.8.1 - https:\/\/yoast.com\/wordpress\/plugins\/seo\/ -->\n<title>\u00c1rak BigTranslation<\/title>\n<meta name=\"description\" content=\"N\u00e1lunk a legjobb ford\u00edt\u00e1si \u00e1rakat kaphatod. Fedezd fel ford\u00edt\u00e1si \u00e1rainkat \u00e9s a szavank\u00e9nti ford\u00edt\u00e1si r\u00e1t\u00e1t.\" \/>\n<meta name=\"robots\" content=\"index, follow, max-snippet:-1, max-image-preview:large, max-video-preview:-1\" \/>\n<link rel=\"canonical\" href=\"https:\/\/www.bigtranslation.com\/hu\/arak\" \/>\n<meta property=\"og:locale\" content=\"hu_HU\" \/>\n<meta property=\"og:type\" content=\"article\" \/>\n<meta property=\"og:title\" content=\"\u00c1rak BigTranslation\" \/>\n<meta property=\"og:description\" content=\"N\u00e1lunk a legjobb ford\u00edt\u00e1si \u00e1rakat kaphatod. Fedezd fel ford\u00edt\u00e1si \u00e1rainkat \u00e9s a szavank\u00e9nti ford\u00edt\u00e1si r\u00e1t\u00e1t.\" \/>\n<meta property=\"og:url\" content=\"https:\/\/www.bigtranslation.com\/hu\/arak\" \/>\n<meta property=\"og:site_name\" content=\"BigTranslation\" \/>\n<meta property=\"article:modified_time\" content=\"2021-09-21T10:02:15+00:00\" \/>\n<meta name=\"twitter:card\" content=\"summary_large_image\" \/>\n<script type=\"application\/ld+json\" class=\"yoast-schema-graph\">{\"@context\":\"https:\/\/schema.org\",\"@graph\":[{\"@type\":\"WebPage\",\"@id\":\"https:\/\/www.bigtranslation.com\/hu\/arak\",\"url\":\"https:\/\/www.bigtranslation.com\/hu\/arak\",\"name\":\"\u00c1rak BigTranslation\",\"isPartOf\":{\"@id\":\"https:\/\/www.bigtranslation.com\/hu#website\"},\"datePublished\":\"2021-06-10T10:24:26+00:00\",\"dateModified\":\"2021-09-21T10:02:15+00:00\",\"description\":\"N\u00e1lunk a legjobb ford\u00edt\u00e1si \u00e1rakat kaphatod. Fedezd fel ford\u00edt\u00e1si \u00e1rainkat \u00e9s a szavank\u00e9nti ford\u00edt\u00e1si r\u00e1t\u00e1t.\",\"breadcrumb\":{\"@id\":\"https:\/\/www.bigtranslation.com\/hu\/arak#breadcrumb\"},\"inLanguage\":\"hu\",\"potentialAction\":[{\"@type\":\"ReadAction\",\"target\":[\"https:\/\/www.bigtranslation.com\/hu\/arak\"]}]},{\"@type\":\"BreadcrumbList\",\"@id\":\"https:\/\/www.bigtranslation.com\/hu\/arak#breadcrumb\",\"itemListElement\":[{\"@type\":\"ListItem\",\"position\":1,\"name\":\"Home\",\"item\":\"https:\/\/www.bigtranslation.com\/hu\"},{\"@type\":\"ListItem\",\"position\":2,\"name\":\"\u00c1rak\"}]},{\"@type\":\"WebSite\",\"@id\":\"https:\/\/www.bigtranslation.com\/hu#website\",\"url\":\"https:\/\/www.bigtranslation.com\/hu\",\"name\":\"BigTranslation\",\"description\":\"Native and Professional translators\",\"potentialAction\":[{\"@type\":\"SearchAction\",\"target\":{\"@type\":\"EntryPoint\",\"urlTemplate\":\"https:\/\/www.bigtranslation.com\/hu?s={search_term_string}\"},\"query-input\":\"required name=search_term_string\"}],\"inLanguage\":\"hu\"}]}<\/script>\n<!-- \/ Yoast SEO plugin. -->","yoast_head_json":{"title":"\u00c1rak BigTranslation","description":"N\u00e1lunk a legjobb ford\u00edt\u00e1si \u00e1rakat kaphatod. Fedezd fel ford\u00edt\u00e1si \u00e1rainkat \u00e9s a szavank\u00e9nti ford\u00edt\u00e1si r\u00e1t\u00e1t.","robots":{"index":"index","follow":"follow","max-snippet":"max-snippet:-1","max-image-preview":"max-image-preview:large","max-video-preview":"max-video-preview:-1"},"canonical":"https:\/\/www.bigtranslation.com\/hu\/arak","og_locale":"hu_HU","og_type":"article","og_title":"\u00c1rak BigTranslation","og_description":"N\u00e1lunk a legjobb ford\u00edt\u00e1si \u00e1rakat kaphatod. Fedezd fel ford\u00edt\u00e1si \u00e1rainkat \u00e9s a szavank\u00e9nti ford\u00edt\u00e1si r\u00e1t\u00e1t.","og_url":"https:\/\/www.bigtranslation.com\/hu\/arak","og_site_name":"BigTranslation","article_modified_time":"2021-09-21T10:02:15+00:00","twitter_card":"summary_large_image","schema":{"@context":"https:\/\/schema.org","@graph":[{"@type":"WebPage","@id":"https:\/\/www.bigtranslation.com\/hu\/arak","url":"https:\/\/www.bigtranslation.com\/hu\/arak","name":"\u00c1rak BigTranslation","isPartOf":{"@id":"https:\/\/www.bigtranslation.com\/hu#website"},"datePublished":"2021-06-10T10:24:26+00:00","dateModified":"2021-09-21T10:02:15+00:00","description":"N\u00e1lunk a legjobb ford\u00edt\u00e1si \u00e1rakat kaphatod. Fedezd fel ford\u00edt\u00e1si \u00e1rainkat \u00e9s a szavank\u00e9nti ford\u00edt\u00e1si r\u00e1t\u00e1t.","breadcrumb":{"@id":"https:\/\/www.bigtranslation.com\/hu\/arak#breadcrumb"},"inLanguage":"hu","potentialAction":[{"@type":"ReadAction","target":["https:\/\/www.bigtranslation.com\/hu\/arak"]}]},{"@type":"BreadcrumbList","@id":"https:\/\/www.bigtranslation.com\/hu\/arak#breadcrumb","itemListElement":[{"@type":"ListItem","position":1,"name":"Home","item":"https:\/\/www.bigtranslation.com\/hu"},{"@type":"ListItem","position":2,"name":"\u00c1rak"}]},{"@type":"WebSite","@id":"https:\/\/www.bigtranslation.com\/hu#website","url":"https:\/\/www.bigtranslation.com\/hu","name":"BigTranslation","description":"Native and Professional translators","potentialAction":[{"@type":"SearchAction","target":{"@type":"EntryPoint","urlTemplate":"https:\/\/www.bigtranslation.com\/hu?s={search_term_string}"},"query-input":"required name=search_term_string"}],"inLanguage":"hu"}]}},"acf":[],"amp_enabled":true,"_links":{"self":[{"href":"https:\/\/www.bigtranslation.com\/hu\/wp-json\/wp\/v2\/pages\/5102"}],"collection":[{"href":"https:\/\/www.bigtranslation.com\/hu\/wp-json\/wp\/v2\/pages"}],"about":[{"href":"https:\/\/www.bigtranslation.com\/hu\/wp-json\/wp\/v2\/types\/page"}],"author":[{"embeddable":true,"href":"https:\/\/www.bigtranslation.com\/hu\/wp-json\/wp\/v2\/users\/1"}],"replies":[{"embeddable":true,"href":"https:\/\/www.bigtranslation.com\/hu\/wp-json\/wp\/v2\/comments?post=5102"}],"version-history":[{"count":2,"href":"https:\/\/www.bigtranslation.com\/hu\/wp-json\/wp\/v2\/pages\/5102\/revisions"}],"predecessor-version":[{"id":5110,"href":"https:\/\/www.bigtranslation.com\/hu\/wp-json\/wp\/v2\/pages\/5102\/revisions\/5110"}],"wp:attachment":[{"href":"https:\/\/www.bigtranslation.com\/hu\/wp-json\/wp\/v2\/media?parent=5102"}],"curies":[{"name":"wp","href":"https:\/\/api.w.org\/{rel}","templated":true}]}}