{"id":5123,"date":"2021-06-10T07:28:46","date_gmt":"2021-06-10T07:28:46","guid":{"rendered":"https:\/\/www.bigtranslation.com\/contact"},"modified":"2021-09-21T10:11:47","modified_gmt":"2021-09-21T10:11:47","slug":"lepj-kapcsolatba-velunk","status":"publish","type":"page","link":"https:\/\/www.bigtranslation.com\/hu\/lepj-kapcsolatba-velunk","title":{"rendered":"L\u00e9pj kapcsolatba vel\u00fcnk"},"content":{"rendered":"","protected":false},"excerpt":{"rendered":"","protected":false},"author":1,"featured_media":0,"parent":0,"menu_order":25,"comment_status":"closed","ping_status":"closed","template":"page-templates\/template-contact.php","meta":{"footnotes":""},"yoast_head":"<!-- This site is optimized with the Yoast SEO plugin v21.8.1 - https:\/\/yoast.com\/wordpress\/plugins\/seo\/ -->\n<title>L\u00e9pj kapcsolatba vel\u00fcnk | Ford\u00edt\u00f3iroda<\/title>\n<meta name=\"description\" content=\"Ford\u00edt\u00e1s \u00e9s lektor\u00e1l\u00e1si szolg\u00e1ltat\u00e1sokat. Ha s\u00fcrg\u0151sen ford\u00edt\u00e1sra van sz\u00fcks\u00e9ged, vagy szabad\u00fasz\u00f3 ford\u00edt\u00f3 vagy, l\u00e9pj kapcsolatba vel\u00fcnk.\" \/>\n<meta name=\"robots\" content=\"index, follow, max-snippet:-1, max-image-preview:large, max-video-preview:-1\" \/>\n<link rel=\"canonical\" href=\"https:\/\/www.bigtranslation.com\/hu\/lepj-kapcsolatba-velunk\" \/>\n<meta property=\"og:locale\" content=\"hu_HU\" \/>\n<meta property=\"og:type\" content=\"article\" \/>\n<meta property=\"og:title\" content=\"L\u00e9pj kapcsolatba vel\u00fcnk | Ford\u00edt\u00f3iroda\" \/>\n<meta property=\"og:description\" content=\"Ford\u00edt\u00e1s \u00e9s lektor\u00e1l\u00e1si szolg\u00e1ltat\u00e1sokat. Ha s\u00fcrg\u0151sen ford\u00edt\u00e1sra van sz\u00fcks\u00e9ged, vagy szabad\u00fasz\u00f3 ford\u00edt\u00f3 vagy, l\u00e9pj kapcsolatba vel\u00fcnk.\" \/>\n<meta property=\"og:url\" content=\"https:\/\/www.bigtranslation.com\/hu\/lepj-kapcsolatba-velunk\" \/>\n<meta property=\"og:site_name\" content=\"BigTranslation\" \/>\n<meta property=\"article:modified_time\" content=\"2021-09-21T10:11:47+00:00\" \/>\n<meta name=\"twitter:card\" content=\"summary_large_image\" \/>\n<script type=\"application\/ld+json\" class=\"yoast-schema-graph\">{\"@context\":\"https:\/\/schema.org\",\"@graph\":[{\"@type\":\"WebPage\",\"@id\":\"https:\/\/www.bigtranslation.com\/hu\/lepj-kapcsolatba-velunk\",\"url\":\"https:\/\/www.bigtranslation.com\/hu\/lepj-kapcsolatba-velunk\",\"name\":\"L\u00e9pj kapcsolatba vel\u00fcnk | Ford\u00edt\u00f3iroda\",\"isPartOf\":{\"@id\":\"https:\/\/www.bigtranslation.com\/hu#website\"},\"datePublished\":\"2021-06-10T07:28:46+00:00\",\"dateModified\":\"2021-09-21T10:11:47+00:00\",\"description\":\"Ford\u00edt\u00e1s \u00e9s lektor\u00e1l\u00e1si szolg\u00e1ltat\u00e1sokat. Ha s\u00fcrg\u0151sen ford\u00edt\u00e1sra van sz\u00fcks\u00e9ged, vagy szabad\u00fasz\u00f3 ford\u00edt\u00f3 vagy, l\u00e9pj kapcsolatba vel\u00fcnk.\",\"breadcrumb\":{\"@id\":\"https:\/\/www.bigtranslation.com\/hu\/lepj-kapcsolatba-velunk#breadcrumb\"},\"inLanguage\":\"hu\",\"potentialAction\":[{\"@type\":\"ReadAction\",\"target\":[\"https:\/\/www.bigtranslation.com\/hu\/lepj-kapcsolatba-velunk\"]}]},{\"@type\":\"BreadcrumbList\",\"@id\":\"https:\/\/www.bigtranslation.com\/hu\/lepj-kapcsolatba-velunk#breadcrumb\",\"itemListElement\":[{\"@type\":\"ListItem\",\"position\":1,\"name\":\"Home\",\"item\":\"https:\/\/www.bigtranslation.com\/hu\"},{\"@type\":\"ListItem\",\"position\":2,\"name\":\"L\u00e9pj kapcsolatba vel\u00fcnk\"}]},{\"@type\":\"WebSite\",\"@id\":\"https:\/\/www.bigtranslation.com\/hu#website\",\"url\":\"https:\/\/www.bigtranslation.com\/hu\",\"name\":\"BigTranslation\",\"description\":\"Native and Professional translators\",\"potentialAction\":[{\"@type\":\"SearchAction\",\"target\":{\"@type\":\"EntryPoint\",\"urlTemplate\":\"https:\/\/www.bigtranslation.com\/hu?s={search_term_string}\"},\"query-input\":\"required name=search_term_string\"}],\"inLanguage\":\"hu\"}]}<\/script>\n<!-- \/ Yoast SEO plugin. -->","yoast_head_json":{"title":"L\u00e9pj kapcsolatba vel\u00fcnk | Ford\u00edt\u00f3iroda","description":"Ford\u00edt\u00e1s \u00e9s lektor\u00e1l\u00e1si szolg\u00e1ltat\u00e1sokat. Ha s\u00fcrg\u0151sen ford\u00edt\u00e1sra van sz\u00fcks\u00e9ged, vagy szabad\u00fasz\u00f3 ford\u00edt\u00f3 vagy, l\u00e9pj kapcsolatba vel\u00fcnk.","robots":{"index":"index","follow":"follow","max-snippet":"max-snippet:-1","max-image-preview":"max-image-preview:large","max-video-preview":"max-video-preview:-1"},"canonical":"https:\/\/www.bigtranslation.com\/hu\/lepj-kapcsolatba-velunk","og_locale":"hu_HU","og_type":"article","og_title":"L\u00e9pj kapcsolatba vel\u00fcnk | Ford\u00edt\u00f3iroda","og_description":"Ford\u00edt\u00e1s \u00e9s lektor\u00e1l\u00e1si szolg\u00e1ltat\u00e1sokat. Ha s\u00fcrg\u0151sen ford\u00edt\u00e1sra van sz\u00fcks\u00e9ged, vagy szabad\u00fasz\u00f3 ford\u00edt\u00f3 vagy, l\u00e9pj kapcsolatba vel\u00fcnk.","og_url":"https:\/\/www.bigtranslation.com\/hu\/lepj-kapcsolatba-velunk","og_site_name":"BigTranslation","article_modified_time":"2021-09-21T10:11:47+00:00","twitter_card":"summary_large_image","schema":{"@context":"https:\/\/schema.org","@graph":[{"@type":"WebPage","@id":"https:\/\/www.bigtranslation.com\/hu\/lepj-kapcsolatba-velunk","url":"https:\/\/www.bigtranslation.com\/hu\/lepj-kapcsolatba-velunk","name":"L\u00e9pj kapcsolatba vel\u00fcnk | Ford\u00edt\u00f3iroda","isPartOf":{"@id":"https:\/\/www.bigtranslation.com\/hu#website"},"datePublished":"2021-06-10T07:28:46+00:00","dateModified":"2021-09-21T10:11:47+00:00","description":"Ford\u00edt\u00e1s \u00e9s lektor\u00e1l\u00e1si szolg\u00e1ltat\u00e1sokat. Ha s\u00fcrg\u0151sen ford\u00edt\u00e1sra van sz\u00fcks\u00e9ged, vagy szabad\u00fasz\u00f3 ford\u00edt\u00f3 vagy, l\u00e9pj kapcsolatba vel\u00fcnk.","breadcrumb":{"@id":"https:\/\/www.bigtranslation.com\/hu\/lepj-kapcsolatba-velunk#breadcrumb"},"inLanguage":"hu","potentialAction":[{"@type":"ReadAction","target":["https:\/\/www.bigtranslation.com\/hu\/lepj-kapcsolatba-velunk"]}]},{"@type":"BreadcrumbList","@id":"https:\/\/www.bigtranslation.com\/hu\/lepj-kapcsolatba-velunk#breadcrumb","itemListElement":[{"@type":"ListItem","position":1,"name":"Home","item":"https:\/\/www.bigtranslation.com\/hu"},{"@type":"ListItem","position":2,"name":"L\u00e9pj kapcsolatba vel\u00fcnk"}]},{"@type":"WebSite","@id":"https:\/\/www.bigtranslation.com\/hu#website","url":"https:\/\/www.bigtranslation.com\/hu","name":"BigTranslation","description":"Native and Professional translators","potentialAction":[{"@type":"SearchAction","target":{"@type":"EntryPoint","urlTemplate":"https:\/\/www.bigtranslation.com\/hu?s={search_term_string}"},"query-input":"required name=search_term_string"}],"inLanguage":"hu"}]}},"acf":[],"amp_enabled":false,"_links":{"self":[{"href":"https:\/\/www.bigtranslation.com\/hu\/wp-json\/wp\/v2\/pages\/5123"}],"collection":[{"href":"https:\/\/www.bigtranslation.com\/hu\/wp-json\/wp\/v2\/pages"}],"about":[{"href":"https:\/\/www.bigtranslation.com\/hu\/wp-json\/wp\/v2\/types\/page"}],"author":[{"embeddable":true,"href":"https:\/\/www.bigtranslation.com\/hu\/wp-json\/wp\/v2\/users\/1"}],"replies":[{"embeddable":true,"href":"https:\/\/www.bigtranslation.com\/hu\/wp-json\/wp\/v2\/comments?post=5123"}],"version-history":[{"count":2,"href":"https:\/\/www.bigtranslation.com\/hu\/wp-json\/wp\/v2\/pages\/5123\/revisions"}],"predecessor-version":[{"id":5130,"href":"https:\/\/www.bigtranslation.com\/hu\/wp-json\/wp\/v2\/pages\/5123\/revisions\/5130"}],"wp:attachment":[{"href":"https:\/\/www.bigtranslation.com\/hu\/wp-json\/wp\/v2\/media?parent=5123"}],"curies":[{"name":"wp","href":"https:\/\/api.w.org\/{rel}","templated":true}]}}