{"id":7075,"date":"2021-07-09T12:08:52","date_gmt":"2021-07-09T12:08:52","guid":{"rendered":"https:\/\/www.bigtranslation.com\/translation\/slovak"},"modified":"2021-09-22T12:37:25","modified_gmt":"2021-09-22T12:37:25","slug":"slovak","status":"publish","type":"page","link":"https:\/\/www.bigtranslation.com\/hu\/translation\/slovak","title":{"rendered":"SLOVAK FORD\u00cdT\u00c1S"},"content":{"rendered":"","protected":false},"excerpt":{"rendered":"","protected":false},"author":1,"featured_media":0,"parent":5189,"menu_order":100,"comment_status":"closed","ping_status":"closed","template":"page-templates\/template-language.php","meta":{"footnotes":""},"yoast_head":"<!-- This site is optimized with the Yoast SEO plugin v21.8.1 - https:\/\/yoast.com\/wordpress\/plugins\/seo\/ -->\n<title>SLOVAK FORD\u00cdT\u00c1S | BigTranslation<\/title>\n<meta name=\"description\" content=\"SLOVAK FORD\u00cdT\u00c1S | Profesional\u016bs vertimai \u012fvairiais kalb\u0173 deriniais\" \/>\n<meta name=\"robots\" content=\"index, follow, max-snippet:-1, max-image-preview:large, max-video-preview:-1\" \/>\n<link rel=\"canonical\" href=\"https:\/\/www.bigtranslation.com\/hu\/translation\/slovak\" \/>\n<meta property=\"og:locale\" content=\"hu_HU\" \/>\n<meta property=\"og:type\" content=\"article\" \/>\n<meta property=\"og:title\" content=\"SLOVAK FORD\u00cdT\u00c1S | BigTranslation\" \/>\n<meta property=\"og:description\" content=\"SLOVAK FORD\u00cdT\u00c1S | Profesional\u016bs vertimai \u012fvairiais kalb\u0173 deriniais\" \/>\n<meta property=\"og:url\" content=\"https:\/\/www.bigtranslation.com\/hu\/translation\/slovak\" \/>\n<meta property=\"og:site_name\" content=\"BigTranslation\" \/>\n<meta property=\"article:modified_time\" content=\"2021-09-22T12:37:25+00:00\" \/>\n<meta name=\"twitter:card\" content=\"summary_large_image\" \/>\n<script type=\"application\/ld+json\" class=\"yoast-schema-graph\">{\"@context\":\"https:\/\/schema.org\",\"@graph\":[{\"@type\":\"WebPage\",\"@id\":\"https:\/\/www.bigtranslation.com\/hu\/translation\/slovak\",\"url\":\"https:\/\/www.bigtranslation.com\/hu\/translation\/slovak\",\"name\":\"SLOVAK FORD\u00cdT\u00c1S | BigTranslation\",\"isPartOf\":{\"@id\":\"https:\/\/www.bigtranslation.com\/hu#website\"},\"datePublished\":\"2021-07-09T12:08:52+00:00\",\"dateModified\":\"2021-09-22T12:37:25+00:00\",\"description\":\"SLOVAK FORD\u00cdT\u00c1S | Profesional\u016bs vertimai \u012fvairiais kalb\u0173 deriniais\",\"breadcrumb\":{\"@id\":\"https:\/\/www.bigtranslation.com\/hu\/translation\/slovak#breadcrumb\"},\"inLanguage\":\"hu\",\"potentialAction\":[{\"@type\":\"ReadAction\",\"target\":[\"https:\/\/www.bigtranslation.com\/hu\/translation\/slovak\"]}]},{\"@type\":\"BreadcrumbList\",\"@id\":\"https:\/\/www.bigtranslation.com\/hu\/translation\/slovak#breadcrumb\",\"itemListElement\":[{\"@type\":\"ListItem\",\"position\":1,\"name\":\"Home\",\"item\":\"https:\/\/www.bigtranslation.com\/hu\"},{\"@type\":\"ListItem\",\"position\":2,\"name\":\"Ford\u00edt\u00e1s\",\"item\":\"https:\/\/www.bigtranslation.com\/hu\/translation\"},{\"@type\":\"ListItem\",\"position\":3,\"name\":\"SLOVAK FORD\u00cdT\u00c1S\"}]},{\"@type\":\"WebSite\",\"@id\":\"https:\/\/www.bigtranslation.com\/hu#website\",\"url\":\"https:\/\/www.bigtranslation.com\/hu\",\"name\":\"BigTranslation\",\"description\":\"Native and Professional translators\",\"potentialAction\":[{\"@type\":\"SearchAction\",\"target\":{\"@type\":\"EntryPoint\",\"urlTemplate\":\"https:\/\/www.bigtranslation.com\/hu?s={search_term_string}\"},\"query-input\":\"required name=search_term_string\"}],\"inLanguage\":\"hu\"}]}<\/script>\n<!-- \/ Yoast SEO plugin. -->","yoast_head_json":{"title":"SLOVAK FORD\u00cdT\u00c1S | BigTranslation","description":"SLOVAK FORD\u00cdT\u00c1S | Profesional\u016bs vertimai \u012fvairiais kalb\u0173 deriniais","robots":{"index":"index","follow":"follow","max-snippet":"max-snippet:-1","max-image-preview":"max-image-preview:large","max-video-preview":"max-video-preview:-1"},"canonical":"https:\/\/www.bigtranslation.com\/hu\/translation\/slovak","og_locale":"hu_HU","og_type":"article","og_title":"SLOVAK FORD\u00cdT\u00c1S | BigTranslation","og_description":"SLOVAK FORD\u00cdT\u00c1S | Profesional\u016bs vertimai \u012fvairiais kalb\u0173 deriniais","og_url":"https:\/\/www.bigtranslation.com\/hu\/translation\/slovak","og_site_name":"BigTranslation","article_modified_time":"2021-09-22T12:37:25+00:00","twitter_card":"summary_large_image","schema":{"@context":"https:\/\/schema.org","@graph":[{"@type":"WebPage","@id":"https:\/\/www.bigtranslation.com\/hu\/translation\/slovak","url":"https:\/\/www.bigtranslation.com\/hu\/translation\/slovak","name":"SLOVAK FORD\u00cdT\u00c1S | BigTranslation","isPartOf":{"@id":"https:\/\/www.bigtranslation.com\/hu#website"},"datePublished":"2021-07-09T12:08:52+00:00","dateModified":"2021-09-22T12:37:25+00:00","description":"SLOVAK FORD\u00cdT\u00c1S | Profesional\u016bs vertimai \u012fvairiais kalb\u0173 deriniais","breadcrumb":{"@id":"https:\/\/www.bigtranslation.com\/hu\/translation\/slovak#breadcrumb"},"inLanguage":"hu","potentialAction":[{"@type":"ReadAction","target":["https:\/\/www.bigtranslation.com\/hu\/translation\/slovak"]}]},{"@type":"BreadcrumbList","@id":"https:\/\/www.bigtranslation.com\/hu\/translation\/slovak#breadcrumb","itemListElement":[{"@type":"ListItem","position":1,"name":"Home","item":"https:\/\/www.bigtranslation.com\/hu"},{"@type":"ListItem","position":2,"name":"Ford\u00edt\u00e1s","item":"https:\/\/www.bigtranslation.com\/hu\/translation"},{"@type":"ListItem","position":3,"name":"SLOVAK FORD\u00cdT\u00c1S"}]},{"@type":"WebSite","@id":"https:\/\/www.bigtranslation.com\/hu#website","url":"https:\/\/www.bigtranslation.com\/hu","name":"BigTranslation","description":"Native and Professional translators","potentialAction":[{"@type":"SearchAction","target":{"@type":"EntryPoint","urlTemplate":"https:\/\/www.bigtranslation.com\/hu?s={search_term_string}"},"query-input":"required name=search_term_string"}],"inLanguage":"hu"}]}},"acf":[],"amp_enabled":true,"_links":{"self":[{"href":"https:\/\/www.bigtranslation.com\/hu\/wp-json\/wp\/v2\/pages\/7075"}],"collection":[{"href":"https:\/\/www.bigtranslation.com\/hu\/wp-json\/wp\/v2\/pages"}],"about":[{"href":"https:\/\/www.bigtranslation.com\/hu\/wp-json\/wp\/v2\/types\/page"}],"author":[{"embeddable":true,"href":"https:\/\/www.bigtranslation.com\/hu\/wp-json\/wp\/v2\/users\/1"}],"replies":[{"embeddable":true,"href":"https:\/\/www.bigtranslation.com\/hu\/wp-json\/wp\/v2\/comments?post=7075"}],"version-history":[{"count":1,"href":"https:\/\/www.bigtranslation.com\/hu\/wp-json\/wp\/v2\/pages\/7075\/revisions"}],"predecessor-version":[{"id":7077,"href":"https:\/\/www.bigtranslation.com\/hu\/wp-json\/wp\/v2\/pages\/7075\/revisions\/7077"}],"up":[{"embeddable":true,"href":"https:\/\/www.bigtranslation.com\/hu\/wp-json\/wp\/v2\/pages\/5189"}],"wp:attachment":[{"href":"https:\/\/www.bigtranslation.com\/hu\/wp-json\/wp\/v2\/media?parent=7075"}],"curies":[{"name":"wp","href":"https:\/\/api.w.org\/{rel}","templated":true}]}}