{"id":12728,"date":"2022-08-22T11:55:01","date_gmt":"2022-08-22T11:55:01","guid":{"rendered":"https:\/\/www.bigtranslation.com\/?page_id=12728"},"modified":"2024-01-08T09:32:55","modified_gmt":"2024-01-08T09:32:55","slug":"politica-sui-cookie","status":"publish","type":"page","link":"https:\/\/www.bigtranslation.com\/it\/politica-sui-cookie","title":{"rendered":"Politica sui cookie"},"content":{"rendered":"\n<h2 class=\"wp-block-heading\">1. Cosa sono i cookie?<\/h2>\n\n<p>Il nostro sito <a href=\"https:\/\/www.bigtranslation.com\/it\"><u> web www.bigtranslation.com<\/u><\/a>, appartenente a BigTranslation Agency S.L , utilizza <em>cookie <\/em>e altri file con funzioni simili (di seguito, &#8220;cookie&#8221;<em>) <\/em>per migliorare la navigazione e ottenere dati statistici sulle visite ottenute.<\/p>\n\n<p>I cookie sono piccoli file di testo che vengono installati sul dispositivo da cui si accede al nostro sito web e ci forniscono automaticamente informazioni, ad esempio, per consentire al sito web di funzionare o per scoprire le abitudini di navigazione dell&#8217;utente e migliorare la sua esperienza nelle visite future.<\/p>\n\n<p>Gli usi specifici che facciamo dei cookie sono specificati in &#8220;Finalit\u00e0 dei cookie e terze parti\/ configurazione e rifiuto dei cookie&#8221;.<\/p>\n\n<p><strong>I cookie non possono mai essere considerati un virus informatico.<\/strong> Non danneggiano il computer n\u00e9 ne rallentano in alcun modo il funzionamento. \u00c8 possibile eliminare i nostri cookie in qualsiasi momento o rifiutarli configurando il proprio browser web.<\/p>\n\n<p>Su questo sito web, utilizziamo cookie di sessione e cookie permanenti che, a loro volta, possono essere cookie propri o cookie di terze parti.<\/p>\n\n<p>I cookie di sessione sono cookie progettati per raccogliere e memorizzare dati mentre si accede a un sito web. Solitamente vengono utilizzati per memorizzare informazioni che vengono conservate solo per fornire il servizio richiesto dall&#8217;utente in una sola occasione.<\/p>\n\n<p>I cookie persistenti sono un tipo di cookie in cui i dati continuano a essere memorizzati sul dispositivo terminale dell&#8217;utente e possono essere consultati ed elaborati durante un periodo definito dal responsabile del cookie, che pu\u00f2 variare da pochi minuti a diversi anni.<\/p>\n\n<h2 class=\"wp-block-heading\">2. Finalit\u00e0 dei cookie e terze parti\/ configurazione e rifiuto dei cookie<\/h2>\n\n<p>I cookie sono associati solo al browser di un determinato computer (un utente anonimo) e non forniscono di per s\u00e9 il nome e il cognome dell&#8217;utente.<\/p>\n\n<p>Grazie ai cookie, \u00e8 possibile riconoscere i browser degli utenti registrati una volta che si sono registrati per la prima volta, senza che debbano registrarsi ogni volta che visitano al fine di accedere alle aree e ai servizi a loro riservati in esclusiva<\/p>\n\n<p>Inoltre, utilizziamo cookie propri e di terze parti per gli scopi indicati di seguito. Se non si accetta nessun cookie, l&#8217;esperienza sul nostro sito web ne risentir\u00e0 in relazione alle finalit\u00e0 specificate in questa sezione, ma vogliamo dare il pieno controllo in modo che l&#8217;utente possa prendere le proprie decisioni in ogni momento.<\/p>\n\n<p><strong>COOKIE <\/strong><em><strong>PROPRI<\/strong><\/em><strong>: <\/strong>sono quelli di cui BigTranslation Agency S.L \u00e8 responsabile in relazione alle informazioni trattate. Su questo sito web, utilizziamo <em>cookie <\/em>propri per le seguenti finalit\u00e0:<\/p>\n\n<p><strong>Autenticazione \/ Sessione:<\/strong> utilizzati per riconoscere gli utenti registrati che hanno effettuato l&#8217;accesso al nostro sito web. Con questi cookie, \u00e8 possibile accedere alle aree di accesso limitato del sito web. Se questi cookie vengono rifiutati o eliminati, i dati di accesso al nostro sito web non funzioneranno correttamente.<\/p>\n\n<p><strong>Personalizzazione:<\/strong> utilizzati per facilitare la navigazione sul nostro sito web. Consentono di ricordare automaticamente alcuni aspetti grafici del nostro sito web, oltre a personalizzare alcune caratteristiche del sito web per differenziare l&#8217;esperienza di un utente da un altro. Se questi cookie vengono rifiutati o cancellati, la navigazione sul nostro sito web non funzioner\u00e0 con la stessa facilit\u00e0.<\/p>\n\n<p><strong>Analitici: <\/strong>raccolgono informazioni sul comportamento degli utenti durante la navigazione (pagine pi\u00f9 visitate, tempo trascorso sul sito web, ecc.) per apportare miglioramenti ai contenuti e ai servizi offerti utilizzando l&#8217;analisi di queste informazioni (ad esempio, per ottimizzare i tempi di risposta degli spazi pi\u00f9 visitati su www.bigtranslation.com)<\/p>\n\n<p>In caso di domande sulla nostra politica sull&#8217;uso dei cookie, \u00e8 possibile contattarci al seguente indirizzo e-mail: info@bigtranslation.com<\/p>\n\n<p>Questi cookie sono elencati di seguito:<\/p>\n\n<ul>\n<li>wp-wpml_current_language<\/li>\n\n\n\n<li>currency<\/li>\n\n\n\n<li>currency-symbol<\/li>\n\n\n\n<li>moove_gdpr_popup<\/li>\n\n\n\n<li>bt_creload<\/li>\n<\/ul>\n\n<p><strong>COOKIE DI <\/strong><em><strong>TERZE PARTI:<\/strong><\/em> sono quelli per i quali le terze parti non collegate a BigTranslation Agency S.L sono responsabili delle informazioni trattate.<\/p>\n\n<p>Le terze parti e le finalit\u00e0 per le quali vengono utilizzate le informazioni che trattano sono di seguito dettagliate:<\/p>\n\n<p><strong>ANALITICI:<\/strong><\/p>\n\n<p>Raccolgono informazioni sul comportamento degli utenti durante la navigazione (pagine pi\u00f9 visitate, tempo trascorso sul sito web, ecc.) per apportare miglioramenti ai contenuti e ai servizi offerti utilizzando l&#8217;analisi di queste informazioni (ad esempio, per migliorare i tempi di caricamento e di accesso delle pagine pi\u00f9 visitate).<\/p>\n\n<ul>\n<li>Google <a href=\"https:\/\/policies.google.com\/technologies\/cookies?hl=es\"><u>Ulteriori informazioni<\/u><\/a><\/li>\n<\/ul>\n\n<ul>\n<li>Facebook <a href=\"https:\/\/www.facebook.com\/help\/1896641480634370\"><u>Ulteriori informazioni<\/u><\/a><br\/><br\/><\/li>\n\n\n\n<li>Microsoft <a href=\"https:\/\/privacy.microsoft.com\/es-es\/privacystatement\"><u>Ulteriori informazioni<\/u><\/a><\/li>\n<\/ul>\n\n<p><strong>COMPORTAMENTALI<\/strong><\/p>\n\n<p>Memorizzano informazioni sul comportamento degli utenti, ottenute attraverso l&#8217;osservazione delle loro abitudini di navigazione (ad esempio, quali pagine visitano), per creare un profilo specifico che consenta di mostrare loro pubblicit\u00e0 personalizzata in base ai loro gusti e interessi.<\/p>\n\n<ul>\n<li>Google. <a href=\"https:\/\/policies.google.com\/technologies\/cookies?hl=es\"><u>Ulteriori informazioni<\/u><\/a><br\/><br\/><\/li>\n\n\n\n<li>Doubleclick <a href=\"https:\/\/support.google.com\/admanager\/answer\/2839090?hl=es\"><u>Ulteriori informazioni<\/u><\/a><br\/><br\/><\/li>\n\n\n\n<li>Mailjet <a href=\"https:\/\/www.mailjet.com\/es\/legal\/politica-privacidad\/cookies\/\"><u>Ulteriori informazioni<\/u><\/a><br\/><br\/><\/li>\n\n\n\n<li>Hubspot <a href=\"https:\/\/knowledge.hubspot.com\/es\/privacy-and-consent\/what-cookies-does-hubspot-set-in-a-visitor-s-browser\"><u>Ulteriori informazioni<\/u><\/a><\/li>\n<\/ul>\n\n<ul>\n<li>Facebook. <a href=\"https:\/\/www.facebook.com\/help\/1896641480634370\"><u>Ulteriori informazioni<\/u><\/a><\/li>\n<\/ul>\n\n<ul>\n<li>LinkedIn. <a href=\"https:\/\/es.linkedin.com\/legal\/cookie-policy\"><u>Ulteriori informazioni<\/u><\/a><\/li>\n<\/ul>\n\n<ul>\n<li>Onesignal <a href=\"https:\/\/onesignal.com\/privacy_policy\"><u>Ulteriori informazioni<\/u><\/a><\/li>\n<\/ul>\n\n<ul>\n<li>Tapfiliate <a href=\"https:\/\/tapfiliate.com\/privacy\/gdpr\/#cookies\"><u>Ulteriori informazioni<\/u><\/a><br\/><br\/><\/li>\n\n\n\n<li>VWO <a href=\"https:\/\/vwo.com\/compliance\/cookies-notice\/\"><u>Ulteriori informazioni<\/u><\/a><\/li>\n<\/ul>\n\n<p>Da tener presente che, se si rifiutano i cookie di terze parti, non si potr\u00e0 ricevere l&#8217;esperienza di navigazione ottimale su BigTranslation.<\/p>\n\n<h2 class=\"wp-block-heading\">3. Disabilitazione o eliminazione dei cookie<\/h2>\n\n<p>Sar\u00e0 possibile configurare il proprio browser in modo che non riceva questi cookie e questi verranno rifiutati. In caso contrario, comprendiamo di avere il consenso dell&#8217;utente per la loro installazione.<\/p>\n\n<p>\u00c8 possibile gestire le proprie preferenze sull&#8217;uso dei <em>cookie<\/em> in qualsiasi momento dalla maggior parte dei browser. \u00c8 possibile regolare il proprio browser in modo che rifiuti o elimini i cookie installati sul dispositivo. I cookie sono installati per ogni browser e pertanto \u00e8 necessario eliminarli dal browser utilizzato per accedere al nostro sito web.<\/p>\n\n<p>Ecco alcune informazioni su come farlo sui principali browser:<\/p>\n\n<ul>\n<li><a href=\"https:\/\/support.google.com\/chrome\/answer\/95647?hl=es\"><u>Google Chrome<\/u><\/a><\/li>\n\n\n\n<li><a href=\"https:\/\/support.mozilla.org\/es\/kb\/Borrar%20cookies\"><u>Mozilla Firefox<\/u><\/a><\/li>\n\n\n\n<li><a href=\"https:\/\/support.microsoft.com\/es-es\/help\/17442\/windows-internet-explorer-delete-manage-cookies#ie=ie-10\"><u>Internet Explorer<\/u><\/a><\/li>\n\n\n\n<li><a href=\"https:\/\/support.microsoft.com\/es-es\/windows\/microsoft-edge-datos-de-exploraci%C3%B3n-y-privacidad-bb8174ba-9d73-dcf2-9b4a-c582b4e640dd\"><u>Microsoft Edge<\/u><\/a><\/li>\n\n\n\n<li><a href=\"https:\/\/support.apple.com\/es-es\/HT201265\"><u>Safari<\/u><\/a><\/li>\n\n\n\n<li><a href=\"https:\/\/www.opera.com\/help\/tutorials\/security\/privacy\/\"><u>Opera<\/u><\/a><\/li>\n<\/ul>\n\n<p>Si pu\u00f2 anche revocare il proprio consenso per l&#8217;utilizzo dei cookie sul browser installando un plug-in o attraverso un sistema di opt-out fornito da alcune terze parti che installano cookie sul nostro sito web:<\/p>\n\n<ul>\n<li><a href=\"https:\/\/myaccount.google.com\/data-and-privacy\"><u>Google (personalizzazione)<\/u><\/a> (richiede l&#8217;accesso a Google)<\/li>\n\n\n\n<li><a href=\"https:\/\/myadcenter.google.com\/home?sasb=true&amp;ref=ad-settings\"><u>Google (advertising)<\/u><\/a><\/li>\n\n\n\n<li><a href=\"https:\/\/www.facebook.com\/settings\/?tab=your_facebook_information\"><u>Facebook<\/u><\/a> (richiede l&#8217;accesso a Facebook).<\/li>\n<\/ul>\n\n<p>\u00c8 necessario tenere presente che alcune caratteristiche del contenuto di <a href=\"https:\/\/www.bigtranslation.com\/it\"><u>www.bigtranslation.com<\/u><\/a> sono disponibili solo se si abilita l&#8217;installazione dei cookie dal browser. Se l&#8217;utente decice di non accettare o di bloccare determinati cookie, a seconda del loro scopo, ci\u00f2 potrebbe influire in tutto o in parte sul normale funzionamento del sito web o impedire l&#8217;accesso ad alcuni dei suoi servizi, poich\u00e9 alcuni cookie, come indicato in &#8220;Finalit\u00e0 dei cookie e terze parti\/ configurazione e rifiuto dei cookie&#8221;, servono a questi scopi.<\/p>\n\n<h2 class=\"wp-block-heading\">4. Informazioni su come accettare, rifiutare o revocare il consenso<\/h2>\n\n<p>Mettiamo a disposizione dell&#8217;utente un sistema per gestire o configurare i cookie, che si pu\u00f2 utilizzare per abilitare o disabilitare i cookie come ritenuto opportuno. Non sar\u00e0 possibile disabilitare i cookie necessari al funzionamento del sito.<\/p>\n\n<p>In conformit\u00e0 alla normativa vigente, ad eccezione dei cookie strettamente necessari e dei cookie di performance\/analitici, <a href=\"https:\/\/www.bigtranslation.com\/it\"><u>www.bigtranslation.com<\/u><\/a> utilizzer\u00e0 i cookie solo previo ed espresso consenso del visitatore. L&#8217;entit\u00e0 responsabile del sito web si impegna a utilizzare i cookie esclusivamente per gli scopi menzionati nella presente politica sui cookie.<\/p>\n\n<p>Da tener presente che, se l&#8217;utente accetta i cookie di terze parti, dovrebbe essere in grado di eliminarli dalle opzioni del browser o dal sistema fornito dalla terza parte stessa e come abbiamo indicato nella sezione &#8220;Disabilitazione o eliminazione dei cookie&#8221;.<\/p>\n\n<h2 class=\"wp-block-heading\">5. Informativa sul trattamento dei dati.<\/h2>\n\n<h3 class=\"wp-block-heading\">a) Titolare del trattamento<\/h3>\n\n<p>Il titolare del trattamento \u00e8 BigTranslation Agency SL<\/p>\n\n<ul>\n<li>BigTranslation Agency SL<\/li>\n\n\n\n<li>CIF (Partita IVA): B40532194<\/li>\n\n\n\n<li>Indirizzo: Avenida Paret del Patriarca 15, 46113 Moncada, Valencia<\/li>\n<\/ul>\n\n<p>Per determinate attivit\u00e0 di trattamento, BigTranslation tratter\u00e0 i dati dell&#8217;utente, decidendo congiuntamente gli obiettivi (&#8220;per cosa vengono utilizzati i dati&#8221;) e i mezzi utilizzati (&#8220;come vengono utilizzati i dati&#8221;), ed \u00e8 quindi il titolare del trattamento.<\/p>\n\n<h3 class=\"wp-block-heading\">b) Base giuridica del trattamento<\/h3>\n\n<p>Il consenso che si fornisce per l&#8217;utilizzo dei cookie legittima l&#8217;utilizzo degli stessi al fine di trattare i dati personali dell&#8217;utente.<\/p>\n\n<p>\u00c8 possibile configurare o rifiutare l&#8217;uso dei cookie, e quindi esercitare il proprio diritto di revocare il consenso, in &#8220;Finalit\u00e0 dei cookie e terze parti\/ configurazione e rifiuto dei cookie&#8221;. \u00c8 possibile anche disabilitare o eliminare i cookie come indicato in &#8220;Disabilitazione o eliminazione dei cookie&#8221;.<\/p>\n\n<h3 class=\"wp-block-heading\">c) Dati trattati<\/h3>\n\n<p>Se si acconsente all&#8217;uso dei cookie, tratteremo i seguenti dati<\/p>\n\n<p>In relazione ai cookie propri:<\/p>\n\n<p>Dati di navigazione: dati ottenuti dalla navigazione dell&#8217;utente sul nostro sito web o su siti web di terze parti; cronologia di navigazione (pagine visitate e click sui contenuti), ID dispositivo, ID pubblicit\u00e0, indirizzo IP.<\/p>\n\n<p>Per quanto riguarda le terze parti identificate in \u201cFinalit\u00e0 dei cookie e terze parti \/ configurazione e rifiuto dei cookie\u201d, si rimanda alle rispettive politiche, indicate in questa sezione, per conoscere i dati o le categorie di dati che trattano.<\/p>\n\n<h3 class=\"wp-block-heading\">d) Profilazione<\/h3>\n\n<p>Se si accetta l&#8217;uso dei cookie di pubblicit\u00e0 comportamentale, saremo in grado di utilizzare i dati che delineiamo nei Dati trattati per la profilazione commerciale dell&#8217;utente per offrire prodotti e servizi che riteniamo possano essere di suo interesse. Ad esempio, se si \u00e8 interessati ai nostri servizi di marketplace, saremo in grado di mostrare la nostra offerta commerciale di connettori.<\/p>\n\n<p>Per quanto riguarda le terze parti identificate in \u201cFinalit\u00e0 dei cookie e terze parti\/ configurazione e rifiuto dei cookie\u201d e che utilizzano cookie di pubblicit\u00e0 comportamentale, si rimanda alle rispettive politiche, indicate in questa sezione, per conoscere la profilazione che effettuano.<\/p>\n\n<h3 class=\"wp-block-heading\">e) Destinatari dei dati<\/h3>\n\n<p>BigTranslation pu\u00f2 comunicare i dati raccolti alle autorit\u00e0 e agli organismi pubblici, al fine di adempiere a un obbligo di legge, nonch\u00e9 ai fornitori di servizi necessari e alle terze parti al fine di gestire e implementare i cookie.<\/p>\n\n<p>Per quanto riguarda le terze parti identificate in \u201cFinalit\u00e0 dei cookie e terze parti \/ configurazione e rifiuto dei cookie\u201d, si rimanda alle rispettive politiche, indicate in questa sezione, per conoscere i loro destinatari.<\/p>\n\n<h3 class=\"wp-block-heading\">f) Periodo di conservazione<\/h3>\n\n<p>I dati ottenuti attraverso l&#8217;utilizzo dei cookie accettati dall&#8217;utente saranno conservati per un periodo di 12 mesi<\/p>\n\n<p>Per quanto riguarda le terze parti identificate in \u201cFinalit\u00e0 dei cookie e terze parti \/ configurazione e rifiuto dei cookie\u201d, si rimanda alle rispettive politiche, indicate in questa sezione, per conoscere il periodo di conservazione.<\/p>\n\n<h3 class=\"wp-block-heading\">g) Trasferimenti verso paesi terzi<\/h3>\n\n<p>Noi di BigTranslation, trattiamo i dati dell&#8217;utente all&#8217;interno dello Spazio Economico Europeo e, in generale, stipuliamo contratti con fornitori di servizi che si trovano anche all&#8217;interno dello Spazio Economico Europeo o in paesi in cui sono stati dichiarati adeguati livelli di protezione.<\/p>\n\n<p>Se abbiamo bisogno di utilizzare fornitori di servizi che effettuano trattamenti al di fuori dello Spazio Economico Europeo o in paesi che non sono stati dichiarati dotati di un adeguato livello di protezione, garantiremo la sicurezza e la legittimazione del trattamento dei dati dell&#8217;utente.<\/p>\n\n<p>A tal fine, chiediamo a questi fornitori di servizi le garanzie appropriate in conformit\u00e0 con le disposizioni del Regolamento generale sulla protezione dei dati per garantire che dispongano, ad esempio, di normative aziendali vincolanti che garantiscano la protezione delle informazioni in modo simile a quello stabilito dalle normative europee o che sottoscrivano clausole standard dell&#8217;Unione Europea.<\/p>\n\n<p>Per quanto riguarda le terze parti identificate nella sezione &#8220;Finalit\u00e0 dei cookie e terze parti\/ configurazione e rifiuto dei cookie&#8221;, consultare le rispettive politiche in questa sezione per conoscere i trasferimenti verso paesi terzi che effettuano, se del caso.<\/p>\n\n<h3 class=\"wp-block-heading\">h) Ulteriori informazioni sul trattamento dei dati<\/h3>\n\n<p>Si possono trovare tutte le informazioni sul trattamento dei dati dell&#8217;utente su <a href=\"https:\/\/www.bigtranslation.com\/it\/terms\"><u>https:\/\/www.bigtranslation.com\/terms-and-conditions<\/u><\/a><\/p>\n\n<h3 class=\"wp-block-heading\">i) Revisione della Politica sui Cookie<\/h3>\n\n<p>Esamineremo la politica sui cookie su base annuale, a meno che non vi siano requisiti normativi o requisiti di altra natura che rendano necessario adattare la politica entro un periodo di tempo pi\u00f9 breve. Pertanto, si consiglia agli utenti di leggere regolarmente il suo contenuto.<\/p>\n\n<p>In caso di modifiche significative alla presente Politica sui Cookie, l&#8217;utente sar\u00e0 informato tramite una nota informativa sul sito web.<\/p>\n","protected":false},"excerpt":{"rendered":"<p>1. Cosa sono i cookie? Il nostro sito web www.bigtranslation.com, appartenente a BigTranslation Agency S.L , utilizza cookie e altri file con funzioni simili (di seguito, &#8220;cookie&#8221;) per migliorare la navigazione e ottenere dati statistici sulle visite ottenute. I cookie sono piccoli file di testo che vengono installati sul dispositivo da cui si accede al [&hellip;]<\/p>\n","protected":false},"author":7,"featured_media":0,"parent":0,"menu_order":38,"comment_status":"closed","ping_status":"closed","template":"","meta":{"footnotes":""},"yoast_head":"<!-- This site is optimized with the Yoast SEO plugin v21.8.1 - https:\/\/yoast.com\/wordpress\/plugins\/seo\/ -->\n<title>Politica sui cookie | BigTranslation<\/title>\n<meta name=\"robots\" content=\"index, follow, max-snippet:-1, max-image-preview:large, max-video-preview:-1\" \/>\n<link rel=\"canonical\" href=\"https:\/\/www.bigtranslation.com\/it\/politica-sui-cookie\" \/>\n<meta property=\"og:locale\" content=\"it_IT\" \/>\n<meta property=\"og:type\" content=\"article\" \/>\n<meta property=\"og:title\" content=\"Politica sui cookie | BigTranslation\" \/>\n<meta property=\"og:description\" content=\"1. Cosa sono i cookie? Il nostro sito web www.bigtranslation.com, appartenente a BigTranslation Agency S.L , utilizza cookie e altri file con funzioni simili (di seguito, &#8220;cookie&#8221;) per migliorare la navigazione e ottenere dati statistici sulle visite ottenute. I cookie sono piccoli file di testo che vengono installati sul dispositivo da cui si accede al [&hellip;]\" \/>\n<meta property=\"og:url\" content=\"https:\/\/www.bigtranslation.com\/it\/politica-sui-cookie\" \/>\n<meta property=\"og:site_name\" content=\"BigTranslation\" \/>\n<meta property=\"article:modified_time\" content=\"2024-01-08T09:32:55+00:00\" \/>\n<meta name=\"twitter:card\" content=\"summary_large_image\" \/>\n<meta name=\"twitter:label1\" content=\"Tempo di lettura stimato\" \/>\n\t<meta name=\"twitter:data1\" content=\"3 minuti\" \/>\n<script type=\"application\/ld+json\" class=\"yoast-schema-graph\">{\"@context\":\"https:\/\/schema.org\",\"@graph\":[{\"@type\":\"WebPage\",\"@id\":\"https:\/\/www.bigtranslation.com\/it\/politica-sui-cookie\",\"url\":\"https:\/\/www.bigtranslation.com\/it\/politica-sui-cookie\",\"name\":\"Politica sui cookie | BigTranslation\",\"isPartOf\":{\"@id\":\"https:\/\/www.bigtranslation.com\/it#website\"},\"datePublished\":\"2022-08-22T11:55:01+00:00\",\"dateModified\":\"2024-01-08T09:32:55+00:00\",\"breadcrumb\":{\"@id\":\"https:\/\/www.bigtranslation.com\/it\/politica-sui-cookie#breadcrumb\"},\"inLanguage\":\"it-IT\",\"potentialAction\":[{\"@type\":\"ReadAction\",\"target\":[\"https:\/\/www.bigtranslation.com\/it\/politica-sui-cookie\"]}]},{\"@type\":\"BreadcrumbList\",\"@id\":\"https:\/\/www.bigtranslation.com\/it\/politica-sui-cookie#breadcrumb\",\"itemListElement\":[{\"@type\":\"ListItem\",\"position\":1,\"name\":\"Home\",\"item\":\"https:\/\/www.bigtranslation.com\/it\"},{\"@type\":\"ListItem\",\"position\":2,\"name\":\"Politica sui cookie\"}]},{\"@type\":\"WebSite\",\"@id\":\"https:\/\/www.bigtranslation.com\/it#website\",\"url\":\"https:\/\/www.bigtranslation.com\/it\",\"name\":\"BigTranslation\",\"description\":\"Native and Professional translators\",\"potentialAction\":[{\"@type\":\"SearchAction\",\"target\":{\"@type\":\"EntryPoint\",\"urlTemplate\":\"https:\/\/www.bigtranslation.com\/it?s={search_term_string}\"},\"query-input\":\"required name=search_term_string\"}],\"inLanguage\":\"it-IT\"}]}<\/script>\n<!-- \/ Yoast SEO plugin. -->","yoast_head_json":{"title":"Politica sui cookie | BigTranslation","robots":{"index":"index","follow":"follow","max-snippet":"max-snippet:-1","max-image-preview":"max-image-preview:large","max-video-preview":"max-video-preview:-1"},"canonical":"https:\/\/www.bigtranslation.com\/it\/politica-sui-cookie","og_locale":"it_IT","og_type":"article","og_title":"Politica sui cookie | BigTranslation","og_description":"1. Cosa sono i cookie? Il nostro sito web www.bigtranslation.com, appartenente a BigTranslation Agency S.L , utilizza cookie e altri file con funzioni simili (di seguito, &#8220;cookie&#8221;) per migliorare la navigazione e ottenere dati statistici sulle visite ottenute. I cookie sono piccoli file di testo che vengono installati sul dispositivo da cui si accede al [&hellip;]","og_url":"https:\/\/www.bigtranslation.com\/it\/politica-sui-cookie","og_site_name":"BigTranslation","article_modified_time":"2024-01-08T09:32:55+00:00","twitter_card":"summary_large_image","twitter_misc":{"Tempo di lettura stimato":"3 minuti"},"schema":{"@context":"https:\/\/schema.org","@graph":[{"@type":"WebPage","@id":"https:\/\/www.bigtranslation.com\/it\/politica-sui-cookie","url":"https:\/\/www.bigtranslation.com\/it\/politica-sui-cookie","name":"Politica sui cookie | BigTranslation","isPartOf":{"@id":"https:\/\/www.bigtranslation.com\/it#website"},"datePublished":"2022-08-22T11:55:01+00:00","dateModified":"2024-01-08T09:32:55+00:00","breadcrumb":{"@id":"https:\/\/www.bigtranslation.com\/it\/politica-sui-cookie#breadcrumb"},"inLanguage":"it-IT","potentialAction":[{"@type":"ReadAction","target":["https:\/\/www.bigtranslation.com\/it\/politica-sui-cookie"]}]},{"@type":"BreadcrumbList","@id":"https:\/\/www.bigtranslation.com\/it\/politica-sui-cookie#breadcrumb","itemListElement":[{"@type":"ListItem","position":1,"name":"Home","item":"https:\/\/www.bigtranslation.com\/it"},{"@type":"ListItem","position":2,"name":"Politica sui cookie"}]},{"@type":"WebSite","@id":"https:\/\/www.bigtranslation.com\/it#website","url":"https:\/\/www.bigtranslation.com\/it","name":"BigTranslation","description":"Native and Professional translators","potentialAction":[{"@type":"SearchAction","target":{"@type":"EntryPoint","urlTemplate":"https:\/\/www.bigtranslation.com\/it?s={search_term_string}"},"query-input":"required name=search_term_string"}],"inLanguage":"it-IT"}]}},"acf":[],"amp_enabled":true,"_links":{"self":[{"href":"https:\/\/www.bigtranslation.com\/it\/wp-json\/wp\/v2\/pages\/12728"}],"collection":[{"href":"https:\/\/www.bigtranslation.com\/it\/wp-json\/wp\/v2\/pages"}],"about":[{"href":"https:\/\/www.bigtranslation.com\/it\/wp-json\/wp\/v2\/types\/page"}],"author":[{"embeddable":true,"href":"https:\/\/www.bigtranslation.com\/it\/wp-json\/wp\/v2\/users\/7"}],"replies":[{"embeddable":true,"href":"https:\/\/www.bigtranslation.com\/it\/wp-json\/wp\/v2\/comments?post=12728"}],"version-history":[{"count":3,"href":"https:\/\/www.bigtranslation.com\/it\/wp-json\/wp\/v2\/pages\/12728\/revisions"}],"predecessor-version":[{"id":18037,"href":"https:\/\/www.bigtranslation.com\/it\/wp-json\/wp\/v2\/pages\/12728\/revisions\/18037"}],"wp:attachment":[{"href":"https:\/\/www.bigtranslation.com\/it\/wp-json\/wp\/v2\/media?parent=12728"}],"curies":[{"name":"wp","href":"https:\/\/api.w.org\/{rel}","templated":true}]}}