{"id":12813,"date":"2022-08-24T05:57:26","date_gmt":"2022-08-24T05:57:26","guid":{"rendered":"https:\/\/www.bigtranslation.com\/?page_id=12813"},"modified":"2022-08-24T05:57:27","modified_gmt":"2022-08-24T05:57:27","slug":"avviso-legale","status":"publish","type":"page","link":"https:\/\/www.bigtranslation.com\/it\/avviso-legale","title":{"rendered":"Avviso legale"},"content":{"rendered":"\n<p>Il presente Avviso Legale regola l\u2019accesso, la navigazione e l\u2019utilizzo del sito web <a href=\"https:\/\/www.bigtranslation.com\/\">https:\/\/www.bigtranslation.com\/<\/a> (di seguito il Sito Web).<\/p>\n\n\n\n<p>Le condizioni riportate nel presente Avviso Legale sono integrative nel caso in cui l\u2019azienda stabilisca condizioni specifiche per l\u2019utilizzo e\/o l\u2019accquisto di determinati servizi.<\/p>\n\n\n\n<h2 class=\"wp-block-heading\"><a><\/a> <strong>DIRITTO ALL\u2019INFORMAZIONE<\/strong><\/h2>\n\n\n\n<p>In ottemperanza all\u2019obbligo di informazione previsto dall\u2019articolo 10 della Legge 34\/2002, dell\u201911 luglio, sui Servizi della Societ\u00e0 dell\u2019Informazione e del Commercio Elettronico, vi informiamo che il Sito Web \u00e8 di propriet\u00e0 della societ\u00e0 <strong>BigTranslation (BigTranslation Agency SL)<\/strong>, una societ\u00e0 commerciale di diritto spagnolo, con CIF (codice di identificazione fiscale) B40532194 e sede legale in Av. Paret del Patriarca 15, 46113 Moncada, Valencia, Spagna.<\/p>\n\n\n\n<p>\u00c8 possibile contattarci al seguente indirizzo <a href=\"mailto:info@bigtranslation.com\">info@bigtranslation.com<\/a>.<\/p>\n\n\n\n<h2 class=\"wp-block-heading\"><a><\/a> <strong>UTENTI<\/strong><\/h2>\n\n\n\n<p>L&#8217;accesso e\/o l\u2019utilizzo del Sito Web vi conferisce la condizione di Utente e accettate, a partire da tale accesso e\/o utilizzo, il presente Avviso Legale.<\/p>\n\n\n\n<h2 class=\"wp-block-heading\"><a><\/a> <strong>UTILIZZO DEL SITO WEB<\/strong><\/h2>\n\n\n\n<p>Il Sito Web pu\u00f2 fornire l\u2019accesso a una moltitudine di testi, grafici, disegni, progetti, codici, software, fotografie, musica, video, suoni, database, immagini, espressioni e informazioni (di seguito, \u201cContenuti\u201d) appartenenti alla societ\u00e0 o a terzi a cui l\u2019Utente pu\u00f2 avere accesso.<\/p>\n\n\n\n<p>L\u2019Utente si assume la responsabilit\u00e0 dell\u2019utilizzo del Sito Web. Tale responsabilit\u00e0 si estende a qualsiasi registrazione che possa essere richiesta per accedere al Contenuto o ai servizi forniti dal Sito Web.<\/p>\n\n\n\n<p>L\u2019Utente si impegna a fare un uso appropriato dei Contenuti e dei servizi offerti attraverso il Sito Web e, a titolo esemplificativo ma non esaustivo, a non utilizzarli per (i) svolgere attivit\u00e0 illecite, illegali o contrarie alla buona fede e all\u2019ordine pubblico; (ii) provocare danni ai sistemi fisici e logici del proprietario del Sito Web, dei suoi fornitori o di terzi, (iii) introdurre o diffondere virus informatici o qualsiasi altro sistema fisico o logico che possa essere suscettibile di provocare i suddetti danni.<\/p>\n\n\n\n<h2 class=\"wp-block-heading\"><a><\/a> <strong>PROPRIET\u00c0 INTELLETTUALE<\/strong><\/h2>\n\n\n\n<p>I contenuti di questo Sito Web, compresi, ma non solo, immagini, loghi, grafici, animazioni e testi, in qualsiasi formato, nonch\u00e9 il nome di dominio bigtranslation.com sono di propriet\u00e0 del Titolare. Nel caso di servizi in vendita, il Titolare ha ottenuto l\u2019autorizzazione al loro utilizzo. Questi contenuti sono protetti dalle leggi e dai trattati internazionali sulla propriet\u00e0 intellettuale e industriale, nonch\u00e9 dalle norme che regolano i nomi di dominio.<\/p>\n\n\n\n<p>L\u2019uso di link a questo sito web \u00e8 consentito purch\u00e9 non leda l\u2019immagine e gli interessi del Titolare e in tutti i formati o supporti.<\/p>\n\n\n\n<h2 class=\"wp-block-heading\"><a><\/a> <strong>RESPONSABILIT\u00c0 E GARANZIE<\/strong><\/h2>\n\n\n\n<p>I link che compaiono su questo sito web sono forniti allo scopo di offrire ulteriori informazioni. La loro inclusione non implica l\u2019accettazione di tali contenuti, n\u00e9 l\u2019associazione del Titolare con i responsabili di tali siti web, e pertanto si declina ogni responsabilit\u00e0 in relazione ad essi, nonch\u00e9 per eventuali danni che possano essere causati per qualsiasi motivo al sistema informatico, ai documenti o ai file dell\u2019utente.<\/p>\n\n\n\n<p>Il Titolare non garantisce l\u2019affidabilit\u00e0, la disponibilit\u00e0 o la continuit\u00e0 di questo Sito Web o dei suoi contenuti per motivi tecnici, di sicurezza, di controllo o di manutenzione del servizio, per guasti dovuti al server che ospita i contenuti o ad altri intermediari o fornitori, per attacchi al sistema informatico, o per qualsiasi altra ragione derivante da cause al di fuori del suo controllo, e pertanto declina ogni responsabilit\u00e0, diretta o indiretta, per gli stessi.<\/p>\n\n\n\n<h2 class=\"wp-block-heading\"><a><\/a> <strong>DURATA E MODIFICA<\/strong><\/h2>\n\n\n\n<p>I termini e le condizioni del presente Avviso Legale rimarranno in vigore fino a quando non saranno modificati e BigTranslation potr\u00e0 apportare tali modifiche, che saranno comunicate all\u2019Utente.<\/p>\n\n\n\n<p>BigTranslation pu\u00f2 eliminare, aggiungere o modificare sia i contenuti e i servizi che fornisce, sia il modo in cui sono collocati o presentati. I termini e le condizioni pubblicati al momento dell\u2019accesso dell\u2019utente al Sito Web di BigTranslation sono da intendersi come quelli in vigore.<\/p>\n\n\n\n<p>L\u2019accesso e\/o l\u2019utilizzo del Sito Web sar\u00e0 inteso come accettazione da parte dell\u2019utente dei termini e delle condizioni del presente Avviso legale e, se del caso, di qualsiasi modifica apportata agli stessi.<\/p>\n\n\n\n<h2 class=\"wp-block-heading\"><a><\/a> <strong>COOKIE<\/strong><\/h2>\n\n\n\n<p>L\u2019uso dei cookie \u00e8 necessario per l\u2019utilizzo del nostro Sito Web. I cookie vengono utilizzati per vari scopi (misurazione del servizio, monitoraggio delle vendite, marketing mirato, ecc.); se lo desiderate, potete configurare il vostro browser in modo da essere avvisati sullo schermo della ricezione dei cookie e da impedire l\u2019installazione dei cookie sul vostro disco rigido. Per ulteriori informazioni, consultare le istruzioni e i manuali del browser.<\/p>\n\n\n\n<p><a href=\"https:\/\/www.bigtranslation.com\/it\/politica-sui-cookie\">ULTERIORI INFORMAZIONI SULL\u2019USO DEI COOKIE<\/a><\/p>\n","protected":false},"excerpt":{"rendered":"<p>Il presente Avviso Legale regola l\u2019accesso, la navigazione e l\u2019utilizzo del sito web https:\/\/www.bigtranslation.com\/ (di seguito il Sito Web). Le condizioni riportate nel presente Avviso Legale sono integrative nel caso in cui l\u2019azienda stabilisca condizioni specifiche per l\u2019utilizzo e\/o l\u2019accquisto di determinati servizi. DIRITTO ALL\u2019INFORMAZIONE In ottemperanza all\u2019obbligo di informazione previsto dall\u2019articolo 10 della Legge [&hellip;]<\/p>\n","protected":false},"author":7,"featured_media":0,"parent":0,"menu_order":38,"comment_status":"closed","ping_status":"closed","template":"","meta":{"footnotes":""},"yoast_head":"<!-- This site is optimized with the Yoast SEO plugin v21.8.1 - https:\/\/yoast.com\/wordpress\/plugins\/seo\/ -->\n<title>Avviso legale | BigTranslation<\/title>\n<meta name=\"robots\" content=\"index, follow, max-snippet:-1, max-image-preview:large, max-video-preview:-1\" \/>\n<link rel=\"canonical\" href=\"https:\/\/www.bigtranslation.com\/it\/avviso-legale\" \/>\n<meta property=\"og:locale\" content=\"it_IT\" \/>\n<meta property=\"og:type\" content=\"article\" \/>\n<meta property=\"og:title\" content=\"Avviso legale | BigTranslation\" \/>\n<meta property=\"og:description\" content=\"Il presente Avviso Legale regola l\u2019accesso, la navigazione e l\u2019utilizzo del sito web https:\/\/www.bigtranslation.com\/ (di seguito il Sito Web). Le condizioni riportate nel presente Avviso Legale sono integrative nel caso in cui l\u2019azienda stabilisca condizioni specifiche per l\u2019utilizzo e\/o l\u2019accquisto di determinati servizi. DIRITTO ALL\u2019INFORMAZIONE In ottemperanza all\u2019obbligo di informazione previsto dall\u2019articolo 10 della Legge [&hellip;]\" \/>\n<meta property=\"og:url\" content=\"https:\/\/www.bigtranslation.com\/it\/avviso-legale\" \/>\n<meta property=\"og:site_name\" content=\"BigTranslation\" \/>\n<meta property=\"article:modified_time\" content=\"2022-08-24T05:57:27+00:00\" \/>\n<meta name=\"twitter:card\" content=\"summary_large_image\" \/>\n<meta name=\"twitter:label1\" content=\"Tempo di lettura stimato\" \/>\n\t<meta name=\"twitter:data1\" content=\"4 minuti\" \/>\n<script type=\"application\/ld+json\" class=\"yoast-schema-graph\">{\"@context\":\"https:\/\/schema.org\",\"@graph\":[{\"@type\":\"WebPage\",\"@id\":\"https:\/\/www.bigtranslation.com\/it\/avviso-legale\",\"url\":\"https:\/\/www.bigtranslation.com\/it\/avviso-legale\",\"name\":\"Avviso legale | BigTranslation\",\"isPartOf\":{\"@id\":\"https:\/\/www.bigtranslation.com\/it#website\"},\"datePublished\":\"2022-08-24T05:57:26+00:00\",\"dateModified\":\"2022-08-24T05:57:27+00:00\",\"breadcrumb\":{\"@id\":\"https:\/\/www.bigtranslation.com\/it\/avviso-legale#breadcrumb\"},\"inLanguage\":\"it-IT\",\"potentialAction\":[{\"@type\":\"ReadAction\",\"target\":[\"https:\/\/www.bigtranslation.com\/it\/avviso-legale\"]}]},{\"@type\":\"BreadcrumbList\",\"@id\":\"https:\/\/www.bigtranslation.com\/it\/avviso-legale#breadcrumb\",\"itemListElement\":[{\"@type\":\"ListItem\",\"position\":1,\"name\":\"Home\",\"item\":\"https:\/\/www.bigtranslation.com\/it\"},{\"@type\":\"ListItem\",\"position\":2,\"name\":\"Avviso legale\"}]},{\"@type\":\"WebSite\",\"@id\":\"https:\/\/www.bigtranslation.com\/it#website\",\"url\":\"https:\/\/www.bigtranslation.com\/it\",\"name\":\"BigTranslation\",\"description\":\"Native and Professional translators\",\"potentialAction\":[{\"@type\":\"SearchAction\",\"target\":{\"@type\":\"EntryPoint\",\"urlTemplate\":\"https:\/\/www.bigtranslation.com\/it?s={search_term_string}\"},\"query-input\":\"required name=search_term_string\"}],\"inLanguage\":\"it-IT\"}]}<\/script>\n<!-- \/ Yoast SEO plugin. -->","yoast_head_json":{"title":"Avviso legale | BigTranslation","robots":{"index":"index","follow":"follow","max-snippet":"max-snippet:-1","max-image-preview":"max-image-preview:large","max-video-preview":"max-video-preview:-1"},"canonical":"https:\/\/www.bigtranslation.com\/it\/avviso-legale","og_locale":"it_IT","og_type":"article","og_title":"Avviso legale | BigTranslation","og_description":"Il presente Avviso Legale regola l\u2019accesso, la navigazione e l\u2019utilizzo del sito web https:\/\/www.bigtranslation.com\/ (di seguito il Sito Web). Le condizioni riportate nel presente Avviso Legale sono integrative nel caso in cui l\u2019azienda stabilisca condizioni specifiche per l\u2019utilizzo e\/o l\u2019accquisto di determinati servizi. DIRITTO ALL\u2019INFORMAZIONE In ottemperanza all\u2019obbligo di informazione previsto dall\u2019articolo 10 della Legge [&hellip;]","og_url":"https:\/\/www.bigtranslation.com\/it\/avviso-legale","og_site_name":"BigTranslation","article_modified_time":"2022-08-24T05:57:27+00:00","twitter_card":"summary_large_image","twitter_misc":{"Tempo di lettura stimato":"4 minuti"},"schema":{"@context":"https:\/\/schema.org","@graph":[{"@type":"WebPage","@id":"https:\/\/www.bigtranslation.com\/it\/avviso-legale","url":"https:\/\/www.bigtranslation.com\/it\/avviso-legale","name":"Avviso legale | BigTranslation","isPartOf":{"@id":"https:\/\/www.bigtranslation.com\/it#website"},"datePublished":"2022-08-24T05:57:26+00:00","dateModified":"2022-08-24T05:57:27+00:00","breadcrumb":{"@id":"https:\/\/www.bigtranslation.com\/it\/avviso-legale#breadcrumb"},"inLanguage":"it-IT","potentialAction":[{"@type":"ReadAction","target":["https:\/\/www.bigtranslation.com\/it\/avviso-legale"]}]},{"@type":"BreadcrumbList","@id":"https:\/\/www.bigtranslation.com\/it\/avviso-legale#breadcrumb","itemListElement":[{"@type":"ListItem","position":1,"name":"Home","item":"https:\/\/www.bigtranslation.com\/it"},{"@type":"ListItem","position":2,"name":"Avviso legale"}]},{"@type":"WebSite","@id":"https:\/\/www.bigtranslation.com\/it#website","url":"https:\/\/www.bigtranslation.com\/it","name":"BigTranslation","description":"Native and Professional translators","potentialAction":[{"@type":"SearchAction","target":{"@type":"EntryPoint","urlTemplate":"https:\/\/www.bigtranslation.com\/it?s={search_term_string}"},"query-input":"required name=search_term_string"}],"inLanguage":"it-IT"}]}},"acf":[],"amp_enabled":true,"_links":{"self":[{"href":"https:\/\/www.bigtranslation.com\/it\/wp-json\/wp\/v2\/pages\/12813"}],"collection":[{"href":"https:\/\/www.bigtranslation.com\/it\/wp-json\/wp\/v2\/pages"}],"about":[{"href":"https:\/\/www.bigtranslation.com\/it\/wp-json\/wp\/v2\/types\/page"}],"author":[{"embeddable":true,"href":"https:\/\/www.bigtranslation.com\/it\/wp-json\/wp\/v2\/users\/7"}],"replies":[{"embeddable":true,"href":"https:\/\/www.bigtranslation.com\/it\/wp-json\/wp\/v2\/comments?post=12813"}],"version-history":[{"count":1,"href":"https:\/\/www.bigtranslation.com\/it\/wp-json\/wp\/v2\/pages\/12813\/revisions"}],"predecessor-version":[{"id":12815,"href":"https:\/\/www.bigtranslation.com\/it\/wp-json\/wp\/v2\/pages\/12813\/revisions\/12815"}],"wp:attachment":[{"href":"https:\/\/www.bigtranslation.com\/it\/wp-json\/wp\/v2\/media?parent=12813"}],"curies":[{"name":"wp","href":"https:\/\/api.w.org\/{rel}","templated":true}]}}