{"id":2069,"date":"2021-04-16T09:36:36","date_gmt":"2021-04-16T09:36:36","guid":{"rendered":"https:\/\/www.bigtranslation.com\/home\/"},"modified":"2022-02-21T07:19:03","modified_gmt":"2022-02-21T07:19:03","slug":"home","status":"publish","type":"page","link":"https:\/\/www.bigtranslation.com\/lt","title":{"rendered":"Vertim\u0173 biuras"},"content":{"rendered":"","protected":false},"excerpt":{"rendered":"","protected":false},"author":1,"featured_media":0,"parent":0,"menu_order":0,"comment_status":"closed","ping_status":"closed","template":"page-templates\/template-home.php","meta":{"footnotes":""},"yoast_head":"<!-- This site is optimized with the Yoast SEO plugin v21.8.1 - https:\/\/yoast.com\/wordpress\/plugins\/seo\/ -->\n<title>Vertim\u0173 biuras| Profesional\u016bs gimtakalbiai vert\u0117jai<\/title>\n<meta name=\"description\" content=\"M\u016bs\u0173 profesionali\u0173 vertim\u0173 biuro vert\u0117jai ver\u010dia i\u0161 ir \u012f visas Europos kalbas. Su\u017einokite daugiau apie m\u016bs\u0173 vertimo paslaug\u0105 dabar.\" \/>\n<meta name=\"robots\" content=\"index, follow, max-snippet:-1, max-image-preview:large, max-video-preview:-1\" \/>\n<link rel=\"canonical\" href=\"https:\/\/www.bigtranslation.com\/lt\" \/>\n<meta property=\"og:locale\" content=\"lt_LT\" \/>\n<meta property=\"og:type\" content=\"article\" \/>\n<meta property=\"og:title\" content=\"Vertim\u0173 biuras| Profesional\u016bs gimtakalbiai vert\u0117jai\" \/>\n<meta property=\"og:description\" content=\"M\u016bs\u0173 profesionali\u0173 vertim\u0173 biuro vert\u0117jai ver\u010dia i\u0161 ir \u012f visas Europos kalbas. Su\u017einokite daugiau apie m\u016bs\u0173 vertimo paslaug\u0105 dabar.\" \/>\n<meta property=\"og:url\" content=\"https:\/\/www.bigtranslation.com\/lt\" \/>\n<meta property=\"og:site_name\" content=\"BigTranslation\" \/>\n<meta property=\"article:modified_time\" content=\"2022-02-21T07:19:03+00:00\" \/>\n<meta name=\"twitter:card\" content=\"summary_large_image\" \/>\n<script type=\"application\/ld+json\" class=\"yoast-schema-graph\">{\"@context\":\"https:\/\/schema.org\",\"@graph\":[{\"@type\":\"WebPage\",\"@id\":\"https:\/\/www.bigtranslation.com\/lt\",\"url\":\"https:\/\/www.bigtranslation.com\/lt\",\"name\":\"Vertim\u0173 biuras| Profesional\u016bs gimtakalbiai vert\u0117jai\",\"isPartOf\":{\"@id\":\"https:\/\/www.bigtranslation.com\/lt#website\"},\"datePublished\":\"2021-04-16T09:36:36+00:00\",\"dateModified\":\"2022-02-21T07:19:03+00:00\",\"description\":\"M\u016bs\u0173 profesionali\u0173 vertim\u0173 biuro vert\u0117jai ver\u010dia i\u0161 ir \u012f visas Europos kalbas. Su\u017einokite daugiau apie m\u016bs\u0173 vertimo paslaug\u0105 dabar.\",\"breadcrumb\":{\"@id\":\"https:\/\/www.bigtranslation.com\/lt#breadcrumb\"},\"inLanguage\":\"lt-LT\",\"potentialAction\":[{\"@type\":\"ReadAction\",\"target\":[\"https:\/\/www.bigtranslation.com\/lt\"]}]},{\"@type\":\"BreadcrumbList\",\"@id\":\"https:\/\/www.bigtranslation.com\/lt#breadcrumb\",\"itemListElement\":[{\"@type\":\"ListItem\",\"position\":1,\"name\":\"Home\",\"item\":\"https:\/\/www.bigtranslation.com\/lt\"},{\"@type\":\"ListItem\",\"position\":2,\"name\":\"Vertim\u0173 biuras\"}]},{\"@type\":\"WebSite\",\"@id\":\"https:\/\/www.bigtranslation.com\/lt#website\",\"url\":\"https:\/\/www.bigtranslation.com\/lt\",\"name\":\"BigTranslation\",\"description\":\"Native and Professional translators\",\"potentialAction\":[{\"@type\":\"SearchAction\",\"target\":{\"@type\":\"EntryPoint\",\"urlTemplate\":\"https:\/\/www.bigtranslation.com\/lt?s={search_term_string}\"},\"query-input\":\"required name=search_term_string\"}],\"inLanguage\":\"lt-LT\"}]}<\/script>\n<!-- \/ Yoast SEO plugin. -->","yoast_head_json":{"title":"Vertim\u0173 biuras| Profesional\u016bs gimtakalbiai vert\u0117jai","description":"M\u016bs\u0173 profesionali\u0173 vertim\u0173 biuro vert\u0117jai ver\u010dia i\u0161 ir \u012f visas Europos kalbas. Su\u017einokite daugiau apie m\u016bs\u0173 vertimo paslaug\u0105 dabar.","robots":{"index":"index","follow":"follow","max-snippet":"max-snippet:-1","max-image-preview":"max-image-preview:large","max-video-preview":"max-video-preview:-1"},"canonical":"https:\/\/www.bigtranslation.com\/lt","og_locale":"lt_LT","og_type":"article","og_title":"Vertim\u0173 biuras| Profesional\u016bs gimtakalbiai vert\u0117jai","og_description":"M\u016bs\u0173 profesionali\u0173 vertim\u0173 biuro vert\u0117jai ver\u010dia i\u0161 ir \u012f visas Europos kalbas. Su\u017einokite daugiau apie m\u016bs\u0173 vertimo paslaug\u0105 dabar.","og_url":"https:\/\/www.bigtranslation.com\/lt","og_site_name":"BigTranslation","article_modified_time":"2022-02-21T07:19:03+00:00","twitter_card":"summary_large_image","schema":{"@context":"https:\/\/schema.org","@graph":[{"@type":"WebPage","@id":"https:\/\/www.bigtranslation.com\/lt","url":"https:\/\/www.bigtranslation.com\/lt","name":"Vertim\u0173 biuras| Profesional\u016bs gimtakalbiai vert\u0117jai","isPartOf":{"@id":"https:\/\/www.bigtranslation.com\/lt#website"},"datePublished":"2021-04-16T09:36:36+00:00","dateModified":"2022-02-21T07:19:03+00:00","description":"M\u016bs\u0173 profesionali\u0173 vertim\u0173 biuro vert\u0117jai ver\u010dia i\u0161 ir \u012f visas Europos kalbas. Su\u017einokite daugiau apie m\u016bs\u0173 vertimo paslaug\u0105 dabar.","breadcrumb":{"@id":"https:\/\/www.bigtranslation.com\/lt#breadcrumb"},"inLanguage":"lt-LT","potentialAction":[{"@type":"ReadAction","target":["https:\/\/www.bigtranslation.com\/lt"]}]},{"@type":"BreadcrumbList","@id":"https:\/\/www.bigtranslation.com\/lt#breadcrumb","itemListElement":[{"@type":"ListItem","position":1,"name":"Home","item":"https:\/\/www.bigtranslation.com\/lt"},{"@type":"ListItem","position":2,"name":"Vertim\u0173 biuras"}]},{"@type":"WebSite","@id":"https:\/\/www.bigtranslation.com\/lt#website","url":"https:\/\/www.bigtranslation.com\/lt","name":"BigTranslation","description":"Native and Professional translators","potentialAction":[{"@type":"SearchAction","target":{"@type":"EntryPoint","urlTemplate":"https:\/\/www.bigtranslation.com\/lt?s={search_term_string}"},"query-input":"required name=search_term_string"}],"inLanguage":"lt-LT"}]}},"acf":[],"amp_enabled":true,"_links":{"self":[{"href":"https:\/\/www.bigtranslation.com\/lt\/wp-json\/wp\/v2\/pages\/2069"}],"collection":[{"href":"https:\/\/www.bigtranslation.com\/lt\/wp-json\/wp\/v2\/pages"}],"about":[{"href":"https:\/\/www.bigtranslation.com\/lt\/wp-json\/wp\/v2\/types\/page"}],"author":[{"embeddable":true,"href":"https:\/\/www.bigtranslation.com\/lt\/wp-json\/wp\/v2\/users\/1"}],"replies":[{"embeddable":true,"href":"https:\/\/www.bigtranslation.com\/lt\/wp-json\/wp\/v2\/comments?post=2069"}],"version-history":[{"count":1,"href":"https:\/\/www.bigtranslation.com\/lt\/wp-json\/wp\/v2\/pages\/2069\/revisions"}],"predecessor-version":[{"id":2074,"href":"https:\/\/www.bigtranslation.com\/lt\/wp-json\/wp\/v2\/pages\/2069\/revisions\/2074"}],"wp:attachment":[{"href":"https:\/\/www.bigtranslation.com\/lt\/wp-json\/wp\/v2\/media?parent=2069"}],"curies":[{"name":"wp","href":"https:\/\/api.w.org\/{rel}","templated":true}]}}