{"id":2106,"date":"2021-06-14T09:08:05","date_gmt":"2021-06-14T09:08:05","guid":{"rendered":"https:\/\/www.bigtranslation.com\/translation-services\/"},"modified":"2021-09-13T10:51:49","modified_gmt":"2021-09-13T10:51:49","slug":"vertimo-paslaugos","status":"publish","type":"page","link":"https:\/\/www.bigtranslation.com\/lt\/vertimo-paslaugos","title":{"rendered":"Vertimo paslaugos"},"content":{"rendered":"","protected":false},"excerpt":{"rendered":"","protected":false},"author":1,"featured_media":0,"parent":0,"menu_order":1,"comment_status":"closed","ping_status":"closed","template":"page-templates\/template-translation-services.php","meta":{"footnotes":""},"yoast_head":"<!-- This site is optimized with the Yoast SEO plugin v21.8.1 - https:\/\/yoast.com\/wordpress\/plugins\/seo\/ -->\n<title>Vertimo paslaugos | Vertim\u0173 biuras<\/title>\n<meta name=\"description\" content=\"Visas m\u016bs\u0173 vertim\u0173 biuro paslaugas teikia profesional\u016bs gimtakalbiai vert\u0117jai. Pasidom\u0117kite m\u016bs\u0173 teikiamomis paslaugomis!\" \/>\n<meta name=\"robots\" content=\"index, follow, max-snippet:-1, max-image-preview:large, max-video-preview:-1\" \/>\n<link rel=\"canonical\" href=\"https:\/\/www.bigtranslation.com\/lt\/vertimo-paslaugos\" \/>\n<meta property=\"og:locale\" content=\"lt_LT\" \/>\n<meta property=\"og:type\" content=\"article\" \/>\n<meta property=\"og:title\" content=\"Vertimo paslaugos | Vertim\u0173 biuras\" \/>\n<meta property=\"og:description\" content=\"Visas m\u016bs\u0173 vertim\u0173 biuro paslaugas teikia profesional\u016bs gimtakalbiai vert\u0117jai. Pasidom\u0117kite m\u016bs\u0173 teikiamomis paslaugomis!\" \/>\n<meta property=\"og:url\" content=\"https:\/\/www.bigtranslation.com\/lt\/vertimo-paslaugos\" \/>\n<meta property=\"og:site_name\" content=\"BigTranslation\" \/>\n<meta property=\"article:modified_time\" content=\"2021-09-13T10:51:49+00:00\" \/>\n<meta name=\"twitter:card\" content=\"summary_large_image\" \/>\n<script type=\"application\/ld+json\" class=\"yoast-schema-graph\">{\"@context\":\"https:\/\/schema.org\",\"@graph\":[{\"@type\":\"WebPage\",\"@id\":\"https:\/\/www.bigtranslation.com\/lt\/vertimo-paslaugos\",\"url\":\"https:\/\/www.bigtranslation.com\/lt\/vertimo-paslaugos\",\"name\":\"Vertimo paslaugos | Vertim\u0173 biuras\",\"isPartOf\":{\"@id\":\"https:\/\/www.bigtranslation.com\/lt#website\"},\"datePublished\":\"2021-06-14T09:08:05+00:00\",\"dateModified\":\"2021-09-13T10:51:49+00:00\",\"description\":\"Visas m\u016bs\u0173 vertim\u0173 biuro paslaugas teikia profesional\u016bs gimtakalbiai vert\u0117jai. Pasidom\u0117kite m\u016bs\u0173 teikiamomis paslaugomis!\",\"breadcrumb\":{\"@id\":\"https:\/\/www.bigtranslation.com\/lt\/vertimo-paslaugos#breadcrumb\"},\"inLanguage\":\"lt-LT\",\"potentialAction\":[{\"@type\":\"ReadAction\",\"target\":[\"https:\/\/www.bigtranslation.com\/lt\/vertimo-paslaugos\"]}]},{\"@type\":\"BreadcrumbList\",\"@id\":\"https:\/\/www.bigtranslation.com\/lt\/vertimo-paslaugos#breadcrumb\",\"itemListElement\":[{\"@type\":\"ListItem\",\"position\":1,\"name\":\"Home\",\"item\":\"https:\/\/www.bigtranslation.com\/lt\"},{\"@type\":\"ListItem\",\"position\":2,\"name\":\"Vertimo paslaugos\"}]},{\"@type\":\"WebSite\",\"@id\":\"https:\/\/www.bigtranslation.com\/lt#website\",\"url\":\"https:\/\/www.bigtranslation.com\/lt\",\"name\":\"BigTranslation\",\"description\":\"Native and Professional translators\",\"potentialAction\":[{\"@type\":\"SearchAction\",\"target\":{\"@type\":\"EntryPoint\",\"urlTemplate\":\"https:\/\/www.bigtranslation.com\/lt?s={search_term_string}\"},\"query-input\":\"required name=search_term_string\"}],\"inLanguage\":\"lt-LT\"}]}<\/script>\n<!-- \/ Yoast SEO plugin. -->","yoast_head_json":{"title":"Vertimo paslaugos | Vertim\u0173 biuras","description":"Visas m\u016bs\u0173 vertim\u0173 biuro paslaugas teikia profesional\u016bs gimtakalbiai vert\u0117jai. Pasidom\u0117kite m\u016bs\u0173 teikiamomis paslaugomis!","robots":{"index":"index","follow":"follow","max-snippet":"max-snippet:-1","max-image-preview":"max-image-preview:large","max-video-preview":"max-video-preview:-1"},"canonical":"https:\/\/www.bigtranslation.com\/lt\/vertimo-paslaugos","og_locale":"lt_LT","og_type":"article","og_title":"Vertimo paslaugos | Vertim\u0173 biuras","og_description":"Visas m\u016bs\u0173 vertim\u0173 biuro paslaugas teikia profesional\u016bs gimtakalbiai vert\u0117jai. Pasidom\u0117kite m\u016bs\u0173 teikiamomis paslaugomis!","og_url":"https:\/\/www.bigtranslation.com\/lt\/vertimo-paslaugos","og_site_name":"BigTranslation","article_modified_time":"2021-09-13T10:51:49+00:00","twitter_card":"summary_large_image","schema":{"@context":"https:\/\/schema.org","@graph":[{"@type":"WebPage","@id":"https:\/\/www.bigtranslation.com\/lt\/vertimo-paslaugos","url":"https:\/\/www.bigtranslation.com\/lt\/vertimo-paslaugos","name":"Vertimo paslaugos | Vertim\u0173 biuras","isPartOf":{"@id":"https:\/\/www.bigtranslation.com\/lt#website"},"datePublished":"2021-06-14T09:08:05+00:00","dateModified":"2021-09-13T10:51:49+00:00","description":"Visas m\u016bs\u0173 vertim\u0173 biuro paslaugas teikia profesional\u016bs gimtakalbiai vert\u0117jai. Pasidom\u0117kite m\u016bs\u0173 teikiamomis paslaugomis!","breadcrumb":{"@id":"https:\/\/www.bigtranslation.com\/lt\/vertimo-paslaugos#breadcrumb"},"inLanguage":"lt-LT","potentialAction":[{"@type":"ReadAction","target":["https:\/\/www.bigtranslation.com\/lt\/vertimo-paslaugos"]}]},{"@type":"BreadcrumbList","@id":"https:\/\/www.bigtranslation.com\/lt\/vertimo-paslaugos#breadcrumb","itemListElement":[{"@type":"ListItem","position":1,"name":"Home","item":"https:\/\/www.bigtranslation.com\/lt"},{"@type":"ListItem","position":2,"name":"Vertimo paslaugos"}]},{"@type":"WebSite","@id":"https:\/\/www.bigtranslation.com\/lt#website","url":"https:\/\/www.bigtranslation.com\/lt","name":"BigTranslation","description":"Native and Professional translators","potentialAction":[{"@type":"SearchAction","target":{"@type":"EntryPoint","urlTemplate":"https:\/\/www.bigtranslation.com\/lt?s={search_term_string}"},"query-input":"required name=search_term_string"}],"inLanguage":"lt-LT"}]}},"acf":[],"amp_enabled":true,"_links":{"self":[{"href":"https:\/\/www.bigtranslation.com\/lt\/wp-json\/wp\/v2\/pages\/2106"}],"collection":[{"href":"https:\/\/www.bigtranslation.com\/lt\/wp-json\/wp\/v2\/pages"}],"about":[{"href":"https:\/\/www.bigtranslation.com\/lt\/wp-json\/wp\/v2\/types\/page"}],"author":[{"embeddable":true,"href":"https:\/\/www.bigtranslation.com\/lt\/wp-json\/wp\/v2\/users\/1"}],"replies":[{"embeddable":true,"href":"https:\/\/www.bigtranslation.com\/lt\/wp-json\/wp\/v2\/comments?post=2106"}],"version-history":[{"count":2,"href":"https:\/\/www.bigtranslation.com\/lt\/wp-json\/wp\/v2\/pages\/2106\/revisions"}],"predecessor-version":[{"id":2113,"href":"https:\/\/www.bigtranslation.com\/lt\/wp-json\/wp\/v2\/pages\/2106\/revisions\/2113"}],"wp:attachment":[{"href":"https:\/\/www.bigtranslation.com\/lt\/wp-json\/wp\/v2\/media?parent=2106"}],"curies":[{"name":"wp","href":"https:\/\/api.w.org\/{rel}","templated":true}]}}