{"id":2307,"date":"2021-07-01T07:10:11","date_gmt":"2021-07-01T07:10:11","guid":{"rendered":"https:\/\/www.bigtranslation.com\/languages\/"},"modified":"2021-09-14T08:04:48","modified_gmt":"2021-09-14T08:04:48","slug":"kalbos","status":"publish","type":"page","link":"https:\/\/www.bigtranslation.com\/lt\/kalbos","title":{"rendered":"Kalb\u0173 deriniai"},"content":{"rendered":"","protected":false},"excerpt":{"rendered":"","protected":false},"author":1,"featured_media":0,"parent":0,"menu_order":3,"comment_status":"closed","ping_status":"closed","template":"page-templates\/template-language-combinations.php","meta":{"footnotes":""},"yoast_head":"<!-- This site is optimized with the Yoast SEO plugin v21.8.1 - https:\/\/yoast.com\/wordpress\/plugins\/seo\/ -->\n<title>Kalb\u0173 deriniai | Vertim\u0173 biuras<\/title>\n<meta name=\"description\" content=\"\u010cia rasite visas kalbas, \u012f kurias ver\u010diame: angl\u0173, pranc\u016bz\u0173 ispan\u0173, ital\u0173, vokie\u010di\u0173 ir t.t. Ver\u010diame \u012f visas Europos kalbas.\" \/>\n<meta name=\"robots\" content=\"index, follow, max-snippet:-1, max-image-preview:large, max-video-preview:-1\" \/>\n<link rel=\"canonical\" href=\"https:\/\/www.bigtranslation.com\/lt\/kalbos\" \/>\n<meta property=\"og:locale\" content=\"lt_LT\" \/>\n<meta property=\"og:type\" content=\"article\" \/>\n<meta property=\"og:title\" content=\"Kalb\u0173 deriniai | Vertim\u0173 biuras\" \/>\n<meta property=\"og:description\" content=\"\u010cia rasite visas kalbas, \u012f kurias ver\u010diame: angl\u0173, pranc\u016bz\u0173 ispan\u0173, ital\u0173, vokie\u010di\u0173 ir t.t. Ver\u010diame \u012f visas Europos kalbas.\" \/>\n<meta property=\"og:url\" content=\"https:\/\/www.bigtranslation.com\/lt\/kalbos\" \/>\n<meta property=\"og:site_name\" content=\"BigTranslation\" \/>\n<meta property=\"article:modified_time\" content=\"2021-09-14T08:04:48+00:00\" \/>\n<meta name=\"twitter:card\" content=\"summary_large_image\" \/>\n<script type=\"application\/ld+json\" class=\"yoast-schema-graph\">{\"@context\":\"https:\/\/schema.org\",\"@graph\":[{\"@type\":\"WebPage\",\"@id\":\"https:\/\/www.bigtranslation.com\/lt\/kalbos\",\"url\":\"https:\/\/www.bigtranslation.com\/lt\/kalbos\",\"name\":\"Kalb\u0173 deriniai | Vertim\u0173 biuras\",\"isPartOf\":{\"@id\":\"https:\/\/www.bigtranslation.com\/lt#website\"},\"datePublished\":\"2021-07-01T07:10:11+00:00\",\"dateModified\":\"2021-09-14T08:04:48+00:00\",\"description\":\"\u010cia rasite visas kalbas, \u012f kurias ver\u010diame: angl\u0173, pranc\u016bz\u0173 ispan\u0173, ital\u0173, vokie\u010di\u0173 ir t.t. Ver\u010diame \u012f visas Europos kalbas.\",\"breadcrumb\":{\"@id\":\"https:\/\/www.bigtranslation.com\/lt\/kalbos#breadcrumb\"},\"inLanguage\":\"lt-LT\",\"potentialAction\":[{\"@type\":\"ReadAction\",\"target\":[\"https:\/\/www.bigtranslation.com\/lt\/kalbos\"]}]},{\"@type\":\"BreadcrumbList\",\"@id\":\"https:\/\/www.bigtranslation.com\/lt\/kalbos#breadcrumb\",\"itemListElement\":[{\"@type\":\"ListItem\",\"position\":1,\"name\":\"Home\",\"item\":\"https:\/\/www.bigtranslation.com\/lt\"},{\"@type\":\"ListItem\",\"position\":2,\"name\":\"Kalb\u0173 deriniai\"}]},{\"@type\":\"WebSite\",\"@id\":\"https:\/\/www.bigtranslation.com\/lt#website\",\"url\":\"https:\/\/www.bigtranslation.com\/lt\",\"name\":\"BigTranslation\",\"description\":\"Native and Professional translators\",\"potentialAction\":[{\"@type\":\"SearchAction\",\"target\":{\"@type\":\"EntryPoint\",\"urlTemplate\":\"https:\/\/www.bigtranslation.com\/lt?s={search_term_string}\"},\"query-input\":\"required name=search_term_string\"}],\"inLanguage\":\"lt-LT\"}]}<\/script>\n<!-- \/ Yoast SEO plugin. -->","yoast_head_json":{"title":"Kalb\u0173 deriniai | Vertim\u0173 biuras","description":"\u010cia rasite visas kalbas, \u012f kurias ver\u010diame: angl\u0173, pranc\u016bz\u0173 ispan\u0173, ital\u0173, vokie\u010di\u0173 ir t.t. Ver\u010diame \u012f visas Europos kalbas.","robots":{"index":"index","follow":"follow","max-snippet":"max-snippet:-1","max-image-preview":"max-image-preview:large","max-video-preview":"max-video-preview:-1"},"canonical":"https:\/\/www.bigtranslation.com\/lt\/kalbos","og_locale":"lt_LT","og_type":"article","og_title":"Kalb\u0173 deriniai | Vertim\u0173 biuras","og_description":"\u010cia rasite visas kalbas, \u012f kurias ver\u010diame: angl\u0173, pranc\u016bz\u0173 ispan\u0173, ital\u0173, vokie\u010di\u0173 ir t.t. Ver\u010diame \u012f visas Europos kalbas.","og_url":"https:\/\/www.bigtranslation.com\/lt\/kalbos","og_site_name":"BigTranslation","article_modified_time":"2021-09-14T08:04:48+00:00","twitter_card":"summary_large_image","schema":{"@context":"https:\/\/schema.org","@graph":[{"@type":"WebPage","@id":"https:\/\/www.bigtranslation.com\/lt\/kalbos","url":"https:\/\/www.bigtranslation.com\/lt\/kalbos","name":"Kalb\u0173 deriniai | Vertim\u0173 biuras","isPartOf":{"@id":"https:\/\/www.bigtranslation.com\/lt#website"},"datePublished":"2021-07-01T07:10:11+00:00","dateModified":"2021-09-14T08:04:48+00:00","description":"\u010cia rasite visas kalbas, \u012f kurias ver\u010diame: angl\u0173, pranc\u016bz\u0173 ispan\u0173, ital\u0173, vokie\u010di\u0173 ir t.t. Ver\u010diame \u012f visas Europos kalbas.","breadcrumb":{"@id":"https:\/\/www.bigtranslation.com\/lt\/kalbos#breadcrumb"},"inLanguage":"lt-LT","potentialAction":[{"@type":"ReadAction","target":["https:\/\/www.bigtranslation.com\/lt\/kalbos"]}]},{"@type":"BreadcrumbList","@id":"https:\/\/www.bigtranslation.com\/lt\/kalbos#breadcrumb","itemListElement":[{"@type":"ListItem","position":1,"name":"Home","item":"https:\/\/www.bigtranslation.com\/lt"},{"@type":"ListItem","position":2,"name":"Kalb\u0173 deriniai"}]},{"@type":"WebSite","@id":"https:\/\/www.bigtranslation.com\/lt#website","url":"https:\/\/www.bigtranslation.com\/lt","name":"BigTranslation","description":"Native and Professional translators","potentialAction":[{"@type":"SearchAction","target":{"@type":"EntryPoint","urlTemplate":"https:\/\/www.bigtranslation.com\/lt?s={search_term_string}"},"query-input":"required name=search_term_string"}],"inLanguage":"lt-LT"}]}},"acf":[],"amp_enabled":true,"_links":{"self":[{"href":"https:\/\/www.bigtranslation.com\/lt\/wp-json\/wp\/v2\/pages\/2307"}],"collection":[{"href":"https:\/\/www.bigtranslation.com\/lt\/wp-json\/wp\/v2\/pages"}],"about":[{"href":"https:\/\/www.bigtranslation.com\/lt\/wp-json\/wp\/v2\/types\/page"}],"author":[{"embeddable":true,"href":"https:\/\/www.bigtranslation.com\/lt\/wp-json\/wp\/v2\/users\/1"}],"replies":[{"embeddable":true,"href":"https:\/\/www.bigtranslation.com\/lt\/wp-json\/wp\/v2\/comments?post=2307"}],"version-history":[{"count":1,"href":"https:\/\/www.bigtranslation.com\/lt\/wp-json\/wp\/v2\/pages\/2307\/revisions"}],"predecessor-version":[{"id":2308,"href":"https:\/\/www.bigtranslation.com\/lt\/wp-json\/wp\/v2\/pages\/2307\/revisions\/2308"}],"wp:attachment":[{"href":"https:\/\/www.bigtranslation.com\/lt\/wp-json\/wp\/v2\/media?parent=2307"}],"curies":[{"name":"wp","href":"https:\/\/api.w.org\/{rel}","templated":true}]}}