{"id":2310,"date":"2021-07-12T10:39:18","date_gmt":"2021-07-12T10:39:18","guid":{"rendered":"https:\/\/www.bigtranslation.com\/proofreading\/"},"modified":"2021-09-14T08:15:53","modified_gmt":"2021-09-14T08:15:53","slug":"redagavimas","status":"publish","type":"page","link":"https:\/\/www.bigtranslation.com\/lt\/redagavimas","title":{"rendered":"Gimtakalbiai vert\u0117jai-redaktoriai"},"content":{"rendered":"","protected":false},"excerpt":{"rendered":"","protected":false},"author":1,"featured_media":0,"parent":0,"menu_order":4,"comment_status":"closed","ping_status":"closed","template":"page-templates\/template-proofreading.php","meta":{"footnotes":""},"yoast_head":"<!-- This site is optimized with the Yoast SEO plugin v21.8.1 - https:\/\/yoast.com\/wordpress\/plugins\/seo\/ -->\n<title>Gimtakalbiai vert\u0117jai-redaktoriai | Vertim\u0173 biuras<\/title>\n<meta name=\"description\" content=\"Jei jums reikia nepriekai\u0161tingai atlikt\u0173 profesionali\u0173 gimtakalbi\u0173 vertim\u0173 paslaug\u0173, pasidom\u0117kite m\u016bs\u0173 vert\u0117j\u0173-redaktori\u0173 teikiamomis redagavimo paslaugomis.\" \/>\n<meta name=\"robots\" content=\"index, follow, max-snippet:-1, max-image-preview:large, max-video-preview:-1\" \/>\n<link rel=\"canonical\" href=\"https:\/\/www.bigtranslation.com\/lt\/redagavimas\" \/>\n<meta property=\"og:locale\" content=\"lt_LT\" \/>\n<meta property=\"og:type\" content=\"article\" \/>\n<meta property=\"og:title\" content=\"Gimtakalbiai vert\u0117jai-redaktoriai | Vertim\u0173 biuras\" \/>\n<meta property=\"og:description\" content=\"Jei jums reikia nepriekai\u0161tingai atlikt\u0173 profesionali\u0173 gimtakalbi\u0173 vertim\u0173 paslaug\u0173, pasidom\u0117kite m\u016bs\u0173 vert\u0117j\u0173-redaktori\u0173 teikiamomis redagavimo paslaugomis.\" \/>\n<meta property=\"og:url\" content=\"https:\/\/www.bigtranslation.com\/lt\/redagavimas\" \/>\n<meta property=\"og:site_name\" content=\"BigTranslation\" \/>\n<meta property=\"article:modified_time\" content=\"2021-09-14T08:15:53+00:00\" \/>\n<meta name=\"twitter:card\" content=\"summary_large_image\" \/>\n<script type=\"application\/ld+json\" class=\"yoast-schema-graph\">{\"@context\":\"https:\/\/schema.org\",\"@graph\":[{\"@type\":\"WebPage\",\"@id\":\"https:\/\/www.bigtranslation.com\/lt\/redagavimas\",\"url\":\"https:\/\/www.bigtranslation.com\/lt\/redagavimas\",\"name\":\"Gimtakalbiai vert\u0117jai-redaktoriai | Vertim\u0173 biuras\",\"isPartOf\":{\"@id\":\"https:\/\/www.bigtranslation.com\/lt#website\"},\"datePublished\":\"2021-07-12T10:39:18+00:00\",\"dateModified\":\"2021-09-14T08:15:53+00:00\",\"description\":\"Jei jums reikia nepriekai\u0161tingai atlikt\u0173 profesionali\u0173 gimtakalbi\u0173 vertim\u0173 paslaug\u0173, pasidom\u0117kite m\u016bs\u0173 vert\u0117j\u0173-redaktori\u0173 teikiamomis redagavimo paslaugomis.\",\"breadcrumb\":{\"@id\":\"https:\/\/www.bigtranslation.com\/lt\/redagavimas#breadcrumb\"},\"inLanguage\":\"lt-LT\",\"potentialAction\":[{\"@type\":\"ReadAction\",\"target\":[\"https:\/\/www.bigtranslation.com\/lt\/redagavimas\"]}]},{\"@type\":\"BreadcrumbList\",\"@id\":\"https:\/\/www.bigtranslation.com\/lt\/redagavimas#breadcrumb\",\"itemListElement\":[{\"@type\":\"ListItem\",\"position\":1,\"name\":\"Home\",\"item\":\"https:\/\/www.bigtranslation.com\/lt\"},{\"@type\":\"ListItem\",\"position\":2,\"name\":\"Gimtakalbiai vert\u0117jai-redaktoriai\"}]},{\"@type\":\"WebSite\",\"@id\":\"https:\/\/www.bigtranslation.com\/lt#website\",\"url\":\"https:\/\/www.bigtranslation.com\/lt\",\"name\":\"BigTranslation\",\"description\":\"Native and Professional translators\",\"potentialAction\":[{\"@type\":\"SearchAction\",\"target\":{\"@type\":\"EntryPoint\",\"urlTemplate\":\"https:\/\/www.bigtranslation.com\/lt?s={search_term_string}\"},\"query-input\":\"required name=search_term_string\"}],\"inLanguage\":\"lt-LT\"}]}<\/script>\n<!-- \/ Yoast SEO plugin. -->","yoast_head_json":{"title":"Gimtakalbiai vert\u0117jai-redaktoriai | Vertim\u0173 biuras","description":"Jei jums reikia nepriekai\u0161tingai atlikt\u0173 profesionali\u0173 gimtakalbi\u0173 vertim\u0173 paslaug\u0173, pasidom\u0117kite m\u016bs\u0173 vert\u0117j\u0173-redaktori\u0173 teikiamomis redagavimo paslaugomis.","robots":{"index":"index","follow":"follow","max-snippet":"max-snippet:-1","max-image-preview":"max-image-preview:large","max-video-preview":"max-video-preview:-1"},"canonical":"https:\/\/www.bigtranslation.com\/lt\/redagavimas","og_locale":"lt_LT","og_type":"article","og_title":"Gimtakalbiai vert\u0117jai-redaktoriai | Vertim\u0173 biuras","og_description":"Jei jums reikia nepriekai\u0161tingai atlikt\u0173 profesionali\u0173 gimtakalbi\u0173 vertim\u0173 paslaug\u0173, pasidom\u0117kite m\u016bs\u0173 vert\u0117j\u0173-redaktori\u0173 teikiamomis redagavimo paslaugomis.","og_url":"https:\/\/www.bigtranslation.com\/lt\/redagavimas","og_site_name":"BigTranslation","article_modified_time":"2021-09-14T08:15:53+00:00","twitter_card":"summary_large_image","schema":{"@context":"https:\/\/schema.org","@graph":[{"@type":"WebPage","@id":"https:\/\/www.bigtranslation.com\/lt\/redagavimas","url":"https:\/\/www.bigtranslation.com\/lt\/redagavimas","name":"Gimtakalbiai vert\u0117jai-redaktoriai | Vertim\u0173 biuras","isPartOf":{"@id":"https:\/\/www.bigtranslation.com\/lt#website"},"datePublished":"2021-07-12T10:39:18+00:00","dateModified":"2021-09-14T08:15:53+00:00","description":"Jei jums reikia nepriekai\u0161tingai atlikt\u0173 profesionali\u0173 gimtakalbi\u0173 vertim\u0173 paslaug\u0173, pasidom\u0117kite m\u016bs\u0173 vert\u0117j\u0173-redaktori\u0173 teikiamomis redagavimo paslaugomis.","breadcrumb":{"@id":"https:\/\/www.bigtranslation.com\/lt\/redagavimas#breadcrumb"},"inLanguage":"lt-LT","potentialAction":[{"@type":"ReadAction","target":["https:\/\/www.bigtranslation.com\/lt\/redagavimas"]}]},{"@type":"BreadcrumbList","@id":"https:\/\/www.bigtranslation.com\/lt\/redagavimas#breadcrumb","itemListElement":[{"@type":"ListItem","position":1,"name":"Home","item":"https:\/\/www.bigtranslation.com\/lt"},{"@type":"ListItem","position":2,"name":"Gimtakalbiai vert\u0117jai-redaktoriai"}]},{"@type":"WebSite","@id":"https:\/\/www.bigtranslation.com\/lt#website","url":"https:\/\/www.bigtranslation.com\/lt","name":"BigTranslation","description":"Native and Professional translators","potentialAction":[{"@type":"SearchAction","target":{"@type":"EntryPoint","urlTemplate":"https:\/\/www.bigtranslation.com\/lt?s={search_term_string}"},"query-input":"required name=search_term_string"}],"inLanguage":"lt-LT"}]}},"acf":[],"amp_enabled":true,"_links":{"self":[{"href":"https:\/\/www.bigtranslation.com\/lt\/wp-json\/wp\/v2\/pages\/2310"}],"collection":[{"href":"https:\/\/www.bigtranslation.com\/lt\/wp-json\/wp\/v2\/pages"}],"about":[{"href":"https:\/\/www.bigtranslation.com\/lt\/wp-json\/wp\/v2\/types\/page"}],"author":[{"embeddable":true,"href":"https:\/\/www.bigtranslation.com\/lt\/wp-json\/wp\/v2\/users\/1"}],"replies":[{"embeddable":true,"href":"https:\/\/www.bigtranslation.com\/lt\/wp-json\/wp\/v2\/comments?post=2310"}],"version-history":[{"count":1,"href":"https:\/\/www.bigtranslation.com\/lt\/wp-json\/wp\/v2\/pages\/2310\/revisions"}],"predecessor-version":[{"id":2312,"href":"https:\/\/www.bigtranslation.com\/lt\/wp-json\/wp\/v2\/pages\/2310\/revisions\/2312"}],"wp:attachment":[{"href":"https:\/\/www.bigtranslation.com\/lt\/wp-json\/wp\/v2\/media?parent=2310"}],"curies":[{"name":"wp","href":"https:\/\/api.w.org\/{rel}","templated":true}]}}