{"id":2378,"date":"2021-07-05T06:29:36","date_gmt":"2021-07-05T06:29:36","guid":{"rendered":"https:\/\/www.bigtranslation.com\/transcription\/"},"modified":"2021-09-14T09:49:20","modified_gmt":"2021-09-14T09:49:20","slug":"transkribavimas","status":"publish","type":"page","link":"https:\/\/www.bigtranslation.com\/lt\/transkribavimas","title":{"rendered":"Transkribavimas ir dokument\u0173 vertimas"},"content":{"rendered":"","protected":false},"excerpt":{"rendered":"","protected":false},"author":1,"featured_media":0,"parent":0,"menu_order":8,"comment_status":"closed","ping_status":"closed","template":"page-templates\/template-transcription.php","meta":{"footnotes":""},"yoast_head":"<!-- This site is optimized with the Yoast SEO plugin v21.8.1 - https:\/\/yoast.com\/wordpress\/plugins\/seo\/ -->\n<title>Transkribavimas ir dokument\u0173 vertimas | Profesionalus vertimas<\/title>\n<meta name=\"description\" content=\"M\u016bs\u0173 \u012fmon\u0117 atlieka \u012fvairi\u0173 dokument\u0173 vertimus ir transkripcijas. Su\u017einokite daugiau apie m\u016bs\u0173 profesionalias ir auk\u0161tos kokyb\u0117s vertimo paslaugas.\" \/>\n<meta name=\"robots\" content=\"index, follow, max-snippet:-1, max-image-preview:large, max-video-preview:-1\" \/>\n<link rel=\"canonical\" href=\"https:\/\/www.bigtranslation.com\/lt\/transkribavimas\" \/>\n<meta property=\"og:locale\" content=\"lt_LT\" \/>\n<meta property=\"og:type\" content=\"article\" \/>\n<meta property=\"og:title\" content=\"Transkribavimas ir dokument\u0173 vertimas | Profesionalus vertimas\" \/>\n<meta property=\"og:description\" content=\"M\u016bs\u0173 \u012fmon\u0117 atlieka \u012fvairi\u0173 dokument\u0173 vertimus ir transkripcijas. Su\u017einokite daugiau apie m\u016bs\u0173 profesionalias ir auk\u0161tos kokyb\u0117s vertimo paslaugas.\" \/>\n<meta property=\"og:url\" content=\"https:\/\/www.bigtranslation.com\/lt\/transkribavimas\" \/>\n<meta property=\"og:site_name\" content=\"BigTranslation\" \/>\n<meta property=\"article:modified_time\" content=\"2021-09-14T09:49:20+00:00\" \/>\n<meta name=\"twitter:card\" content=\"summary_large_image\" \/>\n<script type=\"application\/ld+json\" class=\"yoast-schema-graph\">{\"@context\":\"https:\/\/schema.org\",\"@graph\":[{\"@type\":\"WebPage\",\"@id\":\"https:\/\/www.bigtranslation.com\/lt\/transkribavimas\",\"url\":\"https:\/\/www.bigtranslation.com\/lt\/transkribavimas\",\"name\":\"Transkribavimas ir dokument\u0173 vertimas | Profesionalus vertimas\",\"isPartOf\":{\"@id\":\"https:\/\/www.bigtranslation.com\/lt#website\"},\"datePublished\":\"2021-07-05T06:29:36+00:00\",\"dateModified\":\"2021-09-14T09:49:20+00:00\",\"description\":\"M\u016bs\u0173 \u012fmon\u0117 atlieka \u012fvairi\u0173 dokument\u0173 vertimus ir transkripcijas. Su\u017einokite daugiau apie m\u016bs\u0173 profesionalias ir auk\u0161tos kokyb\u0117s vertimo paslaugas.\",\"breadcrumb\":{\"@id\":\"https:\/\/www.bigtranslation.com\/lt\/transkribavimas#breadcrumb\"},\"inLanguage\":\"lt-LT\",\"potentialAction\":[{\"@type\":\"ReadAction\",\"target\":[\"https:\/\/www.bigtranslation.com\/lt\/transkribavimas\"]}]},{\"@type\":\"BreadcrumbList\",\"@id\":\"https:\/\/www.bigtranslation.com\/lt\/transkribavimas#breadcrumb\",\"itemListElement\":[{\"@type\":\"ListItem\",\"position\":1,\"name\":\"Home\",\"item\":\"https:\/\/www.bigtranslation.com\/lt\"},{\"@type\":\"ListItem\",\"position\":2,\"name\":\"Transkribavimas ir dokument\u0173 vertimas\"}]},{\"@type\":\"WebSite\",\"@id\":\"https:\/\/www.bigtranslation.com\/lt#website\",\"url\":\"https:\/\/www.bigtranslation.com\/lt\",\"name\":\"BigTranslation\",\"description\":\"Native and Professional translators\",\"potentialAction\":[{\"@type\":\"SearchAction\",\"target\":{\"@type\":\"EntryPoint\",\"urlTemplate\":\"https:\/\/www.bigtranslation.com\/lt?s={search_term_string}\"},\"query-input\":\"required name=search_term_string\"}],\"inLanguage\":\"lt-LT\"}]}<\/script>\n<!-- \/ Yoast SEO plugin. -->","yoast_head_json":{"title":"Transkribavimas ir dokument\u0173 vertimas | Profesionalus vertimas","description":"M\u016bs\u0173 \u012fmon\u0117 atlieka \u012fvairi\u0173 dokument\u0173 vertimus ir transkripcijas. Su\u017einokite daugiau apie m\u016bs\u0173 profesionalias ir auk\u0161tos kokyb\u0117s vertimo paslaugas.","robots":{"index":"index","follow":"follow","max-snippet":"max-snippet:-1","max-image-preview":"max-image-preview:large","max-video-preview":"max-video-preview:-1"},"canonical":"https:\/\/www.bigtranslation.com\/lt\/transkribavimas","og_locale":"lt_LT","og_type":"article","og_title":"Transkribavimas ir dokument\u0173 vertimas | Profesionalus vertimas","og_description":"M\u016bs\u0173 \u012fmon\u0117 atlieka \u012fvairi\u0173 dokument\u0173 vertimus ir transkripcijas. Su\u017einokite daugiau apie m\u016bs\u0173 profesionalias ir auk\u0161tos kokyb\u0117s vertimo paslaugas.","og_url":"https:\/\/www.bigtranslation.com\/lt\/transkribavimas","og_site_name":"BigTranslation","article_modified_time":"2021-09-14T09:49:20+00:00","twitter_card":"summary_large_image","schema":{"@context":"https:\/\/schema.org","@graph":[{"@type":"WebPage","@id":"https:\/\/www.bigtranslation.com\/lt\/transkribavimas","url":"https:\/\/www.bigtranslation.com\/lt\/transkribavimas","name":"Transkribavimas ir dokument\u0173 vertimas | Profesionalus vertimas","isPartOf":{"@id":"https:\/\/www.bigtranslation.com\/lt#website"},"datePublished":"2021-07-05T06:29:36+00:00","dateModified":"2021-09-14T09:49:20+00:00","description":"M\u016bs\u0173 \u012fmon\u0117 atlieka \u012fvairi\u0173 dokument\u0173 vertimus ir transkripcijas. Su\u017einokite daugiau apie m\u016bs\u0173 profesionalias ir auk\u0161tos kokyb\u0117s vertimo paslaugas.","breadcrumb":{"@id":"https:\/\/www.bigtranslation.com\/lt\/transkribavimas#breadcrumb"},"inLanguage":"lt-LT","potentialAction":[{"@type":"ReadAction","target":["https:\/\/www.bigtranslation.com\/lt\/transkribavimas"]}]},{"@type":"BreadcrumbList","@id":"https:\/\/www.bigtranslation.com\/lt\/transkribavimas#breadcrumb","itemListElement":[{"@type":"ListItem","position":1,"name":"Home","item":"https:\/\/www.bigtranslation.com\/lt"},{"@type":"ListItem","position":2,"name":"Transkribavimas ir dokument\u0173 vertimas"}]},{"@type":"WebSite","@id":"https:\/\/www.bigtranslation.com\/lt#website","url":"https:\/\/www.bigtranslation.com\/lt","name":"BigTranslation","description":"Native and Professional translators","potentialAction":[{"@type":"SearchAction","target":{"@type":"EntryPoint","urlTemplate":"https:\/\/www.bigtranslation.com\/lt?s={search_term_string}"},"query-input":"required name=search_term_string"}],"inLanguage":"lt-LT"}]}},"acf":[],"amp_enabled":true,"_links":{"self":[{"href":"https:\/\/www.bigtranslation.com\/lt\/wp-json\/wp\/v2\/pages\/2378"}],"collection":[{"href":"https:\/\/www.bigtranslation.com\/lt\/wp-json\/wp\/v2\/pages"}],"about":[{"href":"https:\/\/www.bigtranslation.com\/lt\/wp-json\/wp\/v2\/types\/page"}],"author":[{"embeddable":true,"href":"https:\/\/www.bigtranslation.com\/lt\/wp-json\/wp\/v2\/users\/1"}],"replies":[{"embeddable":true,"href":"https:\/\/www.bigtranslation.com\/lt\/wp-json\/wp\/v2\/comments?post=2378"}],"version-history":[{"count":1,"href":"https:\/\/www.bigtranslation.com\/lt\/wp-json\/wp\/v2\/pages\/2378\/revisions"}],"predecessor-version":[{"id":2379,"href":"https:\/\/www.bigtranslation.com\/lt\/wp-json\/wp\/v2\/pages\/2378\/revisions\/2379"}],"wp:attachment":[{"href":"https:\/\/www.bigtranslation.com\/lt\/wp-json\/wp\/v2\/media?parent=2378"}],"curies":[{"name":"wp","href":"https:\/\/api.w.org\/{rel}","templated":true}]}}