{"id":2413,"date":"2021-07-13T06:33:52","date_gmt":"2021-07-13T06:33:52","guid":{"rendered":"https:\/\/www.bigtranslation.com\/interpreting\/"},"modified":"2021-09-14T10:47:57","modified_gmt":"2021-09-14T10:47:57","slug":"vertimas-zodziu","status":"publish","type":"page","link":"https:\/\/www.bigtranslation.com\/lt\/vertimas-zodziu","title":{"rendered":"Vertimai ra\u0161tu ir \u017eod\u017eiu"},"content":{"rendered":"","protected":false},"excerpt":{"rendered":"","protected":false},"author":1,"featured_media":0,"parent":0,"menu_order":11,"comment_status":"closed","ping_status":"closed","template":"page-templates\/template-interpreting.php","meta":{"footnotes":""},"yoast_head":"<!-- This site is optimized with the Yoast SEO plugin v21.8.1 - https:\/\/yoast.com\/wordpress\/plugins\/seo\/ -->\n<title>Vertimai ra\u0161tu ir \u017eod\u017eiu| Profesional\u016bs ir gimtakalbiai vert\u0117jai<\/title>\n<meta name=\"description\" content=\"M\u016bs\u0173 vertimo agent\u016bra, kurioje dirba gimtakalbiai vert\u0117jai, si\u016blo bet koki\u0173 dokument\u0173 vertimo ra\u0161tu ir \u017eod\u017eiu paslaugas.\" \/>\n<meta name=\"robots\" content=\"index, follow, max-snippet:-1, max-image-preview:large, max-video-preview:-1\" \/>\n<link rel=\"canonical\" href=\"https:\/\/www.bigtranslation.com\/lt\/vertimas-zodziu\" \/>\n<meta property=\"og:locale\" content=\"lt_LT\" \/>\n<meta property=\"og:type\" content=\"article\" \/>\n<meta property=\"og:title\" content=\"Vertimai ra\u0161tu ir \u017eod\u017eiu| Profesional\u016bs ir gimtakalbiai vert\u0117jai\" \/>\n<meta property=\"og:description\" content=\"M\u016bs\u0173 vertimo agent\u016bra, kurioje dirba gimtakalbiai vert\u0117jai, si\u016blo bet koki\u0173 dokument\u0173 vertimo ra\u0161tu ir \u017eod\u017eiu paslaugas.\" \/>\n<meta property=\"og:url\" content=\"https:\/\/www.bigtranslation.com\/lt\/vertimas-zodziu\" \/>\n<meta property=\"og:site_name\" content=\"BigTranslation\" \/>\n<meta property=\"article:modified_time\" content=\"2021-09-14T10:47:57+00:00\" \/>\n<meta name=\"twitter:card\" content=\"summary_large_image\" \/>\n<script type=\"application\/ld+json\" class=\"yoast-schema-graph\">{\"@context\":\"https:\/\/schema.org\",\"@graph\":[{\"@type\":\"WebPage\",\"@id\":\"https:\/\/www.bigtranslation.com\/lt\/vertimas-zodziu\",\"url\":\"https:\/\/www.bigtranslation.com\/lt\/vertimas-zodziu\",\"name\":\"Vertimai ra\u0161tu ir \u017eod\u017eiu| Profesional\u016bs ir gimtakalbiai vert\u0117jai\",\"isPartOf\":{\"@id\":\"https:\/\/www.bigtranslation.com\/lt#website\"},\"datePublished\":\"2021-07-13T06:33:52+00:00\",\"dateModified\":\"2021-09-14T10:47:57+00:00\",\"description\":\"M\u016bs\u0173 vertimo agent\u016bra, kurioje dirba gimtakalbiai vert\u0117jai, si\u016blo bet koki\u0173 dokument\u0173 vertimo ra\u0161tu ir \u017eod\u017eiu paslaugas.\",\"breadcrumb\":{\"@id\":\"https:\/\/www.bigtranslation.com\/lt\/vertimas-zodziu#breadcrumb\"},\"inLanguage\":\"lt-LT\",\"potentialAction\":[{\"@type\":\"ReadAction\",\"target\":[\"https:\/\/www.bigtranslation.com\/lt\/vertimas-zodziu\"]}]},{\"@type\":\"BreadcrumbList\",\"@id\":\"https:\/\/www.bigtranslation.com\/lt\/vertimas-zodziu#breadcrumb\",\"itemListElement\":[{\"@type\":\"ListItem\",\"position\":1,\"name\":\"Home\",\"item\":\"https:\/\/www.bigtranslation.com\/lt\"},{\"@type\":\"ListItem\",\"position\":2,\"name\":\"Vertimai ra\u0161tu ir \u017eod\u017eiu\"}]},{\"@type\":\"WebSite\",\"@id\":\"https:\/\/www.bigtranslation.com\/lt#website\",\"url\":\"https:\/\/www.bigtranslation.com\/lt\",\"name\":\"BigTranslation\",\"description\":\"Native and Professional translators\",\"potentialAction\":[{\"@type\":\"SearchAction\",\"target\":{\"@type\":\"EntryPoint\",\"urlTemplate\":\"https:\/\/www.bigtranslation.com\/lt?s={search_term_string}\"},\"query-input\":\"required name=search_term_string\"}],\"inLanguage\":\"lt-LT\"}]}<\/script>\n<!-- \/ Yoast SEO plugin. -->","yoast_head_json":{"title":"Vertimai ra\u0161tu ir \u017eod\u017eiu| Profesional\u016bs ir gimtakalbiai vert\u0117jai","description":"M\u016bs\u0173 vertimo agent\u016bra, kurioje dirba gimtakalbiai vert\u0117jai, si\u016blo bet koki\u0173 dokument\u0173 vertimo ra\u0161tu ir \u017eod\u017eiu paslaugas.","robots":{"index":"index","follow":"follow","max-snippet":"max-snippet:-1","max-image-preview":"max-image-preview:large","max-video-preview":"max-video-preview:-1"},"canonical":"https:\/\/www.bigtranslation.com\/lt\/vertimas-zodziu","og_locale":"lt_LT","og_type":"article","og_title":"Vertimai ra\u0161tu ir \u017eod\u017eiu| Profesional\u016bs ir gimtakalbiai vert\u0117jai","og_description":"M\u016bs\u0173 vertimo agent\u016bra, kurioje dirba gimtakalbiai vert\u0117jai, si\u016blo bet koki\u0173 dokument\u0173 vertimo ra\u0161tu ir \u017eod\u017eiu paslaugas.","og_url":"https:\/\/www.bigtranslation.com\/lt\/vertimas-zodziu","og_site_name":"BigTranslation","article_modified_time":"2021-09-14T10:47:57+00:00","twitter_card":"summary_large_image","schema":{"@context":"https:\/\/schema.org","@graph":[{"@type":"WebPage","@id":"https:\/\/www.bigtranslation.com\/lt\/vertimas-zodziu","url":"https:\/\/www.bigtranslation.com\/lt\/vertimas-zodziu","name":"Vertimai ra\u0161tu ir \u017eod\u017eiu| Profesional\u016bs ir gimtakalbiai vert\u0117jai","isPartOf":{"@id":"https:\/\/www.bigtranslation.com\/lt#website"},"datePublished":"2021-07-13T06:33:52+00:00","dateModified":"2021-09-14T10:47:57+00:00","description":"M\u016bs\u0173 vertimo agent\u016bra, kurioje dirba gimtakalbiai vert\u0117jai, si\u016blo bet koki\u0173 dokument\u0173 vertimo ra\u0161tu ir \u017eod\u017eiu paslaugas.","breadcrumb":{"@id":"https:\/\/www.bigtranslation.com\/lt\/vertimas-zodziu#breadcrumb"},"inLanguage":"lt-LT","potentialAction":[{"@type":"ReadAction","target":["https:\/\/www.bigtranslation.com\/lt\/vertimas-zodziu"]}]},{"@type":"BreadcrumbList","@id":"https:\/\/www.bigtranslation.com\/lt\/vertimas-zodziu#breadcrumb","itemListElement":[{"@type":"ListItem","position":1,"name":"Home","item":"https:\/\/www.bigtranslation.com\/lt"},{"@type":"ListItem","position":2,"name":"Vertimai ra\u0161tu ir \u017eod\u017eiu"}]},{"@type":"WebSite","@id":"https:\/\/www.bigtranslation.com\/lt#website","url":"https:\/\/www.bigtranslation.com\/lt","name":"BigTranslation","description":"Native and Professional translators","potentialAction":[{"@type":"SearchAction","target":{"@type":"EntryPoint","urlTemplate":"https:\/\/www.bigtranslation.com\/lt?s={search_term_string}"},"query-input":"required name=search_term_string"}],"inLanguage":"lt-LT"}]}},"acf":[],"amp_enabled":true,"_links":{"self":[{"href":"https:\/\/www.bigtranslation.com\/lt\/wp-json\/wp\/v2\/pages\/2413"}],"collection":[{"href":"https:\/\/www.bigtranslation.com\/lt\/wp-json\/wp\/v2\/pages"}],"about":[{"href":"https:\/\/www.bigtranslation.com\/lt\/wp-json\/wp\/v2\/types\/page"}],"author":[{"embeddable":true,"href":"https:\/\/www.bigtranslation.com\/lt\/wp-json\/wp\/v2\/users\/1"}],"replies":[{"embeddable":true,"href":"https:\/\/www.bigtranslation.com\/lt\/wp-json\/wp\/v2\/comments?post=2413"}],"version-history":[{"count":2,"href":"https:\/\/www.bigtranslation.com\/lt\/wp-json\/wp\/v2\/pages\/2413\/revisions"}],"predecessor-version":[{"id":2416,"href":"https:\/\/www.bigtranslation.com\/lt\/wp-json\/wp\/v2\/pages\/2413\/revisions\/2416"}],"wp:attachment":[{"href":"https:\/\/www.bigtranslation.com\/lt\/wp-json\/wp\/v2\/media?parent=2413"}],"curies":[{"name":"wp","href":"https:\/\/api.w.org\/{rel}","templated":true}]}}