{"id":2506,"date":"2021-06-10T10:24:26","date_gmt":"2021-06-10T10:24:26","guid":{"rendered":"https:\/\/www.bigtranslation.com\/translation-rates\/"},"modified":"2021-09-14T13:31:16","modified_gmt":"2021-09-14T13:31:16","slug":"kainos","status":"publish","type":"page","link":"https:\/\/www.bigtranslation.com\/lt\/kainos","title":{"rendered":"Vertimo tarifai"},"content":{"rendered":"","protected":false},"excerpt":{"rendered":"","protected":false},"author":1,"featured_media":0,"parent":0,"menu_order":24,"comment_status":"closed","ping_status":"closed","template":"page-templates\/template-rates.php","meta":{"footnotes":""},"yoast_head":"<!-- This site is optimized with the Yoast SEO plugin v21.8.1 - https:\/\/yoast.com\/wordpress\/plugins\/seo\/ -->\n<title>Vertimo tarifai | Vertim\u0173 biuras<\/title>\n<meta name=\"description\" content=\"Pasidom\u0117kite apie j\u016bs\u0173 projekt\u0173 vertim\u0173 poreikius atitinkan\u010dias m\u016bs\u0173 teikiamas paslaugas ir vertim\u0173 kainas. U\u017esakykite vertim\u0173 s\u0105matas be joki\u0173 \u012fsipareigojim\u0173!\" \/>\n<meta name=\"robots\" content=\"index, follow, max-snippet:-1, max-image-preview:large, max-video-preview:-1\" \/>\n<link rel=\"canonical\" href=\"https:\/\/www.bigtranslation.com\/lt\/kainos\" \/>\n<meta property=\"og:locale\" content=\"lt_LT\" \/>\n<meta property=\"og:type\" content=\"article\" \/>\n<meta property=\"og:title\" content=\"Vertimo tarifai | Vertim\u0173 biuras\" \/>\n<meta property=\"og:description\" content=\"Pasidom\u0117kite apie j\u016bs\u0173 projekt\u0173 vertim\u0173 poreikius atitinkan\u010dias m\u016bs\u0173 teikiamas paslaugas ir vertim\u0173 kainas. U\u017esakykite vertim\u0173 s\u0105matas be joki\u0173 \u012fsipareigojim\u0173!\" \/>\n<meta property=\"og:url\" content=\"https:\/\/www.bigtranslation.com\/lt\/kainos\" \/>\n<meta property=\"og:site_name\" content=\"BigTranslation\" \/>\n<meta property=\"article:modified_time\" content=\"2021-09-14T13:31:16+00:00\" \/>\n<meta name=\"twitter:card\" content=\"summary_large_image\" \/>\n<script type=\"application\/ld+json\" class=\"yoast-schema-graph\">{\"@context\":\"https:\/\/schema.org\",\"@graph\":[{\"@type\":\"WebPage\",\"@id\":\"https:\/\/www.bigtranslation.com\/lt\/kainos\",\"url\":\"https:\/\/www.bigtranslation.com\/lt\/kainos\",\"name\":\"Vertimo tarifai | Vertim\u0173 biuras\",\"isPartOf\":{\"@id\":\"https:\/\/www.bigtranslation.com\/lt#website\"},\"datePublished\":\"2021-06-10T10:24:26+00:00\",\"dateModified\":\"2021-09-14T13:31:16+00:00\",\"description\":\"Pasidom\u0117kite apie j\u016bs\u0173 projekt\u0173 vertim\u0173 poreikius atitinkan\u010dias m\u016bs\u0173 teikiamas paslaugas ir vertim\u0173 kainas. U\u017esakykite vertim\u0173 s\u0105matas be joki\u0173 \u012fsipareigojim\u0173!\",\"breadcrumb\":{\"@id\":\"https:\/\/www.bigtranslation.com\/lt\/kainos#breadcrumb\"},\"inLanguage\":\"lt-LT\",\"potentialAction\":[{\"@type\":\"ReadAction\",\"target\":[\"https:\/\/www.bigtranslation.com\/lt\/kainos\"]}]},{\"@type\":\"BreadcrumbList\",\"@id\":\"https:\/\/www.bigtranslation.com\/lt\/kainos#breadcrumb\",\"itemListElement\":[{\"@type\":\"ListItem\",\"position\":1,\"name\":\"Home\",\"item\":\"https:\/\/www.bigtranslation.com\/lt\"},{\"@type\":\"ListItem\",\"position\":2,\"name\":\"Vertimo tarifai\"}]},{\"@type\":\"WebSite\",\"@id\":\"https:\/\/www.bigtranslation.com\/lt#website\",\"url\":\"https:\/\/www.bigtranslation.com\/lt\",\"name\":\"BigTranslation\",\"description\":\"Native and Professional translators\",\"potentialAction\":[{\"@type\":\"SearchAction\",\"target\":{\"@type\":\"EntryPoint\",\"urlTemplate\":\"https:\/\/www.bigtranslation.com\/lt?s={search_term_string}\"},\"query-input\":\"required name=search_term_string\"}],\"inLanguage\":\"lt-LT\"}]}<\/script>\n<!-- \/ Yoast SEO plugin. -->","yoast_head_json":{"title":"Vertimo tarifai | Vertim\u0173 biuras","description":"Pasidom\u0117kite apie j\u016bs\u0173 projekt\u0173 vertim\u0173 poreikius atitinkan\u010dias m\u016bs\u0173 teikiamas paslaugas ir vertim\u0173 kainas. U\u017esakykite vertim\u0173 s\u0105matas be joki\u0173 \u012fsipareigojim\u0173!","robots":{"index":"index","follow":"follow","max-snippet":"max-snippet:-1","max-image-preview":"max-image-preview:large","max-video-preview":"max-video-preview:-1"},"canonical":"https:\/\/www.bigtranslation.com\/lt\/kainos","og_locale":"lt_LT","og_type":"article","og_title":"Vertimo tarifai | Vertim\u0173 biuras","og_description":"Pasidom\u0117kite apie j\u016bs\u0173 projekt\u0173 vertim\u0173 poreikius atitinkan\u010dias m\u016bs\u0173 teikiamas paslaugas ir vertim\u0173 kainas. U\u017esakykite vertim\u0173 s\u0105matas be joki\u0173 \u012fsipareigojim\u0173!","og_url":"https:\/\/www.bigtranslation.com\/lt\/kainos","og_site_name":"BigTranslation","article_modified_time":"2021-09-14T13:31:16+00:00","twitter_card":"summary_large_image","schema":{"@context":"https:\/\/schema.org","@graph":[{"@type":"WebPage","@id":"https:\/\/www.bigtranslation.com\/lt\/kainos","url":"https:\/\/www.bigtranslation.com\/lt\/kainos","name":"Vertimo tarifai | Vertim\u0173 biuras","isPartOf":{"@id":"https:\/\/www.bigtranslation.com\/lt#website"},"datePublished":"2021-06-10T10:24:26+00:00","dateModified":"2021-09-14T13:31:16+00:00","description":"Pasidom\u0117kite apie j\u016bs\u0173 projekt\u0173 vertim\u0173 poreikius atitinkan\u010dias m\u016bs\u0173 teikiamas paslaugas ir vertim\u0173 kainas. U\u017esakykite vertim\u0173 s\u0105matas be joki\u0173 \u012fsipareigojim\u0173!","breadcrumb":{"@id":"https:\/\/www.bigtranslation.com\/lt\/kainos#breadcrumb"},"inLanguage":"lt-LT","potentialAction":[{"@type":"ReadAction","target":["https:\/\/www.bigtranslation.com\/lt\/kainos"]}]},{"@type":"BreadcrumbList","@id":"https:\/\/www.bigtranslation.com\/lt\/kainos#breadcrumb","itemListElement":[{"@type":"ListItem","position":1,"name":"Home","item":"https:\/\/www.bigtranslation.com\/lt"},{"@type":"ListItem","position":2,"name":"Vertimo tarifai"}]},{"@type":"WebSite","@id":"https:\/\/www.bigtranslation.com\/lt#website","url":"https:\/\/www.bigtranslation.com\/lt","name":"BigTranslation","description":"Native and Professional translators","potentialAction":[{"@type":"SearchAction","target":{"@type":"EntryPoint","urlTemplate":"https:\/\/www.bigtranslation.com\/lt?s={search_term_string}"},"query-input":"required name=search_term_string"}],"inLanguage":"lt-LT"}]}},"acf":[],"amp_enabled":true,"_links":{"self":[{"href":"https:\/\/www.bigtranslation.com\/lt\/wp-json\/wp\/v2\/pages\/2506"}],"collection":[{"href":"https:\/\/www.bigtranslation.com\/lt\/wp-json\/wp\/v2\/pages"}],"about":[{"href":"https:\/\/www.bigtranslation.com\/lt\/wp-json\/wp\/v2\/types\/page"}],"author":[{"embeddable":true,"href":"https:\/\/www.bigtranslation.com\/lt\/wp-json\/wp\/v2\/users\/1"}],"replies":[{"embeddable":true,"href":"https:\/\/www.bigtranslation.com\/lt\/wp-json\/wp\/v2\/comments?post=2506"}],"version-history":[{"count":1,"href":"https:\/\/www.bigtranslation.com\/lt\/wp-json\/wp\/v2\/pages\/2506\/revisions"}],"predecessor-version":[{"id":2510,"href":"https:\/\/www.bigtranslation.com\/lt\/wp-json\/wp\/v2\/pages\/2506\/revisions\/2510"}],"wp:attachment":[{"href":"https:\/\/www.bigtranslation.com\/lt\/wp-json\/wp\/v2\/media?parent=2506"}],"curies":[{"name":"wp","href":"https:\/\/api.w.org\/{rel}","templated":true}]}}