{"id":2753,"date":"2021-07-09T11:52:15","date_gmt":"2021-07-09T11:52:15","guid":{"rendered":"https:\/\/www.bigtranslation.com\/vertimas\/italian\/"},"modified":"2021-09-14T15:00:18","modified_gmt":"2021-09-14T15:00:18","slug":"italian","status":"publish","type":"page","link":"https:\/\/www.bigtranslation.com\/lt\/vertimas\/italian","title":{"rendered":"Vertimas \u012f ital\u0173 kalb\u0105"},"content":{"rendered":"","protected":false},"excerpt":{"rendered":"","protected":false},"author":1,"featured_media":0,"parent":2695,"menu_order":100,"comment_status":"closed","ping_status":"closed","template":"page-templates\/template-language.php","meta":{"footnotes":""},"yoast_head":"<!-- This site is optimized with the Yoast SEO plugin v21.8.1 - https:\/\/yoast.com\/wordpress\/plugins\/seo\/ -->\n<title>Vertimas \u012f ital\u0173 kalb\u0105 | BigTranslation<\/title>\n<meta name=\"description\" content=\"Vertimas \u012f ital\u0173 kalb\u0105 | Profesional\u016bs vertimai \u012f \u012fvairias kalbas\" \/>\n<meta name=\"robots\" content=\"index, follow, max-snippet:-1, max-image-preview:large, max-video-preview:-1\" \/>\n<link rel=\"canonical\" href=\"https:\/\/www.bigtranslation.com\/lt\/vertimas\/italian\" \/>\n<meta property=\"og:locale\" content=\"lt_LT\" \/>\n<meta property=\"og:type\" content=\"article\" \/>\n<meta property=\"og:title\" content=\"Vertimas \u012f ital\u0173 kalb\u0105 | BigTranslation\" \/>\n<meta property=\"og:description\" content=\"Vertimas \u012f ital\u0173 kalb\u0105 | Profesional\u016bs vertimai \u012f \u012fvairias kalbas\" \/>\n<meta property=\"og:url\" content=\"https:\/\/www.bigtranslation.com\/lt\/vertimas\/italian\" \/>\n<meta property=\"og:site_name\" content=\"BigTranslation\" \/>\n<meta property=\"article:modified_time\" content=\"2021-09-14T15:00:18+00:00\" \/>\n<meta name=\"twitter:card\" content=\"summary_large_image\" \/>\n<script type=\"application\/ld+json\" class=\"yoast-schema-graph\">{\"@context\":\"https:\/\/schema.org\",\"@graph\":[{\"@type\":\"WebPage\",\"@id\":\"https:\/\/www.bigtranslation.com\/lt\/vertimas\/italian\",\"url\":\"https:\/\/www.bigtranslation.com\/lt\/vertimas\/italian\",\"name\":\"Vertimas \u012f ital\u0173 kalb\u0105 | BigTranslation\",\"isPartOf\":{\"@id\":\"https:\/\/www.bigtranslation.com\/lt#website\"},\"datePublished\":\"2021-07-09T11:52:15+00:00\",\"dateModified\":\"2021-09-14T15:00:18+00:00\",\"description\":\"Vertimas \u012f ital\u0173 kalb\u0105 | Profesional\u016bs vertimai \u012f \u012fvairias kalbas\",\"breadcrumb\":{\"@id\":\"https:\/\/www.bigtranslation.com\/lt\/vertimas\/italian#breadcrumb\"},\"inLanguage\":\"lt-LT\",\"potentialAction\":[{\"@type\":\"ReadAction\",\"target\":[\"https:\/\/www.bigtranslation.com\/lt\/vertimas\/italian\"]}]},{\"@type\":\"BreadcrumbList\",\"@id\":\"https:\/\/www.bigtranslation.com\/lt\/vertimas\/italian#breadcrumb\",\"itemListElement\":[{\"@type\":\"ListItem\",\"position\":1,\"name\":\"Home\",\"item\":\"https:\/\/www.bigtranslation.com\/lt\"},{\"@type\":\"ListItem\",\"position\":2,\"name\":\"Vertimas\",\"item\":\"https:\/\/www.bigtranslation.com\/lt\/vertimas\"},{\"@type\":\"ListItem\",\"position\":3,\"name\":\"Vertimas \u012f ital\u0173 kalb\u0105\"}]},{\"@type\":\"WebSite\",\"@id\":\"https:\/\/www.bigtranslation.com\/lt#website\",\"url\":\"https:\/\/www.bigtranslation.com\/lt\",\"name\":\"BigTranslation\",\"description\":\"Native and Professional translators\",\"potentialAction\":[{\"@type\":\"SearchAction\",\"target\":{\"@type\":\"EntryPoint\",\"urlTemplate\":\"https:\/\/www.bigtranslation.com\/lt?s={search_term_string}\"},\"query-input\":\"required name=search_term_string\"}],\"inLanguage\":\"lt-LT\"}]}<\/script>\n<!-- \/ Yoast SEO plugin. -->","yoast_head_json":{"title":"Vertimas \u012f ital\u0173 kalb\u0105 | BigTranslation","description":"Vertimas \u012f ital\u0173 kalb\u0105 | Profesional\u016bs vertimai \u012f \u012fvairias kalbas","robots":{"index":"index","follow":"follow","max-snippet":"max-snippet:-1","max-image-preview":"max-image-preview:large","max-video-preview":"max-video-preview:-1"},"canonical":"https:\/\/www.bigtranslation.com\/lt\/vertimas\/italian","og_locale":"lt_LT","og_type":"article","og_title":"Vertimas \u012f ital\u0173 kalb\u0105 | BigTranslation","og_description":"Vertimas \u012f ital\u0173 kalb\u0105 | Profesional\u016bs vertimai \u012f \u012fvairias kalbas","og_url":"https:\/\/www.bigtranslation.com\/lt\/vertimas\/italian","og_site_name":"BigTranslation","article_modified_time":"2021-09-14T15:00:18+00:00","twitter_card":"summary_large_image","schema":{"@context":"https:\/\/schema.org","@graph":[{"@type":"WebPage","@id":"https:\/\/www.bigtranslation.com\/lt\/vertimas\/italian","url":"https:\/\/www.bigtranslation.com\/lt\/vertimas\/italian","name":"Vertimas \u012f ital\u0173 kalb\u0105 | BigTranslation","isPartOf":{"@id":"https:\/\/www.bigtranslation.com\/lt#website"},"datePublished":"2021-07-09T11:52:15+00:00","dateModified":"2021-09-14T15:00:18+00:00","description":"Vertimas \u012f ital\u0173 kalb\u0105 | Profesional\u016bs vertimai \u012f \u012fvairias kalbas","breadcrumb":{"@id":"https:\/\/www.bigtranslation.com\/lt\/vertimas\/italian#breadcrumb"},"inLanguage":"lt-LT","potentialAction":[{"@type":"ReadAction","target":["https:\/\/www.bigtranslation.com\/lt\/vertimas\/italian"]}]},{"@type":"BreadcrumbList","@id":"https:\/\/www.bigtranslation.com\/lt\/vertimas\/italian#breadcrumb","itemListElement":[{"@type":"ListItem","position":1,"name":"Home","item":"https:\/\/www.bigtranslation.com\/lt"},{"@type":"ListItem","position":2,"name":"Vertimas","item":"https:\/\/www.bigtranslation.com\/lt\/vertimas"},{"@type":"ListItem","position":3,"name":"Vertimas \u012f ital\u0173 kalb\u0105"}]},{"@type":"WebSite","@id":"https:\/\/www.bigtranslation.com\/lt#website","url":"https:\/\/www.bigtranslation.com\/lt","name":"BigTranslation","description":"Native and Professional translators","potentialAction":[{"@type":"SearchAction","target":{"@type":"EntryPoint","urlTemplate":"https:\/\/www.bigtranslation.com\/lt?s={search_term_string}"},"query-input":"required name=search_term_string"}],"inLanguage":"lt-LT"}]}},"acf":[],"amp_enabled":true,"_links":{"self":[{"href":"https:\/\/www.bigtranslation.com\/lt\/wp-json\/wp\/v2\/pages\/2753"}],"collection":[{"href":"https:\/\/www.bigtranslation.com\/lt\/wp-json\/wp\/v2\/pages"}],"about":[{"href":"https:\/\/www.bigtranslation.com\/lt\/wp-json\/wp\/v2\/types\/page"}],"author":[{"embeddable":true,"href":"https:\/\/www.bigtranslation.com\/lt\/wp-json\/wp\/v2\/users\/1"}],"replies":[{"embeddable":true,"href":"https:\/\/www.bigtranslation.com\/lt\/wp-json\/wp\/v2\/comments?post=2753"}],"version-history":[{"count":1,"href":"https:\/\/www.bigtranslation.com\/lt\/wp-json\/wp\/v2\/pages\/2753\/revisions"}],"predecessor-version":[{"id":2755,"href":"https:\/\/www.bigtranslation.com\/lt\/wp-json\/wp\/v2\/pages\/2753\/revisions\/2755"}],"up":[{"embeddable":true,"href":"https:\/\/www.bigtranslation.com\/lt\/wp-json\/wp\/v2\/pages\/2695"}],"wp:attachment":[{"href":"https:\/\/www.bigtranslation.com\/lt\/wp-json\/wp\/v2\/media?parent=2753"}],"curies":[{"name":"wp","href":"https:\/\/api.w.org\/{rel}","templated":true}]}}