{"id":2789,"date":"2021-07-09T11:57:11","date_gmt":"2021-07-09T11:57:11","guid":{"rendered":"https:\/\/www.bigtranslation.com\/vertimas\/slovenian\/"},"modified":"2021-09-14T15:14:06","modified_gmt":"2021-09-14T15:14:06","slug":"slovenian","status":"publish","type":"page","link":"https:\/\/www.bigtranslation.com\/lt\/vertimas\/slovenian","title":{"rendered":"Slov\u0117n\u0173 kalbos vertimas"},"content":{"rendered":"","protected":false},"excerpt":{"rendered":"","protected":false},"author":1,"featured_media":0,"parent":2695,"menu_order":100,"comment_status":"closed","ping_status":"closed","template":"page-templates\/template-language.php","meta":{"footnotes":""},"yoast_head":"<!-- This site is optimized with the Yoast SEO plugin v21.8.1 - https:\/\/yoast.com\/wordpress\/plugins\/seo\/ -->\n<title>Slov\u0117n\u0173 kalbos vertimas | BigTranslation<\/title>\n<meta name=\"description\" content=\"Slov\u0117n\u0173 kalbos vertimas | Profesional\u016bs vertimai \u012f \u012fvairias kalbas\" \/>\n<meta name=\"robots\" content=\"index, follow, max-snippet:-1, max-image-preview:large, max-video-preview:-1\" \/>\n<link rel=\"canonical\" href=\"https:\/\/www.bigtranslation.com\/lt\/vertimas\/slovenian\" \/>\n<meta property=\"og:locale\" content=\"lt_LT\" \/>\n<meta property=\"og:type\" content=\"article\" \/>\n<meta property=\"og:title\" content=\"Slov\u0117n\u0173 kalbos vertimas | BigTranslation\" \/>\n<meta property=\"og:description\" content=\"Slov\u0117n\u0173 kalbos vertimas | Profesional\u016bs vertimai \u012f \u012fvairias kalbas\" \/>\n<meta property=\"og:url\" content=\"https:\/\/www.bigtranslation.com\/lt\/vertimas\/slovenian\" \/>\n<meta property=\"og:site_name\" content=\"BigTranslation\" \/>\n<meta property=\"article:modified_time\" content=\"2021-09-14T15:14:06+00:00\" \/>\n<meta name=\"twitter:card\" content=\"summary_large_image\" \/>\n<script type=\"application\/ld+json\" class=\"yoast-schema-graph\">{\"@context\":\"https:\/\/schema.org\",\"@graph\":[{\"@type\":\"WebPage\",\"@id\":\"https:\/\/www.bigtranslation.com\/lt\/vertimas\/slovenian\",\"url\":\"https:\/\/www.bigtranslation.com\/lt\/vertimas\/slovenian\",\"name\":\"Slov\u0117n\u0173 kalbos vertimas | BigTranslation\",\"isPartOf\":{\"@id\":\"https:\/\/www.bigtranslation.com\/lt#website\"},\"datePublished\":\"2021-07-09T11:57:11+00:00\",\"dateModified\":\"2021-09-14T15:14:06+00:00\",\"description\":\"Slov\u0117n\u0173 kalbos vertimas | Profesional\u016bs vertimai \u012f \u012fvairias kalbas\",\"breadcrumb\":{\"@id\":\"https:\/\/www.bigtranslation.com\/lt\/vertimas\/slovenian#breadcrumb\"},\"inLanguage\":\"lt-LT\",\"potentialAction\":[{\"@type\":\"ReadAction\",\"target\":[\"https:\/\/www.bigtranslation.com\/lt\/vertimas\/slovenian\"]}]},{\"@type\":\"BreadcrumbList\",\"@id\":\"https:\/\/www.bigtranslation.com\/lt\/vertimas\/slovenian#breadcrumb\",\"itemListElement\":[{\"@type\":\"ListItem\",\"position\":1,\"name\":\"Home\",\"item\":\"https:\/\/www.bigtranslation.com\/lt\"},{\"@type\":\"ListItem\",\"position\":2,\"name\":\"Vertimas\",\"item\":\"https:\/\/www.bigtranslation.com\/lt\/vertimas\"},{\"@type\":\"ListItem\",\"position\":3,\"name\":\"Slov\u0117n\u0173 kalbos vertimas\"}]},{\"@type\":\"WebSite\",\"@id\":\"https:\/\/www.bigtranslation.com\/lt#website\",\"url\":\"https:\/\/www.bigtranslation.com\/lt\",\"name\":\"BigTranslation\",\"description\":\"Native and Professional translators\",\"potentialAction\":[{\"@type\":\"SearchAction\",\"target\":{\"@type\":\"EntryPoint\",\"urlTemplate\":\"https:\/\/www.bigtranslation.com\/lt?s={search_term_string}\"},\"query-input\":\"required name=search_term_string\"}],\"inLanguage\":\"lt-LT\"}]}<\/script>\n<!-- \/ Yoast SEO plugin. -->","yoast_head_json":{"title":"Slov\u0117n\u0173 kalbos vertimas | BigTranslation","description":"Slov\u0117n\u0173 kalbos vertimas | Profesional\u016bs vertimai \u012f \u012fvairias kalbas","robots":{"index":"index","follow":"follow","max-snippet":"max-snippet:-1","max-image-preview":"max-image-preview:large","max-video-preview":"max-video-preview:-1"},"canonical":"https:\/\/www.bigtranslation.com\/lt\/vertimas\/slovenian","og_locale":"lt_LT","og_type":"article","og_title":"Slov\u0117n\u0173 kalbos vertimas | BigTranslation","og_description":"Slov\u0117n\u0173 kalbos vertimas | Profesional\u016bs vertimai \u012f \u012fvairias kalbas","og_url":"https:\/\/www.bigtranslation.com\/lt\/vertimas\/slovenian","og_site_name":"BigTranslation","article_modified_time":"2021-09-14T15:14:06+00:00","twitter_card":"summary_large_image","schema":{"@context":"https:\/\/schema.org","@graph":[{"@type":"WebPage","@id":"https:\/\/www.bigtranslation.com\/lt\/vertimas\/slovenian","url":"https:\/\/www.bigtranslation.com\/lt\/vertimas\/slovenian","name":"Slov\u0117n\u0173 kalbos vertimas | BigTranslation","isPartOf":{"@id":"https:\/\/www.bigtranslation.com\/lt#website"},"datePublished":"2021-07-09T11:57:11+00:00","dateModified":"2021-09-14T15:14:06+00:00","description":"Slov\u0117n\u0173 kalbos vertimas | Profesional\u016bs vertimai \u012f \u012fvairias kalbas","breadcrumb":{"@id":"https:\/\/www.bigtranslation.com\/lt\/vertimas\/slovenian#breadcrumb"},"inLanguage":"lt-LT","potentialAction":[{"@type":"ReadAction","target":["https:\/\/www.bigtranslation.com\/lt\/vertimas\/slovenian"]}]},{"@type":"BreadcrumbList","@id":"https:\/\/www.bigtranslation.com\/lt\/vertimas\/slovenian#breadcrumb","itemListElement":[{"@type":"ListItem","position":1,"name":"Home","item":"https:\/\/www.bigtranslation.com\/lt"},{"@type":"ListItem","position":2,"name":"Vertimas","item":"https:\/\/www.bigtranslation.com\/lt\/vertimas"},{"@type":"ListItem","position":3,"name":"Slov\u0117n\u0173 kalbos vertimas"}]},{"@type":"WebSite","@id":"https:\/\/www.bigtranslation.com\/lt#website","url":"https:\/\/www.bigtranslation.com\/lt","name":"BigTranslation","description":"Native and Professional translators","potentialAction":[{"@type":"SearchAction","target":{"@type":"EntryPoint","urlTemplate":"https:\/\/www.bigtranslation.com\/lt?s={search_term_string}"},"query-input":"required name=search_term_string"}],"inLanguage":"lt-LT"}]}},"acf":[],"amp_enabled":true,"_links":{"self":[{"href":"https:\/\/www.bigtranslation.com\/lt\/wp-json\/wp\/v2\/pages\/2789"}],"collection":[{"href":"https:\/\/www.bigtranslation.com\/lt\/wp-json\/wp\/v2\/pages"}],"about":[{"href":"https:\/\/www.bigtranslation.com\/lt\/wp-json\/wp\/v2\/types\/page"}],"author":[{"embeddable":true,"href":"https:\/\/www.bigtranslation.com\/lt\/wp-json\/wp\/v2\/users\/1"}],"replies":[{"embeddable":true,"href":"https:\/\/www.bigtranslation.com\/lt\/wp-json\/wp\/v2\/comments?post=2789"}],"version-history":[{"count":1,"href":"https:\/\/www.bigtranslation.com\/lt\/wp-json\/wp\/v2\/pages\/2789\/revisions"}],"predecessor-version":[{"id":2790,"href":"https:\/\/www.bigtranslation.com\/lt\/wp-json\/wp\/v2\/pages\/2789\/revisions\/2790"}],"up":[{"embeddable":true,"href":"https:\/\/www.bigtranslation.com\/lt\/wp-json\/wp\/v2\/pages\/2695"}],"wp:attachment":[{"href":"https:\/\/www.bigtranslation.com\/lt\/wp-json\/wp\/v2\/media?parent=2789"}],"curies":[{"name":"wp","href":"https:\/\/api.w.org\/{rel}","templated":true}]}}