{"id":12124,"date":"2022-04-13T07:04:59","date_gmt":"2022-04-13T07:04:59","guid":{"rendered":"https:\/\/www.bigtranslation.com\/translation-chatbots"},"modified":"2022-05-13T11:00:42","modified_gmt":"2022-05-13T11:00:42","slug":"tulkojums-cata-roboti","status":"publish","type":"page","link":"https:\/\/www.bigtranslation.com\/lv\/tulkojums-cata-roboti","title":{"rendered":"\u010cata robota tulkojums"},"content":{"rendered":"","protected":false},"excerpt":{"rendered":"","protected":false},"author":7,"featured_media":0,"parent":0,"menu_order":20,"comment_status":"closed","ping_status":"closed","template":"page-templates\/template-landing-translation.php","meta":{"footnotes":""},"yoast_head":"<!-- This site is optimized with the Yoast SEO plugin v21.8.1 - https:\/\/yoast.com\/wordpress\/plugins\/seo\/ -->\n<title>\u010cata robota teksta tulkojums par lab\u0101ko cenu | BigTranslation<\/title>\n<meta name=\"description\" content=\"M\u0113s tulkojam robota tekstu, lai j\u016bs var\u0113tu sazin\u0101ties ar lietot\u0101jiem no vis\u0101m valst\u012bm vi\u0146u dzimtaj\u0101 valod\u0101. Veiciet parauga piepras\u012bjumu tie\u0161saist\u0113, bez jebk\u0101d\u0101m saist\u012bb\u0101m.\" \/>\n<meta name=\"robots\" content=\"index, follow, max-snippet:-1, max-image-preview:large, max-video-preview:-1\" \/>\n<link rel=\"canonical\" href=\"https:\/\/www.bigtranslation.com\/lv\/tulkojums-cata-roboti\" \/>\n<meta property=\"og:locale\" content=\"lv_LV\" \/>\n<meta property=\"og:type\" content=\"article\" \/>\n<meta property=\"og:title\" content=\"\u010cata robota teksta tulkojums par lab\u0101ko cenu | BigTranslation\" \/>\n<meta property=\"og:description\" content=\"M\u0113s tulkojam robota tekstu, lai j\u016bs var\u0113tu sazin\u0101ties ar lietot\u0101jiem no vis\u0101m valst\u012bm vi\u0146u dzimtaj\u0101 valod\u0101. Veiciet parauga piepras\u012bjumu tie\u0161saist\u0113, bez jebk\u0101d\u0101m saist\u012bb\u0101m.\" \/>\n<meta property=\"og:url\" content=\"https:\/\/www.bigtranslation.com\/lv\/tulkojums-cata-roboti\" \/>\n<meta property=\"og:site_name\" content=\"BigTranslation\" \/>\n<meta property=\"article:modified_time\" content=\"2022-05-13T11:00:42+00:00\" \/>\n<meta name=\"twitter:card\" content=\"summary_large_image\" \/>\n<script type=\"application\/ld+json\" class=\"yoast-schema-graph\">{\"@context\":\"https:\/\/schema.org\",\"@graph\":[{\"@type\":\"WebPage\",\"@id\":\"https:\/\/www.bigtranslation.com\/lv\/tulkojums-cata-roboti\",\"url\":\"https:\/\/www.bigtranslation.com\/lv\/tulkojums-cata-roboti\",\"name\":\"\u010cata robota teksta tulkojums par lab\u0101ko cenu | BigTranslation\",\"isPartOf\":{\"@id\":\"https:\/\/www.bigtranslation.com\/lv#website\"},\"datePublished\":\"2022-04-13T07:04:59+00:00\",\"dateModified\":\"2022-05-13T11:00:42+00:00\",\"description\":\"M\u0113s tulkojam robota tekstu, lai j\u016bs var\u0113tu sazin\u0101ties ar lietot\u0101jiem no vis\u0101m valst\u012bm vi\u0146u dzimtaj\u0101 valod\u0101. Veiciet parauga piepras\u012bjumu tie\u0161saist\u0113, bez jebk\u0101d\u0101m saist\u012bb\u0101m.\",\"breadcrumb\":{\"@id\":\"https:\/\/www.bigtranslation.com\/lv\/tulkojums-cata-roboti#breadcrumb\"},\"inLanguage\":\"lv-LV\",\"potentialAction\":[{\"@type\":\"ReadAction\",\"target\":[\"https:\/\/www.bigtranslation.com\/lv\/tulkojums-cata-roboti\"]}]},{\"@type\":\"BreadcrumbList\",\"@id\":\"https:\/\/www.bigtranslation.com\/lv\/tulkojums-cata-roboti#breadcrumb\",\"itemListElement\":[{\"@type\":\"ListItem\",\"position\":1,\"name\":\"Home\",\"item\":\"https:\/\/www.bigtranslation.com\/lv\"},{\"@type\":\"ListItem\",\"position\":2,\"name\":\"\u010cata robota tulkojums\"}]},{\"@type\":\"WebSite\",\"@id\":\"https:\/\/www.bigtranslation.com\/lv#website\",\"url\":\"https:\/\/www.bigtranslation.com\/lv\",\"name\":\"BigTranslation\",\"description\":\"Native and Professional translators\",\"potentialAction\":[{\"@type\":\"SearchAction\",\"target\":{\"@type\":\"EntryPoint\",\"urlTemplate\":\"https:\/\/www.bigtranslation.com\/lv?s={search_term_string}\"},\"query-input\":\"required name=search_term_string\"}],\"inLanguage\":\"lv-LV\"}]}<\/script>\n<!-- \/ Yoast SEO plugin. -->","yoast_head_json":{"title":"\u010cata robota teksta tulkojums par lab\u0101ko cenu | BigTranslation","description":"M\u0113s tulkojam robota tekstu, lai j\u016bs var\u0113tu sazin\u0101ties ar lietot\u0101jiem no vis\u0101m valst\u012bm vi\u0146u dzimtaj\u0101 valod\u0101. Veiciet parauga piepras\u012bjumu tie\u0161saist\u0113, bez jebk\u0101d\u0101m saist\u012bb\u0101m.","robots":{"index":"index","follow":"follow","max-snippet":"max-snippet:-1","max-image-preview":"max-image-preview:large","max-video-preview":"max-video-preview:-1"},"canonical":"https:\/\/www.bigtranslation.com\/lv\/tulkojums-cata-roboti","og_locale":"lv_LV","og_type":"article","og_title":"\u010cata robota teksta tulkojums par lab\u0101ko cenu | BigTranslation","og_description":"M\u0113s tulkojam robota tekstu, lai j\u016bs var\u0113tu sazin\u0101ties ar lietot\u0101jiem no vis\u0101m valst\u012bm vi\u0146u dzimtaj\u0101 valod\u0101. Veiciet parauga piepras\u012bjumu tie\u0161saist\u0113, bez jebk\u0101d\u0101m saist\u012bb\u0101m.","og_url":"https:\/\/www.bigtranslation.com\/lv\/tulkojums-cata-roboti","og_site_name":"BigTranslation","article_modified_time":"2022-05-13T11:00:42+00:00","twitter_card":"summary_large_image","schema":{"@context":"https:\/\/schema.org","@graph":[{"@type":"WebPage","@id":"https:\/\/www.bigtranslation.com\/lv\/tulkojums-cata-roboti","url":"https:\/\/www.bigtranslation.com\/lv\/tulkojums-cata-roboti","name":"\u010cata robota teksta tulkojums par lab\u0101ko cenu | BigTranslation","isPartOf":{"@id":"https:\/\/www.bigtranslation.com\/lv#website"},"datePublished":"2022-04-13T07:04:59+00:00","dateModified":"2022-05-13T11:00:42+00:00","description":"M\u0113s tulkojam robota tekstu, lai j\u016bs var\u0113tu sazin\u0101ties ar lietot\u0101jiem no vis\u0101m valst\u012bm vi\u0146u dzimtaj\u0101 valod\u0101. Veiciet parauga piepras\u012bjumu tie\u0161saist\u0113, bez jebk\u0101d\u0101m saist\u012bb\u0101m.","breadcrumb":{"@id":"https:\/\/www.bigtranslation.com\/lv\/tulkojums-cata-roboti#breadcrumb"},"inLanguage":"lv-LV","potentialAction":[{"@type":"ReadAction","target":["https:\/\/www.bigtranslation.com\/lv\/tulkojums-cata-roboti"]}]},{"@type":"BreadcrumbList","@id":"https:\/\/www.bigtranslation.com\/lv\/tulkojums-cata-roboti#breadcrumb","itemListElement":[{"@type":"ListItem","position":1,"name":"Home","item":"https:\/\/www.bigtranslation.com\/lv"},{"@type":"ListItem","position":2,"name":"\u010cata robota tulkojums"}]},{"@type":"WebSite","@id":"https:\/\/www.bigtranslation.com\/lv#website","url":"https:\/\/www.bigtranslation.com\/lv","name":"BigTranslation","description":"Native and Professional translators","potentialAction":[{"@type":"SearchAction","target":{"@type":"EntryPoint","urlTemplate":"https:\/\/www.bigtranslation.com\/lv?s={search_term_string}"},"query-input":"required name=search_term_string"}],"inLanguage":"lv-LV"}]}},"acf":[],"amp_enabled":true,"_links":{"self":[{"href":"https:\/\/www.bigtranslation.com\/lv\/wp-json\/wp\/v2\/pages\/12124"}],"collection":[{"href":"https:\/\/www.bigtranslation.com\/lv\/wp-json\/wp\/v2\/pages"}],"about":[{"href":"https:\/\/www.bigtranslation.com\/lv\/wp-json\/wp\/v2\/types\/page"}],"author":[{"embeddable":true,"href":"https:\/\/www.bigtranslation.com\/lv\/wp-json\/wp\/v2\/users\/7"}],"replies":[{"embeddable":true,"href":"https:\/\/www.bigtranslation.com\/lv\/wp-json\/wp\/v2\/comments?post=12124"}],"version-history":[{"count":2,"href":"https:\/\/www.bigtranslation.com\/lv\/wp-json\/wp\/v2\/pages\/12124\/revisions"}],"predecessor-version":[{"id":12128,"href":"https:\/\/www.bigtranslation.com\/lv\/wp-json\/wp\/v2\/pages\/12124\/revisions\/12128"}],"wp:attachment":[{"href":"https:\/\/www.bigtranslation.com\/lv\/wp-json\/wp\/v2\/media?parent=12124"}],"curies":[{"name":"wp","href":"https:\/\/api.w.org\/{rel}","templated":true}]}}