{"id":2086,"date":"2021-04-16T09:36:36","date_gmt":"2021-04-16T09:36:36","guid":{"rendered":"https:\/\/www.bigtranslation.com\/home\/"},"modified":"2021-10-05T05:50:02","modified_gmt":"2021-10-05T05:50:02","slug":"home","status":"publish","type":"page","link":"https:\/\/www.bigtranslation.com\/lv","title":{"rendered":"Tulko\u0161anas a\u0123ent\u016bra"},"content":{"rendered":"","protected":false},"excerpt":{"rendered":"","protected":false},"author":1,"featured_media":0,"parent":0,"menu_order":0,"comment_status":"closed","ping_status":"closed","template":"page-templates\/template-home.php","meta":{"footnotes":""},"yoast_head":"<!-- This site is optimized with the Yoast SEO plugin v21.8.1 - https:\/\/yoast.com\/wordpress\/plugins\/seo\/ -->\n<title>Tulko\u0161anas a\u0123ent\u016bra | Profesion\u0101ls tulks &amp; dzimt\u0101 tulko\u0161ana<\/title>\n<meta name=\"description\" content=\"Tulko\u0161anas a\u0123ent\u016bra, kas specializ\u0113jas SEO un m\u0101jaslapu tulko\u0161an\u0101. M\u0113s veicam steidzamus un ekonomiskus tulkojumus, k\u0101 ar\u012b da\u017e\u0101da veida tulko\u0161anas pakalpojumus.\" \/>\n<meta name=\"robots\" content=\"index, follow, max-snippet:-1, max-image-preview:large, max-video-preview:-1\" \/>\n<link rel=\"canonical\" href=\"https:\/\/www.bigtranslation.com\/lv\" \/>\n<meta property=\"og:locale\" content=\"lv_LV\" \/>\n<meta property=\"og:type\" content=\"article\" \/>\n<meta property=\"og:title\" content=\"Tulko\u0161anas a\u0123ent\u016bra | Profesion\u0101ls tulks &amp; dzimt\u0101 tulko\u0161ana\" \/>\n<meta property=\"og:description\" content=\"Tulko\u0161anas a\u0123ent\u016bra, kas specializ\u0113jas SEO un m\u0101jaslapu tulko\u0161an\u0101. M\u0113s veicam steidzamus un ekonomiskus tulkojumus, k\u0101 ar\u012b da\u017e\u0101da veida tulko\u0161anas pakalpojumus.\" \/>\n<meta property=\"og:url\" content=\"https:\/\/www.bigtranslation.com\/lv\" \/>\n<meta property=\"og:site_name\" content=\"BigTranslation\" \/>\n<meta property=\"article:modified_time\" content=\"2021-10-05T05:50:02+00:00\" \/>\n<meta name=\"twitter:card\" content=\"summary_large_image\" \/>\n<script type=\"application\/ld+json\" class=\"yoast-schema-graph\">{\"@context\":\"https:\/\/schema.org\",\"@graph\":[{\"@type\":\"WebPage\",\"@id\":\"https:\/\/www.bigtranslation.com\/lv\",\"url\":\"https:\/\/www.bigtranslation.com\/lv\",\"name\":\"Tulko\u0161anas a\u0123ent\u016bra | Profesion\u0101ls tulks & dzimt\u0101 tulko\u0161ana\",\"isPartOf\":{\"@id\":\"https:\/\/www.bigtranslation.com\/lv#website\"},\"datePublished\":\"2021-04-16T09:36:36+00:00\",\"dateModified\":\"2021-10-05T05:50:02+00:00\",\"description\":\"Tulko\u0161anas a\u0123ent\u016bra, kas specializ\u0113jas SEO un m\u0101jaslapu tulko\u0161an\u0101. M\u0113s veicam steidzamus un ekonomiskus tulkojumus, k\u0101 ar\u012b da\u017e\u0101da veida tulko\u0161anas pakalpojumus.\",\"breadcrumb\":{\"@id\":\"https:\/\/www.bigtranslation.com\/lv#breadcrumb\"},\"inLanguage\":\"lv-LV\",\"potentialAction\":[{\"@type\":\"ReadAction\",\"target\":[\"https:\/\/www.bigtranslation.com\/lv\"]}]},{\"@type\":\"BreadcrumbList\",\"@id\":\"https:\/\/www.bigtranslation.com\/lv#breadcrumb\",\"itemListElement\":[{\"@type\":\"ListItem\",\"position\":1,\"name\":\"Home\",\"item\":\"https:\/\/www.bigtranslation.com\/lv\"},{\"@type\":\"ListItem\",\"position\":2,\"name\":\"Tulko\u0161anas a\u0123ent\u016bra\"}]},{\"@type\":\"WebSite\",\"@id\":\"https:\/\/www.bigtranslation.com\/lv#website\",\"url\":\"https:\/\/www.bigtranslation.com\/lv\",\"name\":\"BigTranslation\",\"description\":\"Native and Professional translators\",\"potentialAction\":[{\"@type\":\"SearchAction\",\"target\":{\"@type\":\"EntryPoint\",\"urlTemplate\":\"https:\/\/www.bigtranslation.com\/lv?s={search_term_string}\"},\"query-input\":\"required name=search_term_string\"}],\"inLanguage\":\"lv-LV\"}]}<\/script>\n<!-- \/ Yoast SEO plugin. -->","yoast_head_json":{"title":"Tulko\u0161anas a\u0123ent\u016bra | Profesion\u0101ls tulks & dzimt\u0101 tulko\u0161ana","description":"Tulko\u0161anas a\u0123ent\u016bra, kas specializ\u0113jas SEO un m\u0101jaslapu tulko\u0161an\u0101. M\u0113s veicam steidzamus un ekonomiskus tulkojumus, k\u0101 ar\u012b da\u017e\u0101da veida tulko\u0161anas pakalpojumus.","robots":{"index":"index","follow":"follow","max-snippet":"max-snippet:-1","max-image-preview":"max-image-preview:large","max-video-preview":"max-video-preview:-1"},"canonical":"https:\/\/www.bigtranslation.com\/lv","og_locale":"lv_LV","og_type":"article","og_title":"Tulko\u0161anas a\u0123ent\u016bra | Profesion\u0101ls tulks & dzimt\u0101 tulko\u0161ana","og_description":"Tulko\u0161anas a\u0123ent\u016bra, kas specializ\u0113jas SEO un m\u0101jaslapu tulko\u0161an\u0101. M\u0113s veicam steidzamus un ekonomiskus tulkojumus, k\u0101 ar\u012b da\u017e\u0101da veida tulko\u0161anas pakalpojumus.","og_url":"https:\/\/www.bigtranslation.com\/lv","og_site_name":"BigTranslation","article_modified_time":"2021-10-05T05:50:02+00:00","twitter_card":"summary_large_image","schema":{"@context":"https:\/\/schema.org","@graph":[{"@type":"WebPage","@id":"https:\/\/www.bigtranslation.com\/lv","url":"https:\/\/www.bigtranslation.com\/lv","name":"Tulko\u0161anas a\u0123ent\u016bra | Profesion\u0101ls tulks & dzimt\u0101 tulko\u0161ana","isPartOf":{"@id":"https:\/\/www.bigtranslation.com\/lv#website"},"datePublished":"2021-04-16T09:36:36+00:00","dateModified":"2021-10-05T05:50:02+00:00","description":"Tulko\u0161anas a\u0123ent\u016bra, kas specializ\u0113jas SEO un m\u0101jaslapu tulko\u0161an\u0101. M\u0113s veicam steidzamus un ekonomiskus tulkojumus, k\u0101 ar\u012b da\u017e\u0101da veida tulko\u0161anas pakalpojumus.","breadcrumb":{"@id":"https:\/\/www.bigtranslation.com\/lv#breadcrumb"},"inLanguage":"lv-LV","potentialAction":[{"@type":"ReadAction","target":["https:\/\/www.bigtranslation.com\/lv"]}]},{"@type":"BreadcrumbList","@id":"https:\/\/www.bigtranslation.com\/lv#breadcrumb","itemListElement":[{"@type":"ListItem","position":1,"name":"Home","item":"https:\/\/www.bigtranslation.com\/lv"},{"@type":"ListItem","position":2,"name":"Tulko\u0161anas a\u0123ent\u016bra"}]},{"@type":"WebSite","@id":"https:\/\/www.bigtranslation.com\/lv#website","url":"https:\/\/www.bigtranslation.com\/lv","name":"BigTranslation","description":"Native and Professional translators","potentialAction":[{"@type":"SearchAction","target":{"@type":"EntryPoint","urlTemplate":"https:\/\/www.bigtranslation.com\/lv?s={search_term_string}"},"query-input":"required name=search_term_string"}],"inLanguage":"lv-LV"}]}},"acf":[],"amp_enabled":true,"_links":{"self":[{"href":"https:\/\/www.bigtranslation.com\/lv\/wp-json\/wp\/v2\/pages\/2086"}],"collection":[{"href":"https:\/\/www.bigtranslation.com\/lv\/wp-json\/wp\/v2\/pages"}],"about":[{"href":"https:\/\/www.bigtranslation.com\/lv\/wp-json\/wp\/v2\/types\/page"}],"author":[{"embeddable":true,"href":"https:\/\/www.bigtranslation.com\/lv\/wp-json\/wp\/v2\/users\/1"}],"replies":[{"embeddable":true,"href":"https:\/\/www.bigtranslation.com\/lv\/wp-json\/wp\/v2\/comments?post=2086"}],"version-history":[{"count":1,"href":"https:\/\/www.bigtranslation.com\/lv\/wp-json\/wp\/v2\/pages\/2086\/revisions"}],"predecessor-version":[{"id":2090,"href":"https:\/\/www.bigtranslation.com\/lv\/wp-json\/wp\/v2\/pages\/2086\/revisions\/2090"}],"wp:attachment":[{"href":"https:\/\/www.bigtranslation.com\/lv\/wp-json\/wp\/v2\/media?parent=2086"}],"curies":[{"name":"wp","href":"https:\/\/api.w.org\/{rel}","templated":true}]}}