{"id":2227,"date":"2021-07-12T10:39:18","date_gmt":"2021-07-12T10:39:18","guid":{"rendered":"https:\/\/www.bigtranslation.com\/proofreading\/"},"modified":"2021-09-13T13:32:25","modified_gmt":"2021-09-13T13:32:25","slug":"korektura","status":"publish","type":"page","link":"https:\/\/www.bigtranslation.com\/lv\/korektura","title":{"rendered":"Korekt\u016bra"},"content":{"rendered":"","protected":false},"excerpt":{"rendered":"","protected":false},"author":1,"featured_media":0,"parent":0,"menu_order":4,"comment_status":"closed","ping_status":"closed","template":"page-templates\/template-proofreading.php","meta":{"footnotes":""},"yoast_head":"<!-- This site is optimized with the Yoast SEO plugin v21.8.1 - https:\/\/yoast.com\/wordpress\/plugins\/seo\/ -->\n<title>Korekt\u016bra - Profesion\u0101ls tulks | Tulko\u0161anas a\u0123ent\u016bra<\/title>\n<meta name=\"description\" content=\"Korekt\u016bra ir neat\u0146emama profesion\u0101las tulko\u0161anas sast\u0101vda\u013ca. Ja v\u0113laties uzzin\u0101t vair\u0101k par redi\u0123\u0113\u0161anas un korekt\u016bras pakalpojumiem, sazinieties ar mums.\" \/>\n<meta name=\"robots\" content=\"index, follow, max-snippet:-1, max-image-preview:large, max-video-preview:-1\" \/>\n<link rel=\"canonical\" href=\"https:\/\/www.bigtranslation.com\/lv\/korektura\" \/>\n<meta property=\"og:locale\" content=\"lv_LV\" \/>\n<meta property=\"og:type\" content=\"article\" \/>\n<meta property=\"og:title\" content=\"Korekt\u016bra - Profesion\u0101ls tulks | Tulko\u0161anas a\u0123ent\u016bra\" \/>\n<meta property=\"og:description\" content=\"Korekt\u016bra ir neat\u0146emama profesion\u0101las tulko\u0161anas sast\u0101vda\u013ca. Ja v\u0113laties uzzin\u0101t vair\u0101k par redi\u0123\u0113\u0161anas un korekt\u016bras pakalpojumiem, sazinieties ar mums.\" \/>\n<meta property=\"og:url\" content=\"https:\/\/www.bigtranslation.com\/lv\/korektura\" \/>\n<meta property=\"og:site_name\" content=\"BigTranslation\" \/>\n<meta property=\"article:modified_time\" content=\"2021-09-13T13:32:25+00:00\" \/>\n<meta name=\"twitter:card\" content=\"summary_large_image\" \/>\n<script type=\"application\/ld+json\" class=\"yoast-schema-graph\">{\"@context\":\"https:\/\/schema.org\",\"@graph\":[{\"@type\":\"WebPage\",\"@id\":\"https:\/\/www.bigtranslation.com\/lv\/korektura\",\"url\":\"https:\/\/www.bigtranslation.com\/lv\/korektura\",\"name\":\"Korekt\u016bra - Profesion\u0101ls tulks | Tulko\u0161anas a\u0123ent\u016bra\",\"isPartOf\":{\"@id\":\"https:\/\/www.bigtranslation.com\/lv#website\"},\"datePublished\":\"2021-07-12T10:39:18+00:00\",\"dateModified\":\"2021-09-13T13:32:25+00:00\",\"description\":\"Korekt\u016bra ir neat\u0146emama profesion\u0101las tulko\u0161anas sast\u0101vda\u013ca. Ja v\u0113laties uzzin\u0101t vair\u0101k par redi\u0123\u0113\u0161anas un korekt\u016bras pakalpojumiem, sazinieties ar mums.\",\"breadcrumb\":{\"@id\":\"https:\/\/www.bigtranslation.com\/lv\/korektura#breadcrumb\"},\"inLanguage\":\"lv-LV\",\"potentialAction\":[{\"@type\":\"ReadAction\",\"target\":[\"https:\/\/www.bigtranslation.com\/lv\/korektura\"]}]},{\"@type\":\"BreadcrumbList\",\"@id\":\"https:\/\/www.bigtranslation.com\/lv\/korektura#breadcrumb\",\"itemListElement\":[{\"@type\":\"ListItem\",\"position\":1,\"name\":\"Home\",\"item\":\"https:\/\/www.bigtranslation.com\/lv\"},{\"@type\":\"ListItem\",\"position\":2,\"name\":\"Korekt\u016bra\"}]},{\"@type\":\"WebSite\",\"@id\":\"https:\/\/www.bigtranslation.com\/lv#website\",\"url\":\"https:\/\/www.bigtranslation.com\/lv\",\"name\":\"BigTranslation\",\"description\":\"Native and Professional translators\",\"potentialAction\":[{\"@type\":\"SearchAction\",\"target\":{\"@type\":\"EntryPoint\",\"urlTemplate\":\"https:\/\/www.bigtranslation.com\/lv?s={search_term_string}\"},\"query-input\":\"required name=search_term_string\"}],\"inLanguage\":\"lv-LV\"}]}<\/script>\n<!-- \/ Yoast SEO plugin. -->","yoast_head_json":{"title":"Korekt\u016bra - Profesion\u0101ls tulks | Tulko\u0161anas a\u0123ent\u016bra","description":"Korekt\u016bra ir neat\u0146emama profesion\u0101las tulko\u0161anas sast\u0101vda\u013ca. Ja v\u0113laties uzzin\u0101t vair\u0101k par redi\u0123\u0113\u0161anas un korekt\u016bras pakalpojumiem, sazinieties ar mums.","robots":{"index":"index","follow":"follow","max-snippet":"max-snippet:-1","max-image-preview":"max-image-preview:large","max-video-preview":"max-video-preview:-1"},"canonical":"https:\/\/www.bigtranslation.com\/lv\/korektura","og_locale":"lv_LV","og_type":"article","og_title":"Korekt\u016bra - Profesion\u0101ls tulks | Tulko\u0161anas a\u0123ent\u016bra","og_description":"Korekt\u016bra ir neat\u0146emama profesion\u0101las tulko\u0161anas sast\u0101vda\u013ca. Ja v\u0113laties uzzin\u0101t vair\u0101k par redi\u0123\u0113\u0161anas un korekt\u016bras pakalpojumiem, sazinieties ar mums.","og_url":"https:\/\/www.bigtranslation.com\/lv\/korektura","og_site_name":"BigTranslation","article_modified_time":"2021-09-13T13:32:25+00:00","twitter_card":"summary_large_image","schema":{"@context":"https:\/\/schema.org","@graph":[{"@type":"WebPage","@id":"https:\/\/www.bigtranslation.com\/lv\/korektura","url":"https:\/\/www.bigtranslation.com\/lv\/korektura","name":"Korekt\u016bra - Profesion\u0101ls tulks | Tulko\u0161anas a\u0123ent\u016bra","isPartOf":{"@id":"https:\/\/www.bigtranslation.com\/lv#website"},"datePublished":"2021-07-12T10:39:18+00:00","dateModified":"2021-09-13T13:32:25+00:00","description":"Korekt\u016bra ir neat\u0146emama profesion\u0101las tulko\u0161anas sast\u0101vda\u013ca. Ja v\u0113laties uzzin\u0101t vair\u0101k par redi\u0123\u0113\u0161anas un korekt\u016bras pakalpojumiem, sazinieties ar mums.","breadcrumb":{"@id":"https:\/\/www.bigtranslation.com\/lv\/korektura#breadcrumb"},"inLanguage":"lv-LV","potentialAction":[{"@type":"ReadAction","target":["https:\/\/www.bigtranslation.com\/lv\/korektura"]}]},{"@type":"BreadcrumbList","@id":"https:\/\/www.bigtranslation.com\/lv\/korektura#breadcrumb","itemListElement":[{"@type":"ListItem","position":1,"name":"Home","item":"https:\/\/www.bigtranslation.com\/lv"},{"@type":"ListItem","position":2,"name":"Korekt\u016bra"}]},{"@type":"WebSite","@id":"https:\/\/www.bigtranslation.com\/lv#website","url":"https:\/\/www.bigtranslation.com\/lv","name":"BigTranslation","description":"Native and Professional translators","potentialAction":[{"@type":"SearchAction","target":{"@type":"EntryPoint","urlTemplate":"https:\/\/www.bigtranslation.com\/lv?s={search_term_string}"},"query-input":"required name=search_term_string"}],"inLanguage":"lv-LV"}]}},"acf":[],"amp_enabled":true,"_links":{"self":[{"href":"https:\/\/www.bigtranslation.com\/lv\/wp-json\/wp\/v2\/pages\/2227"}],"collection":[{"href":"https:\/\/www.bigtranslation.com\/lv\/wp-json\/wp\/v2\/pages"}],"about":[{"href":"https:\/\/www.bigtranslation.com\/lv\/wp-json\/wp\/v2\/types\/page"}],"author":[{"embeddable":true,"href":"https:\/\/www.bigtranslation.com\/lv\/wp-json\/wp\/v2\/users\/1"}],"replies":[{"embeddable":true,"href":"https:\/\/www.bigtranslation.com\/lv\/wp-json\/wp\/v2\/comments?post=2227"}],"version-history":[{"count":1,"href":"https:\/\/www.bigtranslation.com\/lv\/wp-json\/wp\/v2\/pages\/2227\/revisions"}],"predecessor-version":[{"id":2230,"href":"https:\/\/www.bigtranslation.com\/lv\/wp-json\/wp\/v2\/pages\/2227\/revisions\/2230"}],"wp:attachment":[{"href":"https:\/\/www.bigtranslation.com\/lv\/wp-json\/wp\/v2\/media?parent=2227"}],"curies":[{"name":"wp","href":"https:\/\/api.w.org\/{rel}","templated":true}]}}