{"id":2250,"date":"2021-07-12T12:16:20","date_gmt":"2021-07-12T12:16:20","guid":{"rendered":"https:\/\/www.bigtranslation.com\/seo-translation\/"},"modified":"2021-09-13T15:38:19","modified_gmt":"2021-09-13T15:38:19","slug":"seo-tulkosana","status":"publish","type":"page","link":"https:\/\/www.bigtranslation.com\/lv\/seo-tulkosana","title":{"rendered":"SEO tulko\u0161ana"},"content":{"rendered":"","protected":false},"excerpt":{"rendered":"","protected":false},"author":1,"featured_media":0,"parent":0,"menu_order":5,"comment_status":"closed","ping_status":"closed","template":"page-templates\/template-seo-translation.php","meta":{"footnotes":""},"yoast_head":"<!-- This site is optimized with the Yoast SEO plugin v21.8.1 - https:\/\/yoast.com\/wordpress\/plugins\/seo\/ -->\n<title>SEO tulko\u0161ana | Tulko\u0161anas a\u0123ent\u016bra<\/title>\n<meta name=\"description\" content=\"BigTranslation sp\u0113j veikt ar\u012b SEO tulko\u0161anu ar r\u016bp\u012bgi izv\u0113l\u0113tu tulkot\u0101ju t\u012bklu, kas specializ\u0113jas m\u0101jaslapu tulko\u0161an\u0101 mekl\u0113t\u0101jprogramm\u0101m.\" \/>\n<meta name=\"robots\" content=\"index, follow, max-snippet:-1, max-image-preview:large, max-video-preview:-1\" \/>\n<link rel=\"canonical\" href=\"https:\/\/www.bigtranslation.com\/lv\/seo-tulkosana\" \/>\n<meta property=\"og:locale\" content=\"lv_LV\" \/>\n<meta property=\"og:type\" content=\"article\" \/>\n<meta property=\"og:title\" content=\"SEO tulko\u0161ana | Tulko\u0161anas a\u0123ent\u016bra\" \/>\n<meta property=\"og:description\" content=\"BigTranslation sp\u0113j veikt ar\u012b SEO tulko\u0161anu ar r\u016bp\u012bgi izv\u0113l\u0113tu tulkot\u0101ju t\u012bklu, kas specializ\u0113jas m\u0101jaslapu tulko\u0161an\u0101 mekl\u0113t\u0101jprogramm\u0101m.\" \/>\n<meta property=\"og:url\" content=\"https:\/\/www.bigtranslation.com\/lv\/seo-tulkosana\" \/>\n<meta property=\"og:site_name\" content=\"BigTranslation\" \/>\n<meta property=\"article:modified_time\" content=\"2021-09-13T15:38:19+00:00\" \/>\n<meta name=\"twitter:card\" content=\"summary_large_image\" \/>\n<script type=\"application\/ld+json\" class=\"yoast-schema-graph\">{\"@context\":\"https:\/\/schema.org\",\"@graph\":[{\"@type\":\"WebPage\",\"@id\":\"https:\/\/www.bigtranslation.com\/lv\/seo-tulkosana\",\"url\":\"https:\/\/www.bigtranslation.com\/lv\/seo-tulkosana\",\"name\":\"SEO tulko\u0161ana | Tulko\u0161anas a\u0123ent\u016bra\",\"isPartOf\":{\"@id\":\"https:\/\/www.bigtranslation.com\/lv#website\"},\"datePublished\":\"2021-07-12T12:16:20+00:00\",\"dateModified\":\"2021-09-13T15:38:19+00:00\",\"description\":\"BigTranslation sp\u0113j veikt ar\u012b SEO tulko\u0161anu ar r\u016bp\u012bgi izv\u0113l\u0113tu tulkot\u0101ju t\u012bklu, kas specializ\u0113jas m\u0101jaslapu tulko\u0161an\u0101 mekl\u0113t\u0101jprogramm\u0101m.\",\"breadcrumb\":{\"@id\":\"https:\/\/www.bigtranslation.com\/lv\/seo-tulkosana#breadcrumb\"},\"inLanguage\":\"lv-LV\",\"potentialAction\":[{\"@type\":\"ReadAction\",\"target\":[\"https:\/\/www.bigtranslation.com\/lv\/seo-tulkosana\"]}]},{\"@type\":\"BreadcrumbList\",\"@id\":\"https:\/\/www.bigtranslation.com\/lv\/seo-tulkosana#breadcrumb\",\"itemListElement\":[{\"@type\":\"ListItem\",\"position\":1,\"name\":\"Home\",\"item\":\"https:\/\/www.bigtranslation.com\/lv\"},{\"@type\":\"ListItem\",\"position\":2,\"name\":\"SEO tulko\u0161ana\"}]},{\"@type\":\"WebSite\",\"@id\":\"https:\/\/www.bigtranslation.com\/lv#website\",\"url\":\"https:\/\/www.bigtranslation.com\/lv\",\"name\":\"BigTranslation\",\"description\":\"Native and Professional translators\",\"potentialAction\":[{\"@type\":\"SearchAction\",\"target\":{\"@type\":\"EntryPoint\",\"urlTemplate\":\"https:\/\/www.bigtranslation.com\/lv?s={search_term_string}\"},\"query-input\":\"required name=search_term_string\"}],\"inLanguage\":\"lv-LV\"}]}<\/script>\n<!-- \/ Yoast SEO plugin. -->","yoast_head_json":{"title":"SEO tulko\u0161ana | Tulko\u0161anas a\u0123ent\u016bra","description":"BigTranslation sp\u0113j veikt ar\u012b SEO tulko\u0161anu ar r\u016bp\u012bgi izv\u0113l\u0113tu tulkot\u0101ju t\u012bklu, kas specializ\u0113jas m\u0101jaslapu tulko\u0161an\u0101 mekl\u0113t\u0101jprogramm\u0101m.","robots":{"index":"index","follow":"follow","max-snippet":"max-snippet:-1","max-image-preview":"max-image-preview:large","max-video-preview":"max-video-preview:-1"},"canonical":"https:\/\/www.bigtranslation.com\/lv\/seo-tulkosana","og_locale":"lv_LV","og_type":"article","og_title":"SEO tulko\u0161ana | Tulko\u0161anas a\u0123ent\u016bra","og_description":"BigTranslation sp\u0113j veikt ar\u012b SEO tulko\u0161anu ar r\u016bp\u012bgi izv\u0113l\u0113tu tulkot\u0101ju t\u012bklu, kas specializ\u0113jas m\u0101jaslapu tulko\u0161an\u0101 mekl\u0113t\u0101jprogramm\u0101m.","og_url":"https:\/\/www.bigtranslation.com\/lv\/seo-tulkosana","og_site_name":"BigTranslation","article_modified_time":"2021-09-13T15:38:19+00:00","twitter_card":"summary_large_image","schema":{"@context":"https:\/\/schema.org","@graph":[{"@type":"WebPage","@id":"https:\/\/www.bigtranslation.com\/lv\/seo-tulkosana","url":"https:\/\/www.bigtranslation.com\/lv\/seo-tulkosana","name":"SEO tulko\u0161ana | Tulko\u0161anas a\u0123ent\u016bra","isPartOf":{"@id":"https:\/\/www.bigtranslation.com\/lv#website"},"datePublished":"2021-07-12T12:16:20+00:00","dateModified":"2021-09-13T15:38:19+00:00","description":"BigTranslation sp\u0113j veikt ar\u012b SEO tulko\u0161anu ar r\u016bp\u012bgi izv\u0113l\u0113tu tulkot\u0101ju t\u012bklu, kas specializ\u0113jas m\u0101jaslapu tulko\u0161an\u0101 mekl\u0113t\u0101jprogramm\u0101m.","breadcrumb":{"@id":"https:\/\/www.bigtranslation.com\/lv\/seo-tulkosana#breadcrumb"},"inLanguage":"lv-LV","potentialAction":[{"@type":"ReadAction","target":["https:\/\/www.bigtranslation.com\/lv\/seo-tulkosana"]}]},{"@type":"BreadcrumbList","@id":"https:\/\/www.bigtranslation.com\/lv\/seo-tulkosana#breadcrumb","itemListElement":[{"@type":"ListItem","position":1,"name":"Home","item":"https:\/\/www.bigtranslation.com\/lv"},{"@type":"ListItem","position":2,"name":"SEO tulko\u0161ana"}]},{"@type":"WebSite","@id":"https:\/\/www.bigtranslation.com\/lv#website","url":"https:\/\/www.bigtranslation.com\/lv","name":"BigTranslation","description":"Native and Professional translators","potentialAction":[{"@type":"SearchAction","target":{"@type":"EntryPoint","urlTemplate":"https:\/\/www.bigtranslation.com\/lv?s={search_term_string}"},"query-input":"required name=search_term_string"}],"inLanguage":"lv-LV"}]}},"acf":[],"amp_enabled":true,"_links":{"self":[{"href":"https:\/\/www.bigtranslation.com\/lv\/wp-json\/wp\/v2\/pages\/2250"}],"collection":[{"href":"https:\/\/www.bigtranslation.com\/lv\/wp-json\/wp\/v2\/pages"}],"about":[{"href":"https:\/\/www.bigtranslation.com\/lv\/wp-json\/wp\/v2\/types\/page"}],"author":[{"embeddable":true,"href":"https:\/\/www.bigtranslation.com\/lv\/wp-json\/wp\/v2\/users\/1"}],"replies":[{"embeddable":true,"href":"https:\/\/www.bigtranslation.com\/lv\/wp-json\/wp\/v2\/comments?post=2250"}],"version-history":[{"count":2,"href":"https:\/\/www.bigtranslation.com\/lv\/wp-json\/wp\/v2\/pages\/2250\/revisions"}],"predecessor-version":[{"id":2253,"href":"https:\/\/www.bigtranslation.com\/lv\/wp-json\/wp\/v2\/pages\/2250\/revisions\/2253"}],"wp:attachment":[{"href":"https:\/\/www.bigtranslation.com\/lv\/wp-json\/wp\/v2\/media?parent=2250"}],"curies":[{"name":"wp","href":"https:\/\/api.w.org\/{rel}","templated":true}]}}