{"id":2295,"date":"2021-07-05T06:29:36","date_gmt":"2021-07-05T06:29:36","guid":{"rendered":"https:\/\/www.bigtranslation.com\/transcription\/"},"modified":"2021-09-14T07:50:47","modified_gmt":"2021-09-14T07:50:47","slug":"transkripcija","status":"publish","type":"page","link":"https:\/\/www.bigtranslation.com\/lv\/transkripcija","title":{"rendered":"Transkripcija"},"content":{"rendered":"","protected":false},"excerpt":{"rendered":"","protected":false},"author":1,"featured_media":0,"parent":0,"menu_order":8,"comment_status":"closed","ping_status":"closed","template":"page-templates\/template-transcription.php","meta":{"footnotes":""},"yoast_head":"<!-- This site is optimized with the Yoast SEO plugin v21.8.1 - https:\/\/yoast.com\/wordpress\/plugins\/seo\/ -->\n<title>Transkripcija un dokumentu tulkojumi | Profesion\u0101ls tulkojums<\/title>\n<meta name=\"description\" content=\"M\u016bsu komp\u0101nija pied\u0101v\u0101 da\u017e\u0101du dokumentu tulkojumus un transkripcijas. Uzziniet vair\u0101k par m\u016bsu augst\u0101s kvalit\u0101tes profesion\u0101liem tulkojuma pakalpojumiem.\" \/>\n<meta name=\"robots\" content=\"index, follow, max-snippet:-1, max-image-preview:large, max-video-preview:-1\" \/>\n<link rel=\"canonical\" href=\"https:\/\/www.bigtranslation.com\/lv\/transkripcija\" \/>\n<meta property=\"og:locale\" content=\"lv_LV\" \/>\n<meta property=\"og:type\" content=\"article\" \/>\n<meta property=\"og:title\" content=\"Transkripcija un dokumentu tulkojumi | Profesion\u0101ls tulkojums\" \/>\n<meta property=\"og:description\" content=\"M\u016bsu komp\u0101nija pied\u0101v\u0101 da\u017e\u0101du dokumentu tulkojumus un transkripcijas. Uzziniet vair\u0101k par m\u016bsu augst\u0101s kvalit\u0101tes profesion\u0101liem tulkojuma pakalpojumiem.\" \/>\n<meta property=\"og:url\" content=\"https:\/\/www.bigtranslation.com\/lv\/transkripcija\" \/>\n<meta property=\"og:site_name\" content=\"BigTranslation\" \/>\n<meta property=\"article:modified_time\" content=\"2021-09-14T07:50:47+00:00\" \/>\n<meta name=\"twitter:card\" content=\"summary_large_image\" \/>\n<script type=\"application\/ld+json\" class=\"yoast-schema-graph\">{\"@context\":\"https:\/\/schema.org\",\"@graph\":[{\"@type\":\"WebPage\",\"@id\":\"https:\/\/www.bigtranslation.com\/lv\/transkripcija\",\"url\":\"https:\/\/www.bigtranslation.com\/lv\/transkripcija\",\"name\":\"Transkripcija un dokumentu tulkojumi | Profesion\u0101ls tulkojums\",\"isPartOf\":{\"@id\":\"https:\/\/www.bigtranslation.com\/lv#website\"},\"datePublished\":\"2021-07-05T06:29:36+00:00\",\"dateModified\":\"2021-09-14T07:50:47+00:00\",\"description\":\"M\u016bsu komp\u0101nija pied\u0101v\u0101 da\u017e\u0101du dokumentu tulkojumus un transkripcijas. Uzziniet vair\u0101k par m\u016bsu augst\u0101s kvalit\u0101tes profesion\u0101liem tulkojuma pakalpojumiem.\",\"breadcrumb\":{\"@id\":\"https:\/\/www.bigtranslation.com\/lv\/transkripcija#breadcrumb\"},\"inLanguage\":\"lv-LV\",\"potentialAction\":[{\"@type\":\"ReadAction\",\"target\":[\"https:\/\/www.bigtranslation.com\/lv\/transkripcija\"]}]},{\"@type\":\"BreadcrumbList\",\"@id\":\"https:\/\/www.bigtranslation.com\/lv\/transkripcija#breadcrumb\",\"itemListElement\":[{\"@type\":\"ListItem\",\"position\":1,\"name\":\"Home\",\"item\":\"https:\/\/www.bigtranslation.com\/lv\"},{\"@type\":\"ListItem\",\"position\":2,\"name\":\"Transkripcija\"}]},{\"@type\":\"WebSite\",\"@id\":\"https:\/\/www.bigtranslation.com\/lv#website\",\"url\":\"https:\/\/www.bigtranslation.com\/lv\",\"name\":\"BigTranslation\",\"description\":\"Native and Professional translators\",\"potentialAction\":[{\"@type\":\"SearchAction\",\"target\":{\"@type\":\"EntryPoint\",\"urlTemplate\":\"https:\/\/www.bigtranslation.com\/lv?s={search_term_string}\"},\"query-input\":\"required name=search_term_string\"}],\"inLanguage\":\"lv-LV\"}]}<\/script>\n<!-- \/ Yoast SEO plugin. -->","yoast_head_json":{"title":"Transkripcija un dokumentu tulkojumi | Profesion\u0101ls tulkojums","description":"M\u016bsu komp\u0101nija pied\u0101v\u0101 da\u017e\u0101du dokumentu tulkojumus un transkripcijas. Uzziniet vair\u0101k par m\u016bsu augst\u0101s kvalit\u0101tes profesion\u0101liem tulkojuma pakalpojumiem.","robots":{"index":"index","follow":"follow","max-snippet":"max-snippet:-1","max-image-preview":"max-image-preview:large","max-video-preview":"max-video-preview:-1"},"canonical":"https:\/\/www.bigtranslation.com\/lv\/transkripcija","og_locale":"lv_LV","og_type":"article","og_title":"Transkripcija un dokumentu tulkojumi | Profesion\u0101ls tulkojums","og_description":"M\u016bsu komp\u0101nija pied\u0101v\u0101 da\u017e\u0101du dokumentu tulkojumus un transkripcijas. Uzziniet vair\u0101k par m\u016bsu augst\u0101s kvalit\u0101tes profesion\u0101liem tulkojuma pakalpojumiem.","og_url":"https:\/\/www.bigtranslation.com\/lv\/transkripcija","og_site_name":"BigTranslation","article_modified_time":"2021-09-14T07:50:47+00:00","twitter_card":"summary_large_image","schema":{"@context":"https:\/\/schema.org","@graph":[{"@type":"WebPage","@id":"https:\/\/www.bigtranslation.com\/lv\/transkripcija","url":"https:\/\/www.bigtranslation.com\/lv\/transkripcija","name":"Transkripcija un dokumentu tulkojumi | Profesion\u0101ls tulkojums","isPartOf":{"@id":"https:\/\/www.bigtranslation.com\/lv#website"},"datePublished":"2021-07-05T06:29:36+00:00","dateModified":"2021-09-14T07:50:47+00:00","description":"M\u016bsu komp\u0101nija pied\u0101v\u0101 da\u017e\u0101du dokumentu tulkojumus un transkripcijas. Uzziniet vair\u0101k par m\u016bsu augst\u0101s kvalit\u0101tes profesion\u0101liem tulkojuma pakalpojumiem.","breadcrumb":{"@id":"https:\/\/www.bigtranslation.com\/lv\/transkripcija#breadcrumb"},"inLanguage":"lv-LV","potentialAction":[{"@type":"ReadAction","target":["https:\/\/www.bigtranslation.com\/lv\/transkripcija"]}]},{"@type":"BreadcrumbList","@id":"https:\/\/www.bigtranslation.com\/lv\/transkripcija#breadcrumb","itemListElement":[{"@type":"ListItem","position":1,"name":"Home","item":"https:\/\/www.bigtranslation.com\/lv"},{"@type":"ListItem","position":2,"name":"Transkripcija"}]},{"@type":"WebSite","@id":"https:\/\/www.bigtranslation.com\/lv#website","url":"https:\/\/www.bigtranslation.com\/lv","name":"BigTranslation","description":"Native and Professional translators","potentialAction":[{"@type":"SearchAction","target":{"@type":"EntryPoint","urlTemplate":"https:\/\/www.bigtranslation.com\/lv?s={search_term_string}"},"query-input":"required name=search_term_string"}],"inLanguage":"lv-LV"}]}},"acf":[],"amp_enabled":true,"_links":{"self":[{"href":"https:\/\/www.bigtranslation.com\/lv\/wp-json\/wp\/v2\/pages\/2295"}],"collection":[{"href":"https:\/\/www.bigtranslation.com\/lv\/wp-json\/wp\/v2\/pages"}],"about":[{"href":"https:\/\/www.bigtranslation.com\/lv\/wp-json\/wp\/v2\/types\/page"}],"author":[{"embeddable":true,"href":"https:\/\/www.bigtranslation.com\/lv\/wp-json\/wp\/v2\/users\/1"}],"replies":[{"embeddable":true,"href":"https:\/\/www.bigtranslation.com\/lv\/wp-json\/wp\/v2\/comments?post=2295"}],"version-history":[{"count":1,"href":"https:\/\/www.bigtranslation.com\/lv\/wp-json\/wp\/v2\/pages\/2295\/revisions"}],"predecessor-version":[{"id":2301,"href":"https:\/\/www.bigtranslation.com\/lv\/wp-json\/wp\/v2\/pages\/2295\/revisions\/2301"}],"wp:attachment":[{"href":"https:\/\/www.bigtranslation.com\/lv\/wp-json\/wp\/v2\/media?parent=2295"}],"curies":[{"name":"wp","href":"https:\/\/api.w.org\/{rel}","templated":true}]}}