{"id":2326,"date":"2021-07-07T11:33:07","date_gmt":"2021-07-07T11:33:07","guid":{"rendered":"https:\/\/www.bigtranslation.com\/audio-transcription\/"},"modified":"2021-09-14T08:28:24","modified_gmt":"2021-09-14T08:28:24","slug":"audio-transkripcija","status":"publish","type":"page","link":"https:\/\/www.bigtranslation.com\/lv\/audio-transkripcija","title":{"rendered":"Audio transkripcija"},"content":{"rendered":"","protected":false},"excerpt":{"rendered":"","protected":false},"author":1,"featured_media":0,"parent":0,"menu_order":10,"comment_status":"closed","ping_status":"closed","template":"page-templates\/template-transcription-audio.php","meta":{"footnotes":""},"yoast_head":"<!-- This site is optimized with the Yoast SEO plugin v21.8.1 - https:\/\/yoast.com\/wordpress\/plugins\/seo\/ -->\n<title>Audio transkripcija | Profession\u0101ls tulko\u0161anas birojs<\/title>\n<meta name=\"description\" content=\"M\u016bsu dzimt\u0101s valodas tulki sagatavo subtitru tulkojumus uz pla\u0161o Eiropas valodu kl\u0101stu. Profesion\u0101li tulkojumi j\u016bsu rok\u0101s.\" \/>\n<meta name=\"robots\" content=\"index, follow, max-snippet:-1, max-image-preview:large, max-video-preview:-1\" \/>\n<link rel=\"canonical\" href=\"https:\/\/www.bigtranslation.com\/lv\/audio-transkripcija\" \/>\n<meta property=\"og:locale\" content=\"lv_LV\" \/>\n<meta property=\"og:type\" content=\"article\" \/>\n<meta property=\"og:title\" content=\"Audio transkripcija | Profession\u0101ls tulko\u0161anas birojs\" \/>\n<meta property=\"og:description\" content=\"M\u016bsu dzimt\u0101s valodas tulki sagatavo subtitru tulkojumus uz pla\u0161o Eiropas valodu kl\u0101stu. Profesion\u0101li tulkojumi j\u016bsu rok\u0101s.\" \/>\n<meta property=\"og:url\" content=\"https:\/\/www.bigtranslation.com\/lv\/audio-transkripcija\" \/>\n<meta property=\"og:site_name\" content=\"BigTranslation\" \/>\n<meta property=\"article:modified_time\" content=\"2021-09-14T08:28:24+00:00\" \/>\n<meta name=\"twitter:card\" content=\"summary_large_image\" \/>\n<script type=\"application\/ld+json\" class=\"yoast-schema-graph\">{\"@context\":\"https:\/\/schema.org\",\"@graph\":[{\"@type\":\"WebPage\",\"@id\":\"https:\/\/www.bigtranslation.com\/lv\/audio-transkripcija\",\"url\":\"https:\/\/www.bigtranslation.com\/lv\/audio-transkripcija\",\"name\":\"Audio transkripcija | Profession\u0101ls tulko\u0161anas birojs\",\"isPartOf\":{\"@id\":\"https:\/\/www.bigtranslation.com\/lv#website\"},\"datePublished\":\"2021-07-07T11:33:07+00:00\",\"dateModified\":\"2021-09-14T08:28:24+00:00\",\"description\":\"M\u016bsu dzimt\u0101s valodas tulki sagatavo subtitru tulkojumus uz pla\u0161o Eiropas valodu kl\u0101stu. Profesion\u0101li tulkojumi j\u016bsu rok\u0101s.\",\"breadcrumb\":{\"@id\":\"https:\/\/www.bigtranslation.com\/lv\/audio-transkripcija#breadcrumb\"},\"inLanguage\":\"lv-LV\",\"potentialAction\":[{\"@type\":\"ReadAction\",\"target\":[\"https:\/\/www.bigtranslation.com\/lv\/audio-transkripcija\"]}]},{\"@type\":\"BreadcrumbList\",\"@id\":\"https:\/\/www.bigtranslation.com\/lv\/audio-transkripcija#breadcrumb\",\"itemListElement\":[{\"@type\":\"ListItem\",\"position\":1,\"name\":\"Home\",\"item\":\"https:\/\/www.bigtranslation.com\/lv\"},{\"@type\":\"ListItem\",\"position\":2,\"name\":\"Audio transkripcija\"}]},{\"@type\":\"WebSite\",\"@id\":\"https:\/\/www.bigtranslation.com\/lv#website\",\"url\":\"https:\/\/www.bigtranslation.com\/lv\",\"name\":\"BigTranslation\",\"description\":\"Native and Professional translators\",\"potentialAction\":[{\"@type\":\"SearchAction\",\"target\":{\"@type\":\"EntryPoint\",\"urlTemplate\":\"https:\/\/www.bigtranslation.com\/lv?s={search_term_string}\"},\"query-input\":\"required name=search_term_string\"}],\"inLanguage\":\"lv-LV\"}]}<\/script>\n<!-- \/ Yoast SEO plugin. -->","yoast_head_json":{"title":"Audio transkripcija | Profession\u0101ls tulko\u0161anas birojs","description":"M\u016bsu dzimt\u0101s valodas tulki sagatavo subtitru tulkojumus uz pla\u0161o Eiropas valodu kl\u0101stu. Profesion\u0101li tulkojumi j\u016bsu rok\u0101s.","robots":{"index":"index","follow":"follow","max-snippet":"max-snippet:-1","max-image-preview":"max-image-preview:large","max-video-preview":"max-video-preview:-1"},"canonical":"https:\/\/www.bigtranslation.com\/lv\/audio-transkripcija","og_locale":"lv_LV","og_type":"article","og_title":"Audio transkripcija | Profession\u0101ls tulko\u0161anas birojs","og_description":"M\u016bsu dzimt\u0101s valodas tulki sagatavo subtitru tulkojumus uz pla\u0161o Eiropas valodu kl\u0101stu. Profesion\u0101li tulkojumi j\u016bsu rok\u0101s.","og_url":"https:\/\/www.bigtranslation.com\/lv\/audio-transkripcija","og_site_name":"BigTranslation","article_modified_time":"2021-09-14T08:28:24+00:00","twitter_card":"summary_large_image","schema":{"@context":"https:\/\/schema.org","@graph":[{"@type":"WebPage","@id":"https:\/\/www.bigtranslation.com\/lv\/audio-transkripcija","url":"https:\/\/www.bigtranslation.com\/lv\/audio-transkripcija","name":"Audio transkripcija | Profession\u0101ls tulko\u0161anas birojs","isPartOf":{"@id":"https:\/\/www.bigtranslation.com\/lv#website"},"datePublished":"2021-07-07T11:33:07+00:00","dateModified":"2021-09-14T08:28:24+00:00","description":"M\u016bsu dzimt\u0101s valodas tulki sagatavo subtitru tulkojumus uz pla\u0161o Eiropas valodu kl\u0101stu. Profesion\u0101li tulkojumi j\u016bsu rok\u0101s.","breadcrumb":{"@id":"https:\/\/www.bigtranslation.com\/lv\/audio-transkripcija#breadcrumb"},"inLanguage":"lv-LV","potentialAction":[{"@type":"ReadAction","target":["https:\/\/www.bigtranslation.com\/lv\/audio-transkripcija"]}]},{"@type":"BreadcrumbList","@id":"https:\/\/www.bigtranslation.com\/lv\/audio-transkripcija#breadcrumb","itemListElement":[{"@type":"ListItem","position":1,"name":"Home","item":"https:\/\/www.bigtranslation.com\/lv"},{"@type":"ListItem","position":2,"name":"Audio transkripcija"}]},{"@type":"WebSite","@id":"https:\/\/www.bigtranslation.com\/lv#website","url":"https:\/\/www.bigtranslation.com\/lv","name":"BigTranslation","description":"Native and Professional translators","potentialAction":[{"@type":"SearchAction","target":{"@type":"EntryPoint","urlTemplate":"https:\/\/www.bigtranslation.com\/lv?s={search_term_string}"},"query-input":"required name=search_term_string"}],"inLanguage":"lv-LV"}]}},"acf":[],"amp_enabled":true,"_links":{"self":[{"href":"https:\/\/www.bigtranslation.com\/lv\/wp-json\/wp\/v2\/pages\/2326"}],"collection":[{"href":"https:\/\/www.bigtranslation.com\/lv\/wp-json\/wp\/v2\/pages"}],"about":[{"href":"https:\/\/www.bigtranslation.com\/lv\/wp-json\/wp\/v2\/types\/page"}],"author":[{"embeddable":true,"href":"https:\/\/www.bigtranslation.com\/lv\/wp-json\/wp\/v2\/users\/1"}],"replies":[{"embeddable":true,"href":"https:\/\/www.bigtranslation.com\/lv\/wp-json\/wp\/v2\/comments?post=2326"}],"version-history":[{"count":2,"href":"https:\/\/www.bigtranslation.com\/lv\/wp-json\/wp\/v2\/pages\/2326\/revisions"}],"predecessor-version":[{"id":2328,"href":"https:\/\/www.bigtranslation.com\/lv\/wp-json\/wp\/v2\/pages\/2326\/revisions\/2328"}],"wp:attachment":[{"href":"https:\/\/www.bigtranslation.com\/lv\/wp-json\/wp\/v2\/media?parent=2326"}],"curies":[{"name":"wp","href":"https:\/\/api.w.org\/{rel}","templated":true}]}}