{"id":2357,"date":"2021-06-08T13:03:54","date_gmt":"2021-06-08T13:03:54","guid":{"rendered":"https:\/\/www.bigtranslation.com\/translation-agency\/"},"modified":"2021-09-14T09:18:52","modified_gmt":"2021-09-14T09:18:52","slug":"tulkosanas-agentura","status":"publish","type":"page","link":"https:\/\/www.bigtranslation.com\/lv\/tulkosanas-agentura","title":{"rendered":"Tulko\u0161anas a\u0123ent\u016bra"},"content":{"rendered":"","protected":false},"excerpt":{"rendered":"","protected":false},"author":1,"featured_media":0,"parent":0,"menu_order":22,"comment_status":"closed","ping_status":"closed","template":"page-templates\/template-translation-company.php","meta":{"footnotes":""},"yoast_head":"<!-- This site is optimized with the Yoast SEO plugin v21.8.1 - https:\/\/yoast.com\/wordpress\/plugins\/seo\/ -->\n<title>Tulko\u0161anas a\u0123ent\u016bra | Tulko\u0161anas pakalpojumi<\/title>\n<meta name=\"description\" content=\"M\u0113s esam profesion\u0101lu tulku veidots uz\u0146\u0113mums ar ilggad\u0113ju pieredzi m\u0101rketing\u0101, seo tulko\u0161an\u0101 un tulko\u0161anas nozar\u0113. M\u0113s pied\u0101v\u0101jam ar\u012b korekt\u016bras pakalpojumus.\" \/>\n<meta name=\"robots\" content=\"index, follow, max-snippet:-1, max-image-preview:large, max-video-preview:-1\" \/>\n<link rel=\"canonical\" href=\"https:\/\/www.bigtranslation.com\/lv\/tulkosanas-agentura\" \/>\n<meta property=\"og:locale\" content=\"lv_LV\" \/>\n<meta property=\"og:type\" content=\"article\" \/>\n<meta property=\"og:title\" content=\"Tulko\u0161anas a\u0123ent\u016bra | Tulko\u0161anas pakalpojumi\" \/>\n<meta property=\"og:description\" content=\"M\u0113s esam profesion\u0101lu tulku veidots uz\u0146\u0113mums ar ilggad\u0113ju pieredzi m\u0101rketing\u0101, seo tulko\u0161an\u0101 un tulko\u0161anas nozar\u0113. M\u0113s pied\u0101v\u0101jam ar\u012b korekt\u016bras pakalpojumus.\" \/>\n<meta property=\"og:url\" content=\"https:\/\/www.bigtranslation.com\/lv\/tulkosanas-agentura\" \/>\n<meta property=\"og:site_name\" content=\"BigTranslation\" \/>\n<meta property=\"article:modified_time\" content=\"2021-09-14T09:18:52+00:00\" \/>\n<meta name=\"twitter:card\" content=\"summary_large_image\" \/>\n<script type=\"application\/ld+json\" class=\"yoast-schema-graph\">{\"@context\":\"https:\/\/schema.org\",\"@graph\":[{\"@type\":\"WebPage\",\"@id\":\"https:\/\/www.bigtranslation.com\/lv\/tulkosanas-agentura\",\"url\":\"https:\/\/www.bigtranslation.com\/lv\/tulkosanas-agentura\",\"name\":\"Tulko\u0161anas a\u0123ent\u016bra | Tulko\u0161anas pakalpojumi\",\"isPartOf\":{\"@id\":\"https:\/\/www.bigtranslation.com\/lv#website\"},\"datePublished\":\"2021-06-08T13:03:54+00:00\",\"dateModified\":\"2021-09-14T09:18:52+00:00\",\"description\":\"M\u0113s esam profesion\u0101lu tulku veidots uz\u0146\u0113mums ar ilggad\u0113ju pieredzi m\u0101rketing\u0101, seo tulko\u0161an\u0101 un tulko\u0161anas nozar\u0113. M\u0113s pied\u0101v\u0101jam ar\u012b korekt\u016bras pakalpojumus.\",\"breadcrumb\":{\"@id\":\"https:\/\/www.bigtranslation.com\/lv\/tulkosanas-agentura#breadcrumb\"},\"inLanguage\":\"lv-LV\",\"potentialAction\":[{\"@type\":\"ReadAction\",\"target\":[\"https:\/\/www.bigtranslation.com\/lv\/tulkosanas-agentura\"]}]},{\"@type\":\"BreadcrumbList\",\"@id\":\"https:\/\/www.bigtranslation.com\/lv\/tulkosanas-agentura#breadcrumb\",\"itemListElement\":[{\"@type\":\"ListItem\",\"position\":1,\"name\":\"Home\",\"item\":\"https:\/\/www.bigtranslation.com\/lv\"},{\"@type\":\"ListItem\",\"position\":2,\"name\":\"Tulko\u0161anas a\u0123ent\u016bra\"}]},{\"@type\":\"WebSite\",\"@id\":\"https:\/\/www.bigtranslation.com\/lv#website\",\"url\":\"https:\/\/www.bigtranslation.com\/lv\",\"name\":\"BigTranslation\",\"description\":\"Native and Professional translators\",\"potentialAction\":[{\"@type\":\"SearchAction\",\"target\":{\"@type\":\"EntryPoint\",\"urlTemplate\":\"https:\/\/www.bigtranslation.com\/lv?s={search_term_string}\"},\"query-input\":\"required name=search_term_string\"}],\"inLanguage\":\"lv-LV\"}]}<\/script>\n<!-- \/ Yoast SEO plugin. -->","yoast_head_json":{"title":"Tulko\u0161anas a\u0123ent\u016bra | Tulko\u0161anas pakalpojumi","description":"M\u0113s esam profesion\u0101lu tulku veidots uz\u0146\u0113mums ar ilggad\u0113ju pieredzi m\u0101rketing\u0101, seo tulko\u0161an\u0101 un tulko\u0161anas nozar\u0113. M\u0113s pied\u0101v\u0101jam ar\u012b korekt\u016bras pakalpojumus.","robots":{"index":"index","follow":"follow","max-snippet":"max-snippet:-1","max-image-preview":"max-image-preview:large","max-video-preview":"max-video-preview:-1"},"canonical":"https:\/\/www.bigtranslation.com\/lv\/tulkosanas-agentura","og_locale":"lv_LV","og_type":"article","og_title":"Tulko\u0161anas a\u0123ent\u016bra | Tulko\u0161anas pakalpojumi","og_description":"M\u0113s esam profesion\u0101lu tulku veidots uz\u0146\u0113mums ar ilggad\u0113ju pieredzi m\u0101rketing\u0101, seo tulko\u0161an\u0101 un tulko\u0161anas nozar\u0113. M\u0113s pied\u0101v\u0101jam ar\u012b korekt\u016bras pakalpojumus.","og_url":"https:\/\/www.bigtranslation.com\/lv\/tulkosanas-agentura","og_site_name":"BigTranslation","article_modified_time":"2021-09-14T09:18:52+00:00","twitter_card":"summary_large_image","schema":{"@context":"https:\/\/schema.org","@graph":[{"@type":"WebPage","@id":"https:\/\/www.bigtranslation.com\/lv\/tulkosanas-agentura","url":"https:\/\/www.bigtranslation.com\/lv\/tulkosanas-agentura","name":"Tulko\u0161anas a\u0123ent\u016bra | Tulko\u0161anas pakalpojumi","isPartOf":{"@id":"https:\/\/www.bigtranslation.com\/lv#website"},"datePublished":"2021-06-08T13:03:54+00:00","dateModified":"2021-09-14T09:18:52+00:00","description":"M\u0113s esam profesion\u0101lu tulku veidots uz\u0146\u0113mums ar ilggad\u0113ju pieredzi m\u0101rketing\u0101, seo tulko\u0161an\u0101 un tulko\u0161anas nozar\u0113. M\u0113s pied\u0101v\u0101jam ar\u012b korekt\u016bras pakalpojumus.","breadcrumb":{"@id":"https:\/\/www.bigtranslation.com\/lv\/tulkosanas-agentura#breadcrumb"},"inLanguage":"lv-LV","potentialAction":[{"@type":"ReadAction","target":["https:\/\/www.bigtranslation.com\/lv\/tulkosanas-agentura"]}]},{"@type":"BreadcrumbList","@id":"https:\/\/www.bigtranslation.com\/lv\/tulkosanas-agentura#breadcrumb","itemListElement":[{"@type":"ListItem","position":1,"name":"Home","item":"https:\/\/www.bigtranslation.com\/lv"},{"@type":"ListItem","position":2,"name":"Tulko\u0161anas a\u0123ent\u016bra"}]},{"@type":"WebSite","@id":"https:\/\/www.bigtranslation.com\/lv#website","url":"https:\/\/www.bigtranslation.com\/lv","name":"BigTranslation","description":"Native and Professional translators","potentialAction":[{"@type":"SearchAction","target":{"@type":"EntryPoint","urlTemplate":"https:\/\/www.bigtranslation.com\/lv?s={search_term_string}"},"query-input":"required name=search_term_string"}],"inLanguage":"lv-LV"}]}},"acf":[],"amp_enabled":true,"_links":{"self":[{"href":"https:\/\/www.bigtranslation.com\/lv\/wp-json\/wp\/v2\/pages\/2357"}],"collection":[{"href":"https:\/\/www.bigtranslation.com\/lv\/wp-json\/wp\/v2\/pages"}],"about":[{"href":"https:\/\/www.bigtranslation.com\/lv\/wp-json\/wp\/v2\/types\/page"}],"author":[{"embeddable":true,"href":"https:\/\/www.bigtranslation.com\/lv\/wp-json\/wp\/v2\/users\/1"}],"replies":[{"embeddable":true,"href":"https:\/\/www.bigtranslation.com\/lv\/wp-json\/wp\/v2\/comments?post=2357"}],"version-history":[{"count":1,"href":"https:\/\/www.bigtranslation.com\/lv\/wp-json\/wp\/v2\/pages\/2357\/revisions"}],"predecessor-version":[{"id":2358,"href":"https:\/\/www.bigtranslation.com\/lv\/wp-json\/wp\/v2\/pages\/2357\/revisions\/2358"}],"wp:attachment":[{"href":"https:\/\/www.bigtranslation.com\/lv\/wp-json\/wp\/v2\/media?parent=2357"}],"curies":[{"name":"wp","href":"https:\/\/api.w.org\/{rel}","templated":true}]}}