{"id":2369,"date":"2021-06-17T07:42:20","date_gmt":"2021-06-17T07:42:20","guid":{"rendered":"https:\/\/www.bigtranslation.com\/professional-translators\/"},"modified":"2021-09-14T09:39:41","modified_gmt":"2021-09-14T09:39:41","slug":"tulki","status":"publish","type":"page","link":"https:\/\/www.bigtranslation.com\/lv\/tulki","title":{"rendered":"Profesion\u0101ls tulks"},"content":{"rendered":"","protected":false},"excerpt":{"rendered":"","protected":false},"author":1,"featured_media":0,"parent":0,"menu_order":23,"comment_status":"closed","ping_status":"closed","template":"page-templates\/template-professional-translators.php","meta":{"footnotes":""},"yoast_head":"<!-- This site is optimized with the Yoast SEO plugin v21.8.1 - https:\/\/yoast.com\/wordpress\/plugins\/seo\/ -->\n<title>Profesion\u0101ls tulks | Tulko\u0161anas a\u0123ent\u016bra<\/title>\n<meta name=\"description\" content=\"Ja esat profesion\u0101ls tulks, j\u016bs varat ar mums sadarboties. M\u0113s mekl\u0113jam profesion\u0101lus tulkus ar zin\u0101\u0161an\u0101m SEO tulko\u0161an\u0101, k\u0101 ar\u012b tie\u0161saistes korektoru.\" \/>\n<meta name=\"robots\" content=\"index, follow, max-snippet:-1, max-image-preview:large, max-video-preview:-1\" \/>\n<link rel=\"canonical\" href=\"https:\/\/www.bigtranslation.com\/lv\/tulki\" \/>\n<meta property=\"og:locale\" content=\"lv_LV\" \/>\n<meta property=\"og:type\" content=\"article\" \/>\n<meta property=\"og:title\" content=\"Profesion\u0101ls tulks | Tulko\u0161anas a\u0123ent\u016bra\" \/>\n<meta property=\"og:description\" content=\"Ja esat profesion\u0101ls tulks, j\u016bs varat ar mums sadarboties. M\u0113s mekl\u0113jam profesion\u0101lus tulkus ar zin\u0101\u0161an\u0101m SEO tulko\u0161an\u0101, k\u0101 ar\u012b tie\u0161saistes korektoru.\" \/>\n<meta property=\"og:url\" content=\"https:\/\/www.bigtranslation.com\/lv\/tulki\" \/>\n<meta property=\"og:site_name\" content=\"BigTranslation\" \/>\n<meta property=\"article:modified_time\" content=\"2021-09-14T09:39:41+00:00\" \/>\n<meta name=\"twitter:card\" content=\"summary_large_image\" \/>\n<script type=\"application\/ld+json\" class=\"yoast-schema-graph\">{\"@context\":\"https:\/\/schema.org\",\"@graph\":[{\"@type\":\"WebPage\",\"@id\":\"https:\/\/www.bigtranslation.com\/lv\/tulki\",\"url\":\"https:\/\/www.bigtranslation.com\/lv\/tulki\",\"name\":\"Profesion\u0101ls tulks | Tulko\u0161anas a\u0123ent\u016bra\",\"isPartOf\":{\"@id\":\"https:\/\/www.bigtranslation.com\/lv#website\"},\"datePublished\":\"2021-06-17T07:42:20+00:00\",\"dateModified\":\"2021-09-14T09:39:41+00:00\",\"description\":\"Ja esat profesion\u0101ls tulks, j\u016bs varat ar mums sadarboties. M\u0113s mekl\u0113jam profesion\u0101lus tulkus ar zin\u0101\u0161an\u0101m SEO tulko\u0161an\u0101, k\u0101 ar\u012b tie\u0161saistes korektoru.\",\"breadcrumb\":{\"@id\":\"https:\/\/www.bigtranslation.com\/lv\/tulki#breadcrumb\"},\"inLanguage\":\"lv-LV\",\"potentialAction\":[{\"@type\":\"ReadAction\",\"target\":[\"https:\/\/www.bigtranslation.com\/lv\/tulki\"]}]},{\"@type\":\"BreadcrumbList\",\"@id\":\"https:\/\/www.bigtranslation.com\/lv\/tulki#breadcrumb\",\"itemListElement\":[{\"@type\":\"ListItem\",\"position\":1,\"name\":\"Home\",\"item\":\"https:\/\/www.bigtranslation.com\/lv\"},{\"@type\":\"ListItem\",\"position\":2,\"name\":\"Profesion\u0101ls tulks\"}]},{\"@type\":\"WebSite\",\"@id\":\"https:\/\/www.bigtranslation.com\/lv#website\",\"url\":\"https:\/\/www.bigtranslation.com\/lv\",\"name\":\"BigTranslation\",\"description\":\"Native and Professional translators\",\"potentialAction\":[{\"@type\":\"SearchAction\",\"target\":{\"@type\":\"EntryPoint\",\"urlTemplate\":\"https:\/\/www.bigtranslation.com\/lv?s={search_term_string}\"},\"query-input\":\"required name=search_term_string\"}],\"inLanguage\":\"lv-LV\"}]}<\/script>\n<!-- \/ Yoast SEO plugin. -->","yoast_head_json":{"title":"Profesion\u0101ls tulks | Tulko\u0161anas a\u0123ent\u016bra","description":"Ja esat profesion\u0101ls tulks, j\u016bs varat ar mums sadarboties. M\u0113s mekl\u0113jam profesion\u0101lus tulkus ar zin\u0101\u0161an\u0101m SEO tulko\u0161an\u0101, k\u0101 ar\u012b tie\u0161saistes korektoru.","robots":{"index":"index","follow":"follow","max-snippet":"max-snippet:-1","max-image-preview":"max-image-preview:large","max-video-preview":"max-video-preview:-1"},"canonical":"https:\/\/www.bigtranslation.com\/lv\/tulki","og_locale":"lv_LV","og_type":"article","og_title":"Profesion\u0101ls tulks | Tulko\u0161anas a\u0123ent\u016bra","og_description":"Ja esat profesion\u0101ls tulks, j\u016bs varat ar mums sadarboties. M\u0113s mekl\u0113jam profesion\u0101lus tulkus ar zin\u0101\u0161an\u0101m SEO tulko\u0161an\u0101, k\u0101 ar\u012b tie\u0161saistes korektoru.","og_url":"https:\/\/www.bigtranslation.com\/lv\/tulki","og_site_name":"BigTranslation","article_modified_time":"2021-09-14T09:39:41+00:00","twitter_card":"summary_large_image","schema":{"@context":"https:\/\/schema.org","@graph":[{"@type":"WebPage","@id":"https:\/\/www.bigtranslation.com\/lv\/tulki","url":"https:\/\/www.bigtranslation.com\/lv\/tulki","name":"Profesion\u0101ls tulks | Tulko\u0161anas a\u0123ent\u016bra","isPartOf":{"@id":"https:\/\/www.bigtranslation.com\/lv#website"},"datePublished":"2021-06-17T07:42:20+00:00","dateModified":"2021-09-14T09:39:41+00:00","description":"Ja esat profesion\u0101ls tulks, j\u016bs varat ar mums sadarboties. M\u0113s mekl\u0113jam profesion\u0101lus tulkus ar zin\u0101\u0161an\u0101m SEO tulko\u0161an\u0101, k\u0101 ar\u012b tie\u0161saistes korektoru.","breadcrumb":{"@id":"https:\/\/www.bigtranslation.com\/lv\/tulki#breadcrumb"},"inLanguage":"lv-LV","potentialAction":[{"@type":"ReadAction","target":["https:\/\/www.bigtranslation.com\/lv\/tulki"]}]},{"@type":"BreadcrumbList","@id":"https:\/\/www.bigtranslation.com\/lv\/tulki#breadcrumb","itemListElement":[{"@type":"ListItem","position":1,"name":"Home","item":"https:\/\/www.bigtranslation.com\/lv"},{"@type":"ListItem","position":2,"name":"Profesion\u0101ls tulks"}]},{"@type":"WebSite","@id":"https:\/\/www.bigtranslation.com\/lv#website","url":"https:\/\/www.bigtranslation.com\/lv","name":"BigTranslation","description":"Native and Professional translators","potentialAction":[{"@type":"SearchAction","target":{"@type":"EntryPoint","urlTemplate":"https:\/\/www.bigtranslation.com\/lv?s={search_term_string}"},"query-input":"required name=search_term_string"}],"inLanguage":"lv-LV"}]}},"acf":[],"amp_enabled":true,"_links":{"self":[{"href":"https:\/\/www.bigtranslation.com\/lv\/wp-json\/wp\/v2\/pages\/2369"}],"collection":[{"href":"https:\/\/www.bigtranslation.com\/lv\/wp-json\/wp\/v2\/pages"}],"about":[{"href":"https:\/\/www.bigtranslation.com\/lv\/wp-json\/wp\/v2\/types\/page"}],"author":[{"embeddable":true,"href":"https:\/\/www.bigtranslation.com\/lv\/wp-json\/wp\/v2\/users\/1"}],"replies":[{"embeddable":true,"href":"https:\/\/www.bigtranslation.com\/lv\/wp-json\/wp\/v2\/comments?post=2369"}],"version-history":[{"count":2,"href":"https:\/\/www.bigtranslation.com\/lv\/wp-json\/wp\/v2\/pages\/2369\/revisions"}],"predecessor-version":[{"id":2373,"href":"https:\/\/www.bigtranslation.com\/lv\/wp-json\/wp\/v2\/pages\/2369\/revisions\/2373"}],"wp:attachment":[{"href":"https:\/\/www.bigtranslation.com\/lv\/wp-json\/wp\/v2\/media?parent=2369"}],"curies":[{"name":"wp","href":"https:\/\/api.w.org\/{rel}","templated":true}]}}