{"id":2443,"date":"2021-06-10T10:24:26","date_gmt":"2021-06-10T10:24:26","guid":{"rendered":"https:\/\/www.bigtranslation.com\/translation-rates\/"},"modified":"2021-09-14T11:40:48","modified_gmt":"2021-09-14T11:40:48","slug":"likmes","status":"publish","type":"page","link":"https:\/\/www.bigtranslation.com\/lv\/likmes","title":{"rendered":"Tulko\u0161anas cenas"},"content":{"rendered":"","protected":false},"excerpt":{"rendered":"","protected":false},"author":1,"featured_media":0,"parent":0,"menu_order":24,"comment_status":"closed","ping_status":"closed","template":"page-templates\/template-rates.php","meta":{"footnotes":""},"yoast_head":"<!-- This site is optimized with the Yoast SEO plugin v21.8.1 - https:\/\/yoast.com\/wordpress\/plugins\/seo\/ -->\n<title>Tulko\u0161anas cenas | Tulko\u0161anas a\u0123ent\u016bra<\/title>\n<meta name=\"description\" content=\"Izmantojiet vislab\u0101k\u0101s tulko\u0161anas likmes. M\u016bsu priorit\u0101te ir profesion\u0101lu tulkot\u0101ju veikti tulko\u0161anas pakalpojumi. Uzziniet par m\u016bsu tulko\u0161anas likmi.\" \/>\n<meta name=\"robots\" content=\"index, follow, max-snippet:-1, max-image-preview:large, max-video-preview:-1\" \/>\n<link rel=\"canonical\" href=\"https:\/\/www.bigtranslation.com\/lv\/likmes\" \/>\n<meta property=\"og:locale\" content=\"lv_LV\" \/>\n<meta property=\"og:type\" content=\"article\" \/>\n<meta property=\"og:title\" content=\"Tulko\u0161anas cenas | Tulko\u0161anas a\u0123ent\u016bra\" \/>\n<meta property=\"og:description\" content=\"Izmantojiet vislab\u0101k\u0101s tulko\u0161anas likmes. M\u016bsu priorit\u0101te ir profesion\u0101lu tulkot\u0101ju veikti tulko\u0161anas pakalpojumi. Uzziniet par m\u016bsu tulko\u0161anas likmi.\" \/>\n<meta property=\"og:url\" content=\"https:\/\/www.bigtranslation.com\/lv\/likmes\" \/>\n<meta property=\"og:site_name\" content=\"BigTranslation\" \/>\n<meta property=\"article:modified_time\" content=\"2021-09-14T11:40:48+00:00\" \/>\n<meta name=\"twitter:card\" content=\"summary_large_image\" \/>\n<script type=\"application\/ld+json\" class=\"yoast-schema-graph\">{\"@context\":\"https:\/\/schema.org\",\"@graph\":[{\"@type\":\"WebPage\",\"@id\":\"https:\/\/www.bigtranslation.com\/lv\/likmes\",\"url\":\"https:\/\/www.bigtranslation.com\/lv\/likmes\",\"name\":\"Tulko\u0161anas cenas | Tulko\u0161anas a\u0123ent\u016bra\",\"isPartOf\":{\"@id\":\"https:\/\/www.bigtranslation.com\/lv#website\"},\"datePublished\":\"2021-06-10T10:24:26+00:00\",\"dateModified\":\"2021-09-14T11:40:48+00:00\",\"description\":\"Izmantojiet vislab\u0101k\u0101s tulko\u0161anas likmes. M\u016bsu priorit\u0101te ir profesion\u0101lu tulkot\u0101ju veikti tulko\u0161anas pakalpojumi. Uzziniet par m\u016bsu tulko\u0161anas likmi.\",\"breadcrumb\":{\"@id\":\"https:\/\/www.bigtranslation.com\/lv\/likmes#breadcrumb\"},\"inLanguage\":\"lv-LV\",\"potentialAction\":[{\"@type\":\"ReadAction\",\"target\":[\"https:\/\/www.bigtranslation.com\/lv\/likmes\"]}]},{\"@type\":\"BreadcrumbList\",\"@id\":\"https:\/\/www.bigtranslation.com\/lv\/likmes#breadcrumb\",\"itemListElement\":[{\"@type\":\"ListItem\",\"position\":1,\"name\":\"Home\",\"item\":\"https:\/\/www.bigtranslation.com\/lv\"},{\"@type\":\"ListItem\",\"position\":2,\"name\":\"Tulko\u0161anas cenas\"}]},{\"@type\":\"WebSite\",\"@id\":\"https:\/\/www.bigtranslation.com\/lv#website\",\"url\":\"https:\/\/www.bigtranslation.com\/lv\",\"name\":\"BigTranslation\",\"description\":\"Native and Professional translators\",\"potentialAction\":[{\"@type\":\"SearchAction\",\"target\":{\"@type\":\"EntryPoint\",\"urlTemplate\":\"https:\/\/www.bigtranslation.com\/lv?s={search_term_string}\"},\"query-input\":\"required name=search_term_string\"}],\"inLanguage\":\"lv-LV\"}]}<\/script>\n<!-- \/ Yoast SEO plugin. -->","yoast_head_json":{"title":"Tulko\u0161anas cenas | Tulko\u0161anas a\u0123ent\u016bra","description":"Izmantojiet vislab\u0101k\u0101s tulko\u0161anas likmes. M\u016bsu priorit\u0101te ir profesion\u0101lu tulkot\u0101ju veikti tulko\u0161anas pakalpojumi. Uzziniet par m\u016bsu tulko\u0161anas likmi.","robots":{"index":"index","follow":"follow","max-snippet":"max-snippet:-1","max-image-preview":"max-image-preview:large","max-video-preview":"max-video-preview:-1"},"canonical":"https:\/\/www.bigtranslation.com\/lv\/likmes","og_locale":"lv_LV","og_type":"article","og_title":"Tulko\u0161anas cenas | Tulko\u0161anas a\u0123ent\u016bra","og_description":"Izmantojiet vislab\u0101k\u0101s tulko\u0161anas likmes. M\u016bsu priorit\u0101te ir profesion\u0101lu tulkot\u0101ju veikti tulko\u0161anas pakalpojumi. Uzziniet par m\u016bsu tulko\u0161anas likmi.","og_url":"https:\/\/www.bigtranslation.com\/lv\/likmes","og_site_name":"BigTranslation","article_modified_time":"2021-09-14T11:40:48+00:00","twitter_card":"summary_large_image","schema":{"@context":"https:\/\/schema.org","@graph":[{"@type":"WebPage","@id":"https:\/\/www.bigtranslation.com\/lv\/likmes","url":"https:\/\/www.bigtranslation.com\/lv\/likmes","name":"Tulko\u0161anas cenas | Tulko\u0161anas a\u0123ent\u016bra","isPartOf":{"@id":"https:\/\/www.bigtranslation.com\/lv#website"},"datePublished":"2021-06-10T10:24:26+00:00","dateModified":"2021-09-14T11:40:48+00:00","description":"Izmantojiet vislab\u0101k\u0101s tulko\u0161anas likmes. M\u016bsu priorit\u0101te ir profesion\u0101lu tulkot\u0101ju veikti tulko\u0161anas pakalpojumi. Uzziniet par m\u016bsu tulko\u0161anas likmi.","breadcrumb":{"@id":"https:\/\/www.bigtranslation.com\/lv\/likmes#breadcrumb"},"inLanguage":"lv-LV","potentialAction":[{"@type":"ReadAction","target":["https:\/\/www.bigtranslation.com\/lv\/likmes"]}]},{"@type":"BreadcrumbList","@id":"https:\/\/www.bigtranslation.com\/lv\/likmes#breadcrumb","itemListElement":[{"@type":"ListItem","position":1,"name":"Home","item":"https:\/\/www.bigtranslation.com\/lv"},{"@type":"ListItem","position":2,"name":"Tulko\u0161anas cenas"}]},{"@type":"WebSite","@id":"https:\/\/www.bigtranslation.com\/lv#website","url":"https:\/\/www.bigtranslation.com\/lv","name":"BigTranslation","description":"Native and Professional translators","potentialAction":[{"@type":"SearchAction","target":{"@type":"EntryPoint","urlTemplate":"https:\/\/www.bigtranslation.com\/lv?s={search_term_string}"},"query-input":"required name=search_term_string"}],"inLanguage":"lv-LV"}]}},"acf":[],"amp_enabled":true,"_links":{"self":[{"href":"https:\/\/www.bigtranslation.com\/lv\/wp-json\/wp\/v2\/pages\/2443"}],"collection":[{"href":"https:\/\/www.bigtranslation.com\/lv\/wp-json\/wp\/v2\/pages"}],"about":[{"href":"https:\/\/www.bigtranslation.com\/lv\/wp-json\/wp\/v2\/types\/page"}],"author":[{"embeddable":true,"href":"https:\/\/www.bigtranslation.com\/lv\/wp-json\/wp\/v2\/users\/1"}],"replies":[{"embeddable":true,"href":"https:\/\/www.bigtranslation.com\/lv\/wp-json\/wp\/v2\/comments?post=2443"}],"version-history":[{"count":2,"href":"https:\/\/www.bigtranslation.com\/lv\/wp-json\/wp\/v2\/pages\/2443\/revisions"}],"predecessor-version":[{"id":2451,"href":"https:\/\/www.bigtranslation.com\/lv\/wp-json\/wp\/v2\/pages\/2443\/revisions\/2451"}],"wp:attachment":[{"href":"https:\/\/www.bigtranslation.com\/lv\/wp-json\/wp\/v2\/media?parent=2443"}],"curies":[{"name":"wp","href":"https:\/\/api.w.org\/{rel}","templated":true}]}}