{"id":2501,"date":"2021-07-09T12:09:19","date_gmt":"2021-07-09T12:09:19","guid":{"rendered":"https:\/\/www.bigtranslation.com\/tulkojums\/chinese\/"},"modified":"2021-09-14T13:29:47","modified_gmt":"2021-09-14T13:29:47","slug":"chinese","status":"publish","type":"page","link":"https:\/\/www.bigtranslation.com\/lv\/tulkojums\/chinese","title":{"rendered":"\u0136\u012bnie\u0161u valodas tulkojums"},"content":{"rendered":"","protected":false},"excerpt":{"rendered":"","protected":false},"author":1,"featured_media":0,"parent":2491,"menu_order":100,"comment_status":"closed","ping_status":"closed","template":"page-templates\/template-language.php","meta":{"footnotes":""},"yoast_head":"<!-- This site is optimized with the Yoast SEO plugin v21.8.1 - https:\/\/yoast.com\/wordpress\/plugins\/seo\/ -->\n<title>\u0136\u012bnie\u0161u valodas tulkojums | BigTranslation<\/title>\n<meta name=\"description\" content=\"\u0136\u012bnie\u0161u valodas tulkojums | Profesion\u0101li tulkojumi da\u017e\u0101d\u0101s valodu kombin\u0101cij\u0101s\" \/>\n<meta name=\"robots\" content=\"index, follow, max-snippet:-1, max-image-preview:large, max-video-preview:-1\" \/>\n<link rel=\"canonical\" href=\"https:\/\/www.bigtranslation.com\/lv\/tulkojums\/chinese\" \/>\n<meta property=\"og:locale\" content=\"lv_LV\" \/>\n<meta property=\"og:type\" content=\"article\" \/>\n<meta property=\"og:title\" content=\"\u0136\u012bnie\u0161u valodas tulkojums | BigTranslation\" \/>\n<meta property=\"og:description\" content=\"\u0136\u012bnie\u0161u valodas tulkojums | Profesion\u0101li tulkojumi da\u017e\u0101d\u0101s valodu kombin\u0101cij\u0101s\" \/>\n<meta property=\"og:url\" content=\"https:\/\/www.bigtranslation.com\/lv\/tulkojums\/chinese\" \/>\n<meta property=\"og:site_name\" content=\"BigTranslation\" \/>\n<meta property=\"article:modified_time\" content=\"2021-09-14T13:29:47+00:00\" \/>\n<meta name=\"twitter:card\" content=\"summary_large_image\" \/>\n<script type=\"application\/ld+json\" class=\"yoast-schema-graph\">{\"@context\":\"https:\/\/schema.org\",\"@graph\":[{\"@type\":\"WebPage\",\"@id\":\"https:\/\/www.bigtranslation.com\/lv\/tulkojums\/chinese\",\"url\":\"https:\/\/www.bigtranslation.com\/lv\/tulkojums\/chinese\",\"name\":\"\u0136\u012bnie\u0161u valodas tulkojums | BigTranslation\",\"isPartOf\":{\"@id\":\"https:\/\/www.bigtranslation.com\/lv#website\"},\"datePublished\":\"2021-07-09T12:09:19+00:00\",\"dateModified\":\"2021-09-14T13:29:47+00:00\",\"description\":\"\u0136\u012bnie\u0161u valodas tulkojums | Profesion\u0101li tulkojumi da\u017e\u0101d\u0101s valodu kombin\u0101cij\u0101s\",\"breadcrumb\":{\"@id\":\"https:\/\/www.bigtranslation.com\/lv\/tulkojums\/chinese#breadcrumb\"},\"inLanguage\":\"lv-LV\",\"potentialAction\":[{\"@type\":\"ReadAction\",\"target\":[\"https:\/\/www.bigtranslation.com\/lv\/tulkojums\/chinese\"]}]},{\"@type\":\"BreadcrumbList\",\"@id\":\"https:\/\/www.bigtranslation.com\/lv\/tulkojums\/chinese#breadcrumb\",\"itemListElement\":[{\"@type\":\"ListItem\",\"position\":1,\"name\":\"Home\",\"item\":\"https:\/\/www.bigtranslation.com\/lv\"},{\"@type\":\"ListItem\",\"position\":2,\"name\":\"Tulkojums\",\"item\":\"https:\/\/www.bigtranslation.com\/lv\/tulkojums\"},{\"@type\":\"ListItem\",\"position\":3,\"name\":\"\u0136\u012bnie\u0161u valodas tulkojums\"}]},{\"@type\":\"WebSite\",\"@id\":\"https:\/\/www.bigtranslation.com\/lv#website\",\"url\":\"https:\/\/www.bigtranslation.com\/lv\",\"name\":\"BigTranslation\",\"description\":\"Native and Professional translators\",\"potentialAction\":[{\"@type\":\"SearchAction\",\"target\":{\"@type\":\"EntryPoint\",\"urlTemplate\":\"https:\/\/www.bigtranslation.com\/lv?s={search_term_string}\"},\"query-input\":\"required name=search_term_string\"}],\"inLanguage\":\"lv-LV\"}]}<\/script>\n<!-- \/ Yoast SEO plugin. -->","yoast_head_json":{"title":"\u0136\u012bnie\u0161u valodas tulkojums | BigTranslation","description":"\u0136\u012bnie\u0161u valodas tulkojums | Profesion\u0101li tulkojumi da\u017e\u0101d\u0101s valodu kombin\u0101cij\u0101s","robots":{"index":"index","follow":"follow","max-snippet":"max-snippet:-1","max-image-preview":"max-image-preview:large","max-video-preview":"max-video-preview:-1"},"canonical":"https:\/\/www.bigtranslation.com\/lv\/tulkojums\/chinese","og_locale":"lv_LV","og_type":"article","og_title":"\u0136\u012bnie\u0161u valodas tulkojums | BigTranslation","og_description":"\u0136\u012bnie\u0161u valodas tulkojums | Profesion\u0101li tulkojumi da\u017e\u0101d\u0101s valodu kombin\u0101cij\u0101s","og_url":"https:\/\/www.bigtranslation.com\/lv\/tulkojums\/chinese","og_site_name":"BigTranslation","article_modified_time":"2021-09-14T13:29:47+00:00","twitter_card":"summary_large_image","schema":{"@context":"https:\/\/schema.org","@graph":[{"@type":"WebPage","@id":"https:\/\/www.bigtranslation.com\/lv\/tulkojums\/chinese","url":"https:\/\/www.bigtranslation.com\/lv\/tulkojums\/chinese","name":"\u0136\u012bnie\u0161u valodas tulkojums | BigTranslation","isPartOf":{"@id":"https:\/\/www.bigtranslation.com\/lv#website"},"datePublished":"2021-07-09T12:09:19+00:00","dateModified":"2021-09-14T13:29:47+00:00","description":"\u0136\u012bnie\u0161u valodas tulkojums | Profesion\u0101li tulkojumi da\u017e\u0101d\u0101s valodu kombin\u0101cij\u0101s","breadcrumb":{"@id":"https:\/\/www.bigtranslation.com\/lv\/tulkojums\/chinese#breadcrumb"},"inLanguage":"lv-LV","potentialAction":[{"@type":"ReadAction","target":["https:\/\/www.bigtranslation.com\/lv\/tulkojums\/chinese"]}]},{"@type":"BreadcrumbList","@id":"https:\/\/www.bigtranslation.com\/lv\/tulkojums\/chinese#breadcrumb","itemListElement":[{"@type":"ListItem","position":1,"name":"Home","item":"https:\/\/www.bigtranslation.com\/lv"},{"@type":"ListItem","position":2,"name":"Tulkojums","item":"https:\/\/www.bigtranslation.com\/lv\/tulkojums"},{"@type":"ListItem","position":3,"name":"\u0136\u012bnie\u0161u valodas tulkojums"}]},{"@type":"WebSite","@id":"https:\/\/www.bigtranslation.com\/lv#website","url":"https:\/\/www.bigtranslation.com\/lv","name":"BigTranslation","description":"Native and Professional translators","potentialAction":[{"@type":"SearchAction","target":{"@type":"EntryPoint","urlTemplate":"https:\/\/www.bigtranslation.com\/lv?s={search_term_string}"},"query-input":"required name=search_term_string"}],"inLanguage":"lv-LV"}]}},"acf":[],"amp_enabled":true,"_links":{"self":[{"href":"https:\/\/www.bigtranslation.com\/lv\/wp-json\/wp\/v2\/pages\/2501"}],"collection":[{"href":"https:\/\/www.bigtranslation.com\/lv\/wp-json\/wp\/v2\/pages"}],"about":[{"href":"https:\/\/www.bigtranslation.com\/lv\/wp-json\/wp\/v2\/types\/page"}],"author":[{"embeddable":true,"href":"https:\/\/www.bigtranslation.com\/lv\/wp-json\/wp\/v2\/users\/1"}],"replies":[{"embeddable":true,"href":"https:\/\/www.bigtranslation.com\/lv\/wp-json\/wp\/v2\/comments?post=2501"}],"version-history":[{"count":2,"href":"https:\/\/www.bigtranslation.com\/lv\/wp-json\/wp\/v2\/pages\/2501\/revisions"}],"predecessor-version":[{"id":2504,"href":"https:\/\/www.bigtranslation.com\/lv\/wp-json\/wp\/v2\/pages\/2501\/revisions\/2504"}],"up":[{"embeddable":true,"href":"https:\/\/www.bigtranslation.com\/lv\/wp-json\/wp\/v2\/pages\/2491"}],"wp:attachment":[{"href":"https:\/\/www.bigtranslation.com\/lv\/wp-json\/wp\/v2\/media?parent=2501"}],"curies":[{"name":"wp","href":"https:\/\/api.w.org\/{rel}","templated":true}]}}