{"id":2579,"date":"2021-07-09T11:57:11","date_gmt":"2021-07-09T11:57:11","guid":{"rendered":"https:\/\/www.bigtranslation.com\/tulkojums\/slovenian\/"},"modified":"2021-09-14T13:46:22","modified_gmt":"2021-09-14T13:46:22","slug":"slovenian","status":"publish","type":"page","link":"https:\/\/www.bigtranslation.com\/lv\/tulkojums\/slovenian","title":{"rendered":"Slov\u0113\u0146u valodas tulkojums"},"content":{"rendered":"","protected":false},"excerpt":{"rendered":"","protected":false},"author":1,"featured_media":0,"parent":2491,"menu_order":100,"comment_status":"closed","ping_status":"closed","template":"page-templates\/template-language.php","meta":{"footnotes":""},"yoast_head":"<!-- This site is optimized with the Yoast SEO plugin v21.8.1 - https:\/\/yoast.com\/wordpress\/plugins\/seo\/ -->\n<title>Slov\u0113\u0146u valodas tulkojums | BigTranslation<\/title>\n<meta name=\"description\" content=\"Slov\u0113\u0146u valodas tulkojums | Profesion\u0101li tulkojumi da\u017e\u0101d\u0101s valodu kombin\u0101cij\u0101s\" \/>\n<meta name=\"robots\" content=\"index, follow, max-snippet:-1, max-image-preview:large, max-video-preview:-1\" \/>\n<link rel=\"canonical\" href=\"https:\/\/www.bigtranslation.com\/lv\/tulkojums\/slovenian\" \/>\n<meta property=\"og:locale\" content=\"lv_LV\" \/>\n<meta property=\"og:type\" content=\"article\" \/>\n<meta property=\"og:title\" content=\"Slov\u0113\u0146u valodas tulkojums | BigTranslation\" \/>\n<meta property=\"og:description\" content=\"Slov\u0113\u0146u valodas tulkojums | Profesion\u0101li tulkojumi da\u017e\u0101d\u0101s valodu kombin\u0101cij\u0101s\" \/>\n<meta property=\"og:url\" content=\"https:\/\/www.bigtranslation.com\/lv\/tulkojums\/slovenian\" \/>\n<meta property=\"og:site_name\" content=\"BigTranslation\" \/>\n<meta property=\"article:modified_time\" content=\"2021-09-14T13:46:22+00:00\" \/>\n<meta name=\"twitter:card\" content=\"summary_large_image\" \/>\n<script type=\"application\/ld+json\" class=\"yoast-schema-graph\">{\"@context\":\"https:\/\/schema.org\",\"@graph\":[{\"@type\":\"WebPage\",\"@id\":\"https:\/\/www.bigtranslation.com\/lv\/tulkojums\/slovenian\",\"url\":\"https:\/\/www.bigtranslation.com\/lv\/tulkojums\/slovenian\",\"name\":\"Slov\u0113\u0146u valodas tulkojums | BigTranslation\",\"isPartOf\":{\"@id\":\"https:\/\/www.bigtranslation.com\/lv#website\"},\"datePublished\":\"2021-07-09T11:57:11+00:00\",\"dateModified\":\"2021-09-14T13:46:22+00:00\",\"description\":\"Slov\u0113\u0146u valodas tulkojums | Profesion\u0101li tulkojumi da\u017e\u0101d\u0101s valodu kombin\u0101cij\u0101s\",\"breadcrumb\":{\"@id\":\"https:\/\/www.bigtranslation.com\/lv\/tulkojums\/slovenian#breadcrumb\"},\"inLanguage\":\"lv-LV\",\"potentialAction\":[{\"@type\":\"ReadAction\",\"target\":[\"https:\/\/www.bigtranslation.com\/lv\/tulkojums\/slovenian\"]}]},{\"@type\":\"BreadcrumbList\",\"@id\":\"https:\/\/www.bigtranslation.com\/lv\/tulkojums\/slovenian#breadcrumb\",\"itemListElement\":[{\"@type\":\"ListItem\",\"position\":1,\"name\":\"Home\",\"item\":\"https:\/\/www.bigtranslation.com\/lv\"},{\"@type\":\"ListItem\",\"position\":2,\"name\":\"Tulkojums\",\"item\":\"https:\/\/www.bigtranslation.com\/lv\/tulkojums\"},{\"@type\":\"ListItem\",\"position\":3,\"name\":\"Slov\u0113\u0146u valodas tulkojums\"}]},{\"@type\":\"WebSite\",\"@id\":\"https:\/\/www.bigtranslation.com\/lv#website\",\"url\":\"https:\/\/www.bigtranslation.com\/lv\",\"name\":\"BigTranslation\",\"description\":\"Native and Professional translators\",\"potentialAction\":[{\"@type\":\"SearchAction\",\"target\":{\"@type\":\"EntryPoint\",\"urlTemplate\":\"https:\/\/www.bigtranslation.com\/lv?s={search_term_string}\"},\"query-input\":\"required name=search_term_string\"}],\"inLanguage\":\"lv-LV\"}]}<\/script>\n<!-- \/ Yoast SEO plugin. -->","yoast_head_json":{"title":"Slov\u0113\u0146u valodas tulkojums | BigTranslation","description":"Slov\u0113\u0146u valodas tulkojums | Profesion\u0101li tulkojumi da\u017e\u0101d\u0101s valodu kombin\u0101cij\u0101s","robots":{"index":"index","follow":"follow","max-snippet":"max-snippet:-1","max-image-preview":"max-image-preview:large","max-video-preview":"max-video-preview:-1"},"canonical":"https:\/\/www.bigtranslation.com\/lv\/tulkojums\/slovenian","og_locale":"lv_LV","og_type":"article","og_title":"Slov\u0113\u0146u valodas tulkojums | BigTranslation","og_description":"Slov\u0113\u0146u valodas tulkojums | Profesion\u0101li tulkojumi da\u017e\u0101d\u0101s valodu kombin\u0101cij\u0101s","og_url":"https:\/\/www.bigtranslation.com\/lv\/tulkojums\/slovenian","og_site_name":"BigTranslation","article_modified_time":"2021-09-14T13:46:22+00:00","twitter_card":"summary_large_image","schema":{"@context":"https:\/\/schema.org","@graph":[{"@type":"WebPage","@id":"https:\/\/www.bigtranslation.com\/lv\/tulkojums\/slovenian","url":"https:\/\/www.bigtranslation.com\/lv\/tulkojums\/slovenian","name":"Slov\u0113\u0146u valodas tulkojums | BigTranslation","isPartOf":{"@id":"https:\/\/www.bigtranslation.com\/lv#website"},"datePublished":"2021-07-09T11:57:11+00:00","dateModified":"2021-09-14T13:46:22+00:00","description":"Slov\u0113\u0146u valodas tulkojums | Profesion\u0101li tulkojumi da\u017e\u0101d\u0101s valodu kombin\u0101cij\u0101s","breadcrumb":{"@id":"https:\/\/www.bigtranslation.com\/lv\/tulkojums\/slovenian#breadcrumb"},"inLanguage":"lv-LV","potentialAction":[{"@type":"ReadAction","target":["https:\/\/www.bigtranslation.com\/lv\/tulkojums\/slovenian"]}]},{"@type":"BreadcrumbList","@id":"https:\/\/www.bigtranslation.com\/lv\/tulkojums\/slovenian#breadcrumb","itemListElement":[{"@type":"ListItem","position":1,"name":"Home","item":"https:\/\/www.bigtranslation.com\/lv"},{"@type":"ListItem","position":2,"name":"Tulkojums","item":"https:\/\/www.bigtranslation.com\/lv\/tulkojums"},{"@type":"ListItem","position":3,"name":"Slov\u0113\u0146u valodas tulkojums"}]},{"@type":"WebSite","@id":"https:\/\/www.bigtranslation.com\/lv#website","url":"https:\/\/www.bigtranslation.com\/lv","name":"BigTranslation","description":"Native and Professional translators","potentialAction":[{"@type":"SearchAction","target":{"@type":"EntryPoint","urlTemplate":"https:\/\/www.bigtranslation.com\/lv?s={search_term_string}"},"query-input":"required name=search_term_string"}],"inLanguage":"lv-LV"}]}},"acf":[],"amp_enabled":true,"_links":{"self":[{"href":"https:\/\/www.bigtranslation.com\/lv\/wp-json\/wp\/v2\/pages\/2579"}],"collection":[{"href":"https:\/\/www.bigtranslation.com\/lv\/wp-json\/wp\/v2\/pages"}],"about":[{"href":"https:\/\/www.bigtranslation.com\/lv\/wp-json\/wp\/v2\/types\/page"}],"author":[{"embeddable":true,"href":"https:\/\/www.bigtranslation.com\/lv\/wp-json\/wp\/v2\/users\/1"}],"replies":[{"embeddable":true,"href":"https:\/\/www.bigtranslation.com\/lv\/wp-json\/wp\/v2\/comments?post=2579"}],"version-history":[{"count":1,"href":"https:\/\/www.bigtranslation.com\/lv\/wp-json\/wp\/v2\/pages\/2579\/revisions"}],"predecessor-version":[{"id":2580,"href":"https:\/\/www.bigtranslation.com\/lv\/wp-json\/wp\/v2\/pages\/2579\/revisions\/2580"}],"up":[{"embeddable":true,"href":"https:\/\/www.bigtranslation.com\/lv\/wp-json\/wp\/v2\/pages\/2491"}],"wp:attachment":[{"href":"https:\/\/www.bigtranslation.com\/lv\/wp-json\/wp\/v2\/media?parent=2579"}],"curies":[{"name":"wp","href":"https:\/\/api.w.org\/{rel}","templated":true}]}}