{"id":12741,"date":"2022-08-22T13:34:42","date_gmt":"2022-08-22T13:34:42","guid":{"rendered":"https:\/\/www.bigtranslation.com\/?page_id=12741"},"modified":"2024-01-08T09:32:55","modified_gmt":"2024-01-08T09:32:55","slug":"rettningslinjer-for-bruk-av-informasjonskapsler","status":"publish","type":"page","link":"https:\/\/www.bigtranslation.com\/no\/rettningslinjer-for-bruk-av-informasjonskapsler","title":{"rendered":"Retningslinjer for bruk av Cookies"},"content":{"rendered":"\n<h2 class=\"wp-block-heading\">1. Hva er cookies?<\/h2>\n\n<p>V\u00e5r hjemmeside <a href=\"https:\/\/www.bigtranslation.com\/no\"><u>www.bigtranslation.com<\/u><\/a> , som tilh\u00f8rer BigTranslation Agency S. L, bruker <em>cookies <\/em>og andre filer med lignende funksjoner (heretter nevnt som &laquo;cookies&raquo;).<em>) <\/em>for \u00e5 forbedre nettsurfingen, og samle inn statistiske data om innhentede bes\u00f8k.<\/p>\n\n<p>Cookies er sm\u00e5 tekstfiler som er installerte p\u00e5 enheten hvor nettstedet v\u00e5rt blir \u00e5pnet ut ifra, og som automatisk gir oss informasjon. For eksempel som \u00e5 gj\u00f8re det mulig for nettstedet \u00e5 fungere eller for \u00e5 finne ut av surfevanene dine og forbedre opplevelsen din ved fremtidige bes\u00f8k.<\/p>\n\n<p>Den spesifikke bruken vi gj\u00f8r av cookies er spesifisert i &laquo;Form\u00e5l med cookies og tredjeparter \/ konfigurasjon og avvisning av cookies&raquo;.<\/p>\n\n<p><strong>Cookies kan aldri betraktes som et datavirus.<\/strong> De skader ikke datamaskinen din eller bremser ytelsen p\u00e5 noen m\u00e5te. Du kan n\u00e5r som helst slette v\u00e5re cookies, eller avvise dem ved \u00e5 konfigurere nettleseren din.<\/p>\n\n<p>P\u00e5 dette nettstedet bruker vi \u00f8kt-cookies og permanente cookies, som igjen kan v\u00e6re egne cookies eller tredjeparts cookies.<\/p>\n\n<p>\u00d8kt-cookies er informasjonskapsler designet for \u00e5 samle inn og lagre data mens du f\u00e5r tilgang til et nettsted. De brukes vanligvis til \u00e5 lagre informasjon som bare beholdes for \u00e5 kunne levere tjenesten du har bedt om ved en anledning.<\/p>\n\n<p>Vedvarende cookies er en type cookies der dataene fortsetter \u00e5 bli lagret p\u00e5 terminalutstyret ditt og kan n\u00e5s og behandles i l\u00f8pet av en definert periode av personen som er ansvarlig for disse cookies, og kan variere fra noen f\u00e5 minutter til flere \u00e5r.<\/p>\n\n<h2 class=\"wp-block-heading\">2. Form\u00e5l med cookies og tredjeparter \/ konfigurasjon og avvisning av cookies<\/h2>\n\n<p>Cookies er bare knyttet til en bestemt datamaskins nettleser (en anonym bruker) og gir ikke selv brukerens navn og etternavn.<\/p>\n\n<p>Takket v\u00e6re cookies er det mulig \u00e5 gjenkjenne nettleserne til registrerte brukere n\u00e5r de har registrert seg for f\u00f8rste gang, uten at de trenger \u00e5 registrere seg for hver gang de bes\u00f8ker nettstedet, for \u00e5 f\u00e5 tilgang til omr\u00e5dene og tjenestene som er reservert eksklusivt for dem<\/p>\n\n<p>Videre bruker vi v\u00e5re egne og tredjeparts cookies til de form\u00e5lene som er angitt nedenfor. Hvis du ikke godtar noen av dem, vil opplevelsen din p\u00e5 nettstedet v\u00e5rt bli p\u00e5virket i forhold til form\u00e5lene som er spesifisert i denne delen, men vi \u00f8nsker \u00e5 gi deg full kontroll slik at du til enhver tid kan ta dine egne beslutninger.<\/p>\n\n<p><strong>EGNE <\/strong><em><strong>COOKIES<\/strong><\/em><strong>: <\/strong>Er de Som BigTranslation Agency S. L er ansvarlig for med hensyn til informasjonen som behandles. P\u00e5 dette nettstedet bruker vi egne <em>cookies <\/em>til f\u00f8lgende form\u00e5l:<\/p>\n\n<p><strong>Autentisering \/ \u00d8kt:<\/strong> brukes til \u00e5 gjenkjenne registrerte brukere som har logget p\u00e5 nettstedet v\u00e5rt. Med disse typer cookies kan du f\u00e5 tilgang til nettstedets omr\u00e5der med begrenset tilgang. Hvis disse typer cookies avvises eller slettes, fungerer ikke innloggings-detaljene for nettstedet v\u00e5rt som de skal.<\/p>\n\n<p><strong>Personalisering:<\/strong> brukes til \u00e5 gj\u00f8re det lettere \u00e5 surfe p\u00e5 nettstedet v\u00e5rt. De gj\u00f8r det mulig \u00e5 huske noen grafiske aspekter av nettstedet v\u00e5rt automatisk, i tillegg til \u00e5 tilpasse noen av nettstedets egenskaper for \u00e5 skille opplevelsen til en bruker fra en annen. Hvis disse typer cookies blir avvist eller slettet, vil ikke surfing p\u00e5 nettstedet v\u00e5rt fungere like enkelt.<\/p>\n\n<p><strong>Analytisk: <\/strong>de samler inn informasjon om brukernes atferd mens du surfer (mest bes\u00f8kte sider, tid brukt p\u00e5 nettstedet, etc.) for \u00e5 gj\u00f8re forbedringer av innholdet og tjenestene som tilbys ved hjelp av analysen av denne informasjonen (for eksempel for \u00e5 optimalisere responstidene til de mest bes\u00f8kte omr\u00e5dene p\u00e5 www.bigtranslation.com ).<\/p>\n\n<p>Hvis du har sp\u00f8rsm\u00e5l ang\u00e5ende v\u00e5r policy om bruk av cookies, kan du kontakte oss p\u00e5 f\u00f8lgende e-postadresse: info@bigtranslation.com<\/p>\n\n<p>Disse typer cookies er oppf\u00f8rt nedenfor:<\/p>\n\n<ul>\n<li>wp-wpml_current_language<\/li>\n\n\n\n<li>currency<\/li>\n\n\n\n<li>currency-symbol<\/li>\n\n\n\n<li>moove_gdpr_popup<\/li>\n\n\n\n<li>bt_creload<\/li>\n<\/ul>\n\n<p><strong>TREDJEPART <\/strong><em><strong>COOKIES:<\/strong><\/em> er fra de som tredjeparter som ikke er relaterte Til BigTranslation Agency S. L og som er ansvarlige for informasjonen som behandles.<\/p>\n\n<p>Tredjepartene og form\u00e5lene som informasjonen de behandler brukes til, er beskrevet nedenfor:<\/p>\n\n<p><strong>ANALYTISK:<\/strong><\/p>\n\n<p>De samler inn informasjon om brukernes atferd mens du surfer (mest bes\u00f8kte sider, tid brukt p\u00e5 nettstedet, etc.) for \u00e5 forbedre innholdet og tjenestene som tilbys ved hjelp av analysen av denne informasjonen (for eksempel for \u00e5 forbedre lasting og tilgangstider for de mest bes\u00f8kte sidene).<\/p>\n\n<ul>\n<li>Google <a href=\"https:\/\/policies.google.com\/technologies\/cookies?hl=es\"><u>Mer informasjon<\/u><\/a><\/li>\n<\/ul>\n\n<ul>\n<li>Facebook <a href=\"https:\/\/www.facebook.com\/help\/1896641480634370\"><u>Mer informasjon<\/u><\/a><br\/><br\/><\/li>\n\n\n\n<li>Microsoft <a href=\"https:\/\/privacy.microsoft.com\/es-es\/privacystatement\"><u>Mer informasjon<\/u><\/a><\/li>\n<\/ul>\n\n<p><strong>ATFERDSMESSIG<\/strong><\/p>\n\n<p>De lagrer informasjon om brukeradferd, oppn\u00e5dd gjennom observasjon av deres surfevaner (for eksempel hvilke sider de bes\u00f8ker), for \u00e5 skape en bestemt profil, som gj\u00f8r at de kan vise personlig annonsering basert p\u00e5 deres preferanser og interesser.<\/p>\n\n<ul>\n<li>Google. <a href=\"https:\/\/policies.google.com\/technologies\/cookies?hl=es\"><u>Mer informasjon<\/u><\/a><br\/><br\/><\/li>\n\n\n\n<li>Doubleclick <a href=\"https:\/\/support.google.com\/admanager\/answer\/2839090?hl=es\"><u>Mer informasjon<\/u><\/a><br\/><br\/><\/li>\n\n\n\n<li>Mailjet <a href=\"https:\/\/www.mailjet.com\/es\/legal\/politica-privacidad\/cookies\/\"><u>Mer informasjon<\/u><\/a><br\/><br\/><\/li>\n\n\n\n<li>Hubspot <a href=\"https:\/\/knowledge.hubspot.com\/es\/privacy-and-consent\/what-cookies-does-hubspot-set-in-a-visitor-s-browser\"><u>Mer informasjon<\/u><\/a><\/li>\n<\/ul>\n\n<ul>\n<li>Facebook. <a href=\"https:\/\/www.facebook.com\/help\/1896641480634370\"><u>Mer informasjon<\/u><\/a><\/li>\n<\/ul>\n\n<ul>\n<li>LinkedIn. <a href=\"https:\/\/es.linkedin.com\/legal\/cookie-policy\"><u>Mer informasjon<\/u><\/a><\/li>\n<\/ul>\n\n<ul>\n<li>Onesignal <a href=\"https:\/\/onesignal.com\/privacy_policy\"><u>Mer informasjon<\/u><\/a><\/li>\n<\/ul>\n\n<ul>\n<li>Tapfiliate <a href=\"https:\/\/tapfiliate.com\/privacy\/gdpr\/#cookies\"><u>Mer informasjon<\/u><\/a><br\/><br\/><\/li>\n\n\n\n<li>VWO <a href=\"https:\/\/vwo.com\/compliance\/cookies-notice\/\"><u>Mer informasjon<\/u><\/a><\/li>\n<\/ul>\n\n<p>Husk at hvis du avviser tredjeparts cookies, vil du ikke motta den optimale nettleseropplevelsen hos BigTranslation.<\/p>\n\n<h2 class=\"wp-block-heading\">3. Deaktivering eller sletting av cookies<\/h2>\n\n<p>Du vil kunne konfigurere nettleseren din slik at den ikke mottar slike cookies, og de vil bli avviste. Ellers, s\u00e5 tolker vi at vi har ditt samtykke til installasjonen.<\/p>\n\n<p>Du kan administrere preferansene dine for bruk av <em>cookies<\/em> n\u00e5r som helst fra de fleste nettlesere. Du kan justere nettleseren din slik at den avviser eller sletter cookies som er installerte p\u00e5 enheten. Cookies er installerte for hver nettleser, og derfor b\u00f8r du slette dem fra nettleseren som brukes til \u00e5 g\u00e5 inn p\u00e5 nettstedet v\u00e5rt.<\/p>\n\n<p>Her er litt informasjon om hvordan du gj\u00f8r dette p\u00e5 de mest brukte nettleserne:<\/p>\n\n<ul>\n<li><a href=\"https:\/\/support.google.com\/chrome\/answer\/95647?hl=es\"><u>Google Chrome<\/u><\/a><\/li>\n\n\n\n<li><a href=\"https:\/\/support.mozilla.org\/es\/kb\/Borrar%20cookies\"><u>Mozilla Firefox<\/u><\/a><\/li>\n\n\n\n<li><a href=\"https:\/\/support.microsoft.com\/es-es\/help\/17442\/windows-internet-explorer-delete-manage-cookies#ie=ie-10\"><u>Internet Explorer<\/u><\/a><\/li>\n\n\n\n<li><a href=\"https:\/\/support.microsoft.com\/es-es\/windows\/microsoft-edge-datos-de-exploraci%C3%B3n-y-privacidad-bb8174ba-9d73-dcf2-9b4a-c582b4e640dd\"><u>Microsoft Edge<\/u><\/a><\/li>\n\n\n\n<li><a href=\"https:\/\/support.apple.com\/es-es\/HT201265\"><u>Safari<\/u><\/a><\/li>\n\n\n\n<li><a href=\"https:\/\/www.opera.com\/help\/tutorials\/security\/privacy\/\"><u>Opera<\/u><\/a><\/li>\n<\/ul>\n\n<p>Du kan ogs\u00e5 trekke tilbake ditt samtykke til bruk av cookies i nettleseren din ved \u00e5 installere en plug-in eller gjennom et opt-out-system levert av noen tredjeparter som installerer cookies p\u00e5 nettstedet v\u00e5rt:<\/p>\n\n<ul>\n<li><a href=\"https:\/\/myaccount.google.com\/data-and-privacy\"><u>Google (personalisering)<\/u><\/a> (krever Google-p\u00e5logging)<\/li>\n\n\n\n<li><a href=\"https:\/\/myadcenter.google.com\/home?sasb=true&amp;ref=ad-settings\"><u>Google (annonsering)<\/u><\/a><\/li>\n\n\n\n<li><a href=\"https:\/\/www.facebook.com\/settings\/?tab=your_facebook_information\"><u>Facebook<\/u><\/a> (krever facebook-p\u00e5logging).<\/li>\n<\/ul>\n\n<p>Du b\u00f8r huske p\u00e5 at noen egenskaper ved innholdet i <a href=\"https:\/\/www.bigtranslation.com\/no\"><u>www.bigtranslation.com<\/u><\/a> er bare tilgjengelige hvis du aktiverer cookies fra nettleseren din. Hvis du bestemmer deg for ikke \u00e5 godta eller blokkere visse cookies, avhengig av deres form\u00e5l, kan dette helt eller delvis p\u00e5virke den normale driften av nettstedet eller forhindre tilgang til noen av dets tjenester, siden noen cookies, som angitt i &laquo;Form\u00e5l med cookies og tredjeparter\/ konfigurasjon og avvisning av cookies&raquo;, er for disse form\u00e5lene.<\/p>\n\n<h2 class=\"wp-block-heading\">4. Informasjon om hvordan du godtar, avviser eller trekker tilbake samtykke<\/h2>\n\n<p>Vi gj\u00f8r tilgjengelig for deg et system for \u00e5 kunne administrere eller konfigurere cookies, som du kan bruke til \u00e5 aktivere eller deaktivere cookies etter behov. Det vil ikke v\u00e6re mulig \u00e5 deaktivere cookies som kreves for at nettstedet skal fungere.<\/p>\n\n<p>I samsvar med gjeldende lovgivning, med unntak av strengt n\u00f8dvendige cookies og ytelses- \/ analytiske cookies, vil <a href=\"https:\/\/www.bigtranslation.com\/no\"><u>www.bigtranslation.com<\/u><\/a> kun bruke cookies med den bes\u00f8kendes forutg\u00e5ende og uttrykkelige samtykke. Enheten som er ansvarlig for nettstedet forplikter seg til \u00e5 bruke cookies utelukkende til de form\u00e5lene som er nevnt i disse retningslinjene for cookies.<\/p>\n\n<p>Husk at hvis du godtar cookies fra tredjeparter, b\u00f8r du kunne slette dem fra nettleser-innstillingene eller fra systemet som leveres av tredjeparten selv, og som vi har angitt i delen&raquo; Deaktivering eller sletting av cookies&raquo;.<\/p>\n\n<h2 class=\"wp-block-heading\">5. Informasjon om behandling av personopplysninger.<\/h2>\n\n<h3 class=\"wp-block-heading\">a) Behandlingsansvarlig<\/h3>\n\n<p>Behandlingsansvarlig er BigTranslation Agency SL<\/p>\n\n<ul>\n<li>BigTranslation Agency SL<\/li>\n\n\n\n<li>CIF (Skatte-ID-nummer): B40532194<\/li>\n\n\n\n<li>Adresse: Avenida Paret Del Patriarca 15, 46113 Moncada, Valencia<\/li>\n<\/ul>\n\n<p>For visse behandlings-aktiviteter vil BigTranslation behandle dataene dine, og i fellesskap bestemme m\u00e5lene (&laquo;hva dataene brukes til&raquo;) og midlene som brukes (&laquo;hvordan data brukes&raquo;), og er derfor en felles datakontroller for denne behandlingen.<\/p>\n\n<h3 class=\"wp-block-heading\">b) Rettslig grunnlag for behandlingen<\/h3>\n\n<p>Samtykket du gir til bruk av cookies legitimerer bruken av dem for \u00e5 behandle dine personlige data.<\/p>\n\n<p>Du kan konfigurere eller avvise bruken av cookies, og derfor ut\u00f8ve din rett til \u00e5 trekke tilbake samtykket ditt, i &laquo;Form\u00e5l med cookies og tredjeparter\/ konfigurasjon og avvisning av cookies&raquo;. Du kan ogs\u00e5 deaktivere eller slette cookies som beskrevet i &laquo;Deaktivering eller sletting av cookies&raquo;.<\/p>\n\n<h3 class=\"wp-block-heading\">c) Opplysninger som behandles<\/h3>\n\n<p>Hvis du godtar bruken av cookies, behandler vi f\u00f8lgende data<\/p>\n\n<p>I forhold til egne cookies:<\/p>\n\n<p>Nettleserdata: data innhentet fra din surfing p\u00e5 nettstedet v\u00e5rt eller tredjeparts nettsteder: nettleserhistorikk (bes\u00f8kte sider og klikk p\u00e5 innhold), enhets-ID, annonserings-ID, IP-adresse.<\/p>\n\n<p>Med hensyn til tredjeparter identifisert i &laquo;Form\u00e5l med cookies og tredjeparter \/ konfigurasjon og avvisning av cookies&raquo;, se deres respektive retningslinjer, angitt i denne delen, for \u00e5 finne ut mer om dataene eller kategoriene av type data de behandler.<\/p>\n\n<h3 class=\"wp-block-heading\">d) Profilering<\/h3>\n\n<p>Hvis du godtar bruken av adferdsannonserings-kapsler, vil vi kunne bruke dataene som vi skisserer i Data behandlet for din kommersielle profilering, for \u00e5 tilby deg produkter og tjenester som vi tror kan v\u00e6re av interesse for deg. Hvis du for eksempel er interessert i v\u00e5re marketplaces-tjenester, vil vi kunne vise deg v\u00e5rt kommersielle tilbud om koblinger.<\/p>\n\n<p>N\u00e5r det gjelder tredjeparter identifisert i &laquo;Form\u00e5l med cookies og tredjeparter \/ konfigurasjon og avvisning av cookies&raquo; og som bruker cookies for atferdsannonsering, kan du se deres respektive retningslinjer, angitt i dette avsnittet, for \u00e5 finne ut om profileringen de utf\u00f8rer.<\/p>\n\n<h3 class=\"wp-block-heading\">e) Mottakere av opplysningene<\/h3>\n\n<p>BigTranslation kan formidle data som er samlet inn til offentlige myndigheter og organer, for \u00e5 overholde en juridisk forpliktelse, samt til de n\u00f8dvendige tjenesteleverand\u00f8rene og tredjeparter for \u00e5 administrere og implementere cookies.<\/p>\n\n<p>Med hensyn til tredjeparter identifisert i &laquo;Form\u00e5l med cookies og tredjeparter \/ konfigurasjon og avvisning av cookies&raquo;, se deres respektive retningslinjer, angitt i denne delen, for \u00e5 finne ut mer om mottakerne.<\/p>\n\n<h3 class=\"wp-block-heading\">f) Oppbevaringsperiode<\/h3>\n\n<p>Data innhentet gjennom bruk av cookies akseptert av brukeren vil bli oppbevart i en periode p\u00e5 12 m\u00e5neder<\/p>\n\n<p>Med hensyn til tredjeparter identifisert i &laquo;Form\u00e5l med cookies og tredjeparter \/ konfigurasjon og avvisning av cookies&raquo;, se deres respektive retningslinjer, angitt i denne delen, for \u00e5 finne ut mer om deres oppbevaringsperioder.<\/p>\n\n<h3 class=\"wp-block-heading\">g) Overf\u00f8ringer til tredjeland<\/h3>\n\n<p>Hos BigTranslation behandler vi dataene dine innenfor Det Europeiske \u00d8konomiske Samarbeidsomr\u00e5det, og generelt kontraherer vi tjenesteleverand\u00f8rer som ogs\u00e5 befinner seg innenfor Det Europeiske \u00d8konomiske Samarbeidsomr\u00e5det eller i land som er erkl\u00e6rt \u00e5 ha passende beskyttelsesniv\u00e5er.<\/p>\n\n<p>Hvis vi trenger \u00e5 bruke tjenesteleverand\u00f8rer som utf\u00f8rer behandling utenfor Det Europeiske \u00d8konomiske Samarbeidsomr\u00e5det eller i land som ikke er erkl\u00e6rt \u00e5 ha et passende beskyttelsesniv\u00e5, vil vi sikre at sikkerheten og legitimeringen av behandlingen av dataene dine er garantert.<\/p>\n\n<p>For \u00e5 gj\u00f8re dette krever vi passende garantier fra disse tjenesteleverand\u00f8rene i samsvar med bestemmelsene i Den Generelle Databeskyttelsesforordningen for \u00e5 sikre at de for eksempel har bindende bedriftsforskrifter som garanterer beskyttelse av informasjon p\u00e5 en lignende m\u00e5te som det som har blitt fastsatt i Europeiske forskrifter eller at de skriver seg inn i EUs standardklausuler.<\/p>\n\n<p>Med hensyn til tredjepartene som er identifisert i avsnittet&raquo; Form\u00e5l med cookies og tredjeparter\/ konfigurasjon og avvisning av cookies&raquo;, se deres respektive retningslinjer i denne delen for \u00e5 finne ut mer om overf\u00f8ringene til tredjeland som de utf\u00f8rer, hvis aktuelt.<\/p>\n\n<h3 class=\"wp-block-heading\">h) Ytterligere informasjon om behandling av personopplysninger<\/h3>\n\n<p>Du finner all informasjon om behandlingen av dine personopplysninger p\u00e5 <a href=\"https:\/\/www.bigtranslation.com\/no\/terms\"><u>https:\/\/www.bigtranslation.com\/terms-and-conditions<\/u><\/a><\/p>\n\n<h3 class=\"wp-block-heading\">i) Gjennomgang Av Retningslinjene For Cookies<\/h3>\n\n<p>Vi vil gjennomg\u00e5 Retningslinjene for Cookies p\u00e5 \u00e5rlig basis, med mindre det er regulatoriske krav eller krav av annen art som gj\u00f8r det n\u00f8dvendig \u00e5 tilpasse Retningslinjene innen en kortere tidsperiode. Derfor anbefaler vi brukere \u00e5 lese innholdet regelmessig.<\/p>\n\n<p>N\u00e5r det gj\u00f8res betydelige endringer i disse Retningslinjene For Cookies, vil brukeren bli informert via et informasjonsvarsel p\u00e5 nettstedet.<\/p>\n","protected":false},"excerpt":{"rendered":"<p>1. Hva er cookies? V\u00e5r hjemmeside www.bigtranslation.com , som tilh\u00f8rer BigTranslation Agency S. L, bruker cookies og andre filer med lignende funksjoner (heretter nevnt som &laquo;cookies&raquo;).) for \u00e5 forbedre nettsurfingen, og samle inn statistiske data om innhentede bes\u00f8k. Cookies er sm\u00e5 tekstfiler som er installerte p\u00e5 enheten hvor nettstedet v\u00e5rt blir \u00e5pnet ut ifra, og [&hellip;]<\/p>\n","protected":false},"author":7,"featured_media":0,"parent":0,"menu_order":38,"comment_status":"closed","ping_status":"closed","template":"","meta":{"footnotes":""},"yoast_head":"<!-- This site is optimized with the Yoast SEO plugin v21.8.1 - https:\/\/yoast.com\/wordpress\/plugins\/seo\/ -->\n<title>Retningslinjer for bruk av Cookies | BigTranslation<\/title>\n<meta name=\"robots\" content=\"index, follow, max-snippet:-1, max-image-preview:large, max-video-preview:-1\" \/>\n<link rel=\"canonical\" href=\"https:\/\/www.bigtranslation.com\/no\/rettningslinjer-for-bruk-av-informasjonskapsler\" \/>\n<meta property=\"og:locale\" content=\"nb_NO\" \/>\n<meta property=\"og:type\" content=\"article\" \/>\n<meta property=\"og:title\" content=\"Retningslinjer for bruk av Cookies | BigTranslation\" \/>\n<meta property=\"og:description\" content=\"1. Hva er cookies? V\u00e5r hjemmeside www.bigtranslation.com , som tilh\u00f8rer BigTranslation Agency S. L, bruker cookies og andre filer med lignende funksjoner (heretter nevnt som &laquo;cookies&raquo;).) for \u00e5 forbedre nettsurfingen, og samle inn statistiske data om innhentede bes\u00f8k. Cookies er sm\u00e5 tekstfiler som er installerte p\u00e5 enheten hvor nettstedet v\u00e5rt blir \u00e5pnet ut ifra, og [&hellip;]\" \/>\n<meta property=\"og:url\" content=\"https:\/\/www.bigtranslation.com\/no\/rettningslinjer-for-bruk-av-informasjonskapsler\" \/>\n<meta property=\"og:site_name\" content=\"BigTranslation\" \/>\n<meta property=\"article:modified_time\" content=\"2024-01-08T09:32:55+00:00\" \/>\n<meta name=\"twitter:card\" content=\"summary_large_image\" \/>\n<meta name=\"twitter:label1\" content=\"Ansl. lesetid\" \/>\n\t<meta name=\"twitter:data1\" content=\"3 minutter\" \/>\n<script type=\"application\/ld+json\" class=\"yoast-schema-graph\">{\"@context\":\"https:\/\/schema.org\",\"@graph\":[{\"@type\":\"WebPage\",\"@id\":\"https:\/\/www.bigtranslation.com\/no\/rettningslinjer-for-bruk-av-informasjonskapsler\",\"url\":\"https:\/\/www.bigtranslation.com\/no\/rettningslinjer-for-bruk-av-informasjonskapsler\",\"name\":\"Retningslinjer for bruk av Cookies | BigTranslation\",\"isPartOf\":{\"@id\":\"https:\/\/www.bigtranslation.com\/no#website\"},\"datePublished\":\"2022-08-22T13:34:42+00:00\",\"dateModified\":\"2024-01-08T09:32:55+00:00\",\"breadcrumb\":{\"@id\":\"https:\/\/www.bigtranslation.com\/no\/rettningslinjer-for-bruk-av-informasjonskapsler#breadcrumb\"},\"inLanguage\":\"nb-NO\",\"potentialAction\":[{\"@type\":\"ReadAction\",\"target\":[\"https:\/\/www.bigtranslation.com\/no\/rettningslinjer-for-bruk-av-informasjonskapsler\"]}]},{\"@type\":\"BreadcrumbList\",\"@id\":\"https:\/\/www.bigtranslation.com\/no\/rettningslinjer-for-bruk-av-informasjonskapsler#breadcrumb\",\"itemListElement\":[{\"@type\":\"ListItem\",\"position\":1,\"name\":\"Home\",\"item\":\"https:\/\/www.bigtranslation.com\/no\"},{\"@type\":\"ListItem\",\"position\":2,\"name\":\"Retningslinjer for bruk av Cookies\"}]},{\"@type\":\"WebSite\",\"@id\":\"https:\/\/www.bigtranslation.com\/no#website\",\"url\":\"https:\/\/www.bigtranslation.com\/no\",\"name\":\"BigTranslation\",\"description\":\"Native and Professional translators\",\"potentialAction\":[{\"@type\":\"SearchAction\",\"target\":{\"@type\":\"EntryPoint\",\"urlTemplate\":\"https:\/\/www.bigtranslation.com\/no?s={search_term_string}\"},\"query-input\":\"required name=search_term_string\"}],\"inLanguage\":\"nb-NO\"}]}<\/script>\n<!-- \/ Yoast SEO plugin. -->","yoast_head_json":{"title":"Retningslinjer for bruk av Cookies | BigTranslation","robots":{"index":"index","follow":"follow","max-snippet":"max-snippet:-1","max-image-preview":"max-image-preview:large","max-video-preview":"max-video-preview:-1"},"canonical":"https:\/\/www.bigtranslation.com\/no\/rettningslinjer-for-bruk-av-informasjonskapsler","og_locale":"nb_NO","og_type":"article","og_title":"Retningslinjer for bruk av Cookies | BigTranslation","og_description":"1. Hva er cookies? V\u00e5r hjemmeside www.bigtranslation.com , som tilh\u00f8rer BigTranslation Agency S. L, bruker cookies og andre filer med lignende funksjoner (heretter nevnt som &laquo;cookies&raquo;).) for \u00e5 forbedre nettsurfingen, og samle inn statistiske data om innhentede bes\u00f8k. Cookies er sm\u00e5 tekstfiler som er installerte p\u00e5 enheten hvor nettstedet v\u00e5rt blir \u00e5pnet ut ifra, og [&hellip;]","og_url":"https:\/\/www.bigtranslation.com\/no\/rettningslinjer-for-bruk-av-informasjonskapsler","og_site_name":"BigTranslation","article_modified_time":"2024-01-08T09:32:55+00:00","twitter_card":"summary_large_image","twitter_misc":{"Ansl. lesetid":"3 minutter"},"schema":{"@context":"https:\/\/schema.org","@graph":[{"@type":"WebPage","@id":"https:\/\/www.bigtranslation.com\/no\/rettningslinjer-for-bruk-av-informasjonskapsler","url":"https:\/\/www.bigtranslation.com\/no\/rettningslinjer-for-bruk-av-informasjonskapsler","name":"Retningslinjer for bruk av Cookies | BigTranslation","isPartOf":{"@id":"https:\/\/www.bigtranslation.com\/no#website"},"datePublished":"2022-08-22T13:34:42+00:00","dateModified":"2024-01-08T09:32:55+00:00","breadcrumb":{"@id":"https:\/\/www.bigtranslation.com\/no\/rettningslinjer-for-bruk-av-informasjonskapsler#breadcrumb"},"inLanguage":"nb-NO","potentialAction":[{"@type":"ReadAction","target":["https:\/\/www.bigtranslation.com\/no\/rettningslinjer-for-bruk-av-informasjonskapsler"]}]},{"@type":"BreadcrumbList","@id":"https:\/\/www.bigtranslation.com\/no\/rettningslinjer-for-bruk-av-informasjonskapsler#breadcrumb","itemListElement":[{"@type":"ListItem","position":1,"name":"Home","item":"https:\/\/www.bigtranslation.com\/no"},{"@type":"ListItem","position":2,"name":"Retningslinjer for bruk av Cookies"}]},{"@type":"WebSite","@id":"https:\/\/www.bigtranslation.com\/no#website","url":"https:\/\/www.bigtranslation.com\/no","name":"BigTranslation","description":"Native and Professional translators","potentialAction":[{"@type":"SearchAction","target":{"@type":"EntryPoint","urlTemplate":"https:\/\/www.bigtranslation.com\/no?s={search_term_string}"},"query-input":"required name=search_term_string"}],"inLanguage":"nb-NO"}]}},"acf":[],"amp_enabled":true,"_links":{"self":[{"href":"https:\/\/www.bigtranslation.com\/no\/wp-json\/wp\/v2\/pages\/12741"}],"collection":[{"href":"https:\/\/www.bigtranslation.com\/no\/wp-json\/wp\/v2\/pages"}],"about":[{"href":"https:\/\/www.bigtranslation.com\/no\/wp-json\/wp\/v2\/types\/page"}],"author":[{"embeddable":true,"href":"https:\/\/www.bigtranslation.com\/no\/wp-json\/wp\/v2\/users\/7"}],"replies":[{"embeddable":true,"href":"https:\/\/www.bigtranslation.com\/no\/wp-json\/wp\/v2\/comments?post=12741"}],"version-history":[{"count":4,"href":"https:\/\/www.bigtranslation.com\/no\/wp-json\/wp\/v2\/pages\/12741\/revisions"}],"predecessor-version":[{"id":18029,"href":"https:\/\/www.bigtranslation.com\/no\/wp-json\/wp\/v2\/pages\/12741\/revisions\/18029"}],"wp:attachment":[{"href":"https:\/\/www.bigtranslation.com\/no\/wp-json\/wp\/v2\/media?parent=12741"}],"curies":[{"name":"wp","href":"https:\/\/api.w.org\/{rel}","templated":true}]}}