{"id":3440,"date":"2021-07-01T12:53:45","date_gmt":"2021-07-01T12:53:45","guid":{"rendered":"https:\/\/www.bigtranslation.com\/translate-wordpress\/"},"modified":"2022-02-21T10:25:22","modified_gmt":"2022-02-21T10:25:22","slug":"oversett-wordpress","status":"publish","type":"page","link":"https:\/\/www.bigtranslation.com\/no\/oversett-wordpress","title":{"rendered":"Oversett WordPress-nettsiden din med WPML og BigTranslation"},"content":{"rendered":"","protected":false},"excerpt":{"rendered":"","protected":false},"author":1,"featured_media":0,"parent":0,"menu_order":7,"comment_status":"closed","ping_status":"closed","template":"page-templates\/template-translate-wordpress.php","meta":{"footnotes":""},"yoast_head":"<!-- This site is optimized with the Yoast SEO plugin v21.8.1 - https:\/\/yoast.com\/wordpress\/plugins\/seo\/ -->\n<title>Oversettelsesbyr\u00e5 | Morsm\u00e5l oversetter, profesjonell oversetter<\/title>\n<meta name=\"description\" content=\"Integrasjonen v\u00e5r optimaliserer arbeidsflyten og lar deg sende innholdet ditt til \u00e5 bli oversatt og publisert p\u00e5 nettsiden din, uten \u00e5 forlate WordPress-plattformen!\" \/>\n<meta name=\"robots\" content=\"index, follow, max-snippet:-1, max-image-preview:large, max-video-preview:-1\" \/>\n<link rel=\"canonical\" href=\"https:\/\/www.bigtranslation.com\/no\/oversett-wordpress\" \/>\n<meta property=\"og:locale\" content=\"nb_NO\" \/>\n<meta property=\"og:type\" content=\"article\" \/>\n<meta property=\"og:title\" content=\"Oversettelsesbyr\u00e5 | Morsm\u00e5l oversetter, profesjonell oversetter\" \/>\n<meta property=\"og:description\" content=\"Integrasjonen v\u00e5r optimaliserer arbeidsflyten og lar deg sende innholdet ditt til \u00e5 bli oversatt og publisert p\u00e5 nettsiden din, uten \u00e5 forlate WordPress-plattformen!\" \/>\n<meta property=\"og:url\" content=\"https:\/\/www.bigtranslation.com\/no\/oversett-wordpress\" \/>\n<meta property=\"og:site_name\" content=\"BigTranslation\" \/>\n<meta property=\"article:modified_time\" content=\"2022-02-21T10:25:22+00:00\" \/>\n<meta name=\"twitter:card\" content=\"summary_large_image\" \/>\n<script type=\"application\/ld+json\" class=\"yoast-schema-graph\">{\"@context\":\"https:\/\/schema.org\",\"@graph\":[{\"@type\":\"WebPage\",\"@id\":\"https:\/\/www.bigtranslation.com\/no\/oversett-wordpress\",\"url\":\"https:\/\/www.bigtranslation.com\/no\/oversett-wordpress\",\"name\":\"Oversettelsesbyr\u00e5 | Morsm\u00e5l oversetter, profesjonell oversetter\",\"isPartOf\":{\"@id\":\"https:\/\/www.bigtranslation.com\/no#website\"},\"datePublished\":\"2021-07-01T12:53:45+00:00\",\"dateModified\":\"2022-02-21T10:25:22+00:00\",\"description\":\"Integrasjonen v\u00e5r optimaliserer arbeidsflyten og lar deg sende innholdet ditt til \u00e5 bli oversatt og publisert p\u00e5 nettsiden din, uten \u00e5 forlate WordPress-plattformen!\",\"breadcrumb\":{\"@id\":\"https:\/\/www.bigtranslation.com\/no\/oversett-wordpress#breadcrumb\"},\"inLanguage\":\"nb-NO\",\"potentialAction\":[{\"@type\":\"ReadAction\",\"target\":[\"https:\/\/www.bigtranslation.com\/no\/oversett-wordpress\"]}]},{\"@type\":\"BreadcrumbList\",\"@id\":\"https:\/\/www.bigtranslation.com\/no\/oversett-wordpress#breadcrumb\",\"itemListElement\":[{\"@type\":\"ListItem\",\"position\":1,\"name\":\"Home\",\"item\":\"https:\/\/www.bigtranslation.com\/no\"},{\"@type\":\"ListItem\",\"position\":2,\"name\":\"Oversett WordPress-nettsiden din med WPML og BigTranslation\"}]},{\"@type\":\"WebSite\",\"@id\":\"https:\/\/www.bigtranslation.com\/no#website\",\"url\":\"https:\/\/www.bigtranslation.com\/no\",\"name\":\"BigTranslation\",\"description\":\"Native and Professional translators\",\"potentialAction\":[{\"@type\":\"SearchAction\",\"target\":{\"@type\":\"EntryPoint\",\"urlTemplate\":\"https:\/\/www.bigtranslation.com\/no?s={search_term_string}\"},\"query-input\":\"required name=search_term_string\"}],\"inLanguage\":\"nb-NO\"}]}<\/script>\n<!-- \/ Yoast SEO plugin. -->","yoast_head_json":{"title":"Oversettelsesbyr\u00e5 | Morsm\u00e5l oversetter, profesjonell oversetter","description":"Integrasjonen v\u00e5r optimaliserer arbeidsflyten og lar deg sende innholdet ditt til \u00e5 bli oversatt og publisert p\u00e5 nettsiden din, uten \u00e5 forlate WordPress-plattformen!","robots":{"index":"index","follow":"follow","max-snippet":"max-snippet:-1","max-image-preview":"max-image-preview:large","max-video-preview":"max-video-preview:-1"},"canonical":"https:\/\/www.bigtranslation.com\/no\/oversett-wordpress","og_locale":"nb_NO","og_type":"article","og_title":"Oversettelsesbyr\u00e5 | Morsm\u00e5l oversetter, profesjonell oversetter","og_description":"Integrasjonen v\u00e5r optimaliserer arbeidsflyten og lar deg sende innholdet ditt til \u00e5 bli oversatt og publisert p\u00e5 nettsiden din, uten \u00e5 forlate WordPress-plattformen!","og_url":"https:\/\/www.bigtranslation.com\/no\/oversett-wordpress","og_site_name":"BigTranslation","article_modified_time":"2022-02-21T10:25:22+00:00","twitter_card":"summary_large_image","schema":{"@context":"https:\/\/schema.org","@graph":[{"@type":"WebPage","@id":"https:\/\/www.bigtranslation.com\/no\/oversett-wordpress","url":"https:\/\/www.bigtranslation.com\/no\/oversett-wordpress","name":"Oversettelsesbyr\u00e5 | Morsm\u00e5l oversetter, profesjonell oversetter","isPartOf":{"@id":"https:\/\/www.bigtranslation.com\/no#website"},"datePublished":"2021-07-01T12:53:45+00:00","dateModified":"2022-02-21T10:25:22+00:00","description":"Integrasjonen v\u00e5r optimaliserer arbeidsflyten og lar deg sende innholdet ditt til \u00e5 bli oversatt og publisert p\u00e5 nettsiden din, uten \u00e5 forlate WordPress-plattformen!","breadcrumb":{"@id":"https:\/\/www.bigtranslation.com\/no\/oversett-wordpress#breadcrumb"},"inLanguage":"nb-NO","potentialAction":[{"@type":"ReadAction","target":["https:\/\/www.bigtranslation.com\/no\/oversett-wordpress"]}]},{"@type":"BreadcrumbList","@id":"https:\/\/www.bigtranslation.com\/no\/oversett-wordpress#breadcrumb","itemListElement":[{"@type":"ListItem","position":1,"name":"Home","item":"https:\/\/www.bigtranslation.com\/no"},{"@type":"ListItem","position":2,"name":"Oversett WordPress-nettsiden din med WPML og BigTranslation"}]},{"@type":"WebSite","@id":"https:\/\/www.bigtranslation.com\/no#website","url":"https:\/\/www.bigtranslation.com\/no","name":"BigTranslation","description":"Native and Professional translators","potentialAction":[{"@type":"SearchAction","target":{"@type":"EntryPoint","urlTemplate":"https:\/\/www.bigtranslation.com\/no?s={search_term_string}"},"query-input":"required name=search_term_string"}],"inLanguage":"nb-NO"}]}},"acf":[],"amp_enabled":false,"_links":{"self":[{"href":"https:\/\/www.bigtranslation.com\/no\/wp-json\/wp\/v2\/pages\/3440"}],"collection":[{"href":"https:\/\/www.bigtranslation.com\/no\/wp-json\/wp\/v2\/pages"}],"about":[{"href":"https:\/\/www.bigtranslation.com\/no\/wp-json\/wp\/v2\/types\/page"}],"author":[{"embeddable":true,"href":"https:\/\/www.bigtranslation.com\/no\/wp-json\/wp\/v2\/users\/1"}],"replies":[{"embeddable":true,"href":"https:\/\/www.bigtranslation.com\/no\/wp-json\/wp\/v2\/comments?post=3440"}],"version-history":[{"count":1,"href":"https:\/\/www.bigtranslation.com\/no\/wp-json\/wp\/v2\/pages\/3440\/revisions"}],"predecessor-version":[{"id":3481,"href":"https:\/\/www.bigtranslation.com\/no\/wp-json\/wp\/v2\/pages\/3440\/revisions\/3481"}],"wp:attachment":[{"href":"https:\/\/www.bigtranslation.com\/no\/wp-json\/wp\/v2\/media?parent=3440"}],"curies":[{"name":"wp","href":"https:\/\/api.w.org\/{rel}","templated":true}]}}