{"id":3699,"date":"2021-06-10T10:24:26","date_gmt":"2021-06-10T10:24:26","guid":{"rendered":"https:\/\/www.bigtranslation.com\/translation-rates\/"},"modified":"2021-09-16T11:40:29","modified_gmt":"2021-09-16T11:40:29","slug":"oversettelse-priser","status":"publish","type":"page","link":"https:\/\/www.bigtranslation.com\/no\/oversettelse-priser","title":{"rendered":"Priser"},"content":{"rendered":"","protected":false},"excerpt":{"rendered":"","protected":false},"author":1,"featured_media":0,"parent":0,"menu_order":24,"comment_status":"closed","ping_status":"closed","template":"page-templates\/template-rates.php","meta":{"footnotes":""},"yoast_head":"<!-- This site is optimized with the Yoast SEO plugin v21.8.1 - https:\/\/yoast.com\/wordpress\/plugins\/seo\/ -->\n<title>Oversettelses Priser | Oversettelsesbyr\u00e5<\/title>\n<meta name=\"description\" content=\"F\u00e5 de beste prisene p\u00e5 oversetting. Oversetting utf\u00f8rt av profesjonelle oversettere er v\u00e5r prioritet. Oppdag v\u00e5re prisen p\u00e5 oversettinger per ord.\" \/>\n<meta name=\"robots\" content=\"index, follow, max-snippet:-1, max-image-preview:large, max-video-preview:-1\" \/>\n<link rel=\"canonical\" href=\"https:\/\/www.bigtranslation.com\/no\/oversettelse-priser\" \/>\n<meta property=\"og:locale\" content=\"nb_NO\" \/>\n<meta property=\"og:type\" content=\"article\" \/>\n<meta property=\"og:title\" content=\"Oversettelses Priser | Oversettelsesbyr\u00e5\" \/>\n<meta property=\"og:description\" content=\"F\u00e5 de beste prisene p\u00e5 oversetting. Oversetting utf\u00f8rt av profesjonelle oversettere er v\u00e5r prioritet. Oppdag v\u00e5re prisen p\u00e5 oversettinger per ord.\" \/>\n<meta property=\"og:url\" content=\"https:\/\/www.bigtranslation.com\/no\/oversettelse-priser\" \/>\n<meta property=\"og:site_name\" content=\"BigTranslation\" \/>\n<meta property=\"article:modified_time\" content=\"2021-09-16T11:40:29+00:00\" \/>\n<meta name=\"twitter:card\" content=\"summary_large_image\" \/>\n<script type=\"application\/ld+json\" class=\"yoast-schema-graph\">{\"@context\":\"https:\/\/schema.org\",\"@graph\":[{\"@type\":\"WebPage\",\"@id\":\"https:\/\/www.bigtranslation.com\/no\/oversettelse-priser\",\"url\":\"https:\/\/www.bigtranslation.com\/no\/oversettelse-priser\",\"name\":\"Oversettelses Priser | Oversettelsesbyr\u00e5\",\"isPartOf\":{\"@id\":\"https:\/\/www.bigtranslation.com\/no#website\"},\"datePublished\":\"2021-06-10T10:24:26+00:00\",\"dateModified\":\"2021-09-16T11:40:29+00:00\",\"description\":\"F\u00e5 de beste prisene p\u00e5 oversetting. Oversetting utf\u00f8rt av profesjonelle oversettere er v\u00e5r prioritet. Oppdag v\u00e5re prisen p\u00e5 oversettinger per ord.\",\"breadcrumb\":{\"@id\":\"https:\/\/www.bigtranslation.com\/no\/oversettelse-priser#breadcrumb\"},\"inLanguage\":\"nb-NO\",\"potentialAction\":[{\"@type\":\"ReadAction\",\"target\":[\"https:\/\/www.bigtranslation.com\/no\/oversettelse-priser\"]}]},{\"@type\":\"BreadcrumbList\",\"@id\":\"https:\/\/www.bigtranslation.com\/no\/oversettelse-priser#breadcrumb\",\"itemListElement\":[{\"@type\":\"ListItem\",\"position\":1,\"name\":\"Home\",\"item\":\"https:\/\/www.bigtranslation.com\/no\"},{\"@type\":\"ListItem\",\"position\":2,\"name\":\"Priser\"}]},{\"@type\":\"WebSite\",\"@id\":\"https:\/\/www.bigtranslation.com\/no#website\",\"url\":\"https:\/\/www.bigtranslation.com\/no\",\"name\":\"BigTranslation\",\"description\":\"Native and Professional translators\",\"potentialAction\":[{\"@type\":\"SearchAction\",\"target\":{\"@type\":\"EntryPoint\",\"urlTemplate\":\"https:\/\/www.bigtranslation.com\/no?s={search_term_string}\"},\"query-input\":\"required name=search_term_string\"}],\"inLanguage\":\"nb-NO\"}]}<\/script>\n<!-- \/ Yoast SEO plugin. -->","yoast_head_json":{"title":"Oversettelses Priser | Oversettelsesbyr\u00e5","description":"F\u00e5 de beste prisene p\u00e5 oversetting. Oversetting utf\u00f8rt av profesjonelle oversettere er v\u00e5r prioritet. Oppdag v\u00e5re prisen p\u00e5 oversettinger per ord.","robots":{"index":"index","follow":"follow","max-snippet":"max-snippet:-1","max-image-preview":"max-image-preview:large","max-video-preview":"max-video-preview:-1"},"canonical":"https:\/\/www.bigtranslation.com\/no\/oversettelse-priser","og_locale":"nb_NO","og_type":"article","og_title":"Oversettelses Priser | Oversettelsesbyr\u00e5","og_description":"F\u00e5 de beste prisene p\u00e5 oversetting. Oversetting utf\u00f8rt av profesjonelle oversettere er v\u00e5r prioritet. Oppdag v\u00e5re prisen p\u00e5 oversettinger per ord.","og_url":"https:\/\/www.bigtranslation.com\/no\/oversettelse-priser","og_site_name":"BigTranslation","article_modified_time":"2021-09-16T11:40:29+00:00","twitter_card":"summary_large_image","schema":{"@context":"https:\/\/schema.org","@graph":[{"@type":"WebPage","@id":"https:\/\/www.bigtranslation.com\/no\/oversettelse-priser","url":"https:\/\/www.bigtranslation.com\/no\/oversettelse-priser","name":"Oversettelses Priser | Oversettelsesbyr\u00e5","isPartOf":{"@id":"https:\/\/www.bigtranslation.com\/no#website"},"datePublished":"2021-06-10T10:24:26+00:00","dateModified":"2021-09-16T11:40:29+00:00","description":"F\u00e5 de beste prisene p\u00e5 oversetting. Oversetting utf\u00f8rt av profesjonelle oversettere er v\u00e5r prioritet. Oppdag v\u00e5re prisen p\u00e5 oversettinger per ord.","breadcrumb":{"@id":"https:\/\/www.bigtranslation.com\/no\/oversettelse-priser#breadcrumb"},"inLanguage":"nb-NO","potentialAction":[{"@type":"ReadAction","target":["https:\/\/www.bigtranslation.com\/no\/oversettelse-priser"]}]},{"@type":"BreadcrumbList","@id":"https:\/\/www.bigtranslation.com\/no\/oversettelse-priser#breadcrumb","itemListElement":[{"@type":"ListItem","position":1,"name":"Home","item":"https:\/\/www.bigtranslation.com\/no"},{"@type":"ListItem","position":2,"name":"Priser"}]},{"@type":"WebSite","@id":"https:\/\/www.bigtranslation.com\/no#website","url":"https:\/\/www.bigtranslation.com\/no","name":"BigTranslation","description":"Native and Professional translators","potentialAction":[{"@type":"SearchAction","target":{"@type":"EntryPoint","urlTemplate":"https:\/\/www.bigtranslation.com\/no?s={search_term_string}"},"query-input":"required name=search_term_string"}],"inLanguage":"nb-NO"}]}},"acf":[],"amp_enabled":true,"_links":{"self":[{"href":"https:\/\/www.bigtranslation.com\/no\/wp-json\/wp\/v2\/pages\/3699"}],"collection":[{"href":"https:\/\/www.bigtranslation.com\/no\/wp-json\/wp\/v2\/pages"}],"about":[{"href":"https:\/\/www.bigtranslation.com\/no\/wp-json\/wp\/v2\/types\/page"}],"author":[{"embeddable":true,"href":"https:\/\/www.bigtranslation.com\/no\/wp-json\/wp\/v2\/users\/1"}],"replies":[{"embeddable":true,"href":"https:\/\/www.bigtranslation.com\/no\/wp-json\/wp\/v2\/comments?post=3699"}],"version-history":[{"count":1,"href":"https:\/\/www.bigtranslation.com\/no\/wp-json\/wp\/v2\/pages\/3699\/revisions"}],"predecessor-version":[{"id":3706,"href":"https:\/\/www.bigtranslation.com\/no\/wp-json\/wp\/v2\/pages\/3699\/revisions\/3706"}],"wp:attachment":[{"href":"https:\/\/www.bigtranslation.com\/no\/wp-json\/wp\/v2\/media?parent=3699"}],"curies":[{"name":"wp","href":"https:\/\/api.w.org\/{rel}","templated":true}]}}